{"id":10273,"date":"2023-07-04T19:05:04","date_gmt":"2023-07-04T19:05:04","guid":{"rendered":"https:\/\/ajediam.com\/?page_id=10273"},"modified":"2024-01-10T19:57:40","modified_gmt":"2024-01-10T19:57:40","slug":"letoile-du-diamant-du-sud","status":"publish","type":"page","link":"https:\/\/ajediam.com\/fr\/histoire\/diamants-celebres\/letoile-du-diamant-du-sud\/","title":{"rendered":"L&rsquo;\u00e9toile du diamant du sud"},"content":{"rendered":"\n<p class=\"itt\">Le premier diamant br\u00e9silien \u00e0 recevoir une renomm\u00e9e internationale<\/p>\n\n\n\n<p>L&rsquo;\u00c9toile du Diamant du Sud, pesant 254,5 carats bruts, est l&rsquo;un des plus gros diamants jamais d\u00e9couverts par une femme. Son d\u00e9couvreur \u00e9tait une esclave, qui l&rsquo;a trouv\u00e9 en 1853 dans une rivi\u00e8re pr\u00e8s de la petite ville de Badagem dans le Minas Gerais, au Br\u00e9sil. Le joyau a travers\u00e9 de nombreux continents et a acquis une renomm\u00e9e mondiale lors d&rsquo;expositions internationales. Il a \u00e9t\u00e9 taill\u00e9 par le m\u00eame homme qui a travaill\u00e9 sur le Koh-i-Noor en un diamant coussin ovale de 128,48 carats. La pierre pr\u00e9cieuse polie a attir\u00e9 l&rsquo;attention de la royaut\u00e9 du monde entier et a pass\u00e9 des d\u00e9cennies dans la famille royale de Gaekwad. Continuez \u00e0 lire pour en savoir plus sur l&rsquo;un des plus grands et c\u00e9l\u00e8bres diamants jamais d\u00e9couverts au Br\u00e9sil.<\/p>\n\n\n\n<p>Dans cet article vous trouverez:<\/p>\n\n\n<div class=\"ub_table-of-contents\" data-showtext=\"show\" data-hidetext=\"hide\" data-scrolltype=\"auto\" id=\"ub_table-of-contents-2f1ef902-78e8-4ca6-a6c3-5bfece88f6de\" data-initiallyhideonmobile=\"false\"\n                    data-initiallyshow=\"true\"><div class=\"ub_table-of-contents-header-container\"><div class=\"ub_table-of-contents-header\">\n                    <div class=\"ub_table-of-contents-title\">Table des Mati\u00e8res<\/div><\/div><\/div><div class=\"ub_table-of-contents-extra-container\"><div class=\"ub_table-of-contents-container ub_table-of-contents-1-column \"><ol><li><a href=https:\/\/ajediam.com\/fr\/histoire\/diamants-celebres\/letoile-du-diamant-du-sud\/#0-les-origines-du-diamant-etoile-du-sud>Les Origines du diamant Etoile du Sud<\/a><ol><li><a href=https:\/\/ajediam.com\/fr\/histoire\/diamants-celebres\/letoile-du-diamant-du-sud\/#1-letoile-du-sud-a-%C3%A9t%C3%A9-d%C3%A9couverte-par-une-esclave-br%C3%A9silienne>L&rsquo;Etoile du Sud a \u00e9t\u00e9 d\u00e9couverte par une esclave br\u00e9silienne<\/a><\/li><li><a href=https:\/\/ajediam.com\/fr\/histoire\/diamants-celebres\/letoile-du-diamant-du-sud\/#2-le-diamant-a-rapidement-chang%C3%A9-plusieurs-propri%C3%A9taires>Le diamant a rapidement chang\u00e9 plusieurs propri\u00e9taires<\/a><\/li><\/ol><\/li><li><a href=https:\/\/ajediam.com\/fr\/histoire\/diamants-celebres\/letoile-du-diamant-du-sud\/#3-la-taille-du-diamant-etoile-du-sud>La taille du diamant Etoile du Sud<\/a><ol><li><a href=https:\/\/ajediam.com\/fr\/histoire\/diamants-celebres\/letoile-du-diamant-du-sud\/#4-la-royal-coster-diamond-company-a-%C3%A9t%C3%A9-charg%C3%A9e-de-tailler-le-diamant>La Royal Coster Diamond Company a \u00e9t\u00e9 charg\u00e9e de tailler le diamant<\/a><\/li><\/ol><\/li><li><a href=https:\/\/ajediam.com\/fr\/histoire\/diamants-celebres\/letoile-du-diamant-du-sud\/#5-lhistoire-de-la-propri%C3%A9t%C3%A9-du-diamant-star-of-the-south>L&rsquo;histoire de la propri\u00e9t\u00e9 du diamant Star of the South<\/a><ol><li><a href=https:\/\/ajediam.com\/fr\/histoire\/diamants-celebres\/letoile-du-diamant-du-sud\/#6-l%C3%A9toile-du-sud-sest-fait-conna%C3%AEtre-lors-dexpositions-internationales>L&rsquo;\u00c9toile du Sud s&rsquo;est fait conna\u00eetre lors d&rsquo;expositions internationales<\/a><\/li><li><a href=https:\/\/ajediam.com\/fr\/histoire\/diamants-celebres\/letoile-du-diamant-du-sud\/#7-l%C3%A9toile-du-sud-a-attir%C3%A9-lattention-de-la-royaut%C3%A9-internationale>L&rsquo;\u00c9toile du Sud a attir\u00e9 l&rsquo;attention de la royaut\u00e9 internationale<\/a><\/li><li><a href=https:\/\/ajediam.com\/fr\/histoire\/diamants-celebres\/letoile-du-diamant-du-sud\/#8-le-diamant-est-devenu-un-joyau-royal-indien>Le diamant est devenu un joyau royal indien<\/a><\/li><li><a href=https:\/\/ajediam.com\/fr\/histoire\/diamants-celebres\/letoile-du-diamant-du-sud\/#9-la-localisation-actuelle-du-diamant-est-inconnue>La localisation actuelle du diamant est inconnue<\/a><\/li><\/ol><\/li><li><a href=https:\/\/ajediam.com\/fr\/histoire\/diamants-celebres\/letoile-du-diamant-du-sud\/#10-les-caract%C3%A9ristiques-techniques-de-l%C3%A9toile-du-diamant-du-sud>Les caract\u00e9ristiques techniques de l&rsquo;\u00c9toile du Diamant du Sud<\/a><ol><li><a href=https:\/\/ajediam.com\/fr\/histoire\/diamants-celebres\/letoile-du-diamant-du-sud\/#11-letoile-du-sud-est-un-diamant-brun-ros%C3%A9-en-forme-de-coussin>L&rsquo;Etoile du Sud est un diamant brun ros\u00e9 en forme de coussin<\/a><\/li><\/ol><\/li><li><a href=https:\/\/ajediam.com\/fr\/histoire\/diamants-celebres\/letoile-du-diamant-du-sud\/#12-la-signification-de-l%C3%A9toile-du-diamant-du-sud>La signification de l&rsquo;\u00e9toile du diamant du sud<\/a><\/li><\/ol><\/div><\/div><\/div>\n\n\n<div style=\"height:60px\" aria-hidden=\"true\" class=\"wp-block-spacer\"><\/div>\n\n\n\n<h2 class=\"wp-block-heading\" id=\"0-les-origines-du-diamant-etoile-du-sud\">Les Origines du diamant Etoile du Sud<\/h2>\n\n\n\n<h3 class=\"wp-block-heading\" id=\"1-letoile-du-sud-a-%C3%A9t%C3%A9-d%C3%A9couverte-par-une-esclave-br%C3%A9silienne\">L&rsquo;Etoile du Sud a \u00e9t\u00e9 d\u00e9couverte par une esclave br\u00e9silienne<\/h3>\n\n\n\n<p>Le diamant Star of the South a \u00e9t\u00e9 trouv\u00e9 par une femme esclave br\u00e9silienne anonyme pr\u00e8s de la ville mini\u00e8re br\u00e9silienne de Badagem en 1853. Elle a remis le diamant \u00e0 son ma\u00eetre, Casimiro de Tal, qui l&rsquo;a grandement r\u00e9compens\u00e9e pour son honn\u00eatet\u00e9. Pour son acte, elle a obtenu sa libert\u00e9, de nouveaux v\u00eatements et le droit de travailler pour un salaire.<\/p>\n\n\n\n<p>Au 19\u00e8me si\u00e8cle, il y avait un ensemble de lois qui \u00ab\u00a0encourageaient\u00a0\u00bb les travailleurs esclaves \u00e0 \u00eatre honn\u00eates avec toutes les all\u00e9es et venues qui se produisaient sur leurs propri\u00e9t\u00e9s respectives. Si ces r\u00e8gles \u00e9taient suivies, les esclaves \u00e9taient r\u00e9compens\u00e9s par la libert\u00e9 ou des augmentations mat\u00e9rielles de leur gagne-pain. Aux fins de notre histoire, il est essentiel de mentionner ces lois d\u00e9crivant notamment la punition pour la contrebande de diamants. Les estimations modernes affirment qu&rsquo;environ \u2153 des diamants trouv\u00e9s au Br\u00e9sil ont \u00e9t\u00e9 cach\u00e9s et pass\u00e9s en contrebande par des esclaves. Ainsi, l&rsquo;Etoile du Sud doit sa renomm\u00e9e en grande partie \u00e0 l&rsquo;honn\u00eatet\u00e9 de son trouveur.<\/p>\n\n\n\n<div style=\"height:50px\" aria-hidden=\"true\" class=\"wp-block-spacer\"><\/div>\n\n\n\n<h3 class=\"wp-block-heading\" id=\"2-le-diamant-a-rapidement-chang%C3%A9-plusieurs-propri%C3%A9taires\">Le diamant a rapidement chang\u00e9 plusieurs propri\u00e9taires<\/h3>\n\n\n\n<p>Le ma\u00eetre de l&rsquo;exploitation mini\u00e8re, Casimiro de Tal a rapidement trouv\u00e9 un acheteur pour le gros diamant de 254,5 carats. Cependant, il semble que Casimiro ignorait sa valeur r\u00e9elle, car il l&rsquo;a vendu pour seulement 3 000 \u00a3. En revanche, l&rsquo;acheteur anonyme a d\u00e9pos\u00e9 le diamant \u00e0 la banque de Rio de Janeiro et a re\u00e7u une avance de 30 000 \u00a3 sur sa seule garantie. En 1855, il fut vendu \u00e0 l&rsquo;\u00e9tat brut pour 35 000 \u00a3 aux fr\u00e8res Halfen. Les fr\u00e8res Halfen \u00e9taient diamantaires \u00e0 Paris. Ils nomm\u00e8rent la pierre pr\u00e9cieuse \u00ab&nbsp;\u00c9toile du Sud&nbsp;\u00bb ou \u00ab&nbsp;L&rsquo;\u00e9toile du Sud&nbsp;\u00bb et en 1855, ils expos\u00e8rent la pierre pr\u00e9cieuse \u00e0 l&rsquo;Exposition industrielle de Paris.<\/p>\n\n\n\n<div style=\"height:60px\" aria-hidden=\"true\" class=\"wp-block-spacer\"><\/div>\n\n\n\n<h2 class=\"wp-block-heading\" id=\"3-la-taille-du-diamant-etoile-du-sud\">La taille du diamant Etoile du Sud<\/h2>\n\n\n\n<h3 class=\"wp-block-heading\" id=\"4-la-royal-coster-diamond-company-a-%C3%A9t%C3%A9-charg%C3%A9e-de-tailler-le-diamant\">La Royal Coster Diamond Company a \u00e9t\u00e9 charg\u00e9e de tailler le diamant<\/h3>\n\n\n\n<p>Soit en 1856, soit en 1857, les fr\u00e8res Halphen envoy\u00e8rent le diamant Star of the South se faire tailler \u00e0 Amsterdam. En fin de compte, la t\u00e2che serait entreprise par nul autre que la Royal Coster Diamond Company, reconnue internationalement. Le ma\u00eetre polisseur qui allait relever le d\u00e9fi \u00e9tait M. Voorzanger, qui avait d\u00e9j\u00e0 travaill\u00e9 sur le red\u00e9coupage du c\u00e9l\u00e8bre Koh-I-Noor, un ou deux ans plus t\u00f4t.<\/p>\n\n\n\n<p>Divers rapports affirment que la d\u00e9coupe a dur\u00e9 3 mois et co\u00fbt\u00e9 2 500 \u00a3. Le r\u00e9sultat a \u00e9t\u00e9 un magnifique diamant de forme coussin allong\u00e9 de 128,48 carats d&rsquo;une grande puret\u00e9. Ses mesures \u00e9taient de 35 mm de long, 29 mm de large et 19 mm d&rsquo;\u00e9paisseur. La forme coussin\u00e9e du diamant lui a donn\u00e9 une teinte rose-brun distincte et bien que la taille ait r\u00e9duit de moiti\u00e9 le poids du diamant, les propri\u00e9taires ont \u00e9t\u00e9 \u00e9merveill\u00e9s par le r\u00e9sultat.<\/p>\n\n\n\n<div style=\"height:60px\" aria-hidden=\"true\" class=\"wp-block-spacer\"><\/div>\n\n\n\n<h2 class=\"wp-block-heading\" id=\"5-lhistoire-de-la-propri%C3%A9t%C3%A9-du-diamant-star-of-the-south\">L&rsquo;histoire de la propri\u00e9t\u00e9 du diamant Star of the South<\/h2>\n\n\n\n<h3 class=\"wp-block-heading\" id=\"6-l%C3%A9toile-du-sud-sest-fait-conna%C3%AEtre-lors-dexpositions-internationales\">L&rsquo;\u00c9toile du Sud s&rsquo;est fait conna\u00eetre lors d&rsquo;expositions internationales<\/h3>\n\n\n\n<p>Apr\u00e8s avoir \u00e9t\u00e9 taill\u00e9 par la soci\u00e9t\u00e9 Coster \u00e0 Amsterdam, le diamant a \u00e9t\u00e9 restitu\u00e9 \u00e0 la soci\u00e9t\u00e9 Halfen Brothers &amp; Associates. Le syndicat Halfen a pr\u00e9sent\u00e9 la pierre pr\u00e9cieuse dans l&rsquo;exposition de Londres de 1862, ainsi que dans l&rsquo;exposition de Paris de 1867. \u00c0 ces deux occasions, la beaut\u00e9 du diamant a attir\u00e9 des foules et une attention consid\u00e9rables. Certes, la presse a \u00e9t\u00e9 attir\u00e9e par l&rsquo;attrait du diamant, et la couverture m\u00e9diatique accord\u00e9e \u00e0 la pierre a contribu\u00e9 \u00e0 la renomm\u00e9e mondiale dont elle jouit aujourd&rsquo;hui.<\/p>\n\n\n\n<div style=\"height:50px\" aria-hidden=\"true\" class=\"wp-block-spacer\"><\/div>\n\n\n\n<h3 class=\"wp-block-heading\" id=\"7-l%C3%A9toile-du-sud-a-attir%C3%A9-lattention-de-la-royaut%C3%A9-internationale\">L&rsquo;\u00c9toile du Sud a attir\u00e9 l&rsquo;attention de la royaut\u00e9 internationale<\/h3>\n\n\n\n<p>\u00c0 la fin des ann\u00e9es 1860, les fr\u00e8res Halfen ont envoy\u00e9 le diamant en Inde pour des examens. On sait qu&rsquo;un Maharaja indien anonyme a propos\u00e9 d&rsquo;acheter le diamant pour 100 000 \u00a3 \u00e0 l&rsquo;\u00e9poque. Pourtant, l&rsquo;accord ne s&rsquo;est pas concr\u00e9tis\u00e9; le syndicat Halfen rappela le diamant \u00e0 Paris, mais le voyage du diamant ne fut pas vain.<\/p>\n\n\n\n<p>Apr\u00e8s une ascension aussi explosive vers la gloire, le diamant avait attir\u00e9 l&rsquo;attention de divers membres de la royaut\u00e9 indienne, qui s&rsquo;\u00e9taient r\u00e9v\u00e9l\u00e9s \u00eatre de fervents collectionneurs de diamants. L&rsquo;un de ces collectionneurs \u00e9tait le Gaekwad de Baroda, Khande Rao, qui est depuis entr\u00e9 dans l&rsquo;histoire comme l&rsquo;un des plus grands collectionneurs de bijoux. Pour situer le contexte, la rumeur dit que c&rsquo;est lui qui a acquis la collection de diamants de Jos\u00e9phine, l&rsquo;imp\u00e9ratrice de Napol\u00e9on III.<\/p>\n\n\n\n<div style=\"height:50px\" aria-hidden=\"true\" class=\"wp-block-spacer\"><\/div>\n\n\n\n<h3 class=\"wp-block-heading\" id=\"8-le-diamant-est-devenu-un-joyau-royal-indien\">Le diamant est devenu un joyau royal indien<\/h3>\n\n\n\n<p>Le Gaekwad a charg\u00e9 le c\u00e9l\u00e8bre joaillier du XIXe si\u00e8cle E.H. Dresde de Londres pour acheter le diamant en son nom. Le souverain l&rsquo;a recrut\u00e9 pour acheter l&rsquo;\u00c9toile du Sud au syndicat Halfer pour la somme de huit lakhs de roupies, soit 80 000 \u00a3. Nous pouvons deviner que M. Dresden \u00e9tait un n\u00e9gociateur tr\u00e8s persuasif, car il a r\u00e9ussi \u00e0 convaincre le syndicat de vendre le diamant \u00e0 un prix inf\u00e9rieur de 20 000 \u00a3 au prix pr\u00e9vu. Le syndicat accepta et la pierre fut vendue.<\/p>\n\n\n\n<p>En 1880, Khande Rao, le Gaekwad de Baroda, fit sertir la pierre pr\u00e9cieuse de l&rsquo;\u00c9toile du Sud dans un collier. Le m\u00eame collier comportait \u00e9galement le diamant anglais Dresden de 78,5 carats. Plus tard, d&rsquo;autres diamants ont \u00e9t\u00e9 ajout\u00e9s au collier. En 1948, la Maharani de Baroda, Sita Devi, a \u00e9t\u00e9 vue posant avec le collier modifi\u00e9. L&rsquo;occasion \u00e9tait la f\u00eate d&rsquo;anniversaire de son \u00e9poux, Maharajah Prat\u0101p Sinh.<\/p>\n\n\n\n<div style=\"height:50px\" aria-hidden=\"true\" class=\"wp-block-spacer\"><\/div>\n\n\n\n<h3 class=\"wp-block-heading\" id=\"9-la-localisation-actuelle-du-diamant-est-inconnue\">La localisation actuelle du diamant est inconnue<\/h3>\n\n\n\n<p>On ne sait pas o\u00f9 se trouve r\u00e9ellement le diamant \u00e0 ce stade, cependant, on suppose qu&rsquo;il est en circulation depuis environ 50 ans. Diverses sources semblent indiquer que la pierre a \u00e9t\u00e9 acquise par Rustomjee Jamsetjee de Bombay. D&rsquo;autres ont cit\u00e9 le nom de Cursetjee Fardoonji de Bombay comme propri\u00e9taire potentiel. De plus, il est largement admis que les proches de la d\u00e9funte Sita Devi ont vendu la pierre pr\u00e9cieuse \u00e0 Cartier en 2002. Aujourd&rsquo;hui, on ne sait pas si la marque de bijoux de luxe Cartier d\u00e9tient toujours l&rsquo;\u00c9toile du Sud. M\u00eame si la localisation de la gemme est inconnue, sa renomm\u00e9e est toujours bien vivante.<\/p>\n\n\n\n<div style=\"height:60px\" aria-hidden=\"true\" class=\"wp-block-spacer\"><\/div>\n\n\n\n<h2 class=\"wp-block-heading\" id=\"10-les-caract%C3%A9ristiques-techniques-de-l%C3%A9toile-du-diamant-du-sud\">Les caract\u00e9ristiques techniques de l&rsquo;\u00c9toile du Diamant du Sud<\/h2>\n\n\n\n<h3 class=\"wp-block-heading\" id=\"11-letoile-du-sud-est-un-diamant-brun-ros%C3%A9-en-forme-de-coussin\">L&rsquo;Etoile du Sud est un diamant brun ros\u00e9 en forme de coussin<\/h3>\n\n\n\n<p>Le diamant pesait 254,5 carats m\u00e9triques ou 50,9 grammes \u00e0 l&rsquo;\u00e9tat brut. Le min\u00e9ralogiste fran\u00e7ais <a href=\"https:\/\/www.gia.edu\/doc\/Star-of-the-South_-A-Historic-128-Ct-Diamond.pdf\" target=\"_blank\" rel=\"noreferrer noopener nofollow\">A. Dufr\u00e9noy (1856)<\/a> d\u00e9crit la gemme comme \u00ab\u00a0\u2026 un dod\u00e9ca\u00e8dre rhombique, portant le long de chacune de ses faces une jonction courbe [o\u00f9 les faces adjacentes se rencontrent] de sorte qu&rsquo;il est devenu un solide de 24 faces.<\/p>\n\n\n\n<p>Apr\u00e8s sa taille, la gemme est devenue un diamant en forme de coussin de 124,48 carats (25,696 g). La pierre mesurait 35 mm de long, 29 mm de large et 13 mm d&rsquo;\u00e9paisseur. Le GIA a pu le certifier avec une puret\u00e9 de VS2 ou tr\u00e8s l\u00e9g\u00e8rement inclus 2. Ce grade signifie que les inclusions ne sont pas visibles \u00e0 l&rsquo;\u0153il nu.<\/p>\n\n\n\n<p>Le grade de couleur est un brun ros\u00e9 clair fantaisie, qui est l&rsquo;une des couleurs les plus recherch\u00e9es pour les diamants. La couleur appara\u00eet naturellement gr\u00e2ce \u00e0 la forme coussin de la pierre pr\u00e9cieuse. La lumi\u00e8re que la gemme refl\u00e8te est parfaitement blanche. Cependant, la lumi\u00e8re qu&rsquo;il r\u00e9fracte est rose tendre, ce qui donne au diamant sa teinte rose-marron tr\u00e8s appr\u00e9ci\u00e9e.<\/p>\n\n\n\n<p>L&rsquo;\u00e9toile du diamant du sud est un diamant de type IIa, ce qui signifie qu&rsquo;il n&rsquo;y a pas de traces mesurables d&rsquo;impuret\u00e9s d&rsquo;azote ou de bore. Seuls 5% des diamants sont de type IIa.<\/p>\n\n\n\n<div style=\"height:60px\" aria-hidden=\"true\" class=\"wp-block-spacer\"><\/div>\n\n\n\n<h2 class=\"wp-block-heading Star of the South\" id=\"12-la-signification-de-l%C3%A9toile-du-diamant-du-sud\">La signification de l&rsquo;\u00e9toile du diamant du sud<\/h2>\n\n\n\n<p>L&rsquo;Etoile du Sud occupe une place l\u00e9gitime parmi les plus beaux gros diamants de l&rsquo;histoire. Apr\u00e8s sa d\u00e9couverte, il est devenu le plus gros diamant jamais trouv\u00e9 par une femme, pendant les 100 ann\u00e9es suivantes. Au moment de sa taille, c&rsquo;\u00e9tait la 6e plus grande gemme au monde, et aujourd&rsquo;hui, c&rsquo;est toujours la 23e plus grande gemme taill\u00e9e. C&rsquo;est un v\u00e9ritable pionnier des plus gros diamants br\u00e9siliens \u00e0 atteindre une renomm\u00e9e internationale. Il est devenu si c\u00e9l\u00e8bre que le lieu o\u00f9 il a \u00e9t\u00e9 d\u00e9couvert, la ville de Bagagem, a \u00e9t\u00e9 renomm\u00e9 d&rsquo;apr\u00e8s le diamant. La ville porte d\u00e9sormais le nom d&rsquo;Estrela do Sul.<\/p>\n\n\n\n<h4 class=\"wp-block-heading\" id=\"13-nous-esp%C3%A9rons-que-vous-avez-appr%C3%A9ci%C3%A9-la-lecture-\">Nous esp\u00e9rons que vous avez appr\u00e9ci\u00e9 la lecture !<\/h4>\n\n\n\n<p>Si vous souhaitez en savoir plus sur d\u2019autres diamants c\u00e9l\u00e8bres tels que les diamants&nbsp;<a href=\"https:\/\/ajediam.com\/fr\/histoire\/diamants-celebres\/le-diamant-orlov\/\">Orlov<\/a>,&nbsp;<a href=\"https:\/\/ajediam.com\/fr\/histoire\/diamants-celebres\/le-diamant-de-kimberley\/\">Kimberley&nbsp;<\/a>ou&nbsp;<a href=\"https:\/\/ajediam.com\/fr\/histoire\/diamants-celebres\/le-diamant-premier-rose\/\">Premier Rose<\/a>, vous pouvez consulter le&nbsp;<a href=\"https:\/\/ajediam.com\/fr\/histoire\/diamants-celebres\/\">glossaire des diamants c\u00e9l\u00e8bres d\u2019Ajediam<\/a>. Ou, si vous vous sentez inspir\u00e9, vous pouvez parcourir la boutique des collections de diamants de qualit\u00e9 sup\u00e9rieure d\u2019Ajediam.<\/p>\n","protected":false},"excerpt":{"rendered":"<p>Le premier diamant br\u00e9silien \u00e0 recevoir une renomm\u00e9e internationale L&rsquo;\u00c9toile du Diamant du Sud, pesant 254,5 carats bruts, est l&rsquo;un des plus gros diamants jamais d\u00e9couverts par une femme. Son d\u00e9couvreur \u00e9tait une esclave, qui l&rsquo;a trouv\u00e9 en 1853 dans une rivi\u00e8re pr\u00e8s de la petite ville de Badagem dans le Minas Gerais, au Br\u00e9sil. [&hellip;]<\/p>\n","protected":false},"author":5,"featured_media":9558,"parent":10150,"menu_order":0,"comment_status":"closed","ping_status":"closed","template":"articllle-like-page.php","meta":{"ub_ctt_via":"","footnotes":""},"acf":[],"featured_image_src":"https:\/\/ajediam.com\/wp-content\/uploads\/2023\/05\/StarofSouthDiamond.jpg","_links":{"self":[{"href":"https:\/\/ajediam.com\/fr\/wp-json\/wp\/v2\/pages\/10273"}],"collection":[{"href":"https:\/\/ajediam.com\/fr\/wp-json\/wp\/v2\/pages"}],"about":[{"href":"https:\/\/ajediam.com\/fr\/wp-json\/wp\/v2\/types\/page"}],"author":[{"embeddable":true,"href":"https:\/\/ajediam.com\/fr\/wp-json\/wp\/v2\/users\/5"}],"replies":[{"embeddable":true,"href":"https:\/\/ajediam.com\/fr\/wp-json\/wp\/v2\/comments?post=10273"}],"version-history":[{"count":3,"href":"https:\/\/ajediam.com\/fr\/wp-json\/wp\/v2\/pages\/10273\/revisions"}],"predecessor-version":[{"id":12064,"href":"https:\/\/ajediam.com\/fr\/wp-json\/wp\/v2\/pages\/10273\/revisions\/12064"}],"up":[{"embeddable":true,"href":"https:\/\/ajediam.com\/fr\/wp-json\/wp\/v2\/pages\/10150"}],"wp:featuredmedia":[{"embeddable":true,"href":"https:\/\/ajediam.com\/fr\/wp-json\/wp\/v2\/media\/9558"}],"wp:attachment":[{"href":"https:\/\/ajediam.com\/fr\/wp-json\/wp\/v2\/media?parent=10273"}],"curies":[{"name":"wp","href":"https:\/\/api.w.org\/{rel}","templated":true}]}}