{"id":10275,"date":"2023-07-04T19:07:25","date_gmt":"2023-07-04T19:07:25","guid":{"rendered":"https:\/\/ajediam.com\/?page_id=10275"},"modified":"2024-01-10T20:02:09","modified_gmt":"2024-01-10T20:02:09","slug":"le-diamant-orlov","status":"publish","type":"page","link":"https:\/\/ajediam.com\/fr\/histoire\/diamants-celebres\/le-diamant-orlov\/","title":{"rendered":"Le diamant Orlov"},"content":{"rendered":"\n<p class=\"itt\">Myst\u00e8re, vol, amour et pouvoir<\/p>\n\n\n\n<p>Le diamant Orlov est l&rsquo;un des diamants les plus c\u00e9l\u00e8bres au monde. Sa beaut\u00e9 naturelle n&rsquo;a d&rsquo;\u00e9gal que la magie de son histoire d&rsquo;origine complexe. \u00c9tait-ce le Grand Diamant Mugal perdu depuis longtemps ? A-t-il re\u00e7u le nom d&rsquo;Orlov d&rsquo;un homme d\u00e9sesp\u00e9r\u00e9ment amoureux de l&rsquo;imp\u00e9ratrice Catherine II la Grande ? Le diamant brillant l&rsquo;a-t-il aid\u00e9 \u00e0 r\u00e9ussir sa qu\u00eate amoureuse ?<\/p>\n\n\n\n<p>Si vous souhaitez en savoir plus sur l&rsquo;Orlov, vous trouverez dans cet article:<\/p>\n\n\n<div class=\"ub_table-of-contents\" data-showtext=\"show\" data-hidetext=\"hide\" data-scrolltype=\"auto\" id=\"ub_table-of-contents-bbf24190-e9e3-4445-a5bb-2e51b941d47c\" data-initiallyhideonmobile=\"false\"\n                    data-initiallyshow=\"true\"><div class=\"ub_table-of-contents-header-container\"><div class=\"ub_table-of-contents-header\">\n                    <div class=\"ub_table-of-contents-title\">Table des Mati\u00e8res<\/div><\/div><\/div><div class=\"ub_table-of-contents-extra-container\"><div class=\"ub_table-of-contents-container ub_table-of-contents-1-column \"><ol><li><a href=https:\/\/ajediam.com\/fr\/histoire\/diamants-celebres\/le-diamant-orlov\/#0-les-origines-du-diamant-orlov>Les origines du diamant Orlov<\/a><ol><li><a href=https:\/\/ajediam.com\/fr\/histoire\/diamants-celebres\/le-diamant-orlov\/#1-le-diamant-orlov-et-le-diamant-great-mogul-se-confondent>Le diamant Orlov et le diamant Great Mogul se confondent<\/a><\/li><li><a href=https:\/\/ajediam.com\/fr\/histoire\/diamants-celebres\/le-diamant-orlov\/#2-les-l%C3%A9gendes-dorlov-diamond-origin-le-fran%C3%A7ais-trompeur-et-le-soldat-de-nadir-shah>Les l\u00e9gendes d&rsquo;Orlov Diamond Origin &#8211; le Fran\u00e7ais trompeur et le soldat de Nadir Shah<\/a><\/li><li><a href=https:\/\/ajediam.com\/fr\/histoire\/diamants-celebres\/le-diamant-orlov\/#3-le-diamant-orlov-trouve-son-chemin-vers-amsterdam>Le diamant Orlov trouve son chemin vers Amsterdam<\/a><\/li><\/ol><\/li><li><a href=https:\/\/ajediam.com\/fr\/histoire\/diamants-celebres\/le-diamant-orlov\/#4-la-taille-du-diamant-orlov>La taille du diamant Orlov<\/a><ol><li><a href=https:\/\/ajediam.com\/fr\/histoire\/diamants-celebres\/le-diamant-orlov\/#5-le-sceptre-imp%C3%A9rial-de-catherine-ii-la-grande>Le sceptre imp\u00e9rial de Catherine II la Grande<\/a><\/li><li><a href=https:\/\/ajediam.com\/fr\/histoire\/diamants-celebres\/le-diamant-orlov\/#6-la-d%C3%A9coupe-de-lorlov-comme-preuve-de-confusion>La d\u00e9coupe de l&rsquo;Orlov comme preuve de confusion<\/a><\/li><\/ol><\/li><li><a href=https:\/\/ajediam.com\/fr\/histoire\/diamants-celebres\/le-diamant-orlov\/#7-lhistoire-moderne-de-la-propri%C3%A9t%C3%A9-du-diamant-orlov>L&rsquo;histoire moderne de la propri\u00e9t\u00e9 du diamant Orlov<\/a><ol><li><a href=https:\/\/ajediam.com\/fr\/histoire\/diamants-celebres\/le-diamant-orlov\/#8-le-geste-romantique-du-comte-orlov>Le geste romantique du comte Orlov<\/a><\/li><li><a href=https:\/\/ajediam.com\/fr\/histoire\/diamants-celebres\/le-diamant-orlov\/#9-comment-le-diamant-re%C3%A7oit-le-nom-orlov>Comment le diamant re\u00e7oit le nom Orlov<\/a><\/li><li><a href=https:\/\/ajediam.com\/fr\/histoire\/diamants-celebres\/le-diamant-orlov\/#10-lhistoire-alternative-de-lachat-du-diamant-dorlov>L&rsquo;histoire alternative de l&rsquo;achat du diamant d&rsquo;Orlov<\/a><\/li><\/ol><\/li><li><a href=https:\/\/ajediam.com\/fr\/histoire\/diamants-celebres\/le-diamant-orlov\/#11-les-caract%C3%A9ristiques-techniques-du-diamant-orlov>Les caract\u00e9ristiques techniques du diamant Orlov<\/a><\/li><li><a href=https:\/\/ajediam.com\/fr\/histoire\/diamants-celebres\/le-diamant-orlov\/#12-limportance-du-diamant-orlov>L&rsquo;importance du diamant Orlov<\/a><\/li><\/ol><\/div><\/div><\/div>\n\n\n<div style=\"height:60px\" aria-hidden=\"true\" class=\"wp-block-spacer\"><\/div>\n\n\n\n<h2 class=\"wp-block-heading\" id=\"0-les-origines-du-diamant-orlov\">Les origines du diamant Orlov<\/h2>\n\n\n\n<p>Il est impossible de raconter l&rsquo;histoire du diamant Orlov sans mentionner le Grand Diamant Mogul. Les \u00e9rudits ont souvent li\u00e9 les deux en raison de leurs similitudes, et il existe une th\u00e9orie populaire selon laquelle il s&rsquo;agirait en fait du m\u00eame diamant !<\/p>\n\n\n\n<div style=\"height:50px\" aria-hidden=\"true\" class=\"wp-block-spacer\"><\/div>\n\n\n\n<h3 class=\"wp-block-heading\" id=\"1-le-diamant-orlov-et-le-diamant-great-mogul-se-confondent\">Le diamant Orlov et le diamant Great Mogul se confondent<\/h3>\n\n\n\n<p>Plusieurs myst\u00e8res entrelac\u00e9s entourent les insaisissables diamants Orlov et Mogul. C&rsquo;est-\u00e0-dire qu&rsquo;il n&rsquo;est pas clair quelle histoire d&rsquo;origine appartient \u00e0 l&rsquo;une ou l&rsquo;autre pierre. Un exemple de la ligne floue qui s\u00e9pare les deux histoires peut \u00eatre appr\u00e9ci\u00e9 au sujet de la fa\u00e7on dont les deux diamants ont fait leur chemin vers l&rsquo;Europe. Un autre aspect correspondant entre les deux est que les deux pierres ont \u00e9t\u00e9 d\u00e9couvertes en Inde vers le 17\u00e8me si\u00e8cle. De plus, les deux pierres ont \u00e9t\u00e9 taill\u00e9es d&rsquo;une mani\u00e8re incroyablement similaire, rappelant une vieille taille de rose ou un \u0153uf coup\u00e9 en deux. La ressemblance entre le folklore entourant ces deux pierres est troublante. En voyant la ressemblance entre les l\u00e9gendes, il est facile de comprendre pourquoi certains pourraient dire qu&rsquo;il s&rsquo;agit bien d&rsquo;une seule et m\u00eame l\u00e9gende.<\/p>\n\n\n\n<div style=\"height:50px\" aria-hidden=\"true\" class=\"wp-block-spacer\"><\/div>\n\n\n\n<h3 class=\"wp-block-heading\" id=\"2-les-l%C3%A9gendes-dorlov-diamond-origin-le-fran%C3%A7ais-trompeur-et-le-soldat-de-nadir-shah\">Les l\u00e9gendes d&rsquo;Orlov Diamond Origin &#8211; le Fran\u00e7ais trompeur et le soldat de Nadir Shah<\/h3>\n\n\n\n<p>La l\u00e9gende raconte qu&rsquo;un d\u00e9serteur fran\u00e7ais tentant d&rsquo;\u00e9chapper aux guerres carnatiques du XVIIIe si\u00e8cle dans la r\u00e9gion d&rsquo;Hyderabad, a vol\u00e9 le diamant d&rsquo;un temple indien, en se d\u00e9guisant en hindou, et s&rsquo;y r\u00e9fugiant. Le Fran\u00e7ais remarqua imm\u00e9diatement un gros diamant qui \u00e9tait l&rsquo;\u0153il de la divinit\u00e9 du temple et sut exactement ce qu&rsquo;il allait faire. Il lui a fallu de nombreuses ann\u00e9es pour gagner la confiance de la communaut\u00e9 et se retrouver seul pr\u00e8s de la statue. Apr\u00e8s avoir attendu si longtemps le bon moment, le d\u00e9serteur a saut\u00e9 sur la premi\u00e8re occasion. Il a d\u00e9log\u00e9 le diamant avec son couteau, puis s&rsquo;est rapidement \u00e9chapp\u00e9. Ni l&rsquo;escroc fran\u00e7ais ni le diamant Orlov n&rsquo;ont jamais \u00e9t\u00e9 revus.<\/p>\n\n\n\n<p>Une l\u00e9gende tr\u00e8s similaire soutient que le diamant d&rsquo;Orlov faisait partie du butin que les Perses sous Nadir Shah avaient acquis des Moghols en pillant Delhi en 1739. Les Perses ont emport\u00e9 de nombreuses richesses, parmi lesquelles auraient pu \u00eatre l&rsquo;Orlov, le Koh-i -Noor, et d&rsquo;innombrables autres richesses. Cependant, une mort violente a rapidement trouv\u00e9 l&rsquo;immens\u00e9ment riche Nadir Shah. Beaucoup se sont demand\u00e9 ce qu&rsquo;il \u00e9tait advenu de ses nombreuses richesses. Une l\u00e9gende particuli\u00e8re dit que l&rsquo;un des gardes du corps du Shah a \u00e9t\u00e9 vu dans une ville voisine apr\u00e8s sa mort avec de nombreux biens de son ma\u00eetre, y compris le diamant Orlov. Par la suite, il n&rsquo;a jamais \u00e9t\u00e9 revu.<\/p>\n\n\n\n<p>Les l\u00e9gendes sur les soldats fran\u00e7ais et afghans pr\u00e9sentent des similitudes frappantes qui ont conduit de nombreux historiens \u00e0 conclure que la pierre pr\u00e9cieuse \u00e9tait en fait la m\u00eame dans les deux histoires. H\u00e9las, il est impossible de savoir vraiment ce qui s&rsquo;est pass\u00e9.<\/p>\n\n\n\n<div style=\"height:50px\" aria-hidden=\"true\" class=\"wp-block-spacer\"><\/div>\n\n\n\n<h3 class=\"wp-block-heading\" id=\"3-le-diamant-orlov-trouve-son-chemin-vers-amsterdam\">Le diamant Orlov trouve son chemin vers Amsterdam<\/h3>\n\n\n\n<p>D&rsquo;une mani\u00e8re ou d&rsquo;une autre, la pierre a trouv\u00e9 son chemin vers Amsterdam, la capitale mondiale du diamant \u00e0 l&rsquo;\u00e9poque. \u00c0 ce moment-l\u00e0, il \u00e9tait en possession d&rsquo;un millionnaire iranien du nom de Shaffrass. Le diamant Orlov avait attir\u00e9 l&rsquo;attention d&rsquo;une grande partie de la royaut\u00e9 internationale. Pourtant, le prix demand\u00e9 pour la gemme \u00e9tait exorbitant. Restait \u00e0 trouver un acqu\u00e9reur qui pourrait acqu\u00e9rir la magnifique pierre.<\/p>\n\n\n\n<div style=\"height:60px\" aria-hidden=\"true\" class=\"wp-block-spacer\"><\/div>\n\n\n\n<h2 class=\"wp-block-heading\" id=\"4-la-taille-du-diamant-orlov\">La taille du diamant Orlov<\/h2>\n\n\n\n<p>Catherine II la Grande envisageait le diamant d&rsquo;Orlov mont\u00e9 sur son sceptre imp\u00e9rial comme symbole de sa richesse et de sa puissance imp\u00e9riales. Entour\u00e9 de bien d&rsquo;autres, l&rsquo;Orlov deviendra le diamant de la couronne du sceptre. Les meilleurs tailleurs de diamants du Kremlin ont exauc\u00e9 le d\u00e9sir de Catherine et ont produit une pierre taill\u00e9e en rose de style indien de 189,62 carats (37,924 g).<\/p>\n\n\n\n<div style=\"height:50px\" aria-hidden=\"true\" class=\"wp-block-spacer\"><\/div>\n\n\n\n<h3 class=\"wp-block-heading\" id=\"5-le-sceptre-imp%C3%A9rial-de-catherine-ii-la-grande\">Le sceptre imp\u00e9rial de Catherine II la Grande<\/h3>\n\n\n\n<p>Le sceptre est form\u00e9 d&rsquo;un f\u00fbt bruni divis\u00e9 en trois sections et poss\u00e8de huit ensembles de cerceaux orn\u00e9s de diamants taille brillant. Certaines de ces pierres pr\u00e9cieuses p\u00e8sent environ 30 carats chacune et 15 de ces pierres pr\u00e9cieuses p\u00e8sent 14 carats chacune. L&rsquo;Orlov est plac\u00e9 au sommet, avec sa partie la plus \u00e9lev\u00e9e tourn\u00e9e vers le haut; sans doute l&rsquo;attraction principale du sceptre. S&rsquo;\u00e9levant au-dessus de l&rsquo;Orlov se trouve un aigle \u00e0 deux t\u00eates avec une cr\u00eate \u00e9maill\u00e9e sur sa poitrine, le bouclier des armes de la Russie. Il est essentiel de mentionner que l&rsquo;Orlov n&rsquo;a pas \u00e9t\u00e9 sp\u00e9cifiquement taill\u00e9 pour cela, mais plut\u00f4t que le sceptre a \u00e9t\u00e9 con\u00e7u autour de lui.<\/p>\n\n\n\n<div style=\"height:50px\" aria-hidden=\"true\" class=\"wp-block-spacer\"><\/div>\n\n\n\n<h3 class=\"wp-block-heading\" id=\"6-la-d%C3%A9coupe-de-lorlov-comme-preuve-de-confusion\">La d\u00e9coupe de l&rsquo;Orlov comme preuve de confusion<\/h3>\n\n\n\n<p>La t\u00e2che de tailler le Mogul incombait \u00e0 un homme du nom de Borgio dont on sait peu de choses, \u00e0 l&rsquo;exception de son travail sur le Grand diamant. Le bijoutier \u00e9tait contre la coupe de la pierre pr\u00e9cieuse en petits morceaux. Au lieu de cela, il voulait produire une seule grande pierre digne du diamant brut, cependant, son approche l&rsquo;obligeait \u00e0 meuler une partie beaucoup plus importante de la pierre. Le diamant a fini par \u00eatre taill\u00e9 en rose \u00e0 l&rsquo;indienne, tout comme l&rsquo;Orlov.<\/p>\n\n\n\n<p>Les travaux de Borgio ont donn\u00e9 de tr\u00e8s mauvais r\u00e9sultats. Non seulement le diamant a perdu beaucoup de poids, mais il a \u00e9galement conserv\u00e9 de nombreuses inclusions, ce qui a beaucoup d\u00e9plu \u00e0 l&rsquo;Empereur. Suivant la th\u00e9orie selon laquelle le Grand Mogul et l&rsquo;Orlov sont, en fait, le m\u00eame joyau &#8211; l&rsquo;Orlov est ce que Borgio a coup\u00e9. Les tailleurs de diamants du Kremlin auraient simplement repoli la pierre pr\u00e9cieuse. De nombreux scientifiques soutiennent la th\u00e9orie car l&rsquo;Orlov a une coupe traditionnelle de style rose indien, ce qui \u00e9tait tr\u00e8s rare au 18\u00e8me si\u00e8cle et ne pouvait \u00eatre fait que par un ma\u00eetre joaillier.<\/p>\n\n\n\n<div style=\"height:60px\" aria-hidden=\"true\" class=\"wp-block-spacer\"><\/div>\n\n\n\n<h2 class=\"wp-block-heading\" id=\"7-lhistoire-moderne-de-la-propri%C3%A9t%C3%A9-du-diamant-orlov\">L&rsquo;histoire moderne de la propri\u00e9t\u00e9 du diamant Orlov<\/h2>\n\n\n\n<p>Avec l&rsquo;aide de Hovhannes Lazarian, le comte Grigory Orlov a achet\u00e9 le diamant \u00e0 Shafrass, un millionnaire iranien pour un pr\u00e9tendu 1,4 million de florins hollandais qui s&rsquo;\u00e9l\u00e8vent aujourd&rsquo;hui \u00e0 pr\u00e8s de quatre-vingt-quatre millions de dollars.<\/p>\n\n\n\n<div style=\"height:50px\" aria-hidden=\"true\" class=\"wp-block-spacer\"><\/div>\n\n\n\n<h3 class=\"wp-block-heading\" id=\"8-le-geste-romantique-du-comte-orlov\">Le geste romantique du comte Orlov<\/h3>\n\n\n\n<p>Le noble voulait que le cadeau repr\u00e9sente un grand geste romantique, ainsi que pour rappeler \u00e0 Catherine II son aide pour l&rsquo;\u00e9tablir comme souveraine de la Russie. L&rsquo;imp\u00e9ratrice est tristement c\u00e9l\u00e8bre pour ses diverses relations avec diff\u00e9rents hommes lors de son mariage avec Pierre III. Beaucoup d&rsquo;entre eux, dont le comte Orlov lui-m\u00eame, ont jou\u00e9 un r\u00f4le d\u00e9terminant dans le coup d&rsquo;\u00c9tat qui a d\u00e9tr\u00f4n\u00e9 le tsar Pierre et ciment\u00e9 le r\u00e8gne de Catherine en Russie. Le loyaliste Orlov a \u00e9t\u00e9 l&rsquo;amant de Catherine pendant de nombreuses ann\u00e9es, ce que son mari ignorait. Catherine a m\u00eame eu un fils ill\u00e9gitime du comte, qu&rsquo;elle a tenu \u00e0 l&rsquo;\u00e9cart du palais, dans la ville de Tula. Catherine II la Grande avait de plus grands projets pour son pays et elle-m\u00eame, peu int\u00e9ress\u00e9e \u00e0 \u00e9pouser le comte. Elle voulait rester l&rsquo;imp\u00e9ratrice douairi\u00e8re de Russie et n&rsquo;avait plus besoin de lui en termes de politique, de strat\u00e9gie ou de conseil. Bien que Catherine ait appr\u00e9ci\u00e9 sa compagnie, elle a \u00e9galement appris que le comte Orlov avait \u00e9t\u00e9 impliqu\u00e9 avec d&rsquo;autres femmes et a finalement d\u00e9cid\u00e9 de mettre fin \u00e0 leur relation amoureuse.<\/p>\n\n\n\n<div style=\"height:50px\" aria-hidden=\"true\" class=\"wp-block-spacer\"><\/div>\n\n\n\n<h3 class=\"wp-block-heading\" id=\"9-comment-le-diamant-re%C3%A7oit-le-nom-orlov\">Comment le diamant re\u00e7oit le nom Orlov<\/h3>\n\n\n\n<p>Le comte Orlov et ses fr\u00e8res ont continu\u00e9 \u00e0 \u00eatre combl\u00e9s d&rsquo;attentions, de titres et de cadeaux de Catherine II. Le comte a m\u00eame re\u00e7u un palais apr\u00e8s qu&rsquo;elle soit officiellement devenue imp\u00e9ratrice. Cependant, le noble semblait toujours follement amoureux de Catherine et voulait se r\u00e9concilier et l&rsquo;\u00e9pouser. Le comte Orlov a tent\u00e9 d&rsquo;impressionner l&rsquo;imp\u00e9ratrice en lui offrant un diamant glamour, digne de son sceptre imp\u00e9rial, esp\u00e9rant qu&rsquo;il gagnerait et regagnerait son affection. H\u00e9las, Catherine II a accept\u00e9 la pierre, mais pas le comte Orlov lui-m\u00eame. Cependant, elle a nomm\u00e9 la pierre apr\u00e8s le comte pour l&rsquo;honorer.<\/p>\n\n\n\n<div style=\"height:50px\" aria-hidden=\"true\" class=\"wp-block-spacer\"><\/div>\n\n\n\n<h3 class=\"wp-block-heading\" id=\"10-lhistoire-alternative-de-lachat-du-diamant-dorlov\">L&rsquo;histoire alternative de l&rsquo;achat du diamant d&rsquo;Orlov<\/h3>\n\n\n\n<p>Fait int\u00e9ressant, il existe une histoire alternative qui sugg\u00e8re que le grand geste romantique n&rsquo;en \u00e9tait pas un apr\u00e8s tout. Soi-disant, un document existe entre le comte Orlov et Lazarev, qui \u00e9tait le bijoutier de la cour \u00e0 Saint-P\u00e9tersbourg pour l&rsquo;achat du diamant Orlov. Le document sugg\u00e8re que Catherine II la Grande \u00e9tait int\u00e9ress\u00e9e \u00e0 acheter la pierre elle-m\u00eame et que le comte n&rsquo;\u00e9tait qu&rsquo;un simple m\u00e9diateur. On savait que l&rsquo;imp\u00e9ratrice s&rsquo;\u00e9tait int\u00e9ress\u00e9e au diamant au pr\u00e9alable, ce qui donne du m\u00e9rite \u00e0 cette version.<\/p>\n\n\n\n<div style=\"height:60px\" aria-hidden=\"true\" class=\"wp-block-spacer\"><\/div>\n\n\n\n<h2 class=\"wp-block-heading\" id=\"11-les-caract%C3%A9ristiques-techniques-du-diamant-orlov\">Les caract\u00e9ristiques techniques du diamant Orlov<\/h2>\n\n\n\n<p>Le diamant Orlov a la forme d&rsquo;un \u0153uf coup\u00e9 en deux, pesant 189,6 carats. Sa clart\u00e9 est typique d&rsquo;un diamant indien de belle qualit\u00e9 et a une l\u00e9g\u00e8re teinte bleu-vert. Bas\u00e9 sur le syst\u00e8me du GIA, le diamant Orlov appartient aux c\u00f4t\u00e9s de certaines des pierres pr\u00e9cieuses les plus claires au monde. Il n&rsquo;y a pas beaucoup d&rsquo;informations disponibles sur la pierre car elle n&rsquo;a pas boug\u00e9 du sceptre imp\u00e9rial depuis qu&rsquo;elle y a \u00e9t\u00e9 plac\u00e9e par l&rsquo;imp\u00e9ratrice.<\/p>\n\n\n\n<p>Le Kremlin a publi\u00e9 des donn\u00e9es indiquant que le diamant mesurait 32 millim\u00e8tres x 35 millim\u00e8tres x 21 millim\u00e8tres et a confirm\u00e9 son poids \u00e0 189,62 carats (37,924 g). Cependant, ces donn\u00e9es sont remises en question puisque l&rsquo;Orlov n&rsquo;a pas \u00e9t\u00e9 formellement pes\u00e9 depuis son achat par le Comte.<\/p>\n\n\n\n<div style=\"height:60px\" aria-hidden=\"true\" class=\"wp-block-spacer\"><\/div>\n\n\n\n<h2 class=\"wp-block-heading\" id=\"12-limportance-du-diamant-orlov\">L&rsquo;importance du diamant Orlov<\/h2>\n\n\n\n<p>Le diamant Orlov reste l&rsquo;une des pierres pr\u00e9cieuses les plus c\u00e9l\u00e8bres au monde. C&rsquo;est un monument historique de grandes proportions avec une taille et une forme extr\u00eamement rares et une coupe qui nous rappelle des temps perdus depuis longtemps. La propri\u00e9t\u00e9 de Catherine II la Grande montre aussi la mont\u00e9e au pouvoir d&rsquo;une femme magnifique qui ne laissera rien arr\u00eater son ambition. Le sceptre imp\u00e9rial russe \u00e9tait la marque du pouvoir de l&rsquo;imp\u00e9ratrice et cimentait sa place de monarque dans le monde et l&rsquo;histoire.<\/p>\n\n\n\n<p>De nos jours, le diamant Orlov est disponible pour voir dans le Gokran, le Diamond Fund. Il est expos\u00e9 au Kremlin de Moscou dans le cadre du sceptre imp\u00e9rial de Catherine II la Grande, aux c\u00f4t\u00e9s du reste des joyaux de la couronne russe.<\/p>\n\n\n\n<h4 class=\"wp-block-heading\" id=\"13-nous-esp%C3%A9rons-que-vous-avez-appr%C3%A9ci%C3%A9-la-lecture-\">Nous esp\u00e9rons que vous avez appr\u00e9ci\u00e9 la lecture !<\/h4>\n\n\n\n<p>Si vous souhaitez en savoir plus sur d\u2019autres diamants c\u00e9l\u00e8bres tels que les diamants&nbsp;<a href=\"https:\/\/ajediam.com\/fr\/histoire\/diamants-celebres\/le-diamant-orlov\/\">Orlov<\/a>,&nbsp;<a href=\"https:\/\/ajediam.com\/fr\/histoire\/diamants-celebres\/le-diamant-de-kimberley\/\">Kimberley&nbsp;<\/a>ou&nbsp;<a href=\"https:\/\/ajediam.com\/fr\/histoire\/diamants-celebres\/le-diamant-premier-rose\/\">Premier Rose<\/a>, vous pouvez consulter le&nbsp;<a href=\"https:\/\/ajediam.com\/fr\/histoire\/diamants-celebres\/\">glossaire des diamants c\u00e9l\u00e8bres d\u2019Ajediam<\/a>. Ou, si vous vous sentez inspir\u00e9, vous pouvez parcourir la boutique des collections de diamants de qualit\u00e9 sup\u00e9rieure d\u2019Ajediam.<\/p>\n","protected":false},"excerpt":{"rendered":"<p>Myst\u00e8re, vol, amour et pouvoir Le diamant Orlov est l&rsquo;un des diamants les plus c\u00e9l\u00e8bres au monde. Sa beaut\u00e9 naturelle n&rsquo;a d&rsquo;\u00e9gal que la magie de son histoire d&rsquo;origine complexe. \u00c9tait-ce le Grand Diamant Mugal perdu depuis longtemps ? A-t-il re\u00e7u le nom d&rsquo;Orlov d&rsquo;un homme d\u00e9sesp\u00e9r\u00e9ment amoureux de l&rsquo;imp\u00e9ratrice Catherine II la Grande ? [&hellip;]<\/p>\n","protected":false},"author":5,"featured_media":9569,"parent":10150,"menu_order":0,"comment_status":"closed","ping_status":"closed","template":"articllle-like-page.php","meta":{"ub_ctt_via":"","footnotes":""},"acf":[],"featured_image_src":"https:\/\/ajediam.com\/wp-content\/uploads\/2023\/05\/Orlow_Diamant.jpg","_links":{"self":[{"href":"https:\/\/ajediam.com\/fr\/wp-json\/wp\/v2\/pages\/10275"}],"collection":[{"href":"https:\/\/ajediam.com\/fr\/wp-json\/wp\/v2\/pages"}],"about":[{"href":"https:\/\/ajediam.com\/fr\/wp-json\/wp\/v2\/types\/page"}],"author":[{"embeddable":true,"href":"https:\/\/ajediam.com\/fr\/wp-json\/wp\/v2\/users\/5"}],"replies":[{"embeddable":true,"href":"https:\/\/ajediam.com\/fr\/wp-json\/wp\/v2\/comments?post=10275"}],"version-history":[{"count":3,"href":"https:\/\/ajediam.com\/fr\/wp-json\/wp\/v2\/pages\/10275\/revisions"}],"predecessor-version":[{"id":12067,"href":"https:\/\/ajediam.com\/fr\/wp-json\/wp\/v2\/pages\/10275\/revisions\/12067"}],"up":[{"embeddable":true,"href":"https:\/\/ajediam.com\/fr\/wp-json\/wp\/v2\/pages\/10150"}],"wp:featuredmedia":[{"embeddable":true,"href":"https:\/\/ajediam.com\/fr\/wp-json\/wp\/v2\/media\/9569"}],"wp:attachment":[{"href":"https:\/\/ajediam.com\/fr\/wp-json\/wp\/v2\/media?parent=10275"}],"curies":[{"name":"wp","href":"https:\/\/api.w.org\/{rel}","templated":true}]}}