{"id":10286,"date":"2019-03-18T05:54:21","date_gmt":"2019-03-18T05:54:21","guid":{"rendered":"https:\/\/ajediam.com\/?page_id=10286"},"modified":"2023-07-07T14:18:16","modified_gmt":"2023-07-07T14:18:16","slug":"diamants-en-vrac","status":"publish","type":"page","link":"https:\/\/ajediam.com\/fr\/diamants-en-vrac\/","title":{"rendered":"Diamants en vrac"},"content":{"rendered":"<p><div class='row vc_row '><div class='col-md-12 '><h2 class='section-title'>Diamants certifi\u00e9s GIA, grav\u00e9s au laser<\/h2><p>Photos de diff\u00e9rents types de diamants avec description de leur qualit\u00e9 et de leurs caract\u00e9ristiques. Trouvez la meilleure taille pour obtenir le plus d&rsquo;\u00e9clat.<\/p>\n<p>Comparez toutes les formes dans cette galerie. Choisissez-en une et ins\u00e9rez-la dans votre bague de fian\u00e7ailles!<\/p><\/div><\/div> <div class='row vc_row '><div class='col-md-12 '><div class='mb-4'><div class='tab-container'><div class='tab-header d-none d-md-block'><\/div><div class='tab' id='1552888342085-653f68ed-9cbf'><h3 class='tab-title d-block d-md-none'>Diamants taille brillant rond<\/h3><div class='tab-content'><div class='row '><div class='col-md-3 col-inner'><div class='col-inwrap'><div class='vc-image text-center'><figure><div><img src='https:\/\/ajediam.com\/wp-content\/uploads\/2019\/03\/Triple_Excellent_Hearts___Arrows_brilliant_diamond-150x150.jpg' alt=''><\/div><\/figure><\/div><\/div><\/div><div class='col-md-9 col-inner'><div class='col-inwrap'><div class='mb-4'><p>Cette forme se compose de 58 facettes. C&rsquo;est la norme pour toutes les autres formes de diamants. Plus de 75% des diamants vendus aujourd&rsquo;hui sont des diamants taille brillant rond.<\/p>\n<p>Ajediam est sp\u00e9cialis\u00e9 dans les diamants parfaits, triple Ex, Hearts &amp; Arrows, et taille id\u00e9ale. Le diamant taille brillant rond affiche le plus de feu et de scintillement, taill\u00e9 et poli par nos habiles tailleurs d&rsquo;Anvers.<\/p><\/div><\/div><\/div><\/div><\/div><\/div><div class='tab' id='1552888342107-d7980eee-afd1'><h3 class='tab-title d-block d-md-none'>Diamants ovales<\/h3><div class='tab-content'><div class='row '><div class='col-md-3 col-inner'><div class='col-inwrap'><div class='vc-image text-center'><figure><div><img src='https:\/\/ajediam.com\/wp-content\/uploads\/2019\/03\/Oval_diamond-150x100.jpg' alt=''><\/div><\/figure><\/div><\/div><\/div><div class='col-md-9 col-inner'><div class='col-inwrap'><div class='mb-4'><p>Un diamant taille ovale de qualit\u00e9 excellente a 56 facettes et une forme elliptique similaire \u00e0 celle d&rsquo;un diamant taille brillant rond.<\/p>\n<p>Cr\u00e9\u00e9 au d\u00e9but des ann\u00e9es 1960, le diamant ovale a une forme elliptique, faisant partie de la famille des diamants taille brillant rond.<\/p>\n<p>Les diamants ovales sont tr\u00e8s populaires en raison de leur aspect volumineux et de leur feu et scintillement prononc\u00e9s.<\/p><\/div><\/div><\/div><\/div><\/div><\/div><div class='tab' id='1552933473741-a138fe8e-5fec'><h3 class='tab-title d-block d-md-none'>Diamants marquise<\/h3><div class='tab-content'><div class='row '><div class='col-md-3 col-inner'><div class='col-inwrap'><div class='vc-image text-center'><figure><div><img src='https:\/\/ajediam.com\/wp-content\/uploads\/2019\/03\/diamond_marquise_cut_small.jpg' alt=''><\/div><\/figure><\/div><\/div><\/div><div class='col-md-9 col-inner'><div class='col-inwrap'><div class='mb-4'><p>Les diamants marquise, \u00e9galement appel\u00e9s diamants marqu\u00e9e ou navette, existent en version mince, moyenne et \u00e9paisse. La version moyenne est la meilleure.<\/p>\n<p>Les diamants marquise pr\u00e9sentent la m\u00eame brillance et le m\u00eame nombre de facettes qu&rsquo;un diamant taill\u00e9 brillant rond.<\/p><\/div><\/div><\/div><\/div><\/div><\/div><div class='tab' id='1552933888083-db8227db-f722'><h3 class='tab-title d-block d-md-none'>Diamants poire<\/h3><div class='tab-content'><div class='row '><div class='col-md-3 col-inner'><div class='col-inwrap'><div class='vc-image text-center'><figure><div><img src='https:\/\/ajediam.com\/wp-content\/uploads\/2019\/03\/Pear_diamond_100_x_100.jpg' alt=''><\/div><\/figure><\/div><\/div><\/div><div class='col-md-9 col-inner'><div class='col-inwrap'><div class='mb-4'><p>Un diamant de forme poire, \u00e9galement appel\u00e9 goutte d&rsquo;eau, est une combinaison de la taille ovale et de la taille marquise avec 57 facettes. Id\u00e9al pour les pendentifs, les colliers et les boucles d&rsquo;oreilles.<\/p><\/div><\/div><\/div><\/div><\/div><\/div><div class='tab' id='1552933889171-f1ed2875-237c'><h3 class='tab-title d-block d-md-none'>Diamants c\u0153ur<\/h3><div class='tab-content'><div class='row '><div class='col-md-3 col-inner'><div class='col-inwrap'><div class='vc-image text-center'><figure><div><img src='https:\/\/ajediam.com\/wp-content\/uploads\/2019\/03\/Heart_Diamond_large_waterm_AJEDIAM-150x150.jpg' alt=''><\/div><\/figure><\/div><\/div><\/div><div class='col-md-9 col-inner'><div class='col-inwrap'><div class='mb-4'><p>Les diamants de forme c\u0153ur bien proportionn\u00e9s sont tr\u00e8s rares !<\/p>\n<p>La meilleure forme pour un diamant c\u0153ur est une taille brillant modifi\u00e9e avec des lobes uniformes et un contour bien d\u00e9fini.<\/p>\n<p>Les diamants de forme c\u0153ur sont difficiles \u00e0 trouver et sont consid\u00e9r\u00e9s comme les plus sentimentaux de toutes les formes de diamants.<\/p><\/div><\/div><\/div><\/div><\/div><\/div><div class='tab' id='1552933890244-87339f26-ccaf'><h3 class='tab-title d-block d-md-none'>Diamants \u00e9meraude<\/h3><div class='tab-content'><div class='row '><div class='col-md-3 col-inner'><div class='col-inwrap'><div class='vc-image text-center'><figure><div><img src='https:\/\/ajediam.com\/wp-content\/uploads\/2019\/03\/Radiant-diamond-to-retouch-1-150x150.jpg' alt=''><\/div><\/figure><\/div><\/div><\/div><div class='col-md-9 col-inner'><div class='col-inwrap'><div class='mb-4'><p>Les fascinants diamants de taille carr\u00e9e \u00e9meraude, combinant la noblesse du diamant \u00e9meraude et l&rsquo;\u00e9clat d&rsquo;un diamant taill\u00e9 rond.<\/p>\n<p>Avec ses 70 facettes, il maximise les \u00e9tincelles et l&rsquo;effet de r\u00e9fraction des couleurs.<\/p><\/div><\/div><\/div><\/div><\/div><\/div><\/div><\/div><\/div><\/div> <div class='row vc_row '><div class='col-md-12 '><div class='mb-4'><div class='tab-container'><div class='tab-header d-none d-md-block'><\/div><div class='tab' id='1552936488195-765d356c-5ff4'><h3 class='tab-title d-block d-md-none'>Diamants coussin<\/h3><div class='tab-content'><div class='row '><div class='col-md-3 col-inner'><div class='col-inwrap'><div class='vc-image text-center'><figure><div><img src='https:\/\/ajediam.com\/wp-content\/uploads\/2019\/03\/Cushion_Diamond_10cm-150x150.jpg' alt=''><\/div><\/figure><\/div><\/div><\/div><div class='col-md-9 col-inner'><div class='col-inwrap'><div class='mb-4'><p>Un diamant coussin est une taille brillant modifi\u00e9e avec des coins coup\u00e9s et 58 facettes.<\/p>\n<p>Les diamants coussin sont g\u00e9n\u00e9ralement plus \u00e9pais et refl\u00e8tent mieux les couleurs.<\/p><\/div><\/div><\/div><\/div><\/div><\/div><div class='tab' id='1552936486832-95f41152-7bab'><h3 class='tab-title d-block d-md-none'>Diamants princesse<\/h3><div class='tab-content'><div class='row '><div class='col-md-3 col-inner'><div class='col-inwrap'><div class='vc-image text-center'><figure><div><img src='https:\/\/ajediam.com\/wp-content\/uploads\/2019\/03\/Princess_diamond_c.jpg' alt=''><\/div><\/figure><\/div><\/div><\/div><div class='col-md-9 col-inner'><div class='col-inwrap'><div class='mb-4'><p>Une princesse, \u00e9galement appel\u00e9e diamant Princessa, a des facettes similaires \u00e0 un diamant taill\u00e9 brillant rond avec une apparence rectangulaire, une taille brillant modifi\u00e9e carr\u00e9e. Un diamant princesse parfait doit \u00eatre de forme carr\u00e9e avec des angles de 90 degr\u00e9s sur chaque coin et entre 57 et 70 facettes. La forme carr\u00e9e d&rsquo;un diamant princesse est une coupe moderne con\u00e7ue pour obtenir un maximum<\/p>\n<p>de brillance \u00e0 partir d&rsquo;une coupe carr\u00e9e.<\/p><\/div><\/div><\/div><\/div><\/div><\/div><div class='tab' id='1552936487073-bc091969-9a45'><h3 class='tab-title d-block d-md-none'>Diamants trillion<\/h3><div class='tab-content'><div class='row '><div class='col-md-3 col-inner'><div class='col-inwrap'><div class='vc-image text-center'><figure><div><img src='https:\/\/ajediam.com\/wp-content\/uploads\/2019\/03\/trillion_diamond_275_x_244_Ajediam-150x150.jpg' alt=''><\/div><\/figure><\/div><\/div><\/div><div class='col-md-9 col-inner'><div class='col-inwrap'><div class='mb-4'><p>Un diamant en forme de trillion, \u00e9galement appel\u00e9 diamant trilliant, est une belle forme triangulaire inhabituelle avec 50 facettes. Cette forme de diamant \u00e9conomique et commerciale est due \u00e0 la coupe plate du diamant. Les coins de cette forme peuvent \u00eatre droits ou courb\u00e9s. Un trillion d&rsquo;un carat para\u00eet aussi grand qu&rsquo;un diamant taill\u00e9 brillant rond d&rsquo;un carat et demi.<\/p><\/div><\/div><\/div><\/div><\/div><\/div><div class='tab' id='1552936487286-a86e92e8-8ba3'><h3 class='tab-title d-block d-md-none'>Diamants \u00e9meraude<\/h3><div class='tab-content'><div class='row '><div class='col-md-3 col-inner'><div class='col-inwrap'><div class='vc-image text-center'><figure><div><img src='https:\/\/ajediam.com\/wp-content\/uploads\/2019\/03\/emerald_diamond_200_breedte_x____-1.jpg' alt=''><\/div><\/figure><\/div><\/div><\/div><div class='col-md-9 col-inner'><div class='col-inwrap'><div class='mb-4'><p>Les diamants de forme \u00e9meraude ont 24 facettes. Ils peuvent \u00eatre de forme rectangulaire ou carr\u00e9e.<\/p>\n<p>Ils ont des coins biseaut\u00e9s et des facettes taill\u00e9es en escalier. Choisissez une bonne puret\u00e9 et une bonne couleur en raison de la forme ouverte !<\/p>\n<p>La taille \u00e9meraude est une coupe tr\u00e8s noble, notamment pour les hommes.<\/p><\/div><\/div><\/div><\/div><\/div><\/div><div class='tab' id='1552936487504-708a4bf3-d700'><h3 class='tab-title d-block d-md-none'>Diamants Asscher<\/h3><div class='tab-content'><div class='row '><div class='col-md-3 col-inner'><div class='col-inwrap'><div class='vc-image text-center'><figure><div><img src='https:\/\/ajediam.com\/wp-content\/uploads\/2019\/03\/asscher_diamond_cut-350.jpg' alt=''><\/div><\/figure><\/div><\/div><\/div><div class='col-md-9 col-inner'><div class='col-inwrap'><div class='mb-4'><p>Les diamants de forme Asscher sont des \u00e9meraudes taill\u00e9es en carr\u00e9 avec des coins coup\u00e9s.<\/p>\n<p>Abraham et Joseph Asscher ont cr\u00e9\u00e9 le diamant de coupe Asscher en 1902 dans la partie n\u00e9erlandaise de l&rsquo;Europe.<\/p>\n<p>Aujourd&rsquo;hui, cette forme est d\u00e9pass\u00e9e. Vue de dessus, elle ressemble \u00e0 quatre ailes.<\/p><\/div><\/div><\/div><\/div><\/div><\/div><div class='tab' id='1552936487732-3cdf8d8a-4f44'><h3 class='tab-title d-block d-md-none'>Diamants fantaisie<\/h3><div class='tab-content'><div class='row '><div class='col-md-3 col-inner'><div class='col-inwrap'><div class='vc-image text-center'><figure><div><img src='https:\/\/ajediam.com\/wp-content\/uploads\/2019\/03\/Horse_head_shaped_diamond_10_cm_3_Ct_GIA_F_VS1-150x150.jpg' alt=''><\/div><\/figure><\/div><div class='vc-image '><figure><div><img src='https:\/\/ajediam.com\/wp-content\/uploads\/2019\/03\/skystar_solitaire_diamonds.jpg' alt=''><\/div><\/figure><\/div><\/div><\/div><div class='col-md-9 col-inner'><div class='col-inwrap'><div class='mb-4'><p>En dehors des diamants taill\u00e9s brillant rond, toutes les autres formes sont des formes fantaisie sans normes.<\/p>\n<p>Ce magnifique diamant en forme de cheval est l&rsquo;une des diverses formes fantaisie de diamants, tout comme ce diamant en forme d&rsquo;\u00e9toile cr\u00e9\u00e9 par nos c\u00e9l\u00e8bres tailleurs et polisseurs d&rsquo;Anvers.<\/p><\/div><\/div><\/div><\/div><\/div><\/div><\/div><\/div><\/div><\/div> <div class='row vc_row '><div class='col-md-12 '><div class='mb-4'><div class='tab-container'><div class='tab-header d-none d-md-block'><\/div><div class='tab' id='1552937253425-b4ac84d0-749c'><h3 class='tab-title d-block d-md-none'>Diamants bruts<\/h3><div class='tab-content'><div class='row '><div class='col-md-3 col-inner'><div class='col-inwrap'><div class='vc-image text-center'><figure><div><img src='https:\/\/ajediam.com\/wp-content\/uploads\/2019\/03\/rough_diamond_5cm_1_01_Ct-150x150.jpg' alt=''><\/div><\/figure><\/div><\/div><\/div><div class='col-md-9 col-inner'><div class='col-inwrap'><div class='mb-4'><p>Diamants bruts myst\u00e9rieux. \u00c9mergence et origine des diamants bruts naturels. Les diamants bruts se sont form\u00e9s il y a des milliards d&rsquo;ann\u00e9es, lorsque notre plan\u00e8te Terre formait ses plaques continentales. Les diamants se sont cristallis\u00e9s \u00e0 des profondeurs estim\u00e9es entre 140 et 190 kilom\u00e8tres (90 \u00e0 120 miles) et entre 300 et 400 km (180 \u00e0 250 miles) \u00e0 des temp\u00e9ratures de 4 750 degr\u00e9s Celsius, 8 582 degr\u00e9s Fahrenheit et une pression de 25 000 tonnes par cm\u00b2.<\/p><\/div><\/div><\/div><\/div><\/div><\/div><div class='tab' id='1552937253707-b8fca930-5eb1'><h3 class='tab-title d-block d-md-none'>Diamants de couleur fantaisie<\/h3><div class='tab-content'><div class='row '><div class='col-md-3 col-inner'><div class='col-inwrap'><div class='vc-image text-center'><figure><div><img src='https:\/\/ajediam.com\/wp-content\/uploads\/2019\/03\/PINK_diamond_Radiant_200_x_200-150x150.jpg' alt=''><\/div><\/figure><\/div><\/div><\/div><div class='col-md-9 col-inner'><div class='col-inwrap'><div class='mb-4'><p>Les diamants de couleur naturelle, teint\u00e9s et intenses, sont 200 000 fois plus rares et plus chers que les diamants blancs ! Il est impressionnant de savoir que la production mondiale annuelle de diamants blancs de couleur exceptionnelle + D, LC\/IF, ne d\u00e9passe pas quelques 900 carats au total ! Cela souligne l&rsquo;extr\u00eame raret\u00e9 des diamants de couleur naturelle.<\/p><\/div><\/div><\/div><\/div><\/div><\/div><\/div><\/div><div style='height: 32px;'><\/div><\/div><\/div> <div class='row vc_row '><div class='col-md-3 '><\/div><div class='col-md-3 '><a class='lab-button' href='\/fr\/bagues-de-fiancailles' target='' title='url:\/fr\/bagues-de-fiancailles|'>ACHETER MAINTENANT<\/a><\/div><div class='col-md-3 '><a class='lab-button' href='\/fr\/notre-formulaire-de-demande-rapide\/' target='' title='\/fr\/notre-formulaire-de-demande-rapid'>Consulter le guide d'achat<\/a><\/div><div class='col-md-3 '><\/div><\/div> <div class='row vc_row '><div class='col-md-2 '><\/div><div class='col-md-8 '><div style='height: 32px;'><\/div><div class='vc-image '><figure><div><img src='https:\/\/ajediam.com\/wp-content\/uploads\/2019\/03\/Ajediam_footer_Buy_now_13_03_2015.jpg' alt=''><\/div><\/figure><\/div><\/div><div class='col-md-2 '><\/div><\/div> <\/p>\n","protected":false},"excerpt":{"rendered":"","protected":false},"author":5,"featured_media":56271,"parent":0,"menu_order":0,"comment_status":"closed","ping_status":"closed","template":"","meta":{"ub_ctt_via":"","footnotes":""},"acf":[],"featured_image_src":"https:\/\/ajediam.com\/wp-content\/uploads\/2024\/11\/rough-diamonds-Ajediam.png","_links":{"self":[{"href":"https:\/\/ajediam.com\/fr\/wp-json\/wp\/v2\/pages\/10286"}],"collection":[{"href":"https:\/\/ajediam.com\/fr\/wp-json\/wp\/v2\/pages"}],"about":[{"href":"https:\/\/ajediam.com\/fr\/wp-json\/wp\/v2\/types\/page"}],"author":[{"embeddable":true,"href":"https:\/\/ajediam.com\/fr\/wp-json\/wp\/v2\/users\/5"}],"replies":[{"embeddable":true,"href":"https:\/\/ajediam.com\/fr\/wp-json\/wp\/v2\/comments?post=10286"}],"version-history":[{"count":2,"href":"https:\/\/ajediam.com\/fr\/wp-json\/wp\/v2\/pages\/10286\/revisions"}],"predecessor-version":[{"id":10290,"href":"https:\/\/ajediam.com\/fr\/wp-json\/wp\/v2\/pages\/10286\/revisions\/10290"}],"wp:featuredmedia":[{"embeddable":true,"href":"https:\/\/ajediam.com\/fr\/wp-json\/wp\/v2\/media\/56271"}],"wp:attachment":[{"href":"https:\/\/ajediam.com\/fr\/wp-json\/wp\/v2\/media?parent=10286"}],"curies":[{"name":"wp","href":"https:\/\/api.w.org\/{rel}","templated":true}]}}