{"id":10300,"date":"2019-04-02T13:49:11","date_gmt":"2019-04-02T13:49:11","guid":{"rendered":"https:\/\/ajediam.com\/?page_id=10300"},"modified":"2023-07-07T16:48:05","modified_gmt":"2023-07-07T16:48:05","slug":"bague-en-diamant-cher","status":"publish","type":"page","link":"https:\/\/ajediam.com\/fr\/bague-en-diamant-cher\/","title":{"rendered":"Bague en Diamant Cher"},"content":{"rendered":"<p><div class='row vc_row '><div class='col-md-12 '><div class='mb-4'><p>Le symbole de la richesse, du succ\u00e8s, du bonheur, de l&rsquo;amour, de la splendeur et de la perfection exprim\u00e9s par<\/p>\n<p><strong>Les bagues en diamant co\u00fbteuses et luxueuses<\/strong><\/p>\n<p>Elles agissent comme une d\u00e9monstration visible d&rsquo;amour, de fid\u00e9lit\u00e9, de bon sentiment, de faire de l&rsquo;argent et de la richesse&#8230; Les bagues de fian\u00e7ailles en diamant co\u00fbteuses d&rsquo;Ajediam sont in\u00e9gal\u00e9es dans leur beaut\u00e9. Achetez des bagues de fian\u00e7ailles en diamant au prix de gros au Centre mondial du diamant d&rsquo;Anvers, chez Ajediam, dans notre magasin d&rsquo;exportation en franchise de taxes.<\/p><\/div><\/div><\/div> <div class='row vc_row vc_custom_1552886396531'><div class='col-md-12 '><div class='row '><div class='col-md-4 col-inner'><div class='col-inwrap'><div class='vc-image text-center'><figure><a href='\/design-diamond-rings' class='d-block'><img src='https:\/\/ajediam.com\/wp-content\/uploads\/2019\/03\/expensive_circle_diamond_ring_15cm_Ajediam.jpg' alt=''><\/a><\/figure><\/div><div class='mb-4'><p>Bague riche et luxueuse en forme de goutte, avec un diamant de 5 carats : 3 carats en forme de goutte + 2 carats en forme de cercle + 2 carats de diamants princesse en pierres lat\u00e9rales. Bague en or blanc, jaune, rose 18 carats ou en platine. <a href=\"mailto:care@ajediam.com?&amp;subject=Rolande%20pear%20circle%20diamond%20ring\">Email<\/a><\/p><\/div><\/div><\/div><div class='col-md-8 col-inner'><div class='col-inwrap'><h2 class='section-title'>Bijoux en diamant luxueux sur mesure.<\/h2><div class='mb-4'><p>La mission d&rsquo;Ajediam : vous rendre heureux pour la vie \ud83d\ude42<\/p>\n<p>Commencez par choisir vos diamants. Notre styliste cr\u00e9era gratuitement votre chef-d&rsquo;\u0153uvre.<\/p>\n<p>Avez-vous une bague en diamant personnelle en t\u00eate ? Envoyez un <a href=\"mailto:care@ajediam.com?&amp;subject=personal%20wealthy%20diamond%20ring%20quotation\">e-mail.<\/a><\/p>\n<p>Venez nous rendre visite au Centre mondial du diamant d&rsquo;Anvers. Veuillez noter ! Entr\u00e9e sur invitation uniquement. Pour votre invitation, envoyez un e-mail ou appelez le +32 3 808 72 02<\/p><\/div><\/div><\/div><\/div><\/div><\/div> <style>.vc_custom_1552886396531 { border-top-width: 3px !important;border-right-width: 3px !important;border-bottom-width: 3px !important;border-left-width: 3px !important;border-left-color: #e2ebf0 !important;border-left-style: solid !important;border-right-color: #e2ebf0 !important;border-right-style: solid !important;border-top-color: #e2ebf0 !important;border-top-style: solid !important;border-bottom-color: #e2ebf0 !important;border-bottom-style: solid !important;} }<\/style><div class='row vc_row vc_custom_1552886396531'><div class='col-md-12 '><div class='row '><div class='col-md-8 col-inner'><div class='col-inwrap'><h2 class='section-title'>Une bague solitaire en diamant rose co\u00fbteuse.<\/h2><div class='mb-4'><p><\/p>\n<p>en or blanc, jaune, rose 18 carats ou en platine, pour un total de 8 carats : un diamant solitaire co\u00fbteux de 5 carats + des pierres lat\u00e9rales en diamants roses naturels de 3 carats. <a href=\"mailto:care@ajediam.com?&amp;subject=quote%20expensive%205%20carat%20solitaire%203%20carats%20pink%20side%20diamonds\">Email<\/a><\/p>\n<p><\/p><\/div><\/div><\/div><div class='col-md-4 col-inner'><div class='col-inwrap'><div class='vc-image text-center'><figure><a href='\/diamond-solitaire-rings' class='d-block'><img src='https:\/\/ajediam.com\/wp-content\/uploads\/2019\/03\/Diamond_solitaire_ring_pink_side_stones-300x184.jpg' alt=''><\/a><\/figure><\/div><\/div><\/div><\/div><div style='height: 32px;'><\/div><\/div><\/div> <style>.vc_custom_1552886396531 { border-top-width: 3px !important;border-right-width: 3px !important;border-bottom-width: 3px !important;border-left-width: 3px !important;border-left-color: #e2ebf0 !important;border-left-style: solid !important;border-right-color: #e2ebf0 !important;border-right-style: solid !important;border-top-color: #e2ebf0 !important;border-top-style: solid !important;border-bottom-color: #e2ebf0 !important;border-bottom-style: solid !important;} }<\/style><div class='row vc_row vc_custom_1552886396531'><div class='col-md-12 '><div class='row '><div class='col-md-4 col-inner'><div class='col-inwrap'><div class='vc-image text-center'><figure><a href='\/fr\/bagues-de-fiancailles\/' class='d-block'><img src='https:\/\/ajediam.com\/wp-content\/uploads\/2019\/03\/canary_diamond_ring_expensive_15cm_Ajediam-150x150.jpg' alt=''><\/a><\/figure><\/div><\/div><\/div><div class='col-md-8 col-inner'><div class='col-inwrap'><div class='mb-4'><p><\/p>\n<p>Bague de fian\u00e7ailles co\u00fbteuse en diamant jaune canari, en or blanc, jaune, rose 18 carats ou en platine, avec une taille de 5 carats, de couleur D, loupe propre et d&rsquo;une excellente coupe.<\/p>\n<p>+ 2 diamants trilliant de 3 carats en pierres lat\u00e9rales. <a href=\"mailto:care@ajediam.com?&amp;subject=Rolande%20Canary%20yellow%205%20carat\">Email<\/a><\/p>\n<p><\/p><\/div><\/div><\/div><\/div><\/div><\/div> <style>.vc_custom_1552886396531 { border-top-width: 3px !important;border-right-width: 3px !important;border-bottom-width: 3px !important;border-left-width: 3px !important;border-left-color: #e2ebf0 !important;border-left-style: solid !important;border-right-color: #e2ebf0 !important;border-right-style: solid !important;border-top-color: #e2ebf0 !important;border-top-style: solid !important;border-bottom-color: #e2ebf0 !important;border-bottom-style: solid !important;} }<\/style><div class='row vc_row vc_custom_1552886396531'><div class='col-md-12 '><div style='height: 32px;'><\/div><div class='row '><div class='col-md-8 col-inner'><div class='col-inwrap'><div class='mb-4'><p>Bague en diamant co\u00fbteuse de haute joaillerie<\/p>\n<p>en or blanc, jaune, rose 18 carats ou en platine, contenant un exceptionnel diamant bleu en forme de poire de 3 carats, flanqu\u00e9 de 2 diamants ovales lat\u00e9raux d&rsquo;un carat chacun. <a href=\"mailto:care@ajediam.com?&amp;subject=Rolande%203%20Carat%20Teardrop%20blue%20diamond%20ring\">Email<\/a><\/p><\/div><\/div><\/div><div class='col-md-4 col-inner'><div class='col-inwrap'><div class='vc-image text-center'><figure><a href='\/high-jewelry' class='d-block'><img src='https:\/\/ajediam.com\/wp-content\/uploads\/2019\/04\/diamond_ring_Expensive.jpg' alt=''><\/a><\/figure><\/div><\/div><\/div><\/div><div style='height: 32px;'><\/div><\/div><\/div> <style>.vc_custom_1552886396531 { border-top-width: 3px !important;border-right-width: 3px !important;border-bottom-width: 3px !important;border-left-width: 3px !important;border-left-color: #e2ebf0 !important;border-left-style: solid !important;border-right-color: #e2ebf0 !important;border-right-style: solid !important;border-top-color: #e2ebf0 !important;border-top-style: solid !important;border-bottom-color: #e2ebf0 !important;border-bottom-style: solid !important;} }<\/style><div class='row vc_row vc_custom_1552886396531'><div class='col-md-12 '><div class='row '><div class='col-md-4 col-inner'><div class='col-inwrap'><div class='vc-image text-center'><figure><a href='\/diamond-rings-mens' class='d-block'><img src='https:\/\/ajediam.com\/wp-content\/uploads\/2019\/03\/mens_ring_Expensive145.jpg' alt=''><\/a><\/figure><\/div><\/div><\/div><div class='col-md-8 col-inner'><div class='col-inwrap'><div class='mb-4'><p><\/p>\n<p>Bague en diamant co\u00fbteuse sertie de pav\u00e9s, en or blanc, jaune, rose 18 carats ou en platine, avec une collection de diamants princesse de 5 carats, de couleur D, loupe propre. <a href=\"mailto:care@ajediam.com?&amp;subject=5%20Carat%20Princess%20diamond%20pave%20ring\">Email<\/a><\/p>\n<p><\/p><\/div><\/div><\/div><\/div><div style='height: 32px;'><\/div><\/div><\/div> <style>.vc_custom_1552886396531 { border-top-width: 3px !important;border-right-width: 3px !important;border-bottom-width: 3px !important;border-left-width: 3px !important;border-left-color: #e2ebf0 !important;border-left-style: solid !important;border-right-color: #e2ebf0 !important;border-right-style: solid !important;border-top-color: #e2ebf0 !important;border-top-style: solid !important;border-bottom-color: #e2ebf0 !important;border-bottom-style: solid !important;} }<\/style><div class='row vc_row '><div class='col-md-3 '><\/div><div class='col-md-3 '><div style='height: 32px;'><\/div><a class='lab-button' href='\/fr\/bagues-de-fiancailles\/' target='' title='\/fr\/bagues-de-fiancaille'>ACHETER MAINTENANT<\/a><\/div><div class='col-md-3 '><div style='height: 32px;'><\/div><a class='lab-button' href='\/fr\/notre-formulaire-de-demande-rapide\/' target='' title='\/fr\/notre-formulaire-de-demande-rapid'>CONSULTER LE GUIDE D'ACHAT<\/a><\/div><div class='col-md-3 '><\/div><\/div> <div class='row vc_row '><div class='col-md-2 '><\/div><div class='col-md-8 '><div style='height: 32px;'><\/div><div class='vc-image '><figure><a href='\/fr\/notre-formulaire-de-demande-rapide\/' class='d-block'><img src='https:\/\/ajediam.com\/wp-content\/uploads\/2019\/03\/Ajediam_footer_Buy_now_13_03_2015.jpg' alt=''><\/a><\/figure><\/div><\/div><div class='col-md-2 '><\/div><\/div> <\/p>\n","protected":false},"excerpt":{"rendered":"","protected":false},"author":5,"featured_media":0,"parent":0,"menu_order":0,"comment_status":"closed","ping_status":"closed","template":"","meta":{"ub_ctt_via":"","footnotes":""},"acf":[],"featured_image_src":null,"_links":{"self":[{"href":"https:\/\/ajediam.com\/fr\/wp-json\/wp\/v2\/pages\/10300"}],"collection":[{"href":"https:\/\/ajediam.com\/fr\/wp-json\/wp\/v2\/pages"}],"about":[{"href":"https:\/\/ajediam.com\/fr\/wp-json\/wp\/v2\/types\/page"}],"author":[{"embeddable":true,"href":"https:\/\/ajediam.com\/fr\/wp-json\/wp\/v2\/users\/5"}],"replies":[{"embeddable":true,"href":"https:\/\/ajediam.com\/fr\/wp-json\/wp\/v2\/comments?post=10300"}],"version-history":[{"count":1,"href":"https:\/\/ajediam.com\/fr\/wp-json\/wp\/v2\/pages\/10300\/revisions"}],"predecessor-version":[{"id":10302,"href":"https:\/\/ajediam.com\/fr\/wp-json\/wp\/v2\/pages\/10300\/revisions\/10302"}],"wp:attachment":[{"href":"https:\/\/ajediam.com\/fr\/wp-json\/wp\/v2\/media?parent=10300"}],"curies":[{"name":"wp","href":"https:\/\/api.w.org\/{rel}","templated":true}]}}