{"id":10303,"date":"2019-04-24T10:09:06","date_gmt":"2019-04-24T10:09:06","guid":{"rendered":"https:\/\/ajediam.com\/?page_id=10303"},"modified":"2023-07-07T17:13:22","modified_gmt":"2023-07-07T17:13:22","slug":"anneaux-de-mariage","status":"publish","type":"page","link":"https:\/\/ajediam.com\/fr\/anneaux-de-mariage\/","title":{"rendered":"Anneaux de mariage"},"content":{"rendered":"<p><div class='row vc_row '><div class='col-md-12 '><div class='mb-4'><p><\/p>\n<h3>Comment acheter votre bague de mariage ou de robe personnalis\u00e9e au meilleur rapport qualit\u00e9\/prix\u00a0?<\/h3>\n<p>Cr\u00e9ez vos propres alliances parfaites, bagues habill\u00e9es, styles les plus raffin\u00e9s avec un diamant exclusif \u00ab\u00a0pr\u00e8s de moi\u00a0\u00bb.<br \/>\nAchetez le meilleur rapport qualit\u00e9 \/ prix, en gros \u00e0 Antwerp World Diamond Center chez Ajediam.<br \/>\nSurprenez-vous avec la gamme d&rsquo;alliances \/ joncs diamants en platine pur ou en Or Blanc 18K exclusif d&rsquo;Ajediam.<\/p>\n<p>Alors, quelle est la surprise ? Pure, scintillante, au design exquis et au meilleur prix pour une haute qualit\u00e9, vous devrez cligner des yeux pour en croire vos yeux.<br \/>\nC\u00e9l\u00e9brez votre mariage, votre mariage, votre mariage, votre anniversaire, votre amour, votre fid\u00e9lit\u00e9 ou la naissance de votre enfant avec une bague Eternity unique<br \/>\nAchetez au prix de gros \u00e0 Anvers, le plus grand magasin Diamond Center au monde avec un chiffre d&rsquo;affaires annuel de plus de 58,8 milliards de dollars US<\/p><\/div><\/div><\/div> <div class='row vc_row '><div class='col-md-12 '><div class='row vc-row-equal-height vc-row-align-items-center '><div class='col-md-3 col-inner'><div class='col-inwrap'><div class='vc-image text-center'><figure><div><img src='https:\/\/ajediam.com\/wp-content\/uploads\/2019\/03\/halve_alliance_015_10cm.jpg' alt=''><\/div><\/figure><\/div><div class='mb-4'><p><\/p>\n<h4>Bague de mariage pleine ou demi<\/h4>\n<p>Serti de diamants brillants Excellent Ideal Cut, serti rail.<\/p>\n<p>Ref R023r &#8211; <a href=\"mailto:care@ajediam.com?&amp;subject=%20Full%20or%20Half%20Wedding%20Ring%20Ref%20R023r\">Email <\/a><\/p><\/div><\/div><\/div><div class='col-md-3 col-inner'><div class='col-inwrap'><div class='vc-image text-center'><figure><div><img src='https:\/\/ajediam.com\/wp-content\/uploads\/2019\/04\/wedding_ringselement229.jpg' alt=''><\/div><\/figure><\/div><div class='mb-4'><p><\/p>\n<h4>Alliance, princesse diamants<\/h4>\n<p>Tension set<br \/>\nRef R045 &#8211; <a href=\"mailto:care@ajediam.com?&amp;subject=Wedding%20Ring,%20princess%20diamonds%20Ref%20R045\">Email <\/a><\/p><\/div><\/div><\/div><div class='col-md-3 col-inner'><div class='col-inwrap'><div class='vc-image text-center'><figure><div><img src='https:\/\/ajediam.com\/wp-content\/uploads\/2019\/04\/wedding_ringselement231-150x150.jpg' alt=''><\/div><\/figure><\/div><div class='mb-4'><p><\/p>\n<h4>Belle alliance princesse en diamant<\/h4>\n<p>Chanel set<br \/>\nRef R023 &#8211; <a href=\"mailto:care@ajediam.com?&amp;subject=Beautiful%20Princess%20diamond%20wedding%20ring%20Ref%20R023\">Email <\/a><\/p><\/div><\/div><\/div><div class='col-md-3 col-inner'><div class='col-inwrap'><div class='vc-image text-center'><figure><div><img src='https:\/\/ajediam.com\/wp-content\/uploads\/2019\/03\/Wedding_ring_R013_Ajediam-150x150.jpg' alt=''><\/div><\/figure><\/div><div class='mb-4'><p><\/p>\n<h4>Alliances en diamant noir et blanc<\/h4>\n<p>Pav\u00e9 set in Platinum or<br \/>\nRef R013 &#8211; <a href=\"mailto:care@ajediam.com?&amp;subject=Black%20&amp;%20white%20diamond%20wedding%20rings%20Ref%20R013\">Email<\/a> <\/p><\/div><\/div><\/div><\/div><div class='row vc-row-equal-height vc-row-align-items-center '><div class='col-md-3 col-inner'><div class='col-inwrap'><div class='vc-image text-center'><figure><div><img src='https:\/\/ajediam.com\/wp-content\/uploads\/2019\/03\/Wedding_ring_R048_Ajediam.jpg' alt=''><\/div><\/figure><\/div><div class='mb-4'><p><\/p>\n<h4>Alliance diamant design original<\/h4>\n<p>Prong setting.<br \/>\nRef R048 &#8211; <a href=\"mailto:care@ajediam.com?&amp;subject=Original%20design%20diamond%20wedding%20band%20Ref%20R048\">Email<\/a> <\/p><\/div><\/div><\/div><div class='col-md-3 col-inner'><div class='col-inwrap'><div class='vc-image text-center'><figure><div><img src='https:\/\/ajediam.com\/wp-content\/uploads\/2019\/03\/Wedding_rings_3_stone_R141_Ajediam.jpg' alt=''><\/div><\/figure><\/div><div class='mb-4'><p><\/p>\n<h4>3 alliances en diamant de pierre<\/h4>\n<p>Brushed<br \/>\nRef R141 &#8211; <a href=\"mailto:care@ajediam.com?&amp;subject=3%20stone%20diamond%20wedding%20rings%20Ref%20R141\">Email<\/a><\/p><\/div><\/div><\/div><div class='col-md-3 col-inner'><div class='col-inwrap'><div class='vc-image text-center'><figure><div><img src='https:\/\/ajediam.com\/wp-content\/uploads\/2019\/03\/close_to_me__symbol_hidden_diamond-1.jpg' alt=''><\/div><\/figure><\/div><div class='mb-4'><p><\/p>\n<h4>&lsquo;close to me&rsquo;<\/h4>\n<p>hidden diamond<br \/>\nAny wedding ring can be produced<br \/>\nwith symbolic hidden diamond &#8211; <a href=\"mailto:care@ajediam.com?&amp;subject=Close%20to%20me\">Email<\/a> <\/p><\/div><\/div><\/div><div class='col-md-3 col-inner'><div class='col-inwrap'><div class='vc-image text-center'><figure><div><img src='https:\/\/ajediam.com\/wp-content\/uploads\/2019\/03\/Wedding_rings_modern_R061_Ajediam-150x150.jpg' alt=''><\/div><\/figure><\/div><div class='mb-4'><p><\/p>\n<h4>Alliances plates confort 4 pierres diamant\u00e9es<\/h4>\n<p>Ref R061 &#8211; <a href=\"mailto:care@ajediam.com?&amp;subject=Flat%20comfort%204%20stone%20diamond%20Ref%20R061\">Email<\/a> <\/p><\/div><\/div><\/div><\/div><div class='row vc-row-equal-height vc-row-align-items-center '><div class='col-md-3 col-inner'><div class='col-inwrap'><div class='vc-image text-center'><figure><div><img src='https:\/\/ajediam.com\/wp-content\/uploads\/2019\/03\/Wedding_rings_diamonds_set_in_ice_R575_Ajediam.jpg' alt=''><\/div><\/figure><\/div><div class='mb-4'><p><\/p>\n<h4>Alliances Sandy 3 pierres diamant<\/h4>\n<p>Ref R575 &#8211; <a href=\"mailto:care@ajediam.com?&amp;subject=Sandy%203%20stone%20diamond%20Ref%20R575\">Email<\/a> <\/p><\/div><\/div><\/div><div class='col-md-3 col-inner'><div class='col-inwrap'><div class='vc-image text-center'><figure><div><img src='https:\/\/ajediam.com\/wp-content\/uploads\/2019\/03\/Wedding_rings_frosted_R061_Ajediam.jpg' alt=''><\/div><\/figure><\/div><div class='mb-4'><p><\/p>\n<h4>Grandes alliances modernes en diamants de style \u00ab\u00a0givr\u00e9\u00a0\u00bb<\/h4>\n<p>Ref R061 &#8211; <a href=\"mailto:care@ajediam.com?&amp;subject=Large%20modern%20frosted%20style%20diamond%20Ref%20R061\">Email<\/a> <\/p><\/div><\/div><\/div><div class='col-md-3 col-inner'><div class='col-inwrap'><div class='vc-image text-center'><figure><div><img src='https:\/\/ajediam.com\/wp-content\/uploads\/2019\/03\/Wedding_rings_cognac_diamonds_R603_Ajediam-150x150.jpg' alt=''><\/div><\/figure><\/div><div class='mb-4'><p><\/p>\n<h4>Alliances 2 tons Cognac diamants<\/h4>\n<p>Ref R603 &#8211; <a href=\"mailto:care@ajediam.com?&amp;subject=2%20Tone%20Cognac%20diamonds%20Ref%20R603\">Email<\/a> <\/p><\/div><\/div><\/div><div class='col-md-3 col-inner'><div class='col-inwrap'><div class='vc-image text-center'><figure><div><img src='https:\/\/ajediam.com\/wp-content\/uploads\/2019\/03\/Wedding_rings_R353_Ajediam-150x150.jpg' alt=''><\/div><\/figure><\/div><div class='mb-4'><p><\/p>\n<h4>Alliances originales en diamants<\/h4>\n<p>Ref R353 &#8211; <a href=\"mailto:care@ajediam.com?&amp;subject=Original%20diamonds%20Ref%20R353\">Email<\/a> <\/p><\/div><\/div><\/div><\/div><div class='row vc-row-equal-height vc-row-align-items-center '><div class='col-md-3 col-inner'><div class='col-inwrap'><div class='vc-image text-center'><figure><div><img src='https:\/\/ajediam.com\/wp-content\/uploads\/2019\/03\/Wedding_rings_new_wave_R624_Ajediam.jpg' alt=''><\/div><\/figure><\/div><div class='mb-4'><p><\/p>\n<h4>Les alliances nouvelle vague<\/h4>\n<p>en or rose, blanc ou jaune 18K ou Platine<br \/>\nRef R624 &#8211; <a href=\"mailto:care@ajediam.com?&amp;subject=New%20wave%20Ref%20R624\">Email<\/a> <\/p><\/div><\/div><\/div><div class='col-md-3 col-inner'><div class='col-inwrap'><div class='vc-image text-center'><figure><div><img src='https:\/\/ajediam.com\/wp-content\/uploads\/2019\/03\/Wedding_ring_monogram_R619_Ajediam.jpg' alt=''><\/div><\/figure><\/div><div class='mb-4'><p><\/p>\n<h4>Alliances en diamant monogramme<\/h4>\n<p>Ref R619 &#8211; <a href=\"mailto:care@ajediam.com?&amp;subject=Monogram%20diamond%20Ref%20R619\">Email<\/a> <\/p><\/div><\/div><\/div><div class='col-md-3 col-inner'><div class='col-inwrap'><div class='vc-image text-center'><figure><div><img src='https:\/\/ajediam.com\/wp-content\/uploads\/2019\/03\/Wedding_ring_R261_Ajediam-150x150.jpg' alt=''><\/div><\/figure><\/div><div class='mb-4'><p><\/p>\n<h4>Alliance diamant design futuriste<\/h4>\n<p>Ref R261 &#8211; <a href=\"mailto:care@ajediam.com?&amp;subject=Futuristic%20design%20diamond%20Ref%20R261\">Email<\/a> <\/p><\/div><\/div><\/div><div class='col-md-3 col-inner'><div class='col-inwrap'><div class='vc-image text-center'><figure><div><img src='https:\/\/ajediam.com\/wp-content\/uploads\/2019\/03\/Wedding_rings_R605_Ajediam-150x150.jpg' alt=''><\/div><\/figure><\/div><div class='mb-4'><p><\/p>\n<h4>Alliances en diamant Classic Comfort Fit<\/h4>\n<p>Ref R605 &#8211; <a href=\"mailto:care@ajediam.com?&amp;subject=Classic%20Comfort%20Fit%20diamond%20Ref%20R605\">Email<\/a> <\/p><\/div><\/div><\/div><\/div><div class='row vc-row-equal-height vc-row-align-items-center '><div class='col-md-3 col-inner'><div class='col-inwrap'><div class='vc-image text-center'><figure><div><img src='https:\/\/ajediam.com\/wp-content\/uploads\/2019\/04\/wedding_ringselement228.jpg' alt=''><\/div><\/figure><\/div><div class='mb-4'><p><\/p>\n<h4>Alliances solitaires en diamant<\/h4>\n<p>Ref R537 &#8211; <a href=\"mailto:care@ajediam.com?&amp;subject=Solitaire%20diamond%20Ref%20R537\">Email<\/a> <\/p><\/div><\/div><\/div><div class='col-md-3 col-inner'><div class='col-inwrap'><div class='vc-image text-center'><figure><div><img src='https:\/\/ajediam.com\/wp-content\/uploads\/2019\/03\/Wedding_rings_granule_R575_Ajediam.jpg' alt=''><\/div><\/figure><\/div><div class='mb-4'><p><\/p>\n<h4>Alliances diamant granule<\/h4>\n<p>Ref R575 &#8211; <a href=\"mailto:care@ajediam.com?&amp;subject=Granule%20diamond%20Ref%20R575\">Email<\/a> <\/p><\/div><\/div><\/div><div class='col-md-3 col-inner'><div class='col-inwrap'><div class='vc-image text-center'><figure><div><img src='https:\/\/ajediam.com\/wp-content\/uploads\/2019\/03\/Wedding_rings_gold_waves_R301_Ajediam-150x150.jpg' alt=''><\/div><\/figure><\/div><div class='mb-4'><p><\/p>\n<h4>Alliances 4 pierres diamants Gold Waves<\/h4>\n<p><a href=\"mailto:care@ajediam.com?&amp;subject=4%20stones%20diamond%20Gold%20Waves\">Email<\/a> <\/p><\/div><\/div><\/div><div class='col-md-3 col-inner'><div class='col-inwrap'><div class='vc-image text-center'><figure><div><img src='https:\/\/ajediam.com\/wp-content\/uploads\/2019\/03\/Wedding_rings_2_tone_R614_Ajediam-150x150.jpg' alt=''><\/div><\/figure><\/div><div class='mb-4'><p><\/p>\n<h4>Alliance deux tons, 2 bandes de diamants stri\u00e9s<\/h4>\n<p>Ref R614 &#8211; <a href=\"mailto:care@ajediam.com?&amp;subject=Two%20Tone,%202%20Band%20Diamond%20Ridged%20Ref%20R614\">Email<\/a> <\/p><\/div><\/div><\/div><\/div><div class='row vc-row-equal-height vc-row-align-items-center '><div class='col-md-3 col-inner'><div class='col-inwrap'><div class='vc-image text-center'><figure><div><img src='https:\/\/ajediam.com\/wp-content\/uploads\/2019\/03\/Wedding_ring_R043_Ajediam.jpg' alt=''><\/div><\/figure><\/div><div class='mb-4'><p><\/p>\n<h4>Alliance demi-\u00e9ternit\u00e9 en or rose + blanc 18 carats et diamants<\/h4>\n<p>Ref R043 &#8211; <a href=\"mailto:care@ajediam.com?&amp;subject=Pink%20+%20White%20gold%2018K%20half%20eternity%20diamond%20Ref%20R043\">Email<\/a> <\/p><\/div><\/div><\/div><div class='col-md-3 col-inner'><div class='col-inwrap'><div class='vc-image text-center'><figure><div><img src='https:\/\/ajediam.com\/wp-content\/uploads\/2019\/03\/Octahedron_eternity_ring_R004_Ajediam.jpg' alt=''><\/div><\/figure><\/div><div class='mb-4'><p><\/p>\n<h4>Alliance cubique diamant \u00e9ternit\u00e9<\/h4>\n<p>Ref R004 &#8211; <a href=\"mailto:care@ajediam.com?&amp;subject=Cubic%20eternity%20diamond%20Ref%20R004\">Email<\/a> <\/p><\/div><\/div><\/div><div class='col-md-3 col-inner'><div class='col-inwrap'><div class='vc-image text-center'><figure><div><img src='https:\/\/ajediam.com\/wp-content\/uploads\/2019\/03\/Wedding_ring_R101_Ajediam-150x150.jpg' alt=''><\/div><\/figure><\/div><div class='mb-4'><p><\/p>\n<h4>Alliance 3 rangs diamant demi \u00e9ternit\u00e9<\/h4>\n<p>Pave Set<br \/>\nRef R101 &#8211; <a href=\"mailto:care@ajediam.com?&amp;subject=3%20rows%20half%20eternity%20diamond%20Ref%20R101\">Email<\/a> <\/p><\/div><\/div><\/div><div class='col-md-3 col-inner'><div class='col-inwrap'><div class='vc-image text-center'><figure><div><img src='https:\/\/ajediam.com\/wp-content\/uploads\/2019\/03\/Wedding_ring_R291_Ajediam-150x150.jpg' alt=''><\/div><\/figure><\/div><div class='mb-4'><p><\/p>\n<h4>Bague de mariage en diamant torsad\u00e9e<\/h4>\n<p>Ref R291 &#8211; <a href=\"mailto:care@ajediam.com?&amp;subject=Twist%20wedding%20diamond%20ring%20Ref%20R291\">Email<\/a> <\/p><\/div><\/div><\/div><\/div><div class='row vc-row-equal-height vc-row-align-items-center '><div class='col-md-3 col-inner'><div class='col-inwrap'><div class='vc-image text-center'><figure><div><img src='https:\/\/ajediam.com\/wp-content\/uploads\/2019\/03\/Wedding_ring_R517_Ajediam.jpg' alt=''><\/div><\/figure><\/div><div class='mb-4'><p><\/p>\n<h4>Bague de mariage en diamant 1\/4 pav\u00e9e<\/h4>\n<p>Ref R517 &#8211; <a href=\"mailto:care@ajediam.com?&amp;subject=1\/4%20pave%20set%20wedding%20diamond%20ring%20Ref%20R517\">Email<\/a> <\/p><\/div><\/div><\/div><div class='col-md-3 col-inner'><div class='col-inwrap'><div class='vc-image text-center'><figure><div><img src='https:\/\/ajediam.com\/wp-content\/uploads\/2019\/03\/Wedding_ring_R271_Ajediam.jpg' alt=''><\/div><\/figure><\/div><div class='mb-4'><p><\/p>\n<h4>Bague de mariage en diamant de style jeune<\/h4>\n<p>Ref R271 &#8211; <a href=\"mailto:care@ajediam.com?&amp;subject=Young%20style%20diamond%20Ref%20R271\">Email<\/a> <\/p><\/div><\/div><\/div><div class='col-md-3 col-inner'><div class='col-inwrap'><div class='vc-image text-center'><figure><div><img src='https:\/\/ajediam.com\/wp-content\/uploads\/2019\/03\/Wedding_rings_2_rows_diamonds_R626_Ajediam-150x150.jpg' alt=''><\/div><\/figure><\/div><div class='mb-4'><p><\/p>\n<h4>D\u00f4me confort Alliances<\/h4>\n<p>fit 2 rows diamonds<br \/>\nRef R626 &#8211; <a href=\"mailto:care@ajediam.com?&amp;subject=Dome%20comfort%20Wedding%20Rings%20Ref%20R626\">Email<\/a> <\/p><\/div><\/div><\/div><div class='col-md-3 col-inner'><div class='col-inwrap'><\/div><\/div><\/div><\/div><\/div> <div class='row vc_row '><div class='col-md-20p '><\/div><div class='col-md-20p '><div class='vc-image text-center'><figure><a href='\/sapphires-diamond-rings' class='d-block'><img src='https:\/\/ajediam.com\/wp-content\/uploads\/2019\/03\/Burmese_sapphire_circle_diamonds_ring_Lady_Di_style_Ajediam_5cm.jpg' alt=''><\/a><\/figure><\/div><\/div><div class='col-md-20p '><div class='vc-image text-center'><figure><a href='\/rubies-diamond-rings' class='d-block'><img src='https:\/\/ajediam.com\/wp-content\/uploads\/2019\/03\/Pigeon_blood_red_Ruby_circle_diamond_ring_Ajediam_10cm-300x300.jpg' alt=''><\/a><\/figure><\/div><\/div><div class='col-md-20p '><div class='vc-image text-center'><figure><a href='\/fr\/bagues-de-fiancailles\/' class='d-block'><img src='https:\/\/ajediam.com\/wp-content\/uploads\/2019\/03\/Colombian_emerald_ring_side_diamonds_Ajediam_5cm-300x188.jpg' alt=''><\/a><\/figure><\/div><\/div><div class='col-md-20p '><\/div><\/div> <\/p>\n","protected":false},"excerpt":{"rendered":"","protected":false},"author":5,"featured_media":0,"parent":0,"menu_order":0,"comment_status":"closed","ping_status":"closed","template":"","meta":{"ub_ctt_via":"","footnotes":""},"acf":[],"featured_image_src":null,"_links":{"self":[{"href":"https:\/\/ajediam.com\/fr\/wp-json\/wp\/v2\/pages\/10303"}],"collection":[{"href":"https:\/\/ajediam.com\/fr\/wp-json\/wp\/v2\/pages"}],"about":[{"href":"https:\/\/ajediam.com\/fr\/wp-json\/wp\/v2\/types\/page"}],"author":[{"embeddable":true,"href":"https:\/\/ajediam.com\/fr\/wp-json\/wp\/v2\/users\/5"}],"replies":[{"embeddable":true,"href":"https:\/\/ajediam.com\/fr\/wp-json\/wp\/v2\/comments?post=10303"}],"version-history":[{"count":1,"href":"https:\/\/ajediam.com\/fr\/wp-json\/wp\/v2\/pages\/10303\/revisions"}],"predecessor-version":[{"id":10304,"href":"https:\/\/ajediam.com\/fr\/wp-json\/wp\/v2\/pages\/10303\/revisions\/10304"}],"wp:attachment":[{"href":"https:\/\/ajediam.com\/fr\/wp-json\/wp\/v2\/media?parent=10303"}],"curies":[{"name":"wp","href":"https:\/\/api.w.org\/{rel}","templated":true}]}}