{"id":10305,"date":"2019-04-04T10:04:14","date_gmt":"2019-04-04T10:04:14","guid":{"rendered":"https:\/\/ajediam.com\/?page_id=10305"},"modified":"2023-07-07T17:51:28","modified_gmt":"2023-07-07T17:51:28","slug":"boucles-doreille-en-diamant","status":"publish","type":"page","link":"https:\/\/ajediam.com\/fr\/boucles-doreille-en-diamant\/","title":{"rendered":"Boucles d&rsquo;oreille en diamant"},"content":{"rendered":"<p><div class='row vc_row '><div class='col-md-12 '><h2 class='section-title'>Trouvez les boucles d'oreilles \u00e9tincelantes parfaites,<\/h2><p>Clous d&rsquo;oreilles &#8211; Anneau &#8211; Lustre &#8211; Cr\u00e9ole &#8211; Serpent &#8211; G\u00e9orgien \u00e0 la mode&#8230;<br \/>\nAchetez des boucles d&rsquo;oreilles en diamant sur mesure au prix de gros \u00e0 la Tax Free Export Store du Centre mondial du diamant d&rsquo;Anvers d&rsquo;Ajediam<\/p><div class='mb-4'><p>Toutes les pi\u00e8ces de bijoux sont cr\u00e9\u00e9es sur mesure par notre ma\u00eetre bijoutier Italdesign en tant que service GRATUIT pour nos clients privil\u00e9gi\u00e9s !<\/p>\n<p>Ces boucles d&rsquo;oreilles sont un exemple parmi un large choix de mod\u00e8les faits main disponibles<\/p><\/div><\/div><\/div> <div class='row vc_row vc_custom_1552886396531'><div class='col-md-12 '><div class='row '><div class='col-md-8 col-inner'><div class='col-inwrap'><h2 class='section-title'>Boucles d'oreilles de luxe en diamant, anneaux charni\u00e8re ``pav\u00e9``<\/h2><div class='mb-4'><p>Diamants ronds briliiants<br \/>\nCouleur Rare Blanc, Puret\u00e9 Loupe Propre VS1<br \/>\nR\u00e9f. R682 &#8211; <a href=\"mailto:care@ajediam.com?&amp;subject=Luxury%20Earrings%20R682\">Email<\/a> <\/p><\/div><\/div><\/div><div class='col-md-4 col-inner'><div class='col-inwrap'><div class='vc-image text-center'><figure><div><img src='https:\/\/ajediam.com\/wp-content\/uploads\/2019\/03\/Earrings_R682_Ajediam.jpg' alt=''><\/div><\/figure><\/div><\/div><\/div><\/div><div style='height: 32px;'><\/div><\/div><\/div> <style>.vc_custom_1552886396531 { border-top-width: 3px !important;border-right-width: 3px !important;border-bottom-width: 3px !important;border-left-width: 3px !important;border-left-color: #e2ebf0 !important;border-left-style: solid !important;border-right-color: #e2ebf0 !important;border-right-style: solid !important;border-top-color: #e2ebf0 !important;border-top-style: solid !important;border-bottom-color: #e2ebf0 !important;border-bottom-style: solid !important;} }<\/style><div class='row vc_row vc_custom_1552886396531'><div class='col-md-12 '><div class='row '><div class='col-md-4 col-inner'><div class='col-inwrap'><ul id='vc_gallery_7075' class='vc_gallery list-unstyled d-flex flex-wrap flex-row'><li><a href='https:\/\/ajediam.com\/wp-content\/uploads\/2019\/03\/Diamond_Earrings_Studs_profile.jpg' data-lightbox='vc_gallery_7075' class='d-block'><img src='https:\/\/ajediam.com\/wp-content\/uploads\/2019\/03\/Diamond_Earrings_Studs_profile-144x150.jpg' alt=''><\/a><\/li><li><a href='https:\/\/ajediam.com\/wp-content\/uploads\/2019\/03\/Earrings_studs_R605_Ajediam-1.jpg' data-lightbox='vc_gallery_7075' class='d-block'><img src='https:\/\/ajediam.com\/wp-content\/uploads\/2019\/03\/Earrings_studs_R605_Ajediam-1-150x126.jpg' alt=''><\/a><\/li><li><a href='https:\/\/ajediam.com\/wp-content\/uploads\/2019\/03\/Stud_diamond_earrings_Ajediam.jpg' data-lightbox='vc_gallery_7075' class='d-block'><img src='https:\/\/ajediam.com\/wp-content\/uploads\/2019\/03\/Stud_diamond_earrings_Ajediam-95x150.jpg' alt=''><\/a><\/li><\/ul><\/div><\/div><div class='col-md-8 col-inner'><div class='col-inwrap'><h2 class='section-title'>Grands ou petits clous d'oreilles en diamant<\/h2><div class='mb-4'><p>Montage \u00e0 griffes ou \u00e0 serti clos<br \/>\n<a href=\"mailto:care@ajediam.com?&amp;subject=Stud%20Diamond%20Earrings\">Email<\/a> <\/p><\/div><\/div><\/div><\/div><div style='height: 32px;'><\/div><\/div><\/div> <style>.vc_custom_1552886396531 { border-top-width: 3px !important;border-right-width: 3px !important;border-bottom-width: 3px !important;border-left-width: 3px !important;border-left-color: #e2ebf0 !important;border-left-style: solid !important;border-right-color: #e2ebf0 !important;border-right-style: solid !important;border-top-color: #e2ebf0 !important;border-top-style: solid !important;border-bottom-color: #e2ebf0 !important;border-bottom-style: solid !important;} }<\/style><div class='row vc_row vc_custom_1552886396531'><div class='col-md-12 '><div class='row '><div class='col-md-8 col-inner'><div class='col-inwrap'><h2 class='section-title'>Boucles d'oreilles cr\u00e9oles en diamant<\/h2><div class='mb-4'><p>0,26 carat de diamants ronds brillants, Couleur Rare Blanc + (F)<br \/>\nClarity Loupe Clean VS1<br \/>\nOr blanc 18 carats anti-allergique, 3,00 grammes<br \/>\nR\u00e9f. A013 &#8211; <a href=\"mailto:care@ajediam.com?&amp;subject=Creole%20diamond%20earrings%20Ref%20A013\">Email\u00a0<\/a><\/p><\/div><\/div><\/div><div class='col-md-4 col-inner'><div class='col-inwrap'><div class='vc-image text-center'><figure><div><img src='https:\/\/ajediam.com\/wp-content\/uploads\/2019\/03\/Creole_diamond_earrings_Ajediam_Ref_A013_10cm.jpg' alt=''><\/div><\/figure><\/div><\/div><\/div><\/div><\/div><\/div> <style>.vc_custom_1552886396531 { border-top-width: 3px !important;border-right-width: 3px !important;border-bottom-width: 3px !important;border-left-width: 3px !important;border-left-color: #e2ebf0 !important;border-left-style: solid !important;border-right-color: #e2ebf0 !important;border-right-style: solid !important;border-top-color: #e2ebf0 !important;border-top-style: solid !important;border-bottom-color: #e2ebf0 !important;border-bottom-style: solid !important;} }<\/style><div class='row vc_row vc_custom_1552886396531'><div class='col-md-12 '><div style='height: 32px;'><\/div><div class='row '><div class='col-md-4 col-inner'><div class='col-inwrap'><div class='vc-image text-center'><figure><div><img src='https:\/\/ajediam.com\/wp-content\/uploads\/2019\/03\/Earrings_R661_Ajediam-150x150.jpg' alt=''><\/div><\/figure><\/div><\/div><\/div><div class='col-md-8 col-inner'><div class='col-inwrap'><h2 class='section-title'>Boucles d'oreilles en diamant crois\u00e9es<\/h2><div class='mb-4'><p>Diamants ronds brillants de couleur Rare White + (F) et de puret\u00e9 Loupe Clean VS1<br \/>\nR\u00e9f. R661 &#8211; <a href=\"mailto:care@ajediam.com?&amp;subject=Cross%20Over%20earrings%20R661\">Email\u00a0<\/a><\/p><\/div><\/div><\/div><\/div><div style='height: 32px;'><\/div><\/div><\/div> <style>.vc_custom_1552886396531 { border-top-width: 3px !important;border-right-width: 3px !important;border-bottom-width: 3px !important;border-left-width: 3px !important;border-left-color: #e2ebf0 !important;border-left-style: solid !important;border-right-color: #e2ebf0 !important;border-right-style: solid !important;border-top-color: #e2ebf0 !important;border-top-style: solid !important;border-bottom-color: #e2ebf0 !important;border-bottom-style: solid !important;} }<\/style><div class='row vc_row vc_custom_1552886396531'><div class='col-md-12 '><div class='row '><div class='col-md-8 col-inner'><div class='col-inwrap'><h2 class='section-title'>Boucles d'oreilles cr\u00e9oles en perles noires naturelles avec diamants<\/h2><div class='mb-4'><p>Diamants ronds brillants de couleur Rare White + (F) et de puret\u00e9 Loupe Clean VS1<br \/>\nR\u00e9f. R618 &#8211; <a href=\"mailto:care@ajediam.com?&amp;subject=Black%20Pearls%20Hoop%20Diamond%20Earrings%20R618\">Email\u00a0<\/a><\/p><\/div><\/div><\/div><div class='col-md-4 col-inner'><div class='col-inwrap'><div class='vc-image text-center'><figure><div><img src='https:\/\/ajediam.com\/wp-content\/uploads\/2019\/04\/Earrings_pearls_R618_Ajediam.jpg' alt=''><\/div><\/figure><\/div><\/div><\/div><\/div><div style='height: 32px;'><\/div><\/div><\/div> <style>.vc_custom_1552886396531 { border-top-width: 3px !important;border-right-width: 3px !important;border-bottom-width: 3px !important;border-left-width: 3px !important;border-left-color: #e2ebf0 !important;border-left-style: solid !important;border-right-color: #e2ebf0 !important;border-right-style: solid !important;border-top-color: #e2ebf0 !important;border-top-style: solid !important;border-bottom-color: #e2ebf0 !important;border-bottom-style: solid !important;} }<\/style><div class='row vc_row vc_custom_1552886396531'><div class='col-md-12 '><div class='row '><div class='col-md-4 col-inner'><div class='col-inwrap'><div class='vc-image text-center'><figure><div><img src='https:\/\/ajediam.com\/wp-content\/uploads\/2019\/03\/Earrings_pearls_R692_Ajediam.jpg' alt=''><\/div><\/figure><\/div><\/div><\/div><div class='col-md-8 col-inner'><div class='col-inwrap'><h2 class='section-title'>Boucles d'oreilles en perles d'eau douce avec diamants<\/h2><div class='mb-4'><p>Diamants ronds brillants de couleur Rare White + (F)<br \/>\nClarity Loupe Clean VS1<br \/>\nR\u00e9f. R692 &#8211; <a href=\"mailto:care@ajediam.com?&amp;subject=Freshwater%20Pearls%20Diamond%20Earrings%20R692\">Email\u00a0<\/a><\/p><\/div><\/div><\/div><\/div><div style='height: 32px;'><\/div><\/div><\/div> <style>.vc_custom_1552886396531 { border-top-width: 3px !important;border-right-width: 3px !important;border-bottom-width: 3px !important;border-left-width: 3px !important;border-left-color: #e2ebf0 !important;border-left-style: solid !important;border-right-color: #e2ebf0 !important;border-right-style: solid !important;border-top-color: #e2ebf0 !important;border-top-style: solid !important;border-bottom-color: #e2ebf0 !important;border-bottom-style: solid !important;} }<\/style><div class='row vc_row vc_custom_1552886396531'><div class='col-md-12 '><div class='row '><div class='col-md-8 col-inner'><div class='col-inwrap'><h2 class='section-title'>Boucles d'oreilles cr\u00e9oles en diamants, sertis pav\u00e9<\/h2><div class='mb-4'><p>Diamants ronds brillants de couleur Rare White + (F) et de puret\u00e9 Loupe Clean VS1<br \/>\nR\u00e9f. R680 &#8211; <a href=\"mailto:care@ajediam.com?&amp;subject=Creole%20Diamond%20Earrings%20R680\">Email\u00a0<\/a><\/p><\/div><\/div><\/div><div class='col-md-4 col-inner'><div class='col-inwrap'><div class='vc-image text-center'><figure><div><img src='https:\/\/ajediam.com\/wp-content\/uploads\/2019\/03\/Creole_diamond_Earrings_R680_Ajediam.jpg' alt=''><\/div><\/figure><\/div><\/div><\/div><\/div><div style='height: 32px;'><\/div><\/div><\/div> <style>.vc_custom_1552886396531 { border-top-width: 3px !important;border-right-width: 3px !important;border-bottom-width: 3px !important;border-left-width: 3px !important;border-left-color: #e2ebf0 !important;border-left-style: solid !important;border-right-color: #e2ebf0 !important;border-right-style: solid !important;border-top-color: #e2ebf0 !important;border-top-style: solid !important;border-bottom-color: #e2ebf0 !important;border-bottom-style: solid !important;} }<\/style><div class='row vc_row vc_custom_1552886396531'><div class='col-md-12 '><div class='row '><div class='col-md-4 col-inner'><div class='col-inwrap'><div class='vc-image text-center'><figure><div><img src='https:\/\/ajediam.com\/wp-content\/uploads\/2019\/03\/Hoop_diamond_earrings_Ajediam.jpg' alt=''><\/div><\/figure><\/div><\/div><\/div><div class='col-md-8 col-inner'><div class='col-inwrap'><h2 class='section-title'>Boucles d'oreilles en diamants en forme d'anneau, sertissage \u00e0 griffes<\/h2><div class='mb-4'><p>Double face ou simple face.<br \/>\n<a href=\"mailto:care@ajediam.com?&amp;subject=Hoop%20Diamond%20Earrings\">Email\u00a0<\/a><\/p><\/div><\/div><\/div><\/div><div style='height: 32px;'><\/div><\/div><\/div> <style>.vc_custom_1552886396531 { border-top-width: 3px !important;border-right-width: 3px !important;border-bottom-width: 3px !important;border-left-width: 3px !important;border-left-color: #e2ebf0 !important;border-left-style: solid !important;border-right-color: #e2ebf0 !important;border-right-style: solid !important;border-top-color: #e2ebf0 !important;border-top-style: solid !important;border-bottom-color: #e2ebf0 !important;border-bottom-style: solid !important;} }<\/style><div class='row vc_row vc_custom_1552886396531'><div class='col-md-12 '><div class='row '><div class='col-md-8 col-inner'><div class='col-inwrap'><h2 class='section-title'>Boucles d'oreilles l\u00e9g\u00e8res en diamants,<\/h2><div class='mb-4'><p>Serties en grappes en or blanc et jaune 18 carats<br \/>\nDiamants brillants de 0,20 carat, couleur Rare White + (F) et puret\u00e9 Loupe Clean VS1<br \/>\nTr\u00e8s l\u00e9g\u00e8res, or blanc et jaune 18 carats anti-allergique, 4,30 grammes<br \/>\nR\u00e9f. A321 &#8211; <a href=\"mailto:care@ajediam.com?&amp;subject=Diamond%20Stud%20Earrings%20A321\">Email\u00a0<\/a><\/p><\/div><\/div><\/div><div class='col-md-4 col-inner'><div class='col-inwrap'><ul id='vc_gallery_3614' class='vc_gallery list-unstyled d-flex flex-wrap flex-row'><li><a href='https:\/\/ajediam.com\/wp-content\/uploads\/2019\/03\/Diamond_stud_earrings_Ajediam_front_Ref_013_10cm.jpg' data-lightbox='vc_gallery_3614' class='d-block'><img src='https:\/\/ajediam.com\/wp-content\/uploads\/2019\/03\/Diamond_stud_earrings_Ajediam_front_Ref_013_10cm-150x150.jpg' alt=''><\/a><\/li><li><a href='https:\/\/ajediam.com\/wp-content\/uploads\/2019\/03\/Diamond_stud_earrings_Ajediam_side_Ref_013_5cm.jpg' data-lightbox='vc_gallery_3614' class='d-block'><img src='https:\/\/ajediam.com\/wp-content\/uploads\/2019\/03\/Diamond_stud_earrings_Ajediam_side_Ref_013_5cm-150x150.jpg' alt=''><\/a><\/li><\/ul><\/div><\/div><\/div><div style='height: 32px;'><\/div><\/div><\/div> <style>.vc_custom_1552886396531 { border-top-width: 3px !important;border-right-width: 3px !important;border-bottom-width: 3px !important;border-left-width: 3px !important;border-left-color: #e2ebf0 !important;border-left-style: solid !important;border-right-color: #e2ebf0 !important;border-right-style: solid !important;border-top-color: #e2ebf0 !important;border-top-style: solid !important;border-bottom-color: #e2ebf0 !important;border-bottom-style: solid !important;} }<\/style><div class='row vc_row vc_custom_1552886396531'><div class='col-md-12 '><div class='row '><div class='col-md-4 col-inner'><div class='col-inwrap'><div class='vc-image text-center'><figure><div><img src='https:\/\/ajediam.com\/wp-content\/uploads\/2019\/04\/Bangle_black_pearls_earrings11.png' alt=''><\/div><\/figure><\/div><\/div><\/div><div class='col-md-8 col-inner'><div class='col-inwrap'><h2 class='section-title'>Boucles d'oreilles diamant bague perles noires rubis<\/h2><div class='mb-4'><p>Conception sur mesure sur demande sp\u00e9ciale<br \/>\nDiamants ronds brillants de couleur Rare White + (F) et de puret\u00e9 Loupe Clean VS1<br \/>\n<a href=\"mailto:care@ajediam.com?&amp;subject=Bangle%20black%20pearls%20ruby%20diamond%20earrings\">Email\u00a0<\/a><\/p><\/div><\/div><\/div><\/div><div style='height: 32px;'><\/div><\/div><\/div> <style>.vc_custom_1552886396531 { border-top-width: 3px !important;border-right-width: 3px !important;border-bottom-width: 3px !important;border-left-width: 3px !important;border-left-color: #e2ebf0 !important;border-left-style: solid !important;border-right-color: #e2ebf0 !important;border-right-style: solid !important;border-top-color: #e2ebf0 !important;border-top-style: solid !important;border-bottom-color: #e2ebf0 !important;border-bottom-style: solid !important;} }<\/style><div class='row vc_row vc_custom_1552886396531'><div class='col-md-12 '><div class='row '><div class='col-md-8 col-inner'><div class='col-inwrap'><h2 class='section-title'>Boucles d'oreilles en diamants Swirl<\/h2><div class='mb-4'><p>Serties pav\u00e9<br \/>\nR\u00e9f. R675 &#8211; <a href=\"mailto:care@ajediam.com?&amp;subject=Swirl%20Diamond%20Earrings%20R675\">Email\u00a0<\/a><\/p><\/div><\/div><\/div><div class='col-md-4 col-inner'><div class='col-inwrap'><div class='vc-image text-center'><figure><div><img src='https:\/\/ajediam.com\/wp-content\/uploads\/2019\/03\/Swirl_Earrings_R675_Ajediam.jpg' alt=''><\/div><\/figure><\/div><\/div><\/div><\/div><div style='height: 32px;'><\/div><\/div><\/div> <style>.vc_custom_1552886396531 { border-top-width: 3px !important;border-right-width: 3px !important;border-bottom-width: 3px !important;border-left-width: 3px !important;border-left-color: #e2ebf0 !important;border-left-style: solid !important;border-right-color: #e2ebf0 !important;border-right-style: solid !important;border-top-color: #e2ebf0 !important;border-top-style: solid !important;border-bottom-color: #e2ebf0 !important;border-bottom-style: solid !important;} }<\/style><div class='row vc_row vc_custom_1552886396531'><div class='col-md-12 '><div class='row '><div class='col-md-4 col-inner'><div class='col-inwrap'><div class='vc-image text-center'><figure><div><img src='https:\/\/ajediam.com\/wp-content\/uploads\/2019\/03\/Pink_Earrings_R674_Ajediam.jpg' alt=''><\/div><\/figure><\/div><\/div><\/div><div class='col-md-8 col-inner'><div class='col-inwrap'><h2 class='section-title'>Boucles d'oreilles en diamants en or rose 18K<\/h2><div class='mb-4'><p>R\u00e9f. R674 &#8211; <a href=\"mailto:care@ajediam.com?&amp;subject=Pink%20Gold%20Diamond%20Earrings%20R674\">Email\u00a0<\/a><\/p><\/div><\/div><\/div><\/div><div style='height: 32px;'><\/div><\/div><\/div> <style>.vc_custom_1552886396531 { border-top-width: 3px !important;border-right-width: 3px !important;border-bottom-width: 3px !important;border-left-width: 3px !important;border-left-color: #e2ebf0 !important;border-left-style: solid !important;border-right-color: #e2ebf0 !important;border-right-style: solid !important;border-top-color: #e2ebf0 !important;border-top-style: solid !important;border-bottom-color: #e2ebf0 !important;border-bottom-style: solid !important;} }<\/style><div class='row vc_row vc_custom_1552886396531'><div class='col-md-12 '><div class='row '><div class='col-md-8 col-inner'><div class='col-inwrap'><h2 class='section-title'>Boucles d'oreilles en forme de c\u0153ur en diamant<\/h2><div class='mb-4'><p>En or jaune 18 carats, 5 grammes, 0,60 carat de diamants ronds brillants de couleur Rare White + et de puret\u00e9 Loupe Clean VS1<br \/>\nSur mesure<br \/>\nR\u00e9f. A354 &#8211; <a href=\"mailto:care@ajediam.com?&amp;subject=Hearts%20earrings%20A354\">Email<\/a><\/p><\/div><\/div><\/div><div class='col-md-4 col-inner'><div class='col-inwrap'><div class='vc-image text-center'><figure><div><img src='https:\/\/ajediam.com\/wp-content\/uploads\/2019\/03\/Heart_Diamond_Earrings_Ref_A354.jpg' alt=''><\/div><\/figure><\/div><\/div><\/div><\/div><div style='height: 32px;'><\/div><\/div><\/div> <style>.vc_custom_1552886396531 { border-top-width: 3px !important;border-right-width: 3px !important;border-bottom-width: 3px !important;border-left-width: 3px !important;border-left-color: #e2ebf0 !important;border-left-style: solid !important;border-right-color: #e2ebf0 !important;border-right-style: solid !important;border-top-color: #e2ebf0 !important;border-top-style: solid !important;border-bottom-color: #e2ebf0 !important;border-bottom-style: solid !important;} }<\/style><div class='row vc_row vc_custom_1552886396531'><div class='col-md-12 '><div class='row '><div class='col-md-4 col-inner'><div class='col-inwrap'><div class='vc-image text-center'><figure><div><img src='https:\/\/ajediam.com\/wp-content\/uploads\/2019\/03\/earrings_pearls_diamonds_Happy-day.jpg' alt=''><\/div><\/figure><\/div><\/div><\/div><div class='col-md-8 col-inner'><div class='col-inwrap'><h2 class='section-title'>Boucles d'oreilles pendantes en perles et diamants style serpent<\/h2><div class='mb-4'><p><\/p>\n<p>Perles blanches de mer sal\u00e9e fra\u00eeche de 10 mm.<br \/>\nMont\u00e9es en or blanc 18 carats, 5,7 grammes<br \/>\nSertissage en grappe<br \/>\n34 diamants ronds brillants, 0,50 carat<br \/>\nCouleur : Rare White (G), Puret\u00e9 : Loupe Clean (VS)<br \/>\n<a href=\"mailto:care@ajediam.com?&amp;subject=snake%20chain%20pearls%20diamonds%20drop%20Earrings\">Email\u00a0<\/a><\/p>\n<p><a href=\"\/diamond-earrings-pendants-cupido\">Voir un autre mod\u00e8le de boucles d&rsquo;oreilles serpent<\/a><\/p>\n<p><\/p><\/div><\/div><\/div><\/div><div style='height: 32px;'><\/div><\/div><\/div> <style>.vc_custom_1552886396531 { border-top-width: 3px !important;border-right-width: 3px !important;border-bottom-width: 3px !important;border-left-width: 3px !important;border-left-color: #e2ebf0 !important;border-left-style: solid !important;border-right-color: #e2ebf0 !important;border-right-style: solid !important;border-top-color: #e2ebf0 !important;border-top-style: solid !important;border-bottom-color: #e2ebf0 !important;border-bottom-style: solid !important;} }<\/style><div class='row vc_row vc_custom_1552886396531'><div class='col-md-12 '><div class='row '><div class='col-md-8 col-inner'><div class='col-inwrap'><h2 class='section-title'>Boucles d'oreilles en diamants \u00e0 baguettes de rubis, style baroque<\/h2><div class='mb-4'><p><\/p>\n<p>Toujours \u00e0 la mode avec ces boucles d&rsquo;oreilles en diamants \u00e0 baguettes de rubis !<br \/>\nDesign avec des diamants sertis en tension<br \/>\nOr blanc et jaune 18 carats, 8 grammes<br \/>\n4 carats de diamants baguettes, Couleur : Rare White (G), Puret\u00e9 : Loupe Clean (VS1)<br \/>\n1 carat de rubis rouges<br \/>\n<a href=\"mailto:care@ajediam.com?&amp;subject=%20Baroque%20Baguette%20Diamond%20Ruby%20il%20mondo%20earrings\">Email\u00a0<\/a><\/p>\n<p><\/p><\/div><\/div><\/div><div class='col-md-4 col-inner'><div class='col-inwrap'><ul id='vc_gallery_9564' class='vc_gallery list-unstyled d-flex flex-wrap flex-row'><li><a href='https:\/\/ajediam.com\/wp-content\/uploads\/2019\/03\/baguette_diamond_ruby_earrings_4cm.jpg' data-lightbox='vc_gallery_9564' class='d-block'><img src='https:\/\/ajediam.com\/wp-content\/uploads\/2019\/03\/baguette_diamond_ruby_earrings_4cm-150x150.jpg' alt=''><\/a><\/li><li><a href='https:\/\/ajediam.com\/wp-content\/uploads\/2019\/03\/baguette_diamond_ruby_earrings_4cm-1.jpg' data-lightbox='vc_gallery_9564' class='d-block'><img src='https:\/\/ajediam.com\/wp-content\/uploads\/2019\/03\/baguette_diamond_ruby_earrings_4cm-1-150x150.jpg' alt=''><\/a><\/li><\/ul><\/div><\/div><\/div><\/div><\/div> <style>.vc_custom_1552886396531 { border-top-width: 3px !important;border-right-width: 3px !important;border-bottom-width: 3px !important;border-left-width: 3px !important;border-left-color: #e2ebf0 !important;border-left-style: solid !important;border-right-color: #e2ebf0 !important;border-right-style: solid !important;border-top-color: #e2ebf0 !important;border-top-style: solid !important;border-bottom-color: #e2ebf0 !important;border-bottom-style: solid !important;} }<\/style><div class='row vc_row '><div class='col-md-3 '><\/div><div class='col-md-3 '><div style='height: 32px;'><\/div><a class='lab-button' href='\/fr\/anneaux-de-mariage\/' target='' title='\/fr\/anneaux-de-mariag'>ACHETER MAINTENANT<\/a><\/div><div class='col-md-3 '><div style='height: 32px;'><\/div><a class='lab-button' href='\/fr\/notre-formulaire-de-demande-rapide\/' target='' title='\/fr\/notre-formulaire-de-demande-rapid'>CONSULTER LE GUIDE D'ACHAT<\/a><\/div><div class='col-md-3 '><\/div><\/div> <div class='row vc_row '><div class='col-md-2 '><\/div><div class='col-md-8 '><div style='height: 32px;'><\/div><div class='vc-image '><figure><a href='\/fr\/notre-formulaire-de-demande-rapide\/' class='d-block'><img src='https:\/\/ajediam.com\/wp-content\/uploads\/2019\/03\/Ajediam_footer_Buy_now_13_03_2015.jpg' alt=''><\/a><\/figure><\/div><\/div><div class='col-md-2 '><\/div><\/div> <\/p>\n","protected":false},"excerpt":{"rendered":"","protected":false},"author":5,"featured_media":0,"parent":0,"menu_order":0,"comment_status":"closed","ping_status":"closed","template":"","meta":{"ub_ctt_via":"","footnotes":""},"acf":[],"featured_image_src":null,"_links":{"self":[{"href":"https:\/\/ajediam.com\/fr\/wp-json\/wp\/v2\/pages\/10305"}],"collection":[{"href":"https:\/\/ajediam.com\/fr\/wp-json\/wp\/v2\/pages"}],"about":[{"href":"https:\/\/ajediam.com\/fr\/wp-json\/wp\/v2\/types\/page"}],"author":[{"embeddable":true,"href":"https:\/\/ajediam.com\/fr\/wp-json\/wp\/v2\/users\/5"}],"replies":[{"embeddable":true,"href":"https:\/\/ajediam.com\/fr\/wp-json\/wp\/v2\/comments?post=10305"}],"version-history":[{"count":4,"href":"https:\/\/ajediam.com\/fr\/wp-json\/wp\/v2\/pages\/10305\/revisions"}],"predecessor-version":[{"id":10313,"href":"https:\/\/ajediam.com\/fr\/wp-json\/wp\/v2\/pages\/10305\/revisions\/10313"}],"wp:attachment":[{"href":"https:\/\/ajediam.com\/fr\/wp-json\/wp\/v2\/media?parent=10305"}],"curies":[{"name":"wp","href":"https:\/\/api.w.org\/{rel}","templated":true}]}}