{"id":10314,"date":"2019-05-26T05:25:41","date_gmt":"2019-05-26T05:25:41","guid":{"rendered":"https:\/\/ajediam.com\/?page_id=10314"},"modified":"2023-07-07T18:25:19","modified_gmt":"2023-07-07T18:25:19","slug":"pendentifs","status":"publish","type":"page","link":"https:\/\/ajediam.com\/fr\/pendentifs\/","title":{"rendered":"Pendentifs"},"content":{"rendered":"<p><div class='row vc_row '><div class='col-md-12 '><div class='row '><div class='col-md-12 col-inner'><div class='col-inwrap'><div class='mb-4'><p><strong>Laissez-nous cr\u00e9er votre pendentif unique sp\u00e9cialement pour vous en ligne, gratuitement, gr\u00e2ce \u00e0 notre ma\u00eetre joaillier.<\/strong><\/p>\n<p><strong>Achetez d&rsquo;abord vos diamants et r\u00e9alisez votre pendentif sur mesure \u00e0 prix de gros \u00e0 Anvers chez Ajediam, la c\u00e9l\u00e8bre soci\u00e9t\u00e9 de diamants situ\u00e9e \u00e0 la Bourse du diamant, la premi\u00e8re au monde.<\/strong><\/p><\/div><hr class='mb-4' \/><\/div><\/div><\/div><div class='row '><div class='col-md-4 col-inner'><div class='col-inwrap'><div class='vc-image text-center'><figure><div><img src='https:\/\/ajediam.com\/wp-content\/uploads\/2019\/03\/Halo_pink_diamond_necklace-199x300.jpg' alt=''><\/div><\/figure><\/div><\/div><\/div><div class='col-md-8 col-inner'><div class='col-inwrap'><div class='mb-4'><p><\/p>\n<p><strong>Pendentif en diamant Halo. Peut \u00eatre serti de diamants roses lat\u00e9raux ou de saphir rose, ou sans pierres lat\u00e9rales. Ce pendentif restera toujours du c\u00f4t\u00e9 droit. Ne se retournera jamais, montrant le dos.<\/strong><\/p>\n<p><\/p><\/div><div class='mb-4'><p>Pendentifs personnalis\u00e9s en or blanc, jaune, rose 18K ou en platine \u00e0 prix de gros.<\/p>\n<p>Les pendentifs pr\u00e9sent\u00e9s sont tous fabriqu\u00e9s sur mesure. Choisissez d&rsquo;abord vos diamants, puis choisissez votre sertissage en or blanc, jaune, rose 18K ou en platine pur.<\/p>\n<p>Faites vos achats dans notre usine de bijouterie au Centre mondial du diamant d&rsquo;Anvers. <strong>Veuillez noter!<\/strong> L&rsquo;entr\u00e9e est r\u00e9serv\u00e9e aux invit\u00e9s. Pour votre invitation, envoyez un <a href=\"\/fr\/notre-formulaire-de-demande-rapide\/\">email<\/a> ou appelez le +32 3 808 72 02.<\/p>\n<p>Avez-vous un pendentif personnel en t\u00eate ? <a href=\"mailto:care@ajediam.com?&amp;subject=Personal%20Pendant%20Request\">Email<\/a><\/p><\/div><\/div><\/div><\/div><hr class='mb-4' \/><div class='row '><div class='col-md-8 col-inner'><div class='col-inwrap'><div class='vc-image text-center'><figure><div><img src='https:\/\/ajediam.com\/wp-content\/uploads\/2019\/03\/Pendant_high_class_drawing_for_free.jpg' alt=''><\/div><\/figure><\/div><\/div><\/div><div class='col-md-4 col-inner'><div class='col-inwrap'><div class='mb-4'><p><\/p>\n<p><strong>Un exemple de pendentif audacieux qui peut \u00eatre cr\u00e9\u00e9 pour vous, gratuitement, par notre ma\u00eetre joaillier.<\/strong><\/p>\n<p><\/p><\/div><div style='height: 32px;'><\/div><div class='mb-4'><p><strong>Laissez-nous cr\u00e9er votre pendentif unique sp\u00e9cialement pour vous, et gratuitement, par notre ma\u00eetre joaillier<\/strong><\/p><\/div><div style='height: 32px;'><\/div><a class='lab-button' href='\/our-quick-inquiry-form\/' target='' title='make inquiry'>make inquiry<\/a><\/div><\/div><\/div><hr class='mb-4' \/><\/div><\/div> <div class='row vc_row '><div class='col-md-6 vc_custom_1558856501047'><div class='row '><div class='col-md-6 col-inner'><div class='col-inwrap'><div class='vc-image text-center'><figure><div><img src='https:\/\/ajediam.com\/wp-content\/uploads\/2019\/03\/Black_pearls_necklace_earrings_150_x_7_kb-82x300.jpg' alt=''><\/div><\/figure><\/div><\/div><\/div><div class='col-md-6 col-inner'><div class='col-inwrap'><div class='mb-4'><p><\/p>\n<p><strong>Pendentif en perles noires, diamants et rubis<\/strong><\/p>\n<p><a href=\"mailto:care@ajediam.com?&amp;subject=Black pearl diamond ruby pendant\">Email<\/a> <\/p><\/div><a class='lab-button' href='\/our-quick-inquiry-form\/' target='' title='make inquiry'>make inquiry<\/a><\/div><\/div><\/div><\/div><style>.vc_custom_1558856501047 { border-top-width: 1px !important;border-right-width: 1px !important;border-bottom-width: 1px !important;border-left-width: 1px !important;background-color: #f4f4f4 !important;border-left-color: #f4f4f4 !important;border-left-style: solid !important;border-right-color: #f4f4f4 !important;border-right-style: solid !important;border-top-color: #f4f4f4 !important;border-top-style: solid !important;border-bottom-color: #f4f4f4 !important;border-bottom-style: solid !important;} }<\/style><div class='col-md-6 vc_custom_1558856542148'><div class='row '><div class='col-md-6 col-inner'><div class='col-inwrap'><div class='vc-image text-center'><figure><div><img src='https:\/\/ajediam.com\/wp-content\/uploads\/2019\/03\/Tanja_necklace_5_cm.jpg' alt=''><\/div><\/figure><\/div><\/div><\/div><div class='col-md-6 col-inner'><div class='col-inwrap'><div class='mb-4'><p><\/p>\n<p><strong>Pendentif diamant monogramme<\/strong><\/p>\n<p><a href=\"mailto:care@ajediam.com?&amp;subject=monogram diamond pendant\">Email<\/a> <\/p><\/div><a class='lab-button' href='\/our-quick-inquiry-form\/' target='' title='make inquiry'>make inquiry<\/a><\/div><\/div><\/div><\/div><style>.vc_custom_1558856542148 { border-top-width: 1px !important;border-right-width: 1px !important;border-bottom-width: 1px !important;border-left-width: 1px !important;border-left-color: #f4f4f4 !important;border-left-style: solid !important;border-right-color: #f4f4f4 !important;border-right-style: solid !important;border-top-color: #f4f4f4 !important;border-top-style: solid !important;border-bottom-color: #f4f4f4 !important;border-bottom-style: solid !important;} }<\/style><\/div> <div class='row vc_row '><div class='col-md-6 vc_custom_1558857162179'><div class='row '><div class='col-md-6 col-inner'><div class='col-inwrap'><div class='vc-image text-center'><figure><div><img src='https:\/\/ajediam.com\/wp-content\/uploads\/2019\/03\/Pearl_diamond_pendant_R515_Ajediam.jpg' alt=''><\/div><\/figure><\/div><\/div><\/div><div class='col-md-6 col-inner'><div class='col-inwrap'><div class='mb-4'><p><\/p>\n<p><strong>Pendentif flottant en perle diamant de style g\u00e9orgien<\/strong><\/p>\n<p>Ref R515<\/p>\n<p><a href=\"mailto:care@ajediam.com?&amp;subject=Pearl diamond pendant R515\"><strong>Email<\/strong> <\/a><\/p><\/div><a class='lab-button' href='\/our-quick-inquiry-form\/' target='' title='make inquiry'>make inquiry<\/a><\/div><\/div><\/div><\/div><style>.vc_custom_1558857162179 { border-top-width: 1px !important;border-right-width: 1px !important;border-bottom-width: 1px !important;border-left-width: 1px !important;border-left-color: #f4f4f4 !important;border-left-style: solid !important;border-right-color: #f4f4f4 !important;border-right-style: solid !important;border-top-color: #f4f4f4 !important;border-top-style: solid !important;border-bottom-color: #f4f4f4 !important;border-bottom-style: solid !important;} }<\/style><div class='col-md-6 vc_custom_1558857230794'><div class='row '><div class='col-md-6 col-inner'><div class='col-inwrap'><div class='vc-image text-center'><figure><div><img src='https:\/\/ajediam.com\/wp-content\/uploads\/2019\/03\/pendant_rough___polished_diamond_5cm.jpg' alt=''><\/div><\/figure><\/div><\/div><\/div><div class='col-md-6 col-inner'><div class='col-inwrap'><div class='mb-4'><p><\/p>\n<p><strong>Pendentif en diamant brut et poli<\/strong><\/p>\n<p>\u00c9galement fabriqu\u00e9 sur mesure en platine<\/p>\n<p><a href=\"mailto:care@ajediam.com?&amp;subject=Rough diamond pendant\">Email<\/a> <\/p><\/div><a class='lab-button' href='\/our-quick-inquiry-form\/' target='' title='make inquiry'>make inquiry<\/a><\/div><\/div><\/div><\/div><style>.vc_custom_1558857230794 { border-top-width: 1px !important;border-right-width: 1px !important;border-bottom-width: 1px !important;border-left-width: 1px !important;background-color: #f4f4f4 !important;border-left-color: #f4f4f4 !important;border-left-style: solid !important;border-right-color: #f4f4f4 !important;border-right-style: solid !important;border-top-color: #f4f4f4 !important;border-top-style: solid !important;border-bottom-color: #f4f4f4 !important;border-bottom-style: solid !important;} }<\/style><\/div> <div class='row vc_row '><div class='col-md-6 vc_custom_1558856501047'><div class='row '><div class='col-md-6 col-inner'><div class='col-inwrap'><div class='vc-image text-center'><figure><div><img src='https:\/\/ajediam.com\/wp-content\/uploads\/2019\/03\/Heart_Diamond_Pendant_Circle_Diamonds_R118_Ajediam.jpg' alt=''><\/div><\/figure><\/div><\/div><\/div><div class='col-md-6 col-inner'><div class='col-inwrap'><div class='mb-4'><p><\/p>\n<p><strong>Pendentif en forme de c\u0153ur avec des diamants en cercle<\/strong><\/p>\n<p>R\u00e9f R118<\/p>\n<p><a href=\"mailto:care@ajediam.com?&amp;subject=Heart Diamond Pendant Circle Diamonds R118\">Email<\/a> <\/p><\/div><a class='lab-button' href='\/our-quick-inquiry-form\/' target='' title='make inquiry'>make inquiry<\/a><\/div><\/div><\/div><\/div><style>.vc_custom_1558856501047 { border-top-width: 1px !important;border-right-width: 1px !important;border-bottom-width: 1px !important;border-left-width: 1px !important;background-color: #f4f4f4 !important;border-left-color: #f4f4f4 !important;border-left-style: solid !important;border-right-color: #f4f4f4 !important;border-right-style: solid !important;border-top-color: #f4f4f4 !important;border-top-style: solid !important;border-bottom-color: #f4f4f4 !important;border-bottom-style: solid !important;} }<\/style><div class='col-md-6 vc_custom_1558856542148'><div class='row '><div class='col-md-6 col-inner'><div class='col-inwrap'><div class='vc-image text-center'><figure><div><img src='https:\/\/ajediam.com\/wp-content\/uploads\/2019\/03\/Pendant_tie_diamonds_R040_Ajediam.jpg' alt=''><\/div><\/figure><\/div><\/div><\/div><div class='col-md-6 col-inner'><div class='col-inwrap'><div class='mb-4'><p><\/p>\n<p><strong>Pendentif original avec des diamants en forme de cravate<\/strong><\/p>\n<p>R\u00e9f R040<\/p>\n<p><a href=\"mailto:care@ajediam.com?&amp;subject=Pendant Tie diamonds R040\">Email<\/a> <\/p><\/div><a class='lab-button' href='\/our-quick-inquiry-form\/' target='' title='make inquiry'>make inquiry<\/a><\/div><\/div><\/div><\/div><style>.vc_custom_1558856542148 { border-top-width: 1px !important;border-right-width: 1px !important;border-bottom-width: 1px !important;border-left-width: 1px !important;border-left-color: #f4f4f4 !important;border-left-style: solid !important;border-right-color: #f4f4f4 !important;border-right-style: solid !important;border-top-color: #f4f4f4 !important;border-top-style: solid !important;border-bottom-color: #f4f4f4 !important;border-bottom-style: solid !important;} }<\/style><\/div> <div class='row vc_row '><div class='col-md-6 vc_custom_1558857162179'><div class='row '><div class='col-md-6 col-inner'><div class='col-inwrap'><div class='vc-image text-center'><figure><div><img src='https:\/\/ajediam.com\/wp-content\/uploads\/2019\/03\/Pendant_oval_drop_diamonds_R103_Ajediam.jpg' alt=''><\/div><\/figure><\/div><\/div><\/div><div class='col-md-6 col-inner'><div class='col-inwrap'><div class='mb-4'><p><\/p>\n<p><strong>Pendentif double face en forme de goutte avec des diamants<\/strong><\/p>\n<p>Ref R103<\/p>\n<p><a href=\"mailto:care@ajediam.com?&amp;subject=Pendant oval drop diamonds R103\">Email<\/a> <\/p><\/div><a class='lab-button' href='\/our-quick-inquiry-form\/' target='' title='make inquiry'>make inquiry<\/a><\/div><\/div><\/div><\/div><style>.vc_custom_1558857162179 { border-top-width: 1px !important;border-right-width: 1px !important;border-bottom-width: 1px !important;border-left-width: 1px !important;border-left-color: #f4f4f4 !important;border-left-style: solid !important;border-right-color: #f4f4f4 !important;border-right-style: solid !important;border-top-color: #f4f4f4 !important;border-top-style: solid !important;border-bottom-color: #f4f4f4 !important;border-bottom-style: solid !important;} }<\/style><div class='col-md-6 vc_custom_1558857230794'><div class='row '><div class='col-md-6 col-inner'><div class='col-inwrap'><div class='vc-image text-center'><figure><div><img src='https:\/\/ajediam.com\/wp-content\/uploads\/2019\/03\/Circle_diamond_black_pearl_inside_Pendant_R101_Ajediam.jpg' alt=''><\/div><\/figure><\/div><\/div><\/div><div class='col-md-6 col-inner'><div class='col-inwrap'><div class='mb-4'><p><\/p>\n<p><strong>Pendentif en diamants en cercle avec une perle noire naturelle de Tahiti \u00e0 l&rsquo;int\u00e9rieur ou avec une perle blanche<\/strong><\/p>\n<p>R\u00e9f R101<\/p>\n<p><a href=\"mailto:care@ajediam.com?&amp;subject=Circle diamond black pearl Pendant R101\">Email<\/a> <\/p><\/div><a class='lab-button' href='\/our-quick-inquiry-form\/' target='' title='make inquiry'>make inquiry<\/a><\/div><\/div><\/div><\/div><style>.vc_custom_1558857230794 { border-top-width: 1px !important;border-right-width: 1px !important;border-bottom-width: 1px !important;border-left-width: 1px !important;background-color: #f4f4f4 !important;border-left-color: #f4f4f4 !important;border-left-style: solid !important;border-right-color: #f4f4f4 !important;border-right-style: solid !important;border-top-color: #f4f4f4 !important;border-top-style: solid !important;border-bottom-color: #f4f4f4 !important;border-bottom-style: solid !important;} }<\/style><\/div> <div class='row vc_row '><div class='col-md-6 vc_custom_1558856501047'><div class='row '><div class='col-md-6 col-inner'><div class='col-inwrap'><div class='vc-image text-center'><figure><div><img src='https:\/\/ajediam.com\/wp-content\/uploads\/2019\/03\/pendant_Mezza-notte275.jpg' alt=''><\/div><\/figure><\/div><\/div><\/div><div class='col-md-6 col-inner'><div class='col-inwrap'><div class='mb-4'><p><\/p>\n<p><strong>Un magnifique pendentif classique en cercle<\/strong><\/p>\n<p>Pendentif de 10 grammes avec des diamants taille brillant rond de 1,00 carat<\/p>\n<p><a href=\"mailto:care@ajediam.com?&amp;subject=Classic Circle Pendant\">Email<\/a> <\/p><\/div><a class='lab-button' href='\/our-quick-inquiry-form\/' target='' title='make inquiry'>make inquiry<\/a><\/div><\/div><\/div><\/div><style>.vc_custom_1558856501047 { border-top-width: 1px !important;border-right-width: 1px !important;border-bottom-width: 1px !important;border-left-width: 1px !important;background-color: #f4f4f4 !important;border-left-color: #f4f4f4 !important;border-left-style: solid !important;border-right-color: #f4f4f4 !important;border-right-style: solid !important;border-top-color: #f4f4f4 !important;border-top-style: solid !important;border-bottom-color: #f4f4f4 !important;border-bottom-style: solid !important;} }<\/style><div class='col-md-6 vc_custom_1558856542148'><div class='row '><div class='col-md-6 col-inner'><div class='col-inwrap'><div class='vc-image text-center'><figure><div><img src='https:\/\/ajediam.com\/wp-content\/uploads\/2019\/03\/Colombian_square_Colombian_emerald___diamond_pendant_Ajediam.jpg' alt=''><\/div><\/figure><\/div><\/div><\/div><div class='col-md-6 col-inner'><div class='col-inwrap'><div class='mb-4'><p><\/p>\n<p><strong>Pendentif en \u00e9meraude colombienne et diamant<\/strong><\/p>\n<p>Mont\u00e9 en or jaune 18K de 4,20 grammes<br \/>\n0,32 carat d&rsquo;\u00e9meraude taill\u00e9e en carr\u00e9,<br \/>\n0,13 carat de diamants taille brillant rond Couleur Rare White + (F) &#8211; Puret\u00e9 Loupe Clean (VS1)<br \/>\nR\u00e9f A300 &#8211; <a href=\"mailto:care@ajediam.com?&amp;subject=Colombian emerald &amp; diamond pendant A300\">Email<\/a> <\/p><\/div><a class='lab-button' href='\/our-quick-inquiry-form\/' target='' title='make inquiry'>make inquiry<\/a><div style='height: 32px;'><\/div><\/div><\/div><\/div><\/div><style>.vc_custom_1558856542148 { border-top-width: 1px !important;border-right-width: 1px !important;border-bottom-width: 1px !important;border-left-width: 1px !important;border-left-color: #f4f4f4 !important;border-left-style: solid !important;border-right-color: #f4f4f4 !important;border-right-style: solid !important;border-top-color: #f4f4f4 !important;border-top-style: solid !important;border-bottom-color: #f4f4f4 !important;border-bottom-style: solid !important;} }<\/style><\/div> <div class='row vc_row '><div class='col-md-6 vc_custom_1558857162179'><div class='row '><div class='col-md-6 col-inner'><div class='col-inwrap'><div class='vc-image text-center'><figure><div><img src='https:\/\/ajediam.com\/wp-content\/uploads\/2019\/03\/Green_Emerald_Pear_shaped_emerald_diamond_pendant_Ajediam.jpg' alt=''><\/div><\/figure><\/div><\/div><\/div><div class='col-md-6 col-inner'><div class='col-inwrap'><div class='mb-4'><p><\/p>\n<p><strong>Pendentif en \u00e9meraude verte en forme de poire<\/strong><\/p>\n<p>Serti en grappe en or jaune 18K de 7,20 grammes<br \/>\n1,60 carat d&rsquo;\u00e9meraude verte en forme de poire de qualit\u00e9 visuellement propre 0,17 carat de diamant taille brillant rond Couleur Rare White + (F) &#8211; Puret\u00e9 Loupe Clean (VS)<br \/>\nR\u00e9f A275 &#8211; <a href=\"mailto:care@ajediam.com?&amp;subject=Colombian emerald &amp; diamond pendant A300\">Email<\/a> <\/p><\/div><a class='lab-button' href='\/our-quick-inquiry-form\/' target='' title='make inquiry'>make inquiry<\/a><\/div><\/div><\/div><\/div><style>.vc_custom_1558857162179 { border-top-width: 1px !important;border-right-width: 1px !important;border-bottom-width: 1px !important;border-left-width: 1px !important;border-left-color: #f4f4f4 !important;border-left-style: solid !important;border-right-color: #f4f4f4 !important;border-right-style: solid !important;border-top-color: #f4f4f4 !important;border-top-style: solid !important;border-bottom-color: #f4f4f4 !important;border-bottom-style: solid !important;} }<\/style><div class='col-md-6 vc_custom_1558857230794'><div class='row '><div class='col-md-6 col-inner'><div class='col-inwrap'><div class='vc-image text-center'><figure><div><img src='https:\/\/ajediam.com\/wp-content\/uploads\/2019\/03\/Oval_green_emerald_circle_diamonds_pendant.jpg' alt=''><\/div><\/figure><\/div><\/div><\/div><div class='col-md-6 col-inner'><div class='col-inwrap'><div class='mb-4'><p><\/p>\n<p><strong>Pendentif en \u00e9meraude ovale avec cercle de diamants<\/strong><\/p>\n<p>Serti \u00e0 griffes en or blanc 18K de 10,48 grammes 2,88 carats d&rsquo;\u00e9meraude taill\u00e9e en ovale,<br \/>\n0,45 carat de diamants taille brillant rond Couleur Rare White + (F) &#8211; Puret\u00e9 Loupe Clean (VS1)<br \/>\nR\u00e9f A249 &#8211; <a href=\"mailto:care@ajediam.com?&amp;subject=Green Oval Emerald Circle diamonds pendant A249\">Email<\/a> <\/p><\/div><a class='lab-button' href='\/our-quick-inquiry-form\/' target='' title='make inquiry'>make inquiry<\/a><\/div><\/div><\/div><\/div><style>.vc_custom_1558857230794 { border-top-width: 1px !important;border-right-width: 1px !important;border-bottom-width: 1px !important;border-left-width: 1px !important;background-color: #f4f4f4 !important;border-left-color: #f4f4f4 !important;border-left-style: solid !important;border-right-color: #f4f4f4 !important;border-right-style: solid !important;border-top-color: #f4f4f4 !important;border-top-style: solid !important;border-bottom-color: #f4f4f4 !important;border-bottom-style: solid !important;} }<\/style><\/div> <div class='row vc_row '><div class='col-md-6 vc_custom_1558856501047'><div class='row '><div class='col-md-6 col-inner'><div class='col-inwrap'><div class='vc-image text-center'><figure><div><img src='https:\/\/ajediam.com\/wp-content\/uploads\/2019\/03\/Oval_pear_beryl_emerald_diamond_pendant_Ajediam.jpg' alt=''><\/div><\/figure><\/div><\/div><\/div><div class='col-md-6 col-inner'><div class='col-inwrap'><div class='mb-4'><p><\/p>\n<p><strong>Pendentif en \u00e9meraude beryl en forme de poire ovale<\/strong><\/p>\n<p>Serti en grappe en or jaune 18K de 4,20 grammes<br \/>\n1,60 carat d&rsquo;\u00e9meraude verte en forme de poire de qualit\u00e9 visuellement propre 0,13 carat de diamant taille brillant rond Couleur Rare White + (F) &#8211; Puret\u00e9 Loupe Clean (VS)<br \/>\nR\u00e9f A294 &#8211; <a href=\"mailto:care@ajediam.com?&amp;subject=Green Oval Emerald Circle diamonds pendant A249\">Email<\/a> <\/p><\/div><a class='lab-button' href='\/our-quick-inquiry-form\/' target='' title='make inquiry'>make inquiry<\/a><\/div><\/div><\/div><\/div><style>.vc_custom_1558856501047 { border-top-width: 1px !important;border-right-width: 1px !important;border-bottom-width: 1px !important;border-left-width: 1px !important;background-color: #f4f4f4 !important;border-left-color: #f4f4f4 !important;border-left-style: solid !important;border-right-color: #f4f4f4 !important;border-right-style: solid !important;border-top-color: #f4f4f4 !important;border-top-style: solid !important;border-bottom-color: #f4f4f4 !important;border-bottom-style: solid !important;} }<\/style><div class='col-md-6 vc_custom_1558856542148'><div class='row '><div class='col-md-6 col-inner'><div class='col-inwrap'><div class='vc-image text-center'><figure><div><img src='https:\/\/ajediam.com\/wp-content\/uploads\/2019\/03\/Sri_Lanka_oval_Sapphire_diamond_pendant_Ajediam.jpg' alt=''><\/div><\/figure><\/div><\/div><\/div><div class='col-md-6 col-inner'><div class='col-inwrap'><div class='mb-4'><p><\/p>\n<p><strong>Pendentif en saphir ovale du Sri Lanka<\/strong><\/p>\n<p>Serti en grappes en or blanc et jaune ou en or blanc 18K de 3,50 grammes<br \/>\n1,67 carat de saphir taill\u00e9 en ovale du Sri Lanka,<br \/>\n0,26 carat de diamant taille brillant rond<br \/>\nCouleur Rare White + (F) &#8211; Puret\u00e9 Loupe Clean (VS1)<br \/>\nR\u00e9f A296 &#8211; <a href=\"mailto:care@ajediam.com?&amp;subject=Sri Lanka oval Sapphire diamond pendant A296\">Email<\/a> <\/p><\/div><a class='lab-button' href='\/our-quick-inquiry-form\/' target='' title='make inquiry'>make inquiry<\/a><\/div><\/div><\/div><\/div><style>.vc_custom_1558856542148 { border-top-width: 1px !important;border-right-width: 1px !important;border-bottom-width: 1px !important;border-left-width: 1px !important;border-left-color: #f4f4f4 !important;border-left-style: solid !important;border-right-color: #f4f4f4 !important;border-right-style: solid !important;border-top-color: #f4f4f4 !important;border-top-style: solid !important;border-bottom-color: #f4f4f4 !important;border-bottom-style: solid !important;} }<\/style><\/div> <div class='row vc_row '><div class='col-md-12 '><div style='height: 32px;'><\/div><div class='row '><div class='col-md-4 col-inner'><div class='col-inwrap'><div class='vc-image text-center'><figure><div><img src='https:\/\/ajediam.com\/wp-content\/uploads\/2019\/03\/pendant_diamonds_pink_sapphireselement150.jpg' alt=''><\/div><\/figure><\/div><div class='mb-4'><p><\/p>\n<p style=\"text-align: center;\"><a href=\"\/pendant-diamonds-pink-sapphires\/\">Pendentif en saphir rose et diamant<\/a><\/p>\n<p><\/p><\/div><\/div><\/div><div class='col-md-4 col-inner'><div class='col-inwrap'><div class='vc-image text-center'><figure><div><img src='https:\/\/ajediam.com\/wp-content\/uploads\/2019\/03\/pendant_small_solitude_compr.jpg' alt=''><\/div><\/figure><\/div><div class='mb-4'><p><\/p>\n<p style=\"text-align: center;\"><a href=\"\/pendant-heart-diamonds-solitudine\/\">Pendentif en diamants en forme de c\u0153ur<\/a><\/p>\n<p><\/p><\/div><\/div><\/div><div class='col-md-4 col-inner'><div class='col-inwrap'><div class='vc-image text-center'><figure><div><img src='https:\/\/ajediam.com\/wp-content\/uploads\/2019\/03\/pendant_Occhio-che-vede275.jpg' alt=''><\/div><\/figure><\/div><div class='mb-4'><p><\/p>\n<p style=\"text-align: center;\"><a href=\"\/pendant-diamonds-ruby-occhio-2\/\">Pendentif en rubis et diamant<\/a><\/p>\n<p><\/p><\/div><\/div><\/div><\/div><div style='height: 32px;'><\/div><hr class='mb-4' \/><\/div><\/div> <div class='row vc_row '><div class='col-md-2 '><\/div><div class='col-md-8 '><div class='vc-image '><figure><div><img src='https:\/\/ajediam.com\/wp-content\/uploads\/2019\/03\/Ajediam_footer_Buy_now_13_03_2015.jpg' alt=''><\/div><\/figure><\/div><\/div><div class='col-md-2 '><\/div><\/div> <\/p>\n","protected":false},"excerpt":{"rendered":"","protected":false},"author":7,"featured_media":0,"parent":0,"menu_order":0,"comment_status":"closed","ping_status":"closed","template":"","meta":{"ub_ctt_via":"","footnotes":""},"acf":[],"featured_image_src":null,"_links":{"self":[{"href":"https:\/\/ajediam.com\/fr\/wp-json\/wp\/v2\/pages\/10314"}],"collection":[{"href":"https:\/\/ajediam.com\/fr\/wp-json\/wp\/v2\/pages"}],"about":[{"href":"https:\/\/ajediam.com\/fr\/wp-json\/wp\/v2\/types\/page"}],"author":[{"embeddable":true,"href":"https:\/\/ajediam.com\/fr\/wp-json\/wp\/v2\/users\/7"}],"replies":[{"embeddable":true,"href":"https:\/\/ajediam.com\/fr\/wp-json\/wp\/v2\/comments?post=10314"}],"version-history":[{"count":2,"href":"https:\/\/ajediam.com\/fr\/wp-json\/wp\/v2\/pages\/10314\/revisions"}],"predecessor-version":[{"id":10318,"href":"https:\/\/ajediam.com\/fr\/wp-json\/wp\/v2\/pages\/10314\/revisions\/10318"}],"wp:attachment":[{"href":"https:\/\/ajediam.com\/fr\/wp-json\/wp\/v2\/media?parent=10314"}],"curies":[{"name":"wp","href":"https:\/\/api.w.org\/{rel}","templated":true}]}}