{"id":10319,"date":"2019-05-04T14:31:50","date_gmt":"2019-05-04T14:31:50","guid":{"rendered":"https:\/\/ajediam.com\/?page_id=10319"},"modified":"2023-12-28T14:01:38","modified_gmt":"2023-12-28T14:01:38","slug":"colliers","status":"publish","type":"page","link":"https:\/\/ajediam.com\/fr\/colliers\/","title":{"rendered":"Colliers"},"content":{"rendered":"<p><div class='row vc_row '><div class='col-md-12 '><h2 class='section-title'>Comment acheter des colliers en diamants sur mesure de luxe, des colliers, des bandeaux et des ras-du-cou con\u00e7us par un ma\u00eetre bijoutier cr\u00e9ateur de mode qui cr\u00e9e de superbes bijoux en gros ? Nous vous montrons comment cr\u00e9er votre collier parfait.<\/h2><p>Colliers en diamants sur mesure de luxe, tr\u00e8s chers ou bon march\u00e9<br \/>\nDes colliers en diamants tr\u00e8s sp\u00e9ciaux, \u00e9l\u00e9gants, intemporels et \u00e0 la mode pour mettre en valeur les \u00e9paules, le cou et le d\u00e9collet\u00e9.<br \/>\nAchetez au prix de gros au Centre mondial du commerce du diamant \u00e0 Anvers chez Ajediam<\/p><\/div><\/div> <div class='row vc_row vc_custom_1552886396531'><div class='col-md-12 '><div class='row '><div class='col-md-6 col-inner'><div class='col-inwrap'><div class='vc-image text-center'><figure><div><img src='https:\/\/ajediam.com\/wp-content\/uploads\/2019\/03\/Halo_pink_diamond_necklace-199x300.jpg' alt=''><\/div><\/figure><\/div><\/div><\/div><div class='col-md-6 col-inner'><div class='col-inwrap'><div class='mb-4'><p>Tr\u00e8s \u00e9l\u00e9gant collier en diamant Halo, avec des diamants roses sur les c\u00f4t\u00e9s<br \/>\nToutes les pi\u00e8ces de bijoux sont cr\u00e9\u00e9es sur mesure par notre ma\u00eetre bijoutier Italdesign<br \/>\nen tant que service GRATUIT pour nos clients privil\u00e9gi\u00e9s !<\/p><\/div><\/div><\/div><\/div><div class='mb-4'><p>Les colliers pr\u00e9sent\u00e9s sont tous fabriqu\u00e9s sur mesure<br \/>\n<a href=\"\/fr\/prix-des-diamants\/diamant-naturel-blanc\/\">Commencez par choisir vos diamants<\/a> et <a href=\"\/fr\/diamants-101\/tailles-des-diamants\/\">leur taille<\/a>, puis choisissez votre monture<br \/>\nen or blanc, jaune ou rose 18 carats ou en platine pur<br \/>\n<strong>Achetez en ligne<\/strong><br \/>\nou<br \/>\nachetez dans notre usine au Centre mondial du commerce du diamant \u00e0 Anvers.<br \/>\n<strong>Veuillez noter !<\/strong> L&rsquo;entr\u00e9e est r\u00e9serv\u00e9e aux invit\u00e9s uniquement.<br \/>\nPour obtenir votre invitation, envoyez un <a href=\"\/fr\/notre-formulaire-de-demande-rapide\/\">e-mail<\/a> ou appelez le +32 3 808 72 02<\/p>\n<p>Avez-vous un collier en diamant, un collier ou un ras-du-cou personnalis\u00e9 en t\u00eate ?<br \/>\nEnvoyez-moi vos souhaits par <a href=\"mailto:care@ajediam.com?&amp;subject=Personal%20Necklace%20Request\">e-mail<\/a> !<\/p><\/div><\/div><\/div> <style>.vc_custom_1552886396531 { border-top-width: 3px !important;border-right-width: 3px !important;border-bottom-width: 3px !important;border-left-width: 3px !important;border-left-color: #e2ebf0 !important;border-left-style: solid !important;border-right-color: #e2ebf0 !important;border-right-style: solid !important;border-top-color: #e2ebf0 !important;border-top-style: solid !important;border-bottom-color: #e2ebf0 !important;border-bottom-style: solid !important;} }<\/style><div class='row vc_row vc_custom_1552886396531'><div class='col-md-12 '><div class='row '><div class='col-md-8 col-inner'><div class='col-inwrap'><div class='mb-4'><p>60 carats de diamants de couleurs fantaisie,<\/p>\n<p>pour un ras-du-cou en diamants sur mesure co\u00fbteux.<\/p><\/div><\/div><\/div><div class='col-md-4 col-inner'><div class='col-inwrap'><div class='vc-image text-center'><figure><a href='\/colliers-en-diamants-les-plus-chers' class='d-block'><img src='https:\/\/ajediam.com\/wp-content\/uploads\/2019\/03\/Color_Diamonds_Necklace_Ajediam_diamonds_sparkles_watermark-234x300.jpg' alt=''><\/a><\/figure><\/div><\/div><\/div><\/div><\/div><\/div> <style>.vc_custom_1552886396531 { border-top-width: 3px !important;border-right-width: 3px !important;border-bottom-width: 3px !important;border-left-width: 3px !important;border-left-color: #e2ebf0 !important;border-left-style: solid !important;border-right-color: #e2ebf0 !important;border-right-style: solid !important;border-top-color: #e2ebf0 !important;border-top-style: solid !important;border-bottom-color: #e2ebf0 !important;border-bottom-style: solid !important;} }<\/style><div class='row vc_row vc_custom_1552886396531'><div class='col-md-12 '><div class='row '><div class='col-md-6 col-inner'><div class='col-inwrap'><div class='vc-image text-center'><figure><a href='\/collier-en-diamant-cle-de-mon-coeur' class='d-block'><img src='https:\/\/ajediam.com\/wp-content\/uploads\/2019\/03\/neclace_diamonds_Cles-au-coeur85_verzamel_medium.jpg' alt=''><\/a><\/figure><\/div><div class='vc-image text-center'><figure><a href='\/collier-en-diamant-cle-de-mon-coeur' class='d-block'><img src='https:\/\/ajediam.com\/wp-content\/uploads\/2019\/03\/diamond_neclace_Cles-au-coeur_part_enlarged.jpg' alt=''><\/a><\/figure><\/div><div class='mb-4'><p><\/p>\n<p style=\"text-align: center;\"><a href=\"https:\/\/ajediam.com\/diamond-necklace-key-to-my-heart\">Collier de luxe en diamant style collier<\/a><\/p>\n<p><\/p><\/div><\/div><\/div><div class='col-md-6 col-inner'><div class='col-inwrap'><div class='vc-image text-center'><figure><a href='\/bijoux-en-diamants\/' class='d-block'><img src='https:\/\/ajediam.com\/wp-content\/uploads\/2019\/03\/Collier_fleurs_de_Printemps_8_cm-300x153.jpg' alt=''><\/a><\/figure><\/div><div class='mb-4'><p><\/p>\n<p style=\"text-align: center;\"><a href=\"https:\/\/ajediam.com\/diamond-jewelry\/\">Collier en diamant sur mesure exceptionnel<\/a><\/p>\n<p><\/p><\/div><\/div><\/div><\/div><\/div><\/div> <style>.vc_custom_1552886396531 { border-top-width: 3px !important;border-right-width: 3px !important;border-bottom-width: 3px !important;border-left-width: 3px !important;border-left-color: #e2ebf0 !important;border-left-style: solid !important;border-right-color: #e2ebf0 !important;border-right-style: solid !important;border-top-color: #e2ebf0 !important;border-top-style: solid !important;border-bottom-color: #e2ebf0 !important;border-bottom-style: solid !important;} }<\/style><div class='row vc_row vc_custom_1552886396531'><div class='col-md-12 '><div class='row '><div class='col-md-6 col-inner'><div class='col-inwrap'><div class='vc-image text-center'><figure><a href='\/colliers-diamants-etoiles' class='d-block'><img src='https:\/\/ajediam.com\/wp-content\/uploads\/2019\/03\/skystar_necklace_ajediam.com_-288x300.jpg' alt=''><\/a><\/figure><\/div><div class='vc-image text-center'><figure><a href='\/colliers-diamants-etoiles' class='d-block'><img src='https:\/\/ajediam.com\/wp-content\/uploads\/2019\/03\/skystar_solitaire_diamonds.jpg' alt=''><\/a><\/figure><\/div><div class='mb-4'><p><\/p>\n<p style=\"text-align: center;\"><a href=\"\/stars-diamonds-necklaces\/\">Colliers en diamants \u00e9toil\u00e9s<\/a><\/p>\n<p><\/p><\/div><\/div><\/div><div class='col-md-6 col-inner'><div class='col-inwrap'><div class='vc-image text-center'><figure><a href='\/collier-en-diamant-ligne-parfaite' class='d-block'><img src='https:\/\/ajediam.com\/wp-content\/uploads\/2019\/03\/necklace_linea_perfetta_145.jpg' alt=''><\/a><\/figure><\/div><div class='mb-4'><p><\/p>\n<p style=\"text-align: center;\"><a href=\"https:\/\/ajediam.com\/necklace-perfect-line-diamonds\/\">Un cadeau de mariage parfait<\/a><\/p>\n<p><\/p><\/div><\/div><\/div><\/div><\/div><\/div> <style>.vc_custom_1552886396531 { border-top-width: 3px !important;border-right-width: 3px !important;border-bottom-width: 3px !important;border-left-width: 3px !important;border-left-color: #e2ebf0 !important;border-left-style: solid !important;border-right-color: #e2ebf0 !important;border-right-style: solid !important;border-top-color: #e2ebf0 !important;border-top-style: solid !important;border-bottom-color: #e2ebf0 !important;border-bottom-style: solid !important;} }<\/style><div class='row vc_row vc_custom_1552886396531'><div class='row '><div class='col-md-6 col-inner'><div class='col-inwrap'><div class='vc-image text-center'><figure><a href='\/fr\/pendentifs\/' class='d-block'><img src='https:\/\/ajediam.com\/wp-content\/uploads\/2019\/03\/Black_pearls_neckalce_100_in_breedte.jpg' alt=''><\/a><\/figure><\/div><div class='mb-4'><p><\/p><\/div><\/p>\n<p style=\"text-align: center;\"><a href=\"https:\/\/ajediam.com\/fr\/pendentifs\/\">Colliers en diamants + perles<\/a><\/div><\/div><div class='col-md-6 col-inner'><div class='col-inwrap'><div class='vc-image text-center'><figure><a href='\/collier-diamant-solitaire' class='d-block'><img src='https:\/\/ajediam.com\/wp-content\/uploads\/2019\/03\/necklace_solitaire_diamond_145.jpg' alt=''><\/a><\/figure><\/div><div class='mb-4'><p><\/p><\/div><\/p>\n<p style=\"text-align: center;\"><a href=\"https:\/\/ajediam.com\/necklace-diamond-solitaire\/\">Collier solitaire en diamant<\/a><\/p>\n<p><\/div><\/div><\/div><\/div> <style>.vc_custom_1552886396531 { border-top-width: 3px !important;border-right-width: 3px !important;border-bottom-width: 3px !important;border-left-width: 3px !important;border-left-color: #e2ebf0 !important;border-left-style: solid !important;border-right-color: #e2ebf0 !important; border-right-style: solid !important;border-top-color: #e2ebf0 !important;border-top-style: solid !important;border-bottom-color: #e2ebf0 !important;border-bottom-style: solid !important;} }<\/style><div class='row vc_row vc_custom_1552886396531'><div class='col-md-12 '><div class='row '><div class='col-md-12 col-inner'><div class='col-inwrap'><div class='vc-image text-center'><figure><a href='\/fr\/rugueux-minier\/diamants-bruts\/' class='d-block'><img src='https:\/\/ajediam.com\/wp-content\/uploads\/2019\/03\/pendant_rough___polished_diamond_5cm.jpg' alt=''><\/a><\/figure><\/div><div class='mb-4'><p><\/p>\n<p style=\"text-align: center;\"><a href=\"https:\/\/ajediam.com\/fr\/rugueux-minier\/diamants-bruts\/\">Collier en diamant brut<\/a><\/p>\n<p><\/p><\/div><\/div><\/div><\/div><\/div><\/div> <style>.vc_custom_1552886396531 { border-top-width: 3px !important;border-right-width: 3px !important;border-bottom-width: 3px !important;border-left-width: 3px !important;border-left-color: #e2ebf0 !important;border-left-style: solid !important;border-right-color: #e2ebf0 !important;border-right-style: solid !important;border-top-color: #e2ebf0 !important;border-top-style: solid !important;border-bottom-color: #e2ebf0 !important;border-bottom-style: solid !important;} }<\/style><div class='row vc_row '><div class='col-md-3 '><\/div><div class='col-md-3 '><div style='height: 32px;'><\/div><a class='lab-button' href='\/fr\/anneaux-de-mariage\/' target='' title='\/fr\/anneaux-de-mariag'>ACHETER MAINTENANT<\/a><\/div><div class='col-md-3 '><div style='height: 32px;'><\/div><a class='lab-button' href='\/fr\/notre-formulaire-de-demande-rapide\/' target='' title='\/fr\/notre-formulaire-de-demande-rapid'>CONSULTER LE GUIDE D'ACHAT<\/a><\/div><div class='col-md-3 '><\/div><\/div> <div class='row vc_row '><div class='col-md-2 '><\/div><div class='col-md-8 '><div style='height: 32px;'><\/div><div class='vc-image '><figure><div><img src='https:\/\/ajediam.com\/wp-content\/uploads\/2019\/03\/Ajediam_footer_Buy_now_13_03_2015.jpg' alt=''><\/div><\/figure><\/div><\/div><div class='col-md-2 '><\/div><\/div> <\/p>\n","protected":false},"excerpt":{"rendered":"","protected":false},"author":5,"featured_media":0,"parent":0,"menu_order":0,"comment_status":"closed","ping_status":"closed","template":"","meta":{"ub_ctt_via":"","footnotes":""},"acf":[],"featured_image_src":null,"_links":{"self":[{"href":"https:\/\/ajediam.com\/fr\/wp-json\/wp\/v2\/pages\/10319"}],"collection":[{"href":"https:\/\/ajediam.com\/fr\/wp-json\/wp\/v2\/pages"}],"about":[{"href":"https:\/\/ajediam.com\/fr\/wp-json\/wp\/v2\/types\/page"}],"author":[{"embeddable":true,"href":"https:\/\/ajediam.com\/fr\/wp-json\/wp\/v2\/users\/5"}],"replies":[{"embeddable":true,"href":"https:\/\/ajediam.com\/fr\/wp-json\/wp\/v2\/comments?post=10319"}],"version-history":[{"count":9,"href":"https:\/\/ajediam.com\/fr\/wp-json\/wp\/v2\/pages\/10319\/revisions"}],"predecessor-version":[{"id":11852,"href":"https:\/\/ajediam.com\/fr\/wp-json\/wp\/v2\/pages\/10319\/revisions\/11852"}],"wp:attachment":[{"href":"https:\/\/ajediam.com\/fr\/wp-json\/wp\/v2\/media?parent=10319"}],"curies":[{"name":"wp","href":"https:\/\/api.w.org\/{rel}","templated":true}]}}