{"id":10336,"date":"2019-04-07T18:49:34","date_gmt":"2019-04-07T18:49:34","guid":{"rendered":"https:\/\/ajediam.com\/?page_id=10336"},"modified":"2023-07-09T12:19:55","modified_gmt":"2023-07-09T12:19:55","slug":"bracelets","status":"publish","type":"page","link":"https:\/\/ajediam.com\/fr\/bracelets\/","title":{"rendered":"Bracelets"},"content":{"rendered":"<p><div class='row vc_row '><div class='col-md-12 '><h2 class='section-title'>Quel est le meilleur endroit pour acheter un bracelet de tennis ?<\/h2><p>Comment acheter un bracelet de tennis en diamants ? Votre bracelet de tennis sur mesure, en ligne, en infini, esclave ou jonc ?<br \/>\nAchetez en tant que professionnel d\u00e9butant, au v\u00e9ritable prix de gros et avec la meilleure qualit\u00e9 chez Ajediam, une c\u00e9l\u00e8bre soci\u00e9t\u00e9 de diamants.<\/p><div class='mb-4'><p>Bague de fian\u00e7ailles en trilogie de diamants noirs avec des diamants lat\u00e9raux Trillion<br \/>\nAchetez \u00e0 des prix de gros dans la boutique hors taxes du Centre mondial du diamant d&rsquo;Anvers, Ajediam<\/p><\/div><\/div><\/div> <div class='row vc_row vc_custom_1552886396531'><div class='col-md-12 '><div class='row '><div class='col-md-4 col-inner'><div class='col-inwrap'><div class='vc-image text-center'><figure><div><img src='https:\/\/ajediam.com\/wp-content\/uploads\/2019\/03\/Diamond_bracelet_Rivi_re_diamant_516_Ray_15x7cm_watermark_Ajediam-300x144.jpg' alt=''><\/div><\/figure><\/div><\/div><\/div><div class='col-md-8 col-inner'><div class='col-inwrap'><div class='mb-4'><p>Histoire et origine du bracelet de tennis<\/p>\n<h3>Bracelet de tennis en diamants sertis clos en or blanc 18 carats<\/h3>\n<p>Aussi disponible sur mesure, avec les meilleurs sertissages en or blanc, jaune, rose 18 carats ou en platine, R\u00e9f. R516 &#8211; <a href=\"mailto:care@ajediam.com?&amp;subject=Diamond%20bracelet%20Rivi%C3%A8re%20diamant%20R516\">Email<\/a><\/p>\n<p>Visitez nos bureaux au Centre mondial du diamant \u00e0 Anvers ou achetez \u00e0 distance<br \/>\nen tant que professionnel d\u00e9butant, au v\u00e9ritable prix de gros.<br \/>\n<a href=\"\/fr\/notre-formulaire-de-demande-rapide\/\">Email<\/a><br \/>\n<strong>Veuillez noter !<\/strong> L&rsquo;entr\u00e9e est r\u00e9serv\u00e9e aux invit\u00e9s.<\/p><\/div><\/div><\/div><\/div><\/div><\/div> <style>.vc_custom_1552886396531 { border-top-width: 3px !important;border-right-width: 3px !important;border-bottom-width: 3px !important;border-left-width: 3px !important;border-left-color: #e2ebf0 !important;border-left-style: solid !important;border-right-color: #e2ebf0 !important;border-right-style: solid !important;border-top-color: #e2ebf0 !important;border-top-style: solid !important;border-bottom-color: #e2ebf0 !important;border-bottom-style: solid !important;} }<\/style><div class='row vc_row vc_custom_1552886396531'><div class='col-md-12 '><div class='row '><div class='col-md-8 col-inner'><div class='col-inwrap'><div class='mb-4'><p><\/p>\n<h3>Bracelet crois\u00e9 en diamants en or blanc 18 carats<\/h3>\n<p>Aussi disponible sur mesure en or blanc, jaune, rose 18 carats ou en platine, R\u00e9f. R507 &#8211; <a href=\"mailto:care@ajediam.com?&amp;subject=Cross%20Over%20Bracelet%20R507\">Email<\/a><\/p><\/div><\/div><\/div><div class='col-md-4 col-inner'><div class='col-inwrap'><div class='vc-image text-center'><figure><div><img src='https:\/\/ajediam.com\/wp-content\/uploads\/2019\/03\/Bracelet_R507__Ajediam-300x115.jpg' alt=''><\/div><\/figure><\/div><\/div><\/div><\/div><\/div><\/div> <style>.vc_custom_1552886396531 { border-top-width: 3px !important;border-right-width: 3px !important;border-bottom-width: 3px !important;border-left-width: 3px !important;border-left-color: #e2ebf0 !important;border-left-style: solid !important;border-right-color: #e2ebf0 !important;border-right-style: solid !important;border-top-color: #e2ebf0 !important;border-top-style: solid !important;border-bottom-color: #e2ebf0 !important;border-bottom-style: solid !important;} }<\/style><div class='row vc_row vc_custom_1552886396531'><div class='col-md-12 '><div class='row '><div class='col-md-4 col-inner'><div class='col-inwrap'><div class='vc-image text-center'><figure><div><img src='https:\/\/ajediam.com\/wp-content\/uploads\/2019\/03\/Bracelet_Eternity_R503_Ajediam-300x121.jpg' alt=''><\/div><\/figure><\/div><\/div><\/div><div class='col-md-8 col-inner'><div class='col-inwrap'><div class='mb-4'><p><\/p>\n<h3>Bracelet de tennis en diamants sertis en canal complet ou demi-tour en or blanc 18 carats<\/h3>\n<p>Aussi disponible sur mesure en or blanc, jaune, rose 18 carats ou en platine, R\u00e9f. R503 &#8211; <a href=\"mailto:care@ajediam.com?&amp;subject=Chanel%20Diamond%20Bracelet%20R503\">Email<\/a><\/p><\/div><\/div><\/div><\/div><\/div><\/div> <style>.vc_custom_1552886396531 { border-top-width: 3px !important;border-right-width: 3px !important;border-bottom-width: 3px !important;border-left-width: 3px !important;border-left-color: #e2ebf0 !important;border-left-style: solid !important;border-right-color: #e2ebf0 !important;border-right-style: solid !important;border-top-color: #e2ebf0 !important;border-top-style: solid !important;border-bottom-color: #e2ebf0 !important;border-bottom-style: solid !important;} }<\/style><div class='row vc_row vc_custom_1552886396531'><div class='col-md-12 '><div class='row '><div class='col-md-8 col-inner'><div class='col-inwrap'><div class='mb-4'><p><\/p>\n<h3>Bracelet de tennis en diamants pav\u00e9, 3 rang\u00e9es, en or blanc 18 carats<\/h3>\n<p>Aussi disponible sur mesure en or blanc, jaune, rose 18 carats ou en platine, R\u00e9f. R508 &#8211; <a href=\"mailto:care@ajediam.com?&amp;subject=Bracelet%20half%20pave%20set%20R508\">Email<\/a><\/p><\/div><\/div><\/div><div class='col-md-4 col-inner'><div class='col-inwrap'><div class='vc-image text-center'><figure><div><img src='https:\/\/ajediam.com\/wp-content\/uploads\/2019\/03\/Bracelet_half_pave_set_R508_Ajediam-300x109.jpg' alt=''><\/div><\/figure><\/div><\/div><\/div><\/div><\/div><\/div> <style>.vc_custom_1552886396531 { border-top-width: 3px !important;border-right-width: 3px !important;border-bottom-width: 3px !important;border-left-width: 3px !important;border-left-color: #e2ebf0 !important;border-left-style: solid !important;border-right-color: #e2ebf0 !important;border-right-style: solid !important;border-top-color: #e2ebf0 !important;border-top-style: solid !important;border-bottom-color: #e2ebf0 !important;border-bottom-style: solid !important;} }<\/style><div class='row vc_row vc_custom_1552886396531'><div class='col-md-12 '><div class='row '><div class='col-md-4 col-inner'><div class='col-inwrap'><div class='vc-image text-center'><figure><div><img src='https:\/\/ajediam.com\/wp-content\/uploads\/2019\/03\/Bracelet_2_band_R055_Ajediam-300x111.jpg' alt=''><\/div><\/figure><\/div><\/div><\/div><div class='col-md-8 col-inner'><div class='col-inwrap'><div class='mb-4'><p><\/p>\n<h3>Bracelet ligne en diamants \u00e0 2 rangs, serti griffe, en or blanc 18 carats<\/h3>\n<p>Aussi disponible sur mesure en or blanc, jaune, rose 18 carats ou en platine, R\u00e9f. R055 &#8211; <a href=\"mailto:care@ajediam.com?&amp;subject=Bracelet%202%20band%20R055\">Email<\/a><\/p><\/div><\/div><\/div><\/div><\/div><\/div> <style>.vc_custom_1552886396531 { border-top-width: 3px !important;border-right-width: 3px !important;border-bottom-width: 3px !important;border-left-width: 3px !important;border-left-color: #e2ebf0 !important;border-left-style: solid !important;border-right-color: #e2ebf0 !important;border-right-style: solid !important;border-top-color: #e2ebf0 !important;border-top-style: solid !important;border-bottom-color: #e2ebf0 !important;border-bottom-style: solid !important;} }<\/style><div class='row vc_row vc_custom_1552886396531'><div class='col-md-12 '><div class='row '><div class='col-md-8 col-inner'><div class='col-inwrap'><div class='mb-4'><p><\/p>\n<h3>Bracelet esclave en diamants serti pav\u00e9 en or blanc et or rose 18 carats<\/h3>\n<p>Aussi disponible sur mesure en or blanc, jaune, rose 18 carats ou en platine, R\u00e9f. R501 &#8211; <a href=\"mailto:care@ajediam.com?&amp;subject=Slave%20Chain%20Bracelet%20R501\">Email<\/a><\/p><\/div><\/div><\/div><div class='col-md-4 col-inner'><div class='col-inwrap'><div class='vc-image text-center'><figure><div><img src='https:\/\/ajediam.com\/wp-content\/uploads\/2019\/03\/Slave_Chain_Bracelet_R501_Ajediam-300x127.jpg' alt=''><\/div><\/figure><\/div><\/div><\/div><\/div><\/div><\/div> <style>.vc_custom_1552886396531 { border-top-width: 3px !important;border-right-width: 3px !important;border-bottom-width: 3px !important;border-left-width: 3px !important;border-left-color: #e2ebf0 !important;border-left-style: solid !important;border-right-color: #e2ebf0 !important;border-right-style: solid !important;border-top-color: #e2ebf0 !important;border-top-style: solid !important;border-bottom-color: #e2ebf0 !important;border-bottom-style: solid !important;} }<\/style><div class='row vc_row vc_custom_1552886396531'><div class='col-md-12 '><div class='row '><div class='col-md-4 col-inner'><div class='col-inwrap'><div class='vc-image text-center'><figure><div><img src='https:\/\/ajediam.com\/wp-content\/uploads\/2019\/03\/Bracelet_slave_chain_R528_Ajediam-300x127.jpg' alt=''><\/div><\/figure><\/div><\/div><\/div><div class='col-md-8 col-inner'><div class='col-inwrap'><div class='mb-4'><p><\/p>\n<h3>Cha\u00eene en diamants sertis pav\u00e9 en or blanc et or rose 18 carats<\/h3>\n<p>Aussi disponible sur mesure en or jaune ou rose 18 carats ou en platine, R\u00e9f. R528<br \/>\n<a href=\"mailto:care@ajediam.com?&amp;subject=Bracelet%20slave%20chain%20R528\">Email<\/a> <\/p><\/div><\/div><\/div><\/div><\/div><\/div> <style>.vc_custom_1552886396531 { border-top-width: 3px !important;border-right-width: 3px !important;border-bottom-width: 3px !important;border-left-width: 3px !important;border-left-color: #e2ebf0 !important;border-left-style: solid !important;border-right-color: #e2ebf0 !important;border-right-style: solid !important;border-top-color: #e2ebf0 !important;border-top-style: solid !important;border-bottom-color: #e2ebf0 !important;border-bottom-style: solid !important;} }<\/style><div class='row vc_row vc_custom_1552886396531'><div class='col-md-12 '><div class='row '><div class='col-md-8 col-inner'><div class='col-inwrap'><div class='mb-4'><p><\/p>\n<h3>Bracelet jonc en diamants serti griffe en or blanc et or jaune 18 carats<\/h3>\n<p>Aussi disponible sur mesure en or rose 18 carats ou en platine, R\u00e9f. R514<br \/>\n<a href=\"mailto:care@ajediam.com?&amp;subject=Bangle%20Bracelet%20R514\">Email<\/a> <\/p><\/div><\/div><\/div><div class='col-md-4 col-inner'><div class='col-inwrap'><div class='vc-image text-center'><figure><div><img src='https:\/\/ajediam.com\/wp-content\/uploads\/2019\/03\/Bangle_Bracelet_R514_Ajediam-300x140.jpg' alt=''><\/div><\/figure><\/div><\/div><\/div><\/div><\/div><\/div> <style>.vc_custom_1552886396531 { border-top-width: 3px !important;border-right-width: 3px !important;border-bottom-width: 3px !important;border-left-width: 3px !important;border-left-color: #e2ebf0 !important;border-left-style: solid !important;border-right-color: #e2ebf0 !important;border-right-style: solid !important;border-top-color: #e2ebf0 !important;border-top-style: solid !important;border-bottom-color: #e2ebf0 !important;border-bottom-style: solid !important;} }<\/style><div class='row vc_row vc_custom_1552886396531'><div class='col-md-12 '><div class='row '><div class='col-md-4 col-inner'><div class='col-inwrap'><div class='vc-image text-center'><figure><div><img src='https:\/\/ajediam.com\/wp-content\/uploads\/2019\/03\/Bracelet_swirl_bangle_R050_Ajediam-300x159.jpg' alt=''><\/div><\/figure><\/div><\/div><\/div><div class='col-md-8 col-inner'><div class='col-inwrap'><div class='mb-4'><p><\/p>\n<h3>Bracelet en diamants entrelac\u00e9s en or blanc 18 carats<\/h3>\n<p>Aussi disponible sur mesure en or jaune, rose 18 carats ou en platine, R\u00e9f. R050<br \/>\n<a href=\"mailto:care@ajediam.com?&amp;subject=Bracelet%20swirl%20bangle%20R050\">Email<\/a> <\/p><\/div><\/div><\/div><\/div><\/div><\/div> <style>.vc_custom_1552886396531 { border-top-width: 3px !important;border-right-width: 3px !important;border-bottom-width: 3px !important;border-left-width: 3px !important;border-left-color: #e2ebf0 !important;border-left-style: solid !important;border-right-color: #e2ebf0 !important;border-right-style: solid !important;border-top-color: #e2ebf0 !important;border-top-style: solid !important;border-bottom-color: #e2ebf0 !important;border-bottom-style: solid !important;} }<\/style><div class='row vc_row '><div class='col-md-12 '><div style='height: 32px;'><\/div><div class='row '><div class='col-md-3 col-inner'><div class='col-inwrap'><div class='vc-image text-center'><figure><a href='\/bracelet-blue-diamonds-moonlight' class='d-block'><img src='https:\/\/ajediam.com\/wp-content\/uploads\/2019\/03\/Blue_diamond_tennis_bracelet_3.84_cm-1.jpg' alt=''><\/a><\/figure><\/div><div class='mb-4'><p><\/p>\n<p style=\"text-align: center;\"><a href=\"\/bracelet-blue-diamonds-moonlight\">Bracelet Infinity en diamants bleus<\/a><\/p>\n<p><\/p><\/div><\/div><\/div><div class='col-md-3 col-inner'><div class='col-inwrap'><div class='vc-image text-center'><figure><a href='\/tennis-bracelet-diamonds-stars' class='d-block'><img src='https:\/\/ajediam.com\/wp-content\/uploads\/2019\/03\/bracelet_diamonds_Trois-etoiles145_medium.jpg' alt=''><\/a><\/figure><\/div><div class='mb-4'><p><\/p>\n<p style=\"text-align: center;\"><a href=\"\/tennis-bracelet-diamonds-stars\">Bracelet ligne en diamants<\/a><\/p>\n<p><\/p><\/div><\/div><\/div><div class='col-md-3 col-inner'><div class='col-inwrap'><div class='vc-image text-center'><figure><a href='\/tennis-bracelet-diamonds-blue-sapphires-sparkling-river' class='d-block'><img src='https:\/\/ajediam.com\/wp-content\/uploads\/2019\/03\/bracelet_sapphires_diamonds_Riviere-joyeuse145_medium.jpg' alt=''><\/a><\/figure><\/div><div class='mb-4'><p><\/p>\n<p style=\"text-align: center;\"><a href=\"\/tennis-bracelet-diamonds-blue-sapphires-sparkling-river\">Bracelet de tennis en saphirs bleus<\/a><\/p>\n<p><\/p><\/div><\/div><\/div><div class='col-md-3 col-inner'><div class='col-inwrap'><div class='vc-image text-center'><figure><a href='\/tennis-bracelet-diamonds-dreams' class='d-block'><img src='https:\/\/ajediam.com\/wp-content\/uploads\/2019\/03\/bracelet_diamonds_Le-envie145_medium.jpg' alt=''><\/a><\/figure><\/div><div class='mb-4'><p><\/p>\n<p style=\"text-align: center;\">Bracelet de tennis en diamants baguette<\/p>\n<p><\/p><\/div><\/div><\/div><\/div><\/div><\/div> <div class='row vc_row '><div class='col-md-3 '><\/div><div class='col-md-3 '><div style='height: 32px;'><\/div><a class='lab-button' href='\/fr\/bagues-de-fiancailles\/' target='' title='\/fr\/bagues-de-fiancaille'>ACHETER MAINTENANT<\/a><\/div><div class='col-md-3 '><div style='height: 32px;'><\/div><a class='lab-button' href='\/fr\/notre-formulaire-de-demande-rapide\/' target='' title='\/fr\/notre-formulaire-de-demande-rapid'>CONSULTER LE GUIDE D'ACHAT<\/a><\/div><div class='col-md-3 '><\/div><\/div> <div class='row vc_row '><div class='col-md-12 '><div class='mb-4'><p>Bracelets de tennis : Que signifie le nom ?<\/p>\n<p>En 1987, Chris Evert, num\u00e9ro 1 mondiale du tennis f\u00e9minin, portait un bracelet en diamants lors d&rsquo;un match lorsque celui-ci s&rsquo;est cass\u00e9.<br \/>\nLe match a \u00e9t\u00e9 interrompu pour permettre \u00e0 Chris de r\u00e9cup\u00e9rer son bracelet en diamants.<\/p>\n<p>Depuis lors, le nom de bracelet de tennis en diamants est n\u00e9.<\/p>\n<p>Les bracelets de tennis en diamants sont port\u00e9s par des stars du tennis comme Gabriela Sabatini, Serena Williams et toutes les dames \u00e9l\u00e9gantes.<\/p>\n<p>Pour en savoir plus sur les bracelets de tennis en diamants, l&rsquo;origine des bracelets, leur signification culturelle,<br \/>\nles bracelets de sport, les bracelets de charme, les bracelets jonc, les bracelets \u00e0 claquer et les bracelets en perles : http:\/\/fr.wikipedia.org\/wiki\/Bracelets<\/p><\/div><\/div><\/div> <div class='row vc_row '><div class='col-md-2 '><\/div><div class='col-md-8 '><div style='height: 32px;'><\/div><div class='vc-image '><figure><a href='\/fr\/notre-formulaire-de-demande-rapide\/' class='d-block'><img src='https:\/\/ajediam.com\/wp-content\/uploads\/2019\/03\/Ajediam_footer_Buy_now_13_03_2015.jpg' alt=''><\/a><\/figure><\/div><\/div><div class='col-md-2 '><\/div><\/div> <\/p>\n","protected":false},"excerpt":{"rendered":"","protected":false},"author":5,"featured_media":9113,"parent":0,"menu_order":0,"comment_status":"closed","ping_status":"closed","template":"","meta":{"ub_ctt_via":"","footnotes":""},"acf":[],"featured_image_src":"https:\/\/ajediam.com\/wp-content\/uploads\/2019\/03\/bracelet_sapphires_diamonds_Riviere-joyeuse145_medium.jpg","_links":{"self":[{"href":"https:\/\/ajediam.com\/fr\/wp-json\/wp\/v2\/pages\/10336"}],"collection":[{"href":"https:\/\/ajediam.com\/fr\/wp-json\/wp\/v2\/pages"}],"about":[{"href":"https:\/\/ajediam.com\/fr\/wp-json\/wp\/v2\/types\/page"}],"author":[{"embeddable":true,"href":"https:\/\/ajediam.com\/fr\/wp-json\/wp\/v2\/users\/5"}],"replies":[{"embeddable":true,"href":"https:\/\/ajediam.com\/fr\/wp-json\/wp\/v2\/comments?post=10336"}],"version-history":[{"count":1,"href":"https:\/\/ajediam.com\/fr\/wp-json\/wp\/v2\/pages\/10336\/revisions"}],"predecessor-version":[{"id":10338,"href":"https:\/\/ajediam.com\/fr\/wp-json\/wp\/v2\/pages\/10336\/revisions\/10338"}],"wp:featuredmedia":[{"embeddable":true,"href":"https:\/\/ajediam.com\/fr\/wp-json\/wp\/v2\/media\/9113"}],"wp:attachment":[{"href":"https:\/\/ajediam.com\/fr\/wp-json\/wp\/v2\/media?parent=10336"}],"curies":[{"name":"wp","href":"https:\/\/api.w.org\/{rel}","templated":true}]}}