{"id":10340,"date":"2019-04-08T07:20:11","date_gmt":"2019-04-08T07:20:11","guid":{"rendered":"https:\/\/ajediam.com\/?page_id=10340"},"modified":"2023-07-09T12:26:37","modified_gmt":"2023-07-09T12:26:37","slug":"broches","status":"publish","type":"page","link":"https:\/\/ajediam.com\/fr\/broches\/","title":{"rendered":"Broches"},"content":{"rendered":"<p><div class='row vc_row '><div class='col-md-12 '><h2 class='section-title'>Comment acheter votre propre broche ou \u00e9pingle \u00e0 diamants parfaite ?<\/h2><p>C&rsquo;est facile \u00e0 comprendre : notre Ma\u00eetre Joaillier vous aidera \u00e0 cr\u00e9er votre propre broche et \u00e9pingle personnalis\u00e9es gratuitement, qu&rsquo;il s&rsquo;agisse d&rsquo;un style Art D\u00e9co, d&rsquo;une lettre monogramme pour des \u00e9v\u00e9nements sp\u00e9ciaux, d&rsquo;une broche antique, d&rsquo;animaux ou de bouquets de fleurs. Achetez chez Ajediam.<\/p><div class='mb-4'><p>Bague de fian\u00e7ailles en trilogie de diamants noirs avec des diamants trilliant lat\u00e9raux<br \/>\nAchetez \u00e0 des prix de gros \u00e0 la Tax Free Export Store du Centre mondial du diamant d&rsquo;Anvers d&rsquo;Ajediam<\/p><\/div><\/div><\/div> <div class='row vc_row vc_custom_1552886396531'><div class='col-md-12 '><div class='row '><div class='col-md-4 col-inner'><div class='col-inwrap'><div class='vc-image text-center'><figure><div><img src='https:\/\/ajediam.com\/wp-content\/uploads\/2019\/03\/Diamond_flowers_brooch_Ajediam_10cm-300x150.jpg' alt=''><\/div><\/figure><\/div><\/div><\/div><div class='col-md-8 col-inner'><div class='col-inwrap'><h2 class='section-title'>Broche en forme de bouquet de fleurs faite \u00e0 la main avec des diamants<\/h2><div class='mb-4'><p>Serti griffe en or blanc, jaune ou rose 18 carats ou en platine pur<br \/>\n<a href=\"mailto:care@ajediam.com?&amp;subject=Diamond%20brooch%20flower%20bouquet\">Email<\/a> <\/p><\/div><\/div><\/div><\/div><\/div><\/div> <style>.vc_custom_1552886396531 { border-top-width: 3px !important;border-right-width: 3px !important;border-bottom-width: 3px !important;border-left-width: 3px !important;border-left-color: #e2ebf0 !important;border-left-style: solid !important;border-right-color: #e2ebf0 !important;border-right-style: solid !important;border-top-color: #e2ebf0 !important;border-top-style: solid !important;border-bottom-color: #e2ebf0 !important;border-bottom-style: solid !important;} }<\/style><div class='row vc_row vc_custom_1552886396531'><div class='col-md-12 '><div class='row '><div class='col-md-8 col-inner'><div class='col-inwrap'><div class='mb-4'><p><\/p>\n<h3>Broche et pendentif avec monogramme en diamants<\/h3>\n<p>en or blanc, jaune ou rose 18 carats ou en platine pur<br \/>\n<a href=\"mailto:care@ajediam.com?&amp;subject=monogram%20diamond%20pendant\">Email<\/a> <\/p><\/div><\/div><\/div><div class='col-md-4 col-inner'><div class='col-inwrap'><div class='vc-image text-center'><figure><div><img src='https:\/\/ajediam.com\/wp-content\/uploads\/2019\/03\/Tanja_necklace_5_cm.jpg' alt=''><\/div><\/figure><\/div><\/div><\/div><\/div><\/div><\/div> <style>.vc_custom_1552886396531 { border-top-width: 3px !important;border-right-width: 3px !important;border-bottom-width: 3px !important;border-left-width: 3px !important;border-left-color: #e2ebf0 !important;border-left-style: solid !important;border-right-color: #e2ebf0 !important;border-right-style: solid !important;border-top-color: #e2ebf0 !important;border-top-style: solid !important;border-bottom-color: #e2ebf0 !important;border-bottom-style: solid !important;} }<\/style><div class='row vc_row vc_custom_1552886396531'><div class='col-md-12 '><div class='row '><div class='col-md-4 col-inner'><div class='col-inwrap'><div class='vc-image text-center'><figure><div><img src='https:\/\/ajediam.com\/wp-content\/uploads\/2019\/03\/brooch_pearls_diamonds_sapphire_heart_Antique_La-carozza145_compr-1.jpg' alt=''><\/div><\/figure><\/div><\/div><\/div><div class='col-md-8 col-inner'><div class='col-inwrap'><div class='mb-4'><p><\/p>\n<h3>Broche en forme de c\u0153ur avec des perles de mer sal\u00e9e de style Art D\u00e9co<\/h3>\n<p>R\u00e9plique en or jaune, blanc ou rose 18 carats ou en platine pur<br \/>\n<a href=\"mailto:care@ajediam.com?&amp;subject=Diamond%20pins%20fleur-de-lys\">Email<\/a> <\/p><\/div><\/div><\/div><\/div><\/div><\/div> <style>.vc_custom_1552886396531 { border-top-width: 3px !important;border-right-width: 3px !important;border-bottom-width: 3px !important;border-left-width: 3px !important;border-left-color: #e2ebf0 !important;border-left-style: solid !important;border-right-color: #e2ebf0 !important;border-right-style: solid !important;border-top-color: #e2ebf0 !important;border-top-style: solid !important;border-bottom-color: #e2ebf0 !important;border-bottom-style: solid !important;} }<\/style><div class='row vc_row vc_custom_1552886396531'><div class='col-md-12 '><div class='row '><div class='col-md-8 col-inner'><div class='col-inwrap'><div class='mb-4'><p><\/p>\n<h3>Magnifique broche et \u00e9pingles h\u00e9raldiques personnalis\u00e9es avec des lys de France<\/h3>\n<p>en or rose, blanc ou jaune 18 carats ou en platine pur<br \/>\n<a href=\"mailto:care@ajediam.com?&amp;subject=Diamond%20pins%20fleur-de-lys\">Email<\/a> <\/p><\/div><\/div><\/div><div class='col-md-4 col-inner'><div class='col-inwrap'><div class='vc-image text-center'><figure><div><img src='https:\/\/ajediam.com\/wp-content\/uploads\/2019\/03\/pins_019_15cm-167x300.jpg' alt=''><\/div><\/figure><\/div><\/div><\/div><\/div><\/div><\/div> <style>.vc_custom_1552886396531 { border-top-width: 3px !important;border-right-width: 3px !important;border-bottom-width: 3px !important;border-left-width: 3px !important;border-left-color: #e2ebf0 !important;border-left-style: solid !important;border-right-color: #e2ebf0 !important;border-right-style: solid !important;border-top-color: #e2ebf0 !important;border-top-style: solid !important;border-bottom-color: #e2ebf0 !important;border-bottom-style: solid !important;} }<\/style><div class='row vc_row vc_custom_1552886396531'><div class='col-md-12 '><div class='row '><div class='col-md-4 col-inner'><div class='col-inwrap'><div class='vc-image text-center'><figure><div><img src='https:\/\/ajediam.com\/wp-content\/uploads\/2019\/03\/pins_gold_club_030_15cm-106x300.jpg' alt=''><\/div><\/figure><\/div><\/div><\/div><div class='col-md-8 col-inner'><div class='col-inwrap'><div class='mb-4'><p><\/p>\n<h3>Broche et \u00e9pingles Golf Club en forme de club de golf<\/h3>\n<p>en or blanc et jaune ou en or rose 18 carats ou en platine pur<br \/>\n<a href=\"mailto:care@ajediam.com?&amp;subject=Diamond%20pins%20fleur-de-lys\">Email<\/a><\/p>\n<p><\/p><\/div><\/div><\/div><\/div><\/div><\/div> <style>.vc_custom_1552886396531 { border-top-width: 3px !important;border-right-width: 3px !important;border-bottom-width: 3px !important;border-left-width: 3px !important;border-left-color: #e2ebf0 !important;border-left-style: solid !important;border-right-color: #e2ebf0 !important;border-right-style: solid !important;border-top-color: #e2ebf0 !important;border-top-style: solid !important;border-bottom-color: #e2ebf0 !important;border-bottom-style: solid !important;} }<\/style><div class='row vc_row vc_custom_1552886396531'><div class='col-md-12 '><div class='row '><div class='col-md-8 col-inner'><div class='col-inwrap'><div class='mb-4'><p><\/p>\n<h3>\u00c9pingles de monogramme initial<\/h3>\n<p>en or jaune, blanc ou rose 18 carats ou en platine pur<br \/>\n<a href=\"mailto:care@ajediam.com?&amp;subject=Diamond%20pins%20fleur-de-lys\">Email<\/a> <\/p><\/div><\/div><\/div><div class='col-md-4 col-inner'><div class='col-inwrap'><div class='vc-image text-center'><figure><div><img src='https:\/\/ajediam.com\/wp-content\/uploads\/2019\/03\/pins_W_10cm-231x300.jpg' alt=''><\/div><\/figure><\/div><\/div><\/div><\/div><\/div><\/div> <style>.vc_custom_1552886396531 { border-top-width: 3px !important;border-right-width: 3px !important;border-bottom-width: 3px !important;border-left-width: 3px !important;border-left-color: #e2ebf0 !important;border-left-style: solid !important;border-right-color: #e2ebf0 !important;border-right-style: solid !important;border-top-color: #e2ebf0 !important;border-top-style: solid !important;border-bottom-color: #e2ebf0 !important;border-bottom-style: solid !important;} }<\/style><div class='row vc_row vc_custom_1552886396531'><div class='col-md-12 '><div class='row '><div class='col-md-4 col-inner'><div class='col-inwrap'><div class='vc-image text-center'><figure><div><img src='https:\/\/ajediam.com\/wp-content\/uploads\/2019\/04\/brooches__element316.jpg' alt=''><\/div><\/figure><\/div><\/div><\/div><div class='col-md-8 col-inner'><div class='col-inwrap'><div class='mb-4'><p><\/p>\n<h3>\u00c9pingles de monogramme en diamants<\/h3>\n<p>en or blanc, jaune ou rose 18 carats ou en platine pur<br \/>\n<a href=\"mailto:care@ajediam.com?&amp;subject=Monogram%20letter%20diamond%20pins\">Email<\/a> <\/p><\/div><\/div><\/div><\/div><\/div><\/div> <style>.vc_custom_1552886396531 { border-top-width: 3px !important;border-right-width: 3px !important;border-bottom-width: 3px !important;border-left-width: 3px !important;border-left-color: #e2ebf0 !important;border-left-style: solid !important;border-right-color: #e2ebf0 !important;border-right-style: solid !important;border-top-color: #e2ebf0 !important;border-top-style: solid !important;border-bottom-color: #e2ebf0 !important;border-bottom-style: solid !important;} }<\/style><div class='row vc_row vc_custom_1552886396531'><div class='col-md-12 '><div class='row '><div class='col-md-8 col-inner'><div class='col-inwrap'><div class='mb-4'><p><\/p>\n<h3>Broche papillon antique<\/h3>\n<p>R\u00e9plique pouvant \u00eatre r\u00e9alis\u00e9e en or rose, jaune ou blanc 18 carats ou en platine pur<br \/>\n<a href=\"mailto:care@ajediam.com?&amp;subject=Golf%20Club%20diamond%20pins\">Email<\/a> <\/p><\/div><\/div><\/div><div class='col-md-4 col-inner'><div class='col-inwrap'><div class='vc-image text-center'><figure><div><img src='https:\/\/ajediam.com\/wp-content\/uploads\/2019\/03\/brooch_pearl_diamonds_sapphires_antique_Little-buggy145_compr.jpg' alt=''><\/div><\/figure><\/div><\/div><\/div><\/div><\/div><\/div> <style>.vc_custom_1552886396531 { border-top-width: 3px !important;border-right-width: 3px !important;border-bottom-width: 3px !important;border-left-width: 3px !important;border-left-color: #e2ebf0 !important;border-left-style: solid !important;border-right-color: #e2ebf0 !important;border-right-style: solid !important;border-top-color: #e2ebf0 !important;border-top-style: solid !important;border-bottom-color: #e2ebf0 !important;border-bottom-style: solid !important;} }<\/style><div class='row vc_row '><div class='col-md-12 '><div style='height: 32px;'><\/div><div class='mb-4'><p>Avez-vous une broche ou une \u00e9pingle personnelle en t\u00eate ? Envoyez un <a href=\"mailto:care@ajediam.com?&amp;subject=personal%20brooch%20or%20pins%20quotation\">email<\/a><br \/>\nOutre notre s\u00e9lection habituelle de superbes bijoux de broches ou d&rsquo;\u00e9pingles,<br \/>\nnous vous offrons la possibilit\u00e9 de transmettre \u00e0 la prochaine g\u00e9n\u00e9ration des bijoux intemporels con\u00e7us sur mesure.<br \/>\nNous sommes fiers de compter parmi nous deux des designers de bijoux les plus talentueux d&rsquo;Anvers,<br \/>\nqui ont \u00e9galement acquis une renomm\u00e9e internationale consid\u00e9rable pour leurs cr\u00e9ations.<\/p><\/div><\/div><\/div> <div class='row vc_row '><div class='col-md-3 '><\/div><div class='col-md-3 '><div style='height: 32px;'><\/div><a class='lab-button' href='\/fr\/bagues-de-fiancailles\/' target='' title='\/fr\/bagues-de-fiancaille'>ACHETER MAINTENANT<\/a><\/div><div class='col-md-3 '><div style='height: 32px;'><\/div><a class='lab-button' href='\/fr\/notre-formulaire-de-demande-rapide\/' target='' title='\/fr\/notre-formulaire-de-demande-rapid'><\/a><\/div><div class='col-md-3 '><\/div><\/div> <div class='row vc_row '><div class='col-md-2 '><\/div><div class='col-md-8 '><div style='height: 32px;'><\/div><div class='vc-image '><figure><div><img src='https:\/\/ajediam.com\/wp-content\/uploads\/2019\/03\/Ajediam_footer_Buy_now_13_03_2015.jpg' alt=''><\/div><\/figure><\/div><\/div><div class='col-md-2 '><\/div><\/div> <\/p>\n","protected":false},"excerpt":{"rendered":"","protected":false},"author":5,"featured_media":0,"parent":0,"menu_order":0,"comment_status":"closed","ping_status":"closed","template":"","meta":{"ub_ctt_via":"","footnotes":""},"acf":[],"featured_image_src":null,"_links":{"self":[{"href":"https:\/\/ajediam.com\/fr\/wp-json\/wp\/v2\/pages\/10340"}],"collection":[{"href":"https:\/\/ajediam.com\/fr\/wp-json\/wp\/v2\/pages"}],"about":[{"href":"https:\/\/ajediam.com\/fr\/wp-json\/wp\/v2\/types\/page"}],"author":[{"embeddable":true,"href":"https:\/\/ajediam.com\/fr\/wp-json\/wp\/v2\/users\/5"}],"replies":[{"embeddable":true,"href":"https:\/\/ajediam.com\/fr\/wp-json\/wp\/v2\/comments?post=10340"}],"version-history":[{"count":1,"href":"https:\/\/ajediam.com\/fr\/wp-json\/wp\/v2\/pages\/10340\/revisions"}],"predecessor-version":[{"id":10342,"href":"https:\/\/ajediam.com\/fr\/wp-json\/wp\/v2\/pages\/10340\/revisions\/10342"}],"wp:attachment":[{"href":"https:\/\/ajediam.com\/fr\/wp-json\/wp\/v2\/media?parent=10340"}],"curies":[{"name":"wp","href":"https:\/\/api.w.org\/{rel}","templated":true}]}}