{"id":10343,"date":"2019-05-04T06:05:50","date_gmt":"2019-05-04T06:05:50","guid":{"rendered":"https:\/\/ajediam.com\/?page_id=10343"},"modified":"2023-07-09T12:36:29","modified_gmt":"2023-07-09T12:36:29","slug":"perles-perles-diamants-bijoux","status":"publish","type":"page","link":"https:\/\/ajediam.com\/fr\/perles-perles-diamants-bijoux\/","title":{"rendered":"Perles Perles Diamants Bijoux"},"content":{"rendered":"<p><div class='row vc_row '><div class='col-md-12 '><h2 class='section-title'>Bijoux en perles et diamants...<\/h2><p>La combinaison de la douceur des perles et de la brillance des diamants est unique.<br \/>\nPerles de haute qualit\u00e9 d&rsquo;eau de mer.<br \/>\nTous les bijoux seront fabriqu\u00e9s sur mesure, sur commande sp\u00e9ciale.<\/p><\/div><\/div> <div class='row vc_row vc_custom_1552886396531'><div class='col-md-12 '><div class='row '><div class='col-md-6 col-inner'><div class='col-inwrap'><div class='mb-4'><p>Toi &amp; Moi &#8211; You &amp; Me<br \/>\nBague de fian\u00e7ailles en perles et diamants<br \/>\n2 perles fines d&rsquo;eau de mer + 0,08 carat de diamants brillants ronds de la plus haute qualit\u00e9.<br \/>\nR\u00e9alisation en or blanc bross\u00e9 18 carats pesant 5,31 grammes.<br \/>\n<a href=\"mailto:care@ajediam.com?&amp;subject=You%20&amp;%20Me%20Pearls%20diamonds%20engagement%20ring\">Email\u00a0<\/a><\/p><\/div><\/div><\/div><div class='col-md-6 col-inner'><div class='col-inwrap'><div class='vc-image text-center'><figure><a href='' class='d-block'><img src='https:\/\/ajediam.com\/wp-content\/uploads\/2019\/03\/Toi___Moi_Pearls_diamonds_design_you___me_ring_Ajediam_10cm.jpg' alt=''><\/a><\/figure><\/div><\/div><\/div><\/div><\/div><\/div> <style>.vc_custom_1552886396531 { border-top-width: 3px !important;border-right-width: 3px !important;border-bottom-width: 3px !important;border-left-width: 3px !important;border-left-color: #e2ebf0 !important;border-left-style: solid !important;border-right-color: #e2ebf0 !important;border-right-style: solid !important;border-top-color: #e2ebf0 !important;border-top-style: solid !important;border-bottom-color: #e2ebf0 !important;border-bottom-style: solid !important;} }<\/style><div class='row vc_row '><div class='col-md-12 '><div style='height: 32px;'><\/div><div class='mb-4'><p><\/p>\n<h3>Bagues parfaites en perles et diamants<\/h3>\n<p>\u00e0 porter \u00e0 toute occasion, personnalis\u00e9es \u00e0 prix de gros.<br \/>\nChoisissez votre bague de fian\u00e7ailles en perles et diamants parmi un large choix de montures de qualit\u00e9, choisissez vos perles et vos diamants<br \/>\net cr\u00e9ez votre propre bague de fian\u00e7ailles parfaite en perles et diamants.<\/p>\n<p>Les bagues pr\u00e9sent\u00e9es sont faites sur mesure<br \/>\nChoisissez <a href=\"\/fr\/prix-des-diamants\/diamant-naturel-blanc\/\">d&rsquo;abord vos diamants<\/a> et <a href=\"\/fr\/diamants-101\/tailles-des-diamants\/\">leur taille<\/a>, puis choisissez votre monture en or blanc, jaune ou rose 18 carats ou en platine pur.<\/p>\n<p>Faites vos achats dans notre bijouterie situ\u00e9e au Centre mondial du diamant d&rsquo;Anvers.<br \/>\nVeuillez noter ! L&rsquo;entr\u00e9e est r\u00e9serv\u00e9e aux personnes invit\u00e9es.<br \/>\nPour obtenir votre invitation, envoyez un <a href=\"\/fr\/notre-formulaire-de-demande-rapide\/\">email<\/a> ou appelez le +32 3 808 72 02<\/p><\/div><\/div><\/div> <div class='row vc_row vc_custom_1552886396531'><div class='col-md-12 '><div class='row '><div class='col-md-6 col-inner'><div class='col-inwrap'><div class='vc-image text-center'><figure><a href='#' class='d-block'><img src='https:\/\/ajediam.com\/wp-content\/uploads\/2019\/03\/Engagement_pearl_diamond_ring_R289_Ajediam-1.jpg' alt=''><\/a><\/figure><\/div><\/div><\/div><div class='col-md-6 col-inner'><div class='col-inwrap'><div class='mb-4'><p><\/p>\n<h4>Bague de fian\u00e7ailles en perles Akoya v\u00e9ritables d&rsquo;eau de mer fra\u00eeche,<br \/>\navec 2 diamants sur la monture<\/h4>\n<p>R\u00e9f. R289.2 &#8211; <a href=\"mailto:care@ajediam.com?&amp;subject=Pearl%20diamond%202%20band%20engagement%20ring%20R289.2\">Email<\/a><br \/>\nVeuillez indiquer la <a href=\"\/fr\/technique-de-haute-joaillerie\/tailles-de-doigt-bagues\/\">taille de la bague<\/a>, s&rsquo;il vous pla\u00eet<\/p><\/div><\/div><\/div><\/div><\/div><\/div> <style>.vc_custom_1552886396531 { border-top-width: 3px !important;border-right-width: 3px !important;border-bottom-width: 3px !important;border-left-width: 3px !important;border-left-color: #e2ebf0 !important;border-left-style: solid !important;border-right-color: #e2ebf0 !important;border-right-style: solid !important;border-top-color: #e2ebf0 !important;border-top-style: solid !important;border-bottom-color: #e2ebf0 !important;border-bottom-style: solid !important;} }<\/style><div class='row vc_row vc_custom_1552886396531'><div class='col-md-12 '><div class='row '><div class='col-md-6 col-inner'><div class='col-inwrap'><div class='mb-4'><p><\/p>\n<h4>Boucles d&rsquo;oreilles en perles naturelles d&rsquo;eau de mer blanches<\/h4>\n<p>R\u00e9f. R692 &#8211; <a href=\"mailto:care@ajediam.com?&amp;subject=Natural%20white%20Pearls%20diamond%20Studs%20R692\">Email\u00a0<\/a><br \/>\n<\/p><\/div><\/div><\/div><div class='col-md-6 col-inner'><div class='col-inwrap'><div class='vc-image text-center'><figure><a href='#' class='d-block'><img src='https:\/\/ajediam.com\/wp-content\/uploads\/2019\/03\/Earrings_pearls_R692_Ajediam-1.jpg' alt=''><\/a><\/figure><\/div><\/div><\/div><\/div><\/div><\/div> <style>.vc_custom_1552886396531 { border-top-width: 3px !important;border-right-width: 3px !important;border-bottom-width: 3px !important;border-left-width: 3px !important;border-left-color: #e2ebf0 !important;border-left-style: solid !important;border-right-color: #e2ebf0 !important;border-right-style: solid !important;border-top-color: #e2ebf0 !important;border-top-style: solid !important;border-bottom-color: #e2ebf0 !important;border-bottom-style: solid !important;} }<\/style><div class='row vc_row vc_custom_1552886396531'><div class='col-md-12 '><div class='row '><div class='col-md-6 col-inner'><div class='col-inwrap'><div class='vc-image text-center'><figure><a href='\/diamond-earrings' class='d-block'><img src='https:\/\/ajediam.com\/wp-content\/uploads\/2019\/03\/earrings_pearls_diamonds_Happy-day.jpg' alt=''><\/a><\/figure><\/div><\/div><\/div><div class='col-md-6 col-inner'><div class='col-inwrap'><div class='mb-4'><p><\/p>\n<h3>Boucles d&rsquo;oreilles pendantes en perles, cha\u00eene serpent et diamants<\/h3>\n<p>Perles blanches d&rsquo;eau de mer fra\u00eeche de 10 mm.<br \/>\nMonture en cluster<br \/>\n34 diamants brillants ronds de 0,50 carat au total, Couleur : Blanc rare (G),<br \/>\nPuret\u00e9 : Loupe propre (VS)<br \/>\nR\u00e9f. R692 &#8211; <a href=\"mailto:care@ajediam.com?&amp;subject=Snake%20Chain%20Chandelier%20Pearls,%20diamonds%20drop%20Earrings\">Email\u00a0<\/a><\/p><\/div><\/div><\/div><\/div><\/div><\/div> <style>.vc_custom_1552886396531 { border-top-width: 3px !important;border-right-width: 3px !important;border-bottom-width: 3px !important;border-left-width: 3px !important;border-left-color: #e2ebf0 !important;border-left-style: solid !important;border-right-color: #e2ebf0 !important;border-right-style: solid !important;border-top-color: #e2ebf0 !important;border-top-style: solid !important;border-bottom-color: #e2ebf0 !important;border-bottom-style: solid !important;} }<\/style><div class='row vc_row vc_custom_1552886396531'><div class='col-md-12 '><div class='row '><div class='col-md-6 col-inner'><div class='col-inwrap'><div class='vc-image text-center'><figure><a href='' class='d-block'><img src='https:\/\/ajediam.com\/wp-content\/uploads\/2019\/03\/Circle_diamond_black_pearl_inside_Pendant_R101_Ajediam.jpg' alt=''><\/a><\/figure><\/div><\/div><\/div><div class='col-md-6 col-inner'><div class='col-inwrap'><div class='mb-4'><p><\/p>\n<h4>Pendentif cercle en perle noire naturelle et diamants,<\/h4>\n<p>Perle \u00e0 l&rsquo;int\u00e9rieur du cercle<br \/>\nR\u00e9f. R101 &#8211; <a href=\"mailto:care@ajediam.com?&amp;subject=Black%20pearl%20Circle%20diamond%20pendant%20R101\">Email\u00a0<\/a><\/p><\/div><\/div><\/div><\/div><\/div><\/div> <style>.vc_custom_1552886396531 { border-top-width: 3px !important;border-right-width: 3px !important;border-bottom-width: 3px !important;border-left-width: 3px !important;border-left-color: #e2ebf0 !important;border-left-style: solid !important;border-right-color: #e2ebf0 !important;border-right-style: solid !important;border-top-color: #e2ebf0 !important;border-top-style: solid !important;border-bottom-color: #e2ebf0 !important;border-bottom-style: solid !important;} }<\/style><div class='row vc_row vc_custom_1552886396531'><div class='col-md-12 '><div class='row '><div class='col-md-6 col-inner'><div class='col-inwrap'><div class='vc-image text-center'><figure><a href='' class='d-block'><img src='https:\/\/ajediam.com\/wp-content\/uploads\/2019\/03\/Earrings_pearls_R618_Ajediam.jpg' alt=''><\/a><\/figure><\/div><\/div><\/div><div class='col-md-6 col-inner'><div class='col-inwrap'><div class='mb-4'><p><\/p>\n<h4>Cr\u00e9oles en perles noires naturelles et diamants<\/h4>\n<p>R\u00e9f. R618<br \/>\n<a href=\"mailto:care@ajediam.com?&amp;subject=Black%20pearl%20Creole%20diamond%20earrings%20R618\">Email\u00a0<\/a><\/p><\/div><\/div><\/div><\/div><\/div><\/div> <style>.vc_custom_1552886396531 { border-top-width: 3px !important;border-right-width: 3px !important;border-bottom-width: 3px !important;border-left-width: 3px !important;border-left-color: #e2ebf0 !important;border-left-style: solid !important;border-right-color: #e2ebf0 !important;border-right-style: solid !important;border-top-color: #e2ebf0 !important;border-top-style: solid !important;border-bottom-color: #e2ebf0 !important;border-bottom-style: solid !important;} }<\/style><div class='row vc_row vc_custom_1552886396531'><div class='col-md-12 '><div class='row '><div class='col-md-6 col-inner'><div class='col-inwrap'><div class='mb-4'><p><\/p>\n<h4>Ensemble de boucles d&rsquo;oreilles et de collier en perles noires de Tahiti v\u00e9ritables et diamants<\/h4>\n<p>Perles noires de Tahiti v\u00e9ritables, diamants D Loupe Clean et rubis<br \/>\nFait \u00e0 la main sur mesure<br \/>\n<a href=\"mailto:care@ajediam.com?&amp;subject=Black%20Tahiti%20pearls%20diamonds%20earrings\">Email\u00a0<\/a><\/p><\/div><\/div><\/div><div class='col-md-6 col-inner'><div class='col-inwrap'><div class='vc-image text-center'><figure><a href='\/diamond-earrings-georgian' class='d-block'><img src='https:\/\/ajediam.com\/wp-content\/uploads\/2019\/03\/Black_pearls_necklace_earrings_150_x_7_kb-82x300.jpg' alt=''><\/a><\/figure><\/div><\/div><\/div><\/div><\/div><\/div> <style>.vc_custom_1552886396531 { border-top-width: 3px !important;border-right-width: 3px !important;border-bottom-width: 3px !important;border-left-width: 3px !important;border-left-color: #e2ebf0 !important;border-left-style: solid !important;border-right-color: #e2ebf0 !important;border-right-style: solid !important;border-top-color: #e2ebf0 !important;border-top-style: solid !important;border-bottom-color: #e2ebf0 !important;border-bottom-style: solid !important;} }<\/style><div class='row vc_row vc_custom_1552886396531'><div class='col-md-12 '><div class='row '><div class='col-md-6 col-inner'><div class='col-inwrap'><div class='vc-image text-center'><figure><a href='\/pearls-beads-diamonds-jewelry' class='d-block'><img src='https:\/\/ajediam.com\/wp-content\/uploads\/2019\/03\/brooch_pearls_diamonds_sapphire_heart_Antique_La-carozza145_compr.jpg' alt=''><\/a><\/figure><\/div><\/div><\/div><div class='col-md-6 col-inner'><div class='col-inwrap'><div class='mb-4'><p><\/p>\n<h4>Broche c\u0153ur en perles d&rsquo;eau de mer avec un design Art D\u00e9co<\/h4>\n<p>Cette broche comporte 3 saphirs bleus naturels de 0,09 ct<br \/>\n15 diamants brillants ronds de 0,30 carat<br \/>\nCouleur : Blanc rare (G) Puret\u00e9 : Loupe propre (VS1)<br \/>\n13 belles perles d&rsquo;eau de mer blanches<br \/>\nMonture en or jaune 18 carats.<br \/>\n<a href=\"mailto:care@ajediam.com?&amp;subject=Pearls%20Heart%20Brooch\">Email\u00a0<\/a><\/p><\/div><\/div><\/div><\/div><\/div><\/div> <style>.vc_custom_1552886396531 { border-top-width: 3px !important;border-right-width: 3px !important;border-bottom-width: 3px !important;border-left-width: 3px !important;border-left-color: #e2ebf0 !important;border-left-style: solid !important;border-right-color: #e2ebf0 !important;border-right-style: solid !important;border-top-color: #e2ebf0 !important;border-top-style: solid !important;border-bottom-color: #e2ebf0 !important;border-bottom-style: solid !important;} }<\/style><div class='row vc_row '><div class='col-md-12 '><div style='height: 32px;'><\/div><\/div><\/div> <div class='row vc_row vc_custom_1552886396531'><div class='col-md-12 '><div class='mb-4'><p><\/p>\n<p style=\"text-align: center;\">Avez-vous une id\u00e9e de bijou en perles et diamants personnel ?<\/p>\n<p style=\"text-align: center;\"><a href=\"\/fr\/rugueux-minier\/diamants-bruts\/\">Galerie de designs de bijoux en diamants bruts, non taill\u00e9s<\/a><\/p>\n<p><\/p><\/div><div style='height: 32px;'><\/div><\/div><\/div> <style>.vc_custom_1552886396531 { border-top-width: 3px !important;border-right-width: 3px !important;border-bottom-width: 3px !important;border-left-width: 3px !important;border-left-color: #e2ebf0 !important;border-left-style: solid !important;border-right-color: #e2ebf0 !important;border-right-style: solid !important;border-top-color: #e2ebf0 !important;border-top-style: solid !important;border-bottom-color: #e2ebf0 !important;border-bottom-style: solid !important;} }<\/style><div class='row vc_row '><div class='col-md-3 '><\/div><div class='col-md-3 '><div style='height: 32px;'><\/div><a class='lab-button' href='\/fr\/bagues-de-fiancailles\/' target='' title='\/fr\/bagues-de-fiancaille'>ACHETER MAINTENANT<\/a><\/div><div class='col-md-3 '><div style='height: 32px;'><\/div><a class='lab-button' href='\/fr\/notre-formulaire-de-demande-rapide\/' target='' title='\/fr\/notre-formulaire-de-demande-rapid'>CONSULTER LE GUIDE D'ACHAT<\/a><\/div><div class='col-md-3 '><\/div><\/div> <div class='row vc_row '><div class='col-md-2 '><\/div><div class='col-md-8 '><div style='height: 32px;'><\/div><div class='vc-image '><figure><a href='\/fr\/notre-formulaire-de-demande-rapide\/' class='d-block'><img src='https:\/\/ajediam.com\/wp-content\/uploads\/2019\/03\/Ajediam_footer_Buy_now_13_03_2015.jpg' alt=''><\/a><\/figure><\/div><\/div><div class='col-md-2 '><\/div><\/div> <\/p>\n","protected":false},"excerpt":{"rendered":"","protected":false},"author":5,"featured_media":0,"parent":0,"menu_order":0,"comment_status":"closed","ping_status":"closed","template":"","meta":{"ub_ctt_via":"","footnotes":""},"acf":[],"featured_image_src":null,"_links":{"self":[{"href":"https:\/\/ajediam.com\/fr\/wp-json\/wp\/v2\/pages\/10343"}],"collection":[{"href":"https:\/\/ajediam.com\/fr\/wp-json\/wp\/v2\/pages"}],"about":[{"href":"https:\/\/ajediam.com\/fr\/wp-json\/wp\/v2\/types\/page"}],"author":[{"embeddable":true,"href":"https:\/\/ajediam.com\/fr\/wp-json\/wp\/v2\/users\/5"}],"replies":[{"embeddable":true,"href":"https:\/\/ajediam.com\/fr\/wp-json\/wp\/v2\/comments?post=10343"}],"version-history":[{"count":1,"href":"https:\/\/ajediam.com\/fr\/wp-json\/wp\/v2\/pages\/10343\/revisions"}],"predecessor-version":[{"id":10346,"href":"https:\/\/ajediam.com\/fr\/wp-json\/wp\/v2\/pages\/10343\/revisions\/10346"}],"wp:attachment":[{"href":"https:\/\/ajediam.com\/fr\/wp-json\/wp\/v2\/media?parent=10343"}],"curies":[{"name":"wp","href":"https:\/\/api.w.org\/{rel}","templated":true}]}}