{"id":10349,"date":"2019-04-04T08:33:15","date_gmt":"2019-04-04T08:33:15","guid":{"rendered":"https:\/\/ajediam.com\/?page_id=10349"},"modified":"2023-07-09T17:18:13","modified_gmt":"2023-07-09T17:18:13","slug":"bagues-solitaires-diamant","status":"publish","type":"page","link":"https:\/\/ajediam.com\/fr\/bagues-solitaires-diamant\/","title":{"rendered":"Bagues Solitaires Diamant"},"content":{"rendered":"<p><div class='row vc_row '><div class='col-md-12 '><h2 class='section-title'>Comment puis-je trouver le meilleur endroit pour acheter une bague de fian\u00e7ailles ? Vous le trouverez \u00e0 Anvers, le Centre mondial du commerce de diamants chez Ajediam<\/h2><div class='mb-4'><p>Les bagues pr\u00e9sent\u00e9es ci-dessous sont des cr\u00e9ations originales faites \u00e0 la main. Votre bague de fian\u00e7ailles personnalis\u00e9e est offerte gratuitement lorsque vous choisissez votre diamant.<\/p>\n<p style=\"text-align: left;\">Choisissez <a href=\"\/fr\/prix-des-diamants\/diamant-naturel-blanc\/\">d&rsquo;abord vos diamants<\/a> et la <a href=\"\/fr\/technique-de-haute-joaillerie\/tailles-de-doigt-bagues\/\">taille du diamant<\/a>, puis choisissez votre monture de bague en or blanc, jaune, rose 18 carats ou en platine pure parmi des milliers de choix de montures.<\/p>\n<p>Faites vos achats dans notre usine \u00e0 Anvers.<br \/>\n<strong>Veuillez noter<\/strong> ! L&rsquo;entr\u00e9e est r\u00e9serv\u00e9e aux personnes invit\u00e9es uniquement. Pour votre invitation, envoyez un <a href=\"\/fr\/notre-formulaire-de-demande-rapide\/\">email<\/a> ou appelez le +32 3 808 72 02 <\/p><\/div><\/div><\/div> <div class='row vc_row vc_custom_1552886396531'><div class='col-md-12 '><div style='height: 32px;'><\/div><div class='row '><div class='col-md-8 col-inner'><div class='col-inwrap'><h2 class='section-title'>Grande bague solitaire en diamant marquise<\/h2><div class='mb-4'><p><\/p>\n<p><a href=\"mailto:care@ajediam.com?&amp;subject=marquise%20solitaire%20engagement%20ring\">Email<\/a><\/p>\n<p><\/p><\/div><\/div><\/div><div class='col-md-4 col-inner'><div class='col-inwrap'><ul id='vc_gallery_527' class='vc_gallery list-unstyled d-flex flex-wrap flex-row'><li><a href='https:\/\/ajediam.com\/wp-content\/uploads\/2019\/03\/diamond_solitaire_rings_2__element242.png' data-lightbox='vc_gallery_527' class='d-block'><img src='https:\/\/ajediam.com\/wp-content\/uploads\/2019\/03\/diamond_solitaire_rings_2__element242-150x150.png' alt=''><\/a><\/li><li><a href='https:\/\/ajediam.com\/wp-content\/uploads\/2019\/03\/Marquise_diamond_solitaire_engagement_ring_side_15_cm.jpg' data-lightbox='vc_gallery_527' class='d-block'><img src='https:\/\/ajediam.com\/wp-content\/uploads\/2019\/03\/Marquise_diamond_solitaire_engagement_ring_side_15_cm-150x150.jpg' alt=''><\/a><\/li><\/ul><\/div><\/div><\/div><div style='height: 32px;'><\/div><\/div><\/div> <style>.vc_custom_1552886396531 { border-top-width: 3px !important;border-right-width: 3px !important;border-bottom-width: 3px !important;border-left-width: 3px !important;border-left-color: #e2ebf0 !important;border-left-style: solid !important;border-right-color: #e2ebf0 !important;border-right-style: solid !important;border-top-color: #e2ebf0 !important;border-top-style: solid !important;border-bottom-color: #e2ebf0 !important;border-bottom-style: solid !important;} }<\/style><div class='row vc_row vc_custom_1552886396531'><div class='col-md-12 '><div class='row '><div class='col-md-4 col-inner'><div class='col-inwrap'><div class='vc-image text-center'><figure><div><img src='https:\/\/ajediam.com\/wp-content\/uploads\/2019\/03\/Solitaire_princess_pave_set_side_diamonds_R492_Ajediam.jpg' alt=''><\/div><\/figure><\/div><\/div><\/div><div class='col-md-8 col-inner'><div class='col-inwrap'><h2 class='section-title'>\u00c9l\u00e9gante bague solitaire en diamant princesse avec des pierres d'accompagnement<\/h2><div class='mb-4'><p>3 rang\u00e9es de diamants pav\u00e9s sur les c\u00f4t\u00e9s R\u00e9f. R492 <a href=\"mailto:care@ajediam.com?&amp;subject=Solitaire%20princess%20side%20diamonds%20R492\">Email<\/a><\/p><\/div><\/div><\/div><\/div><div style='height: 32px;'><\/div><\/div><\/div> <style>.vc_custom_1552886396531 { border-top-width: 3px !important;border-right-width: 3px !important;border-bottom-width: 3px !important;border-left-width: 3px !important;border-left-color: #e2ebf0 !important;border-left-style: solid !important;border-right-color: #e2ebf0 !important;border-right-style: solid !important;border-top-color: #e2ebf0 !important;border-top-style: solid !important;border-bottom-color: #e2ebf0 !important;border-bottom-style: solid !important;} }<\/style><div class='row vc_row vc_custom_1552886396531'><div class='col-md-12 '><div class='row '><div class='col-md-8 col-inner'><div class='col-inwrap'><h2 class='section-title'>Bague solitaire en diamant princesse jaune intense<\/h2><div class='mb-4'><p><\/p>\n<p><a href=\"mailto:care@ajediam.com?&amp;subject=fancy yellow princess diamond solitaire ring\">Email<\/a><\/p>\n<p><\/p><\/div><\/div><\/div><div class='col-md-4 col-inner'><div class='col-inwrap'><div class='vc-image text-center'><figure><div><img src='https:\/\/ajediam.com\/wp-content\/uploads\/2019\/03\/Fancy_intense_yellow_diamond_solitaire_ring_top_view_Ajediam_10cm.jpg' alt=''><\/div><\/figure><\/div><\/div><\/div><\/div><\/div><\/div> <style>.vc_custom_1552886396531 { border-top-width: 3px !important;border-right-width: 3px !important;border-bottom-width: 3px !important;border-left-width: 3px !important;border-left-color: #e2ebf0 !important;border-left-style: solid !important;border-right-color: #e2ebf0 !important;border-right-style: solid !important;border-top-color: #e2ebf0 !important;border-top-style: solid !important;border-bottom-color: #e2ebf0 !important;border-bottom-style: solid !important;} }<\/style><div class='row vc_row vc_custom_1552886396531'><div class='col-md-12 '><div style='height: 32px;'><\/div><div class='row '><div class='col-md-4 col-inner'><div class='col-inwrap'><div class='vc-image text-center'><figure><div><img src='https:\/\/ajediam.com\/wp-content\/uploads\/2019\/03\/diamond_solitaire_platinum_-150x150.jpg' alt=''><\/div><\/figure><\/div><\/div><\/div><div class='col-md-8 col-inner'><div class='col-inwrap'><h2 class='section-title'>Bague solitaire intemporelle en diamant et platine pour fian\u00e7ailles<\/h2><div class='mb-4'><p>Peut \u00eatre sertie avec des diamants d&rsquo;accompagnement<br \/>\n<a href=\"mailto:care@ajediam.com?&amp;subject=Timeless diamond solitaire platinum engagement ring\">Email<\/a><br \/>\n<\/p><\/div><\/div><\/div><\/div><div style='height: 32px;'><\/div><\/div><\/div> <style>.vc_custom_1552886396531 { border-top-width: 3px !important;border-right-width: 3px !important;border-bottom-width: 3px !important;border-left-width: 3px !important;border-left-color: #e2ebf0 !important;border-left-style: solid !important;border-right-color: #e2ebf0 !important;border-right-style: solid !important;border-top-color: #e2ebf0 !important;border-top-style: solid !important;border-bottom-color: #e2ebf0 !important;border-bottom-style: solid !important;} }<\/style><div class='row vc_row vc_custom_1552886396531'><div class='col-md-12 '><div class='row '><div class='col-md-8 col-inner'><div class='col-inwrap'><h2 class='section-title'>Bague solitaire en diamant brut avec halo de diamants<\/h2><div class='mb-4'><p>Diamant brut de 1,43 carats et diamants ronds de 0,11 carat. Poids total en carat de 1,54 Monture faite \u00e0 la main en or blanc 18 carats R\u00e9f. A016 <a href=\"mailto:care@ajediam.com?&amp;subject=Rough%20diamond%20solitaire%20circle%20diamond%20engagement%20ring%20A016\">Email<\/a> <\/p><\/div><\/div><\/div><div class='col-md-4 col-inner'><div class='col-inwrap'><ul id='vc_gallery_578' class='vc_gallery list-unstyled d-flex flex-wrap flex-row'><li><a href='https:\/\/ajediam.com\/wp-content\/uploads\/2019\/03\/Rough_octahedron_diamond_ring_circle_diamonds_top_view_Ajediam.jpg' data-lightbox='vc_gallery_578' class='d-block'><img src='https:\/\/ajediam.com\/wp-content\/uploads\/2019\/03\/Rough_octahedron_diamond_ring_circle_diamonds_top_view_Ajediam-150x150.jpg' alt=''><\/a><\/li><li><a href='https:\/\/ajediam.com\/wp-content\/uploads\/2019\/03\/Rough_octahedron_diamond_ring_circle_diamonds_Ajediam.jpg' data-lightbox='vc_gallery_578' class='d-block'><img src='https:\/\/ajediam.com\/wp-content\/uploads\/2019\/03\/Rough_octahedron_diamond_ring_circle_diamonds_Ajediam-150x150.jpg' alt=''><\/a><\/li><\/ul><\/div><\/div><\/div><div style='height: 32px;'><\/div><\/div><\/div> <style>.vc_custom_1552886396531 { border-top-width: 3px !important;border-right-width: 3px !important;border-bottom-width: 3px !important;border-left-width: 3px !important;border-left-color: #e2ebf0 !important;border-left-style: solid !important;border-right-color: #e2ebf0 !important;border-right-style: solid !important;border-top-color: #e2ebf0 !important;border-top-style: solid !important;border-bottom-color: #e2ebf0 !important;border-bottom-style: solid !important;} }<\/style><div class='row vc_row vc_custom_1552886396531'><div class='col-md-12 '><div class='row '><div class='col-md-4 col-inner'><div class='col-inwrap'><div class='vc-image text-center'><figure><div><img src='https:\/\/ajediam.com\/wp-content\/uploads\/2019\/03\/Max_vooraanzicht_275.jpg' alt=''><\/div><\/figure><\/div><\/div><\/div><div class='col-md-8 col-inner'><div class='col-inwrap'><h2 class='section-title'>Comment puis-je trouver le meilleur endroit pour acheter une bague de fian\u00e7ailles ? Vous le trouverez \u00e0 Anvers, le Centre mondial du commerce de diamants chez Ajediam<\/h2><div class='mb-4'><p>Diamant rond brillant de 1\/4 carat, couleur blanc rare + (F) &#8211; Clart\u00e9 VS1<br \/>\nMonture de 6,20 grammes en or blanc et jaune 18 carats<br \/>\nR\u00e9f. A007 <a href=\"mailto:care@ajediam.com?&amp;subject=Fancy Yellow diamond 5 stone ring two tone ring A007\">Email<\/a> <\/p><\/div><\/div><\/div><\/div><div style='height: 32px;'><\/div><\/div><\/div> <style>.vc_custom_1552886396531 { border-top-width: 3px !important;border-right-width: 3px !important;border-bottom-width: 3px !important;border-left-width: 3px !important;border-left-color: #e2ebf0 !important;border-left-style: solid !important;border-right-color: #e2ebf0 !important;border-right-style: solid !important;border-top-color: #e2ebf0 !important;border-top-style: solid !important;border-bottom-color: #e2ebf0 !important;border-bottom-style: solid !important;} }<\/style><div class='row vc_row vc_custom_1552886396531'><div class='col-md-12 '><div class='row '><div class='col-md-8 col-inner'><div class='col-inwrap'><h2 class='section-title'>Bague solitaire torsad\u00e9e en or bicolore blanc et jaune 18 carats avec diamant en forme de swirl<\/h2><div class='mb-4'><p>Diamant rond brillant de 1\/4 carat, couleur blanc rare + (F) &#8211; Clart\u00e9 VS1<br \/>\nMonture de 6,20 grammes en or blanc et jaune 18 carats<br \/>\nR\u00e9f. A008 <a href=\"mailto:care@ajediam.com?&amp;subject=Swirl%20diamond%20solitaire%20engagement%20ring%20A008\">Email<\/a> <\/p><\/div><\/div><\/div><div class='col-md-4 col-inner'><div class='col-inwrap'><div class='vc-image text-center'><figure><div><img src='https:\/\/ajediam.com\/wp-content\/uploads\/2019\/03\/Solitaire_swirl_white_yellow_gold_diamond_band_Ajediam_10cm.jpg' alt=''><\/div><\/figure><\/div><\/div><\/div><\/div><div style='height: 32px;'><\/div><\/div><\/div> <style>.vc_custom_1552886396531 { border-top-width: 3px !important;border-right-width: 3px !important;border-bottom-width: 3px !important;border-left-width: 3px !important;border-left-color: #e2ebf0 !important;border-left-style: solid !important;border-right-color: #e2ebf0 !important;border-right-style: solid !important;border-top-color: #e2ebf0 !important;border-top-style: solid !important;border-bottom-color: #e2ebf0 !important;border-bottom-style: solid !important;} }<\/style><div class='row vc_row '><div class='col-md-12 '><div style='height: 32px;'><\/div><div class='mb-4'><p><\/p>\n<p style=\"text-align: center;\">Avez-vous une bague solitaire personnelle en t\u00eate ? Envoyez-nous un <a href=\"mailto:care@ajediam.com?&amp;subject=Personal Solitaire Ring Quotation\">email<\/a>.<br \/>\nNotre ma\u00eetre bijoutier peut cr\u00e9er votre bague \u00e0 partir d&rsquo;une photo ou d&rsquo;une image.<br \/>\nAjediam est un leader dans la cr\u00e9ation de bijoux sur mesure avec les meilleurs mat\u00e9riaux, diamants et gemmes.<\/p>\n<p><\/p><\/div><div class='row '><div class='col-md-20p col-inner'><div class='col-inwrap'><\/div><\/div><div class='col-md-20p col-inner'><div class='col-inwrap'><div class='vc-image '><figure><a href='\/sapphires-diamond_rings' class='d-block'><img src='https:\/\/ajediam.com\/wp-content\/uploads\/2019\/03\/Burmese_sapphire_circle_diamonds_ring_Lady_Di_style_Ajediam_5cm.jpg' alt=''><\/a><\/figure><\/div><\/div><\/div><div class='col-md-20p col-inner'><div class='col-inwrap'><div class='vc-image '><figure><a href='\/emerald-rings' class='d-block'><img src='https:\/\/ajediam.com\/wp-content\/uploads\/2019\/03\/Colombian_emerald_ring_side_diamonds_Ajediam_5cm.jpg' alt=''><\/a><\/figure><\/div><\/div><\/div><div class='col-md-20p col-inner'><div class='col-inwrap'><div class='vc-image '><figure><a href='\/rubies-diamond-rings' class='d-block'><img src='https:\/\/ajediam.com\/wp-content\/uploads\/2019\/03\/Pigeon_blood_red_Ruby_circle_diamond_ring_Ajediam_10cm.jpg' alt=''><\/a><\/figure><\/div><\/div><\/div><div class='col-md-20p col-inner'><div class='col-inwrap'><\/div><\/div><\/div><\/div><\/div> <div class='row vc_row vc_custom_1552886396531'><div class='col-md-2 '><\/div><div class='col-md-8 '><div style='height: 32px;'><\/div><div class='row '><div class='col-md-2 col-inner'><div class='col-inwrap'><div class='vc-image text-center'><figure><a href='\/diamond-ring-new-age' class='d-block'><img src='https:\/\/ajediam.com\/wp-content\/uploads\/2019\/03\/ring_diamond_solitaire_New-age85.jpg' alt=''><\/a><\/figure><\/div><\/div><\/div><div class='col-md-2 col-inner'><div class='col-inwrap'><div class='vc-image '><figure><a href='\/sapphire-cushion-diamond-ring-rolande' class='d-block'><img src='https:\/\/ajediam.com\/wp-content\/uploads\/2019\/03\/ddiamond_Cashmere_blue_sapphire_ring_Rolande_Picture_85.JPG-150x150.jpg' alt=''><\/a><\/figure><\/div><\/div><\/div><div class='col-md-2 col-inner'><div class='col-inwrap'><div class='vc-image text-center'><figure><a href='\/diamond-ring-las-vegas' class='d-block'><img src='https:\/\/ajediam.com\/wp-content\/uploads\/2019\/03\/ring_black_diamond_Las_Vegas_85.jpg' alt=''><\/a><\/figure><\/div><\/div><\/div><div class='col-md-2 col-inner'><div class='col-inwrap'><div class='vc-image text-center'><figure><a href='\/diamond-ring-heart-and-arrows' class='d-block'><img src='https:\/\/ajediam.com\/wp-content\/uploads\/2019\/03\/ring_diamond_solitaire_Heart-and-arows85.jpg' alt=''><\/a><\/figure><\/div><\/div><\/div><div class='col-md-2 col-inner'><div class='col-inwrap'><div class='vc-image '><figure><a href='\/diamond-ring-ring-per-lui' class='d-block'><img src='https:\/\/ajediam.com\/wp-content\/uploads\/2019\/03\/Diamond_ring_solitaire_Apri-bocca145_small_compr.jpg' alt=''><\/a><\/figure><\/div><\/div><\/div><div class='col-md-2 col-inner'><div class='col-inwrap'><div class='vc-image text-center'><figure><a href='\/rubies-diamond-rings' class='d-block'><img src='https:\/\/ajediam.com\/wp-content\/uploads\/2019\/03\/Ruby_Ruby_Solitaire_Engagement_Ring_White_Gold_4_cm.jpg' alt=''><\/a><\/figure><\/div><\/div><\/div><\/div><div class='row '><div class='col-md-2 col-inner'><div class='col-inwrap'><div class='vc-image text-center'><figure><a href='\/diamond-solitaire-white-gold-ring' class='d-block'><img src='https:\/\/ajediam.com\/wp-content\/uploads\/2019\/04\/diamond_solitaire_platinum_ring_ladies_verzamel-new-1.jpg' alt=''><\/a><\/figure><\/div><\/div><\/div><div class='col-md-2 col-inner'><div class='col-inwrap'><div class='vc-image text-center'><figure><a href='\/diamond-ring-hit-parade' class='d-block'><img src='https:\/\/ajediam.com\/wp-content\/uploads\/2019\/03\/mens_ring_diamond_solitaire_Hit-parade85.jpg' alt=''><\/a><\/figure><\/div><\/div><\/div><div class='col-md-2 col-inner'><div class='col-inwrap'><div class='vc-image text-center'><figure><a href='\/diamond-solitaire-ring-cristal-clear' class='d-block'><img src='https:\/\/ajediam.com\/wp-content\/uploads\/2019\/03\/ring_diamond_solitaire_Crystal-Clear85-150x113.jpg' alt=''><\/a><\/figure><\/div><\/div><\/div><div class='col-md-2 col-inner'><div class='col-inwrap'><div class='vc-image text-center'><figure><a href='\/diamond-ring-robustino' class='d-block'><img src='https:\/\/ajediam.com\/wp-content\/uploads\/2019\/03\/ring_Perche-si85.jpg' alt=''><\/a><\/figure><\/div><\/div><\/div><div class='col-md-2 col-inner'><div class='col-inwrap'><div class='vc-image '><figure><a href='\/diamond-ring-casino' class='d-block'><img src='https:\/\/ajediam.com\/wp-content\/uploads\/2019\/03\/mens_ring_Casino85.jpg' alt=''><\/a><\/figure><\/div><\/div><\/div><div class='col-md-2 col-inner'><div class='col-inwrap'><div class='vc-image text-center'><figure><a href='\/rubies-diamond-rings' class='d-block'><img src='https:\/\/ajediam.com\/wp-content\/uploads\/2019\/03\/Ruby_Solitaire_Engagement_Ring_Yellow_Gold_4_cm.jpg' alt=''><\/a><\/figure><\/div><\/div><\/div><\/div><\/div><div class='col-md-2 '><\/div><\/div> <style>.vc_custom_1552886396531 { border-top-width: 3px !important;border-right-width: 3px !important;border-bottom-width: 3px !important;border-left-width: 3px !important;border-left-color: #e2ebf0 !important;border-left-style: solid !important;border-right-color: #e2ebf0 !important;border-right-style: solid !important;border-top-color: #e2ebf0 !important;border-top-style: solid !important;border-bottom-color: #e2ebf0 !important;border-bottom-style: solid !important;} }<\/style><div class='row vc_row '><div class='col-md-3 '><\/div><div class='col-md-3 '><div style='height: 32px;'><\/div><a class='lab-button' href='\/fr\/bagues-de-fiancailles\/' target='' title='\/fr\/bagues-de-fiancaille'>ACHETER MAINTENANT<\/a><\/div><div class='col-md-3 '><div style='height: 32px;'><\/div><a class='lab-button' href='\/fr\/notre-formulaire-de-demande-rapide\/' target='' title='\/fr\/notre-formulaire-de-demande-rapid'>CONSULTER LE GUIDE D'ACHAT<\/a><\/div><div class='col-md-3 '><\/div><\/div> <div class='row vc_row '><div class='col-md-2 '><\/div><div class='col-md-8 '><div style='height: 32px;'><\/div><div class='vc-image '><figure><a href='\/fr\/notre-formulaire-de-demande-rapide\/' class='d-block'><img src='https:\/\/ajediam.com\/wp-content\/uploads\/2019\/03\/Ajediam_footer_Buy_now_13_03_2015.jpg' alt=''><\/a><\/figure><\/div><\/div><div class='col-md-2 '><\/div><\/div> <\/p>\n","protected":false},"excerpt":{"rendered":"","protected":false},"author":5,"featured_media":0,"parent":0,"menu_order":0,"comment_status":"closed","ping_status":"closed","template":"","meta":{"ub_ctt_via":"","footnotes":""},"acf":[],"featured_image_src":null,"_links":{"self":[{"href":"https:\/\/ajediam.com\/fr\/wp-json\/wp\/v2\/pages\/10349"}],"collection":[{"href":"https:\/\/ajediam.com\/fr\/wp-json\/wp\/v2\/pages"}],"about":[{"href":"https:\/\/ajediam.com\/fr\/wp-json\/wp\/v2\/types\/page"}],"author":[{"embeddable":true,"href":"https:\/\/ajediam.com\/fr\/wp-json\/wp\/v2\/users\/5"}],"replies":[{"embeddable":true,"href":"https:\/\/ajediam.com\/fr\/wp-json\/wp\/v2\/comments?post=10349"}],"version-history":[{"count":3,"href":"https:\/\/ajediam.com\/fr\/wp-json\/wp\/v2\/pages\/10349\/revisions"}],"predecessor-version":[{"id":10354,"href":"https:\/\/ajediam.com\/fr\/wp-json\/wp\/v2\/pages\/10349\/revisions\/10354"}],"wp:attachment":[{"href":"https:\/\/ajediam.com\/fr\/wp-json\/wp\/v2\/media?parent=10349"}],"curies":[{"name":"wp","href":"https:\/\/api.w.org\/{rel}","templated":true}]}}