{"id":10355,"date":"2019-04-29T11:46:56","date_gmt":"2019-04-29T11:46:56","guid":{"rendered":"https:\/\/ajediam.com\/?page_id=10355"},"modified":"2023-07-09T17:22:20","modified_gmt":"2023-07-09T17:22:20","slug":"haute-joaillerie","status":"publish","type":"page","link":"https:\/\/ajediam.com\/fr\/haute-joaillerie\/","title":{"rendered":"Haute Joaillerie"},"content":{"rendered":"<p><div class='row vc_row '><div class='col-md-12 '><h2 class='section-title'>Millionnaires, Ajediam cr\u00e9e votre joaillerie exclusive,<\/h2><p> con\u00e7ue par notre c\u00e9l\u00e8bre ma\u00eetre bijoutier. Notre programme sp\u00e9cial pour les clients fortun\u00e9s vous permet d&rsquo;acheter \u00e0 prix de gros. Vous \u00eates les bienvenus chez Ajediam ! S\u00e9lectionnez d&rsquo;abord vos diamants et je cr\u00e9erai des bijoux exclusifs et des bagues de fian\u00e7ailles haut de gamme exclusives !<\/p><div class='mb-4'><p>Nous cr\u00e9ons votre bague de diamant parfaite pour les personnes fortun\u00e9es, personnalis\u00e9e en or blanc, jaune, rose 18 carats ou en platine, au prix de gros.<\/p>\n<p>La mission d&rsquo;Ajediam : vous rendre heureux pour toute une vie \ud83d\ude42<\/p><\/div><\/div><\/div> <div class='row vc_row vc_custom_1552886396531'><div class='col-md-12 '><div class='row '><div class='col-md-6 col-inner'><div class='col-inwrap'><div class='vc-image text-center'><figure><div><img src='https:\/\/ajediam.com\/wp-content\/uploads\/2019\/03\/High_jewelry_Ajediam_20_x_16_6_op_800x664-300x249.jpg' alt=''><\/div><\/figure><\/div><div class='mb-4'><p><\/p>\n<p><strong>Bague en diamant Blue Chameleon haute joaillerie \u00e0 changement de couleur \u00e9lusif<\/strong><br \/>\n<strong>sur commande sp\u00e9ciale, cr\u00e9\u00e9e par notre Ma\u00eetre Bijoutier.<\/strong><\/p>\n<p>Cette pi\u00e8ce de haute joaillerie contient un diamant bleu exceptionnel en forme de poire de 3 carats, flanqu\u00e9 de deux ovales lat\u00e9raux d&rsquo;un carat &#8211; couleur D, puret\u00e9 loupe et de nombreux autres petits diamants. <a href=\"mailto:care@ajediam.com?&amp;subject=Wealthy%20Diamond%20Ring%20High%20Jewelry\">Email<\/a> <\/p><\/div><\/div><\/div><div class='col-md-6 col-inner'><div class='col-inwrap'><div class='vc-image text-center'><figure><div><img src='https:\/\/ajediam.com\/wp-content\/uploads\/2019\/03\/Collier_fleurs_de_Printemps_15_cm_-300x153.jpg' alt=''><\/div><\/figure><\/div><div class='mb-4'><p><\/p>\n<p><strong>Bijou en diamant fait \u00e0 la main, collier de diamants de luxe,<\/strong><\/p>\n<p>con\u00e7u sur commande sp\u00e9ciale, contenant une pierre centrale exceptionnelle de 8 carats &#8211; couleur blanc + (D),<br \/>\npuret\u00e9 loupe (IF), de forme ovale + diamants marquise,<br \/>\nensemble dans un collier en platine de 40 grammes. <a href=\"mailto:care@ajediam.com?&amp;subject=Wealthy%20Diamond%20Ring%20High%20Jewelry\">Email<\/a> <\/p><\/div><\/div><\/div><\/div><\/div><\/div> <style>.vc_custom_1552886396531 { border-top-width: 3px !important;border-right-width: 3px !important;border-bottom-width: 3px !important;border-left-width: 3px !important;border-left-color: #e2ebf0 !important;border-left-style: solid !important;border-right-color: #e2ebf0 !important;border-right-style: solid !important;border-top-color: #e2ebf0 !important;border-top-style: solid !important;border-bottom-color: #e2ebf0 !important;border-bottom-style: solid !important;} }<\/style><div class='row vc_row '><div class='col-md-3 '><\/div><div class='col-md-3 '><div style='height: 32px;'><\/div><a class='lab-button' href='\/fr\/bagues-de-fiancailles\/' target='' title='\/fr\/bagues-de-fiancaille'>ACHETER MAINTENANT<\/a><\/div><div class='col-md-3 '><div style='height: 32px;'><\/div><a class='lab-button' href='\/fr\/notre-formulaire-de-demande-rapide\/' target='' title='\/fr\/notre-formulaire-de-demande-rapid'>CONSULTER LE GUIDE D'ACHAT<\/a><\/div><div class='col-md-3 '><\/div><\/div> <div class='row vc_row '><div class='col-md-2 '><\/div><div class='col-md-8 '><div style='height: 32px;'><\/div><div class='vc-image '><figure><a href='\/fr\/notre-formulaire-de-demande-rapide\/' class='d-block'><img src='https:\/\/ajediam.com\/wp-content\/uploads\/2019\/03\/Ajediam_footer_Buy_now_13_03_2015.jpg' alt=''><\/a><\/figure><\/div><\/div><div class='col-md-2 '><\/div><\/div> <\/p>\n","protected":false},"excerpt":{"rendered":"","protected":false},"author":5,"featured_media":0,"parent":0,"menu_order":0,"comment_status":"closed","ping_status":"closed","template":"","meta":{"ub_ctt_via":"","footnotes":""},"acf":[],"featured_image_src":null,"_links":{"self":[{"href":"https:\/\/ajediam.com\/fr\/wp-json\/wp\/v2\/pages\/10355"}],"collection":[{"href":"https:\/\/ajediam.com\/fr\/wp-json\/wp\/v2\/pages"}],"about":[{"href":"https:\/\/ajediam.com\/fr\/wp-json\/wp\/v2\/types\/page"}],"author":[{"embeddable":true,"href":"https:\/\/ajediam.com\/fr\/wp-json\/wp\/v2\/users\/5"}],"replies":[{"embeddable":true,"href":"https:\/\/ajediam.com\/fr\/wp-json\/wp\/v2\/comments?post=10355"}],"version-history":[{"count":1,"href":"https:\/\/ajediam.com\/fr\/wp-json\/wp\/v2\/pages\/10355\/revisions"}],"predecessor-version":[{"id":10356,"href":"https:\/\/ajediam.com\/fr\/wp-json\/wp\/v2\/pages\/10355\/revisions\/10356"}],"wp:attachment":[{"href":"https:\/\/ajediam.com\/fr\/wp-json\/wp\/v2\/media?parent=10355"}],"curies":[{"name":"wp","href":"https:\/\/api.w.org\/{rel}","templated":true}]}}