{"id":10358,"date":"2019-04-08T12:24:53","date_gmt":"2019-04-08T12:24:53","guid":{"rendered":"https:\/\/ajediam.com\/?page_id=10358"},"modified":"2023-07-09T18:05:14","modified_gmt":"2023-07-09T18:05:14","slug":"concevoir-des-bagues-en-diamant","status":"publish","type":"page","link":"https:\/\/ajediam.com\/fr\/concevoir-des-bagues-en-diamant\/","title":{"rendered":"Concevoir des bagues en diamant"},"content":{"rendered":"<p><div class='row vc_row '><div class='col-md-12 '><div class='mb-4'><p>Comment tous vos probl\u00e8mes de conception sont r\u00e9solus. Vous trouverez ici des milliers de mod\u00e8les \u00e0 prix de gros.<br \/>\nPRIX PRIVIL\u00c9GI\u00c9 POUR LES BIJOUX :<br \/>\nToutes les pi\u00e8ces de bijoux sont cr\u00e9\u00e9es sur mesure par notre Ma\u00eetre Bijoutier Ind\u00e9pendant en tant que service GRATUIT \u00e0 nos clients privil\u00e9gi\u00e9s !<br \/>\nNous n&rsquo;intervenons pas et nous ne faisons pas de profit sur votre bijou en cours de fabrication.<\/p>\n<p>Vous ne paierez que le prix du bijoutier au taux en vigueur du jour et le sertissage des diamants devant vous afin d&rsquo;\u00e9viter la fraude. Consultez notre collection unique :<\/p><\/div><\/div><\/div> <div class='row vc_row vc_custom_1552886396531'><div class='col-md-12 '><div class='row '><div class='col-md-4 col-inner'><div class='col-inwrap'><div class='vc-image text-center'><figure><div><img src='https:\/\/ajediam.com\/wp-content\/uploads\/2019\/03\/Design_diamond_engagement_ring_fashion_style_pave_set_A005_Ajediam_10cm-300x210.jpg' alt=''><\/div><\/figure><\/div><\/div><\/div><div class='col-md-8 col-inner'><div class='col-inwrap'><div class='mb-4'><p><\/p>\n<h3>Bague design flamboyante en diamant, style tendance<\/h3>\n<p>sertie pav\u00e9e en or blanc 18 carats, 14,10 grammes<br \/>\n2,08 carats de diamants brillants ronds,<br \/>\nCouleur Rare White + (F) &#8211; Puret\u00e9 Loupe Clean (VS1)<br \/>\nRef A005 &#8211; <a href=\"mailto:care@ajediam.com?&amp;subject=Design%20diamond%20engagement%20ring%20fashion%20style%20pave%20set%20A005\">Email\u00a0<\/a><\/p><\/div><\/div><\/div><\/div><\/div><\/div> <style>.vc_custom_1552886396531 { border-top-width: 3px !important;border-right-width: 3px !important;border-bottom-width: 3px !important;border-left-width: 3px !important;border-left-color: #e2ebf0 !important;border-left-style: solid !important;border-right-color: #e2ebf0 !important;border-right-style: solid !important;border-top-color: #e2ebf0 !important;border-top-style: solid !important;border-bottom-color: #e2ebf0 !important;border-bottom-style: solid !important;} }<\/style><div class='row vc_row vc_custom_1552886396531'><div class='col-md-12 '><div class='row '><div class='col-md-8 col-inner'><div class='col-inwrap'><div class='mb-4'><p><\/p>\n<p>Les bagues pr\u00e9sent\u00e9es sont toujours fabriqu\u00e9es sur mesure en or blanc, jaune, rose 18 carats ou en platine pur<\/p>\n<p>Achetez dans notre usine de bijoux au Centre Mondial du Diamant d&rsquo;Anvers.<br \/>\nVeuillez noter ! L&rsquo;entr\u00e9e est r\u00e9serv\u00e9e aux invit\u00e9s.<br \/>\nPour votre invitation, envoyez un <a href=\"\/fr\/notre-formulaire-de-demande-rapide\/\">email<\/a> ou appelez le +32 3 808 72 02<\/p>\n<p>Avez-vous une bague de diamant de conception personnelle en t\u00eate ? <a href=\"mailto:care@ajediam.com?&amp;subject=personal%20engagement%20ring%20quotation\">Email\u00a0<\/a><\/p>\n<h3>Bague de trilogie de conception en diamant, faite \u00e0 la main en or blanc et jaune 18 carats<\/h3>\n<p><\/p><\/div><div class='mb-4'><p> <a href=\"mailto:care@ajediam.com?&amp;subject=%20Design%20Trilogy%20diamond%20ring%20Ajediam\">Email<\/a> <\/p><\/div><\/div><\/div><div class='col-md-4 col-inner'><div class='col-inwrap'><div class='vc-image text-center'><figure><div><img src='https:\/\/ajediam.com\/wp-content\/uploads\/2019\/03\/Design_Trilogy_diamond_ring-300x219.jpg' alt=''><\/div><\/figure><\/div><\/div><\/div><\/div><\/div><\/div> <style>.vc_custom_1552886396531 { border-top-width: 3px !important;border-right-width: 3px !important;border-bottom-width: 3px !important;border-left-width: 3px !important;border-left-color: #e2ebf0 !important;border-left-style: solid !important;border-right-color: #e2ebf0 !important;border-right-style: solid !important;border-top-color: #e2ebf0 !important;border-top-style: solid !important;border-bottom-color: #e2ebf0 !important;border-bottom-style: solid !important;} }<\/style><div class='row vc_row vc_custom_1552886396531'><div class='col-md-12 '><div class='row '><div class='col-md-4 col-inner'><div class='col-inwrap'><div class='vc-image text-center'><figure><div><img src='https:\/\/ajediam.com\/wp-content\/uploads\/2019\/03\/You___Me_Design_Ring_Birma_Sapphire_Ajediam_10cm-300x240.jpg' alt=''><\/div><\/figure><\/div><\/div><\/div><div class='col-md-8 col-inner'><div class='col-inwrap'><div class='mb-4'><p><\/p>\n<h3>Bague \u00ab\u00a0Toi et Moi\u00a0\u00bb Design,<\/h3>\n<p>Diamant brillant rond<br \/>\net saphir cabochon de Birmanie<br \/>\nsertis en or jaune 18 carats, 8,90 grammes<br \/>\nSaphir cabochon de Birmanie 0,35 carat<br \/>\nDiamant brillant rond de 0,22 carat,<br \/>\nCouleur Rare White + (F)<br \/>\nPuret\u00e9 Loupe Clean (VS1)<br \/>\nRef A259 &#8211; <a href=\"mailto:care@ajediam.com?&amp;subject=You%20&amp;%20Me%20Design%20Ring%20Ref%20A259\">Email\u00a0<\/a><\/p><\/div><\/div><\/div><\/div><\/div><\/div> <style>.vc_custom_1552886396531 { border-top-width: 3px !important;border-right-width: 3px !important;border-bottom-width: 3px !important;border-left-width: 3px !important;border-left-color: #e2ebf0 !important;border-left-style: solid !important;border-right-color: #e2ebf0 !important;border-right-style: solid !important;border-top-color: #e2ebf0 !important;border-top-style: solid !important;border-bottom-color: #e2ebf0 !important;border-bottom-style: solid !important;} }<\/style><div class='row vc_row vc_custom_1552886396531'><div class='col-md-12 '><div class='row '><div class='col-md-8 col-inner'><div class='col-inwrap'><div class='mb-4'><p><\/p>\n<h3>Bague en diamant \u00e0 deux tons de conception en spirale<\/h3>\n<p>Diamant rond brillant serti clos, 0,17 carat,<br \/>\nCouleur Rare White + (F) &#8211; Puret\u00e9 Loupe Clean (VS1)<br \/>\nMonture en or blanc et jaune 18 carats, 6,00 grammes<br \/>\nRef A008 &#8211; <a href=\"mailto:care@ajediam.com?&amp;subject=Swirl%20two%20tone%20Design%20Diamond%20Solitaire%20Ring%20A008\">Email\u00a0<\/a><\/p><\/div><\/div><\/div><div class='col-md-4 col-inner'><div class='col-inwrap'><div class='vc-image text-center'><figure><div><img src='https:\/\/ajediam.com\/wp-content\/uploads\/2019\/03\/Swirl_yellow___white_gold_18K_design_diamond_ring_Ajediam_front_10cm-300x180.jpg' alt=''><\/div><\/figure><\/div><\/div><\/div><\/div><\/div><\/div> <style>.vc_custom_1552886396531 { border-top-width: 3px !important;border-right-width: 3px !important;border-bottom-width: 3px !important;border-left-width: 3px !important;border-left-color: #e2ebf0 !important;border-left-style: solid !important;border-right-color: #e2ebf0 !important;border-right-style: solid !important;border-top-color: #e2ebf0 !important;border-top-style: solid !important;border-bottom-color: #e2ebf0 !important;border-bottom-style: solid !important;} }<\/style><div class='row vc_row vc_custom_1552886396531'><div class='col-md-12 '><div class='row '><div class='col-md-4 col-inner'><div class='col-inwrap'><div class='vc-image text-center'><figure><div><img src='https:\/\/ajediam.com\/wp-content\/uploads\/2019\/03\/Square_diamond_Two_Band_engagement_ring_A382_Ajediam_10cm-300x150.jpg' alt=''><\/div><\/figure><\/div><\/div><\/div><div class='col-md-8 col-inner'><div class='col-inwrap'><div class='mb-4'><p><\/p>\n<h3>Bague de conception carr\u00e9e en diamant \u00e0 deux tons,<br \/>\nBague deux bandes, aspect distinctif<\/h3>\n<p>serties en or blanc et jaune 18 carats, 8,70 grammes<br \/>\n0,54 carats de diamants de la meilleure qualit\u00e9<br \/>\nRef A382 &#8211; <a href=\"mailto:care@ajediam.com?&amp;subject=Design%20Square%20Diamond%20Two%20Band%20Engagement%20Ring%20A382\">Email<\/a> <\/p><\/div><\/div><\/div><\/div><\/div><\/div> <style>.vc_custom_1552886396531 { border-top-width: 3px !important;border-right-width: 3px !important;border-bottom-width: 3px !important;border-left-width: 3px !important;border-left-color: #e2ebf0 !important;border-left-style: solid !important;border-right-color: #e2ebf0 !important;border-right-style: solid !important;border-top-color: #e2ebf0 !important;border-top-style: solid !important;border-bottom-color: #e2ebf0 !important;border-bottom-style: solid !important;} }<\/style><div class='row vc_row vc_custom_1552886396531'><div class='col-md-12 '><div class='row '><div class='col-md-8 col-inner'><div class='col-inwrap'><div class='mb-4'><p><\/p>\n<h3>Bague en diamant au design circulaire<\/h3>\n<p>style classique, serti \u00e0 griffes<br \/>\nR\u00e9f. R360 <a href=\"mailto:care@ajediam.com?&amp;subject=design%20Circle%20Ring%20R360\">Email<\/a> <\/p><\/div><\/div><\/div><div class='col-md-4 col-inner'><div class='col-inwrap'><div class='vc-image text-center'><figure><div><img src='https:\/\/ajediam.com\/wp-content\/uploads\/2019\/04\/design_diamond_rings_happiness_bridge__element82.jpg' alt=''><\/div><\/figure><\/div><\/div><\/div><\/div><\/div><\/div> <style>.vc_custom_1552886396531 { border-top-width: 3px !important;border-right-width: 3px !important;border-bottom-width: 3px !important;border-left-width: 3px !important;border-left-color: #e2ebf0 !important;border-left-style: solid !important;border-right-color: #e2ebf0 !important;border-right-style: solid !important;border-top-color: #e2ebf0 !important;border-top-style: solid !important;border-bottom-color: #e2ebf0 !important;border-bottom-style: solid !important;} }<\/style><div class='row vc_row vc_custom_1552886396531'><div class='col-md-12 '><div class='row '><div class='col-md-4 col-inner'><div class='col-inwrap'><div class='vc-image text-center'><figure><div><img src='https:\/\/ajediam.com\/wp-content\/uploads\/2019\/03\/Emerald_diamond_ring_side_tapers_Ray377_water_large-1-300x173.jpg' alt=''><\/div><\/figure><\/div><\/div><\/div><div class='col-md-8 col-inner'><div class='col-inwrap'><div class='mb-4'><p><\/p>\n<h3>Bague en diamant d&rsquo;\u00e9meraude avec des pierres lat\u00e9rales en diamant effil\u00e9es<\/h3>\n<p>R\u00e9f. R377 <a href=\"mailto:care@ajediam.com?&amp;subject=design%20Emerald%20Ring%20R377\">Email<\/a> <\/p><\/div><\/div><\/div><\/div><\/div><\/div> <style>.vc_custom_1552886396531 { border-top-width: 3px !important;border-right-width: 3px !important;border-bottom-width: 3px !important;border-left-width: 3px !important;border-left-color: #e2ebf0 !important;border-left-style: solid !important;border-right-color: #e2ebf0 !important;border-right-style: solid !important;border-top-color: #e2ebf0 !important;border-top-style: solid !important;border-bottom-color: #e2ebf0 !important;border-bottom-style: solid !important;} }<\/style><div class='row vc_row vc_custom_1552886396531'><div class='col-md-12 '><div class='row '><div class='col-md-8 col-inner'><div class='col-inwrap'><div class='mb-4'><p><\/p>\n<h3>Bague en diamant design artistique<\/h3>\n<p>R\u00e9f. R213 <a href=\"mailto:care@ajediam.com?&amp;subject=Art Design Diamond Ring R213\">Email<\/a> <\/p><\/div><\/div><\/div><div class='col-md-4 col-inner'><div class='col-inwrap'><div class='vc-image text-center'><figure><div><img src='https:\/\/ajediam.com\/wp-content\/uploads\/2019\/03\/Diamond_Ring_Ray213_water_large.jpg' alt=''><\/div><\/figure><\/div><\/div><\/div><\/div><\/div><\/div> <style>.vc_custom_1552886396531 { border-top-width: 3px !important;border-right-width: 3px !important;border-bottom-width: 3px !important;border-left-width: 3px !important;border-left-color: #e2ebf0 !important;border-left-style: solid !important;border-right-color: #e2ebf0 !important;border-right-style: solid !important;border-top-color: #e2ebf0 !important;border-top-style: solid !important;border-bottom-color: #e2ebf0 !important;border-bottom-style: solid !important;} }<\/style><div class='row vc_row vc_custom_1552886396531'><div class='col-md-12 '><div class='row '><div class='col-md-4 col-inner'><div class='col-inwrap'><div class='vc-image text-center'><figure><div><img src='https:\/\/ajediam.com\/wp-content\/uploads\/2019\/03\/Design_Diamond_solitaire_ring_three_rows_pink_diamonds_on_band_Ajediam-300x184.jpg' alt=''><\/div><\/figure><\/div><\/div><\/div><div class='col-md-8 col-inner'><div class='col-inwrap'><div class='mb-4'><p><\/p>\n<h3>Bague solitaire en diamant design avec trois rang\u00e9es de diamants roses sur la bande<\/h3>\n<p><a href=\"mailto:care@ajediam.com?&amp;subject=Diamond solitaire ring with pink diamonds\">Email<\/a> <\/p><\/div><\/div><\/div><\/div><\/div><\/div> <style>.vc_custom_1552886396531 { border-top-width: 3px !important;border-right-width: 3px !important;border-bottom-width: 3px !important;border-left-width: 3px !important;border-left-color: #e2ebf0 !important;border-left-style: solid !important;border-right-color: #e2ebf0 !important;border-right-style: solid !important;border-top-color: #e2ebf0 !important;border-top-style: solid !important;border-bottom-color: #e2ebf0 !important;border-bottom-style: solid !important;} }<\/style><div class='row vc_row vc_custom_1552886396531'><div class='col-md-12 '><div class='row '><div class='col-md-8 col-inner'><div class='col-inwrap'><div class='mb-4'><p><\/p>\n<h3>Bague design en diamant bleu<br \/>\nflanqu\u00e9e de 2 diamants ovales lat\u00e9raux<\/h3>\n<p><a href=\"mailto:care@ajediam.com?&amp;subject=Blue%20diamond%20ring\">Email<\/a> <\/p><\/div><\/div><\/div><div class='col-md-4 col-inner'><div class='col-inwrap'><div class='vc-image text-center'><figure><div><img src='https:\/\/ajediam.com\/wp-content\/uploads\/2019\/04\/Design_blue_diamond_ring_flanked_by_2_oval_side_diamonds_Ajediam-300x242.jpg' alt=''><\/div><\/figure><\/div><\/div><\/div><\/div><\/div><\/div> <style>.vc_custom_1552886396531 { border-top-width: 3px !important;border-right-width: 3px !important;border-bottom-width: 3px !important;border-left-width: 3px !important;border-left-color: #e2ebf0 !important;border-left-style: solid !important;border-right-color: #e2ebf0 !important;border-right-style: solid !important;border-top-color: #e2ebf0 !important;border-top-style: solid !important;border-bottom-color: #e2ebf0 !important;border-bottom-style: solid !important;} }<\/style><div class='row vc_row vc_custom_1552886396531'><div class='col-md-12 '><div class='row '><div class='col-md-4 col-inner'><div class='col-inwrap'><div class='vc-image text-center'><figure><div><img src='https:\/\/ajediam.com\/wp-content\/uploads\/2019\/04\/Design_Diamond_Rings__element508-300x236.jpg' alt=''><\/div><\/figure><\/div><\/div><\/div><div class='col-md-8 col-inner'><div class='col-inwrap'><div class='mb-4'><p><\/p>\n<h3>Bague design en diamant jaune canari intense avec 2 diamants lat\u00e9raux en forme de triangle<\/h3>\n<p><a href=\"mailto:care@ajediam.com?&amp;subject=Canary%20diamond%20ring\">Email<\/a> <\/p><\/div><\/div><\/div><\/div><\/div><\/div> <style>.vc_custom_1552886396531 { border-top-width: 3px !important;border-right-width: 3px !important;border-bottom-width: 3px !important;border-left-width: 3px !important;border-left-color: #e2ebf0 !important;border-left-style: solid !important;border-right-color: #e2ebf0 !important;border-right-style: solid !important;border-top-color: #e2ebf0 !important;border-top-style: solid !important;border-bottom-color: #e2ebf0 !important;border-bottom-style: solid !important;} }<\/style><div class='row vc_row vc_custom_1552886396531'><div class='col-md-12 '><div class='row '><div class='col-md-8 col-inner'><div class='col-inwrap'><div class='mb-4'><p><\/p>\n<h3>Bague en diamant en forme de cercle<\/h3>\n<p><a href=\"mailto:care@ajediam.com?&amp;subject=Rolande%20circle%20diamond%20ring\">Email<\/a> <\/p><\/div><\/div><\/div><div class='col-md-4 col-inner'><div class='col-inwrap'><div class='vc-image text-center'><figure><div><img src='https:\/\/ajediam.com\/wp-content\/uploads\/2019\/03\/Design_pear_diamond_circle_ring_Ajediam.jpg' alt=''><\/div><\/figure><\/div><\/div><\/div><\/div><\/div><\/div> <style>.vc_custom_1552886396531 { border-top-width: 3px !important;border-right-width: 3px !important;border-bottom-width: 3px !important;border-left-width: 3px !important;border-left-color: #e2ebf0 !important;border-left-style: solid !important;border-right-color: #e2ebf0 !important;border-right-style: solid !important;border-top-color: #e2ebf0 !important;border-top-style: solid !important;border-bottom-color: #e2ebf0 !important;border-bottom-style: solid !important;} }<\/style><div class='row vc_row vc_custom_1552886396531'><div class='col-md-12 '><div class='row '><div class='col-md-4 col-inner'><div class='col-inwrap'><div class='vc-image text-center'><figure><div><img src='https:\/\/ajediam.com\/wp-content\/uploads\/2019\/03\/ring_black_diamond_Las_Vegas_275.jpg' alt=''><\/div><\/figure><\/div><\/div><\/div><div class='col-md-8 col-inner'><div class='col-inwrap'><div class='mb-4'><p><\/p>\n<h3>Grande bague de design en diamant noir de 5,00 carats<\/h3>\n<p><a href=\"mailto:care@ajediam.com?&amp;subject=Las%20Vegas%20Big%20black%20and%20white%20diamond%20design%20ring\">Email<\/a> <\/p><\/div><\/div><\/div><\/div><\/div><\/div> <style>.vc_custom_1552886396531 { border-top-width: 3px !important;border-right-width: 3px !important;border-bottom-width: 3px !important;border-left-width: 3px !important;border-left-color: #e2ebf0 !important;border-left-style: solid !important;border-right-color: #e2ebf0 !important;border-right-style: solid !important;border-top-color: #e2ebf0 !important;border-top-style: solid !important;border-bottom-color: #e2ebf0 !important;border-bottom-style: solid !important;} }<\/style><div class='row vc_row '><div class='col-md-12 '><div style='height: 32px;'><\/div><div class='row '><div class='col-md-20p col-inner'><div class='col-inwrap'><\/div><\/div><div class='col-md-20p col-inner'><div class='col-inwrap'><div class='vc-image text-center'><figure><a href='\/sapphires-diamond_rings' class='d-block'><img src='https:\/\/ajediam.com\/wp-content\/uploads\/2019\/03\/Burmese_sapphire_circle_diamonds_ring_Lady_Di_style_Ajediam_5cm.jpg' alt=''><\/a><\/figure><\/div><\/div><\/div><div class='col-md-20p col-inner'><div class='col-inwrap'><div class='vc-image text-center'><figure><a href='\/emerald-rings' class='d-block'><img src='https:\/\/ajediam.com\/wp-content\/uploads\/2019\/03\/Colombian_emerald_ring_side_diamonds_Ajediam_5cm-300x188.jpg' alt=''><\/a><\/figure><\/div><\/div><\/div><div class='col-md-20p col-inner'><div class='col-inwrap'><div class='vc-image text-center'><figure><a href='\/rubies-diamond-rings' class='d-block'><img src='https:\/\/ajediam.com\/wp-content\/uploads\/2019\/03\/Pigeon_blood_red_Ruby_circle_diamond_ring_Ajediam_10cm-300x300.jpg' alt=''><\/a><\/figure><\/div><\/div><\/div><div class='col-md-20p col-inner'><div class='col-inwrap'><\/div><\/div><\/div><\/div><\/div> <div class='row vc_row '><div class='col-md-3 '><\/div><div class='col-md-3 '><div style='height: 32px;'><\/div><a class='lab-button' href='\/fr\/bagues-de-fiancailles\/' target='' title='\/fr\/bagues-de-fiancaille'>ACHETER MAINTENANT<\/a><\/div><div class='col-md-3 '><div style='height: 32px;'><\/div><a class='lab-button' href='\/fr\/notre-formulaire-de-demande-rapide\/' target='' title='\/fr\/notre-formulaire-de-demande-rapid'>GUIDE D'ACHAT<\/a><\/div><div class='col-md-3 '><\/div><\/div> <div class='row vc_row '><div class='col-md-2 '><\/div><div class='col-md-8 '><div style='height: 32px;'><\/div><div class='vc-image '><figure><div><img src='https:\/\/ajediam.com\/wp-content\/uploads\/2019\/03\/Ajediam_footer_Buy_now_13_03_2015.jpg' alt=''><\/div><\/figure><\/div><\/div><div class='col-md-2 '><\/div><\/div> <\/p>\n","protected":false},"excerpt":{"rendered":"","protected":false},"author":5,"featured_media":0,"parent":0,"menu_order":0,"comment_status":"closed","ping_status":"closed","template":"","meta":{"ub_ctt_via":"","footnotes":""},"acf":[],"featured_image_src":null,"_links":{"self":[{"href":"https:\/\/ajediam.com\/fr\/wp-json\/wp\/v2\/pages\/10358"}],"collection":[{"href":"https:\/\/ajediam.com\/fr\/wp-json\/wp\/v2\/pages"}],"about":[{"href":"https:\/\/ajediam.com\/fr\/wp-json\/wp\/v2\/types\/page"}],"author":[{"embeddable":true,"href":"https:\/\/ajediam.com\/fr\/wp-json\/wp\/v2\/users\/5"}],"replies":[{"embeddable":true,"href":"https:\/\/ajediam.com\/fr\/wp-json\/wp\/v2\/comments?post=10358"}],"version-history":[{"count":1,"href":"https:\/\/ajediam.com\/fr\/wp-json\/wp\/v2\/pages\/10358\/revisions"}],"predecessor-version":[{"id":10361,"href":"https:\/\/ajediam.com\/fr\/wp-json\/wp\/v2\/pages\/10358\/revisions\/10361"}],"wp:attachment":[{"href":"https:\/\/ajediam.com\/fr\/wp-json\/wp\/v2\/media?parent=10358"}],"curies":[{"name":"wp","href":"https:\/\/api.w.org\/{rel}","templated":true}]}}