{"id":10362,"date":"2019-04-02T10:34:32","date_gmt":"2019-04-02T10:34:32","guid":{"rendered":"https:\/\/ajediam.com\/?page_id=10362"},"modified":"2023-07-09T18:27:56","modified_gmt":"2023-07-09T18:27:56","slug":"bagues-en-diamant-pour-hommes","status":"publish","type":"page","link":"https:\/\/ajediam.com\/fr\/bagues-en-diamant-pour-hommes\/","title":{"rendered":"Bagues en diamant pour hommes"},"content":{"rendered":"<p><div class='row vc_row '><div class='col-md-12 '><h2 class='section-title'>Votre propre bague de diamant pour homme et solitaire<\/h2><p>achetez de haute qualit\u00e9 et au meilleur prix chez Ajediam \u00e0 Anvers, le plus grand centre commercial de diamants au monde<\/p><\/div><\/div> <div class='row vc_row vc_custom_1552886396531'><div class='col-md-12 '><div class='row '><div class='col-md-4 col-inner'><div class='col-inwrap'><div class='vc-image text-center'><figure><div><img src='https:\/\/ajediam.com\/wp-content\/uploads\/2019\/03\/ring_black_diamond_Las_Vegas_275.jpg' alt=''><\/div><\/figure><\/div><\/div><\/div><div class='col-md-8 col-inner'><div class='col-inwrap'><h2 class='section-title'>Bague pour homme avec diamants noirs et blancs de grande taille<\/h2><div class='mb-4'><p><\/p>\n<p><strong>Bague pour homme avec diamants noirs et blancs de grande taille<\/strong><\/p>\n<p>8,00 carats de diamants ronds naturels noirs + blancs. Monture en or blanc 18 carats avec sertissage tension et pavage, poids de 19,50 grammes. R\u00e9f. A383 <a href=\"mailto:care@ajediam.com?&amp;subject=Black%20&amp;%20White%20Diamond%20Ring%20Las%20Vegas%20A383\">Email<\/a> <\/p><\/div><\/div><\/div><\/div><\/div><\/div> <style>.vc_custom_1552886396531 { border-top-width: 3px !important;border-right-width: 3px !important;border-bottom-width: 3px !important;border-left-width: 3px !important;border-left-color: #e2ebf0 !important;border-left-style: solid !important;border-right-color: #e2ebf0 !important;border-right-style: solid !important;border-top-color: #e2ebf0 !important;border-top-style: solid !important;border-bottom-color: #e2ebf0 !important;border-bottom-style: solid !important;} }<\/style><div class='row vc_row '><div class='col-md-12 '><div style='height: 32px;'><\/div><div class='mb-4'><p>Choisissez votre bague de diamant sp\u00e9cialement cr\u00e9\u00e9e pour vous parmi un large choix de superbes montures. Choisissez votre diamant et cr\u00e9ez votre propre bague de diamant virile.<\/p>\n<p>Les bagues pr\u00e9sent\u00e9es sont fabriqu\u00e9es sur mesure. Choisissez <a href=\"\/fr\/prix-des-diamants\/diamant-naturel-blanc\/\">d&rsquo;abord vos diamants<\/a> et <a href=\"\/fr\/diamants-101\/tailles-des-diamants\/\">leur taille<\/a>, puis vous pourrez choisir votre monture en or blanc, jaune ou rose 18 carats, ou en platine pur. Rendez-vous dans notre centre de cr\u00e9ation \u00e0 Anvers, au World Diamond Centre. Veuillez noter que l&rsquo;entr\u00e9e est r\u00e9serv\u00e9e aux invit\u00e9s. Pour recevoir une invitation, envoyez un <a href=\"\/fr\/notre-formulaire-de-demande-rapide\/\">email<\/a> ou appelez le +32 3 808 72 02.<\/p>\n<p>Avez-vous une id\u00e9e de bague de diamant pour homme personnalis\u00e9e en t\u00eate ? <a href=\"mailto:care@ajediam.com?&amp;subject=Personal Men's Ring Quotation\">Email<\/a> <\/p><\/div><\/div><\/div> <div class='row vc_row vc_custom_1552886396531'><div class='col-md-12 '><div class='row '><div class='col-md-8 col-inner'><div class='col-inwrap'><h2 class='section-title'>Bague de diamants pour homme avec 5 pierres \u00e9meraudes<\/h2><div class='mb-4'><p>5,00 carats de diamants naturels \u00e9meraudes blancs personnalis\u00e9s. Monture en or blanc 18 carats avec tension. <a href=\"mailto:care@ajediam.com?&amp;subject=5%20Stone%20Emerald%20Men%27s%20Diamond%20Ring\">Email<\/a> <\/p><\/div><\/div><\/div><div class='col-md-4 col-inner'><div class='col-inwrap'><ul id='vc_gallery_3864' class='vc_gallery list-unstyled d-flex flex-wrap flex-row'><li><a href='https:\/\/ajediam.com\/wp-content\/uploads\/2019\/03\/2._men_s_ring_emerald_diamonds_2_vrijgesteld.jpg' data-lightbox='vc_gallery_3864' class='d-block'><img src='https:\/\/ajediam.com\/wp-content\/uploads\/2019\/03\/2._men_s_ring_emerald_diamonds_2_vrijgesteld-150x150.jpg' alt=''><\/a><\/li><li><a href='https:\/\/ajediam.com\/wp-content\/uploads\/2019\/03\/3._men_s_ring_emerald_diamonds_2.jpg' data-lightbox='vc_gallery_3864' class='d-block'><img src='https:\/\/ajediam.com\/wp-content\/uploads\/2019\/03\/3._men_s_ring_emerald_diamonds_2-150x150.jpg' alt=''><\/a><\/li><\/ul><\/div><\/div><\/div><div style='height: 32px;'><\/div><\/div><\/div> <style>.vc_custom_1552886396531 { border-top-width: 3px !important;border-right-width: 3px !important;border-bottom-width: 3px !important;border-left-width: 3px !important;border-left-color: #e2ebf0 !important;border-left-style: solid !important;border-right-color: #e2ebf0 !important;border-right-style: solid !important;border-top-color: #e2ebf0 !important;border-top-style: solid !important;border-bottom-color: #e2ebf0 !important;border-bottom-style: solid !important;} }<\/style><div class='row vc_row vc_custom_1552886396531'><div class='col-md-12 '><div class='row '><div class='col-md-4 col-inner'><div class='col-inwrap'><div class='vc-image text-center'><figure><div><img src='https:\/\/ajediam.com\/wp-content\/uploads\/2019\/03\/Black_diamond_solitaire_ring_side_stones_front_7_5_cm.jpg' alt=''><\/div><\/figure><\/div><\/div><\/div><div class='col-md-8 col-inner'><div class='col-inwrap'><h2 class='section-title'>Bague de fian\u00e7ailles solitaire unique en diamant noir fait main avec des diamants triangulaires en trilogie<\/h2><div class='mb-4'><p>Poids total en carat de 1,10 &#8211; Bague en or blanc et jaune de 8 grammes, 18 carats. Envoyez-moi un <a href=\"mailto:care@ajediam.com?&amp;subject=Black%20Diamond%20solitaire%20trilogy%20engagement%20ring%20A375\">email<\/a> : indiquez la <a href=\"\/fr\/technique-de-haute-joaillerie\/tailles-de-doigt-bagues\/\">taille de la bague<\/a><\/p><\/div><\/div><\/div><\/div><\/div><\/div> <style>.vc_custom_1552886396531 { border-top-width: 3px !important;border-right-width: 3px !important;border-bottom-width: 3px !important;border-left-width: 3px !important;border-left-color: #e2ebf0 !important;border-left-style: solid !important;border-right-color: #e2ebf0 !important;border-right-style: solid !important;border-top-color: #e2ebf0 !important;border-top-style: solid !important;border-bottom-color: #e2ebf0 !important;border-bottom-style: solid !important;} }<\/style><div class='row vc_row vc_custom_1552886396531'><div class='col-md-12 '><div style='height: 32px;'><\/div><div class='row '><div class='col-md-8 col-inner'><div class='col-inwrap'><h2 class='section-title'>Bague de diamant noir audacieuse pour homme<\/h2><div class='mb-4'><p><strong>Cr\u00e9ez votre propre bague de sceau <a href=\"\/monogram-diamond-rings\/\">familial monogramme<\/a> parfait Or jaune 18 carats avec un grand saphir bleu de 3,00 carats 2 diamants blancs de 1\/4 carat en accompagnement<\/strong><\/p>\n<p>R\u00e9f. A282 &#8211; <a href=\"mailto:care@ajediam.com?&amp;subject=Solitaire%20blue%20sapphire,%20white%20side%20diamonds%20Engagement%20Ring%20A282\">Email<\/a><\/p><\/div><\/div><\/div><div class='col-md-4 col-inner'><div class='col-inwrap'><div class='vc-image text-center'><figure><div><img src='https:\/\/ajediam.com\/wp-content\/uploads\/2019\/03\/Blue_Sapphire_diamond_solitaire_ring_10_cm-150x150.jpg' alt=''><\/div><\/figure><\/div><\/div><\/div><\/div><div style='height: 32px;'><\/div><\/div><\/div> <style>.vc_custom_1552886396531 { border-top-width: 3px !important;border-right-width: 3px !important;border-bottom-width: 3px !important;border-left-width: 3px !important;border-left-color: #e2ebf0 !important;border-left-style: solid !important;border-right-color: #e2ebf0 !important;border-right-style: solid !important;border-top-color: #e2ebf0 !important;border-top-style: solid !important;border-bottom-color: #e2ebf0 !important;border-bottom-style: solid !important;} }<\/style><div class='row vc_row vc_custom_1552886396531'><div class='col-md-12 '><div class='row '><div class='col-md-4 col-inner'><div class='col-inwrap'><div class='vc-image text-center'><figure><div><img src='https:\/\/ajediam.com\/wp-content\/uploads\/2019\/03\/diamond_wedding_ring_Cosquillas145_compr..jpg' alt=''><\/div><\/figure><\/div><\/div><\/div><div class='col-md-8 col-inner'><div class='col-inwrap'><h2 class='section-title'>Bague en diamant noir pour hommes et femmes pour une promesse et un mariage<\/h2><div class='mb-4'><p><\/p>\n<p>serties de plus de 100 diamants noirs ! <a href=\"mailto:care@ajediam.com?&amp;subject=Custom%20Black%20Diamond%20Wedding%20Eternity%20ring\">Email<\/a><\/p>\n<p><\/p><\/div><\/div><\/div><\/div><div style='height: 32px;'><\/div><\/div><\/div> <style>.vc_custom_1552886396531 { border-top-width: 3px !important;border-right-width: 3px !important;border-bottom-width: 3px !important;border-left-width: 3px !important;border-left-color: #e2ebf0 !important;border-left-style: solid !important;border-right-color: #e2ebf0 !important;border-right-style: solid !important;border-top-color: #e2ebf0 !important;border-top-style: solid !important;border-bottom-color: #e2ebf0 !important;border-bottom-style: solid !important;} }<\/style><div class='row vc_row '><div class='col-md-3 '><\/div><div class='col-md-3 '><div style='height: 32px;'><\/div><a class='lab-button' href='\/fr\/bagues-de-fiancailles\/' target='' title='\/fr\/bagues-de-fiancaille'>ACHETER MAINTENANT<\/a><\/div><div class='col-md-3 '><div style='height: 32px;'><\/div><a class='lab-button' href='\/fr\/notre-formulaire-de-demande-rapide\/' target='' title='\/fr\/notre-formulaire-de-demande-rapid'>CONSULTER LE GUIDE D'ACHAT<\/a><\/div><div class='col-md-3 '><\/div><\/div> <div class='row vc_row '><div class='col-md-2 '><\/div><div class='col-md-8 '><div style='height: 32px;'><\/div><div class='vc-image '><figure><a href='\/fr\/notre-formulaire-de-demande-rapide\/' class='d-block'><img src='https:\/\/ajediam.com\/wp-content\/uploads\/2019\/03\/Ajediam_footer_Buy_now_13_03_2015.jpg' alt=''><\/a><\/figure><\/div><\/div><div class='col-md-2 '><\/div><\/div> <\/p>\n","protected":false},"excerpt":{"rendered":"","protected":false},"author":5,"featured_media":0,"parent":0,"menu_order":0,"comment_status":"closed","ping_status":"closed","template":"","meta":{"ub_ctt_via":"","footnotes":""},"acf":[],"featured_image_src":null,"_links":{"self":[{"href":"https:\/\/ajediam.com\/fr\/wp-json\/wp\/v2\/pages\/10362"}],"collection":[{"href":"https:\/\/ajediam.com\/fr\/wp-json\/wp\/v2\/pages"}],"about":[{"href":"https:\/\/ajediam.com\/fr\/wp-json\/wp\/v2\/types\/page"}],"author":[{"embeddable":true,"href":"https:\/\/ajediam.com\/fr\/wp-json\/wp\/v2\/users\/5"}],"replies":[{"embeddable":true,"href":"https:\/\/ajediam.com\/fr\/wp-json\/wp\/v2\/comments?post=10362"}],"version-history":[{"count":1,"href":"https:\/\/ajediam.com\/fr\/wp-json\/wp\/v2\/pages\/10362\/revisions"}],"predecessor-version":[{"id":10365,"href":"https:\/\/ajediam.com\/fr\/wp-json\/wp\/v2\/pages\/10362\/revisions\/10365"}],"wp:attachment":[{"href":"https:\/\/ajediam.com\/fr\/wp-json\/wp\/v2\/media?parent=10362"}],"curies":[{"name":"wp","href":"https:\/\/api.w.org\/{rel}","templated":true}]}}