{"id":10366,"date":"2019-05-03T12:40:34","date_gmt":"2019-05-03T12:40:34","guid":{"rendered":"https:\/\/ajediam.com\/?page_id=10366"},"modified":"2023-07-09T18:31:24","modified_gmt":"2023-07-09T18:31:24","slug":"bagues-en-diamant-monogramme","status":"publish","type":"page","link":"https:\/\/ajediam.com\/fr\/bagues-en-diamant-monogramme\/","title":{"rendered":"Bagues en diamant monogramme"},"content":{"rendered":"<p><div class='row vc_row '><div class='col-md-12 '><h2 class='section-title'>Cr\u00e9ez votre propre bague de sceau familial et monogramme en diamant<\/h2><p>Armoiries familiales, styles d&rsquo;armoiries personnalis\u00e9s avec les d\u00e9tails de votre famille &#8211; Designs ma\u00e7onniques &#8211;<br \/>\nPersonnalis\u00e9 selon votre blason, votre \u0153uvre d&rsquo;art h\u00e9raldique &#8211; Cr\u00eate \u00e9cossaise et irlandaise ou insigne de clan<br \/>\nAchetez en gros au Centre mondial du commerce de diamants d&rsquo;Anvers chez Ajediam, situ\u00e9 dans la Bourse du diamant, la premi\u00e8re au monde.<\/p><\/div><\/div> <div class='row vc_row vc_custom_1552886396531'><div class='col-md-12 '><div class='row '><div class='col-md-6 col-inner'><div class='col-inwrap'><div class='mb-4'><p><\/p>\n<h3>Bague de sceau familial et monogramme raffin\u00e9e<br \/>\nBague royale en diamant saphir<\/h3>\n<p>Nous personnalisons gratuitement votre bague de sceau ou de monogramme.<\/p>\n<h3>Bague de sceau raffin\u00e9e<\/h3>\n<p>Ajediam graver votre monogramme avec des initiales sp\u00e9cialement con\u00e7ues ou cr\u00e9er votre sceau familial selon votre choix.<\/p>\n<p><img decoding=\"async\" class=\"size-full wp-image-874 alignleft\" src=\"\/wp-content\/uploads\/2019\/03\/Signet_ring_Family_Arms_2.jpg\" alt=\"\" width=\"137\" height=\"128\" \/>Bague disponible en or jaune et blanc 18 carats &#8211; 20 grammes<br \/>\nSaphir bleu de 3,03 carats<br \/>\net des diamants de haute qualit\u00e9 de 0,17 carat<br \/>\nLivr\u00e9 avec un certificat de diamant international<br \/>\nCette bague de sceau raffin\u00e9e faite \u00e0 la main sera fabriqu\u00e9e sur mesure pour vous.<br \/>\nR\u00e9f. A282 Contactez-moi par <a href=\"mailto:care@ajediam.com?&amp;subject=monogram%20sapphire%20ring%20A282\">e-mail<\/a> pour obtenir un devis.<\/p><\/div><\/div><\/div><div class='col-md-6 col-inner'><div class='col-inwrap'><div class='vc-image text-center'><figure><div><img src='https:\/\/ajediam.com\/wp-content\/uploads\/2019\/03\/Blue_Sapphire_diamond_solitaire_ring_10_cm-272x300.jpg' alt=''><\/div><\/figure><\/div><\/div><\/div><\/div><\/div><\/div> <style>.vc_custom_1552886396531 { border-top-width: 3px !important;border-right-width: 3px !important;border-bottom-width: 3px !important;border-left-width: 3px !important;border-left-color: #e2ebf0 !important;border-left-style: solid !important;border-right-color: #e2ebf0 !important;border-right-style: solid !important;border-top-color: #e2ebf0 !important;border-top-style: solid !important;border-bottom-color: #e2ebf0 !important;border-bottom-style: solid !important;} }<\/style><div class='row vc_row '><div class='col-md-3 '><\/div><div class='col-md-3 '><div style='height: 32px;'><\/div><a class='lab-button' href='\/fr\/bagues-de-fiancailles\/' target='' title='\/fr\/bagues-de-fiancaille'>ACHETER MAINTENANT<\/a><\/div><div class='col-md-3 '><div style='height: 32px;'><\/div><a class='lab-button' href='\/fr\/notre-formulaire-de-demande-rapide\/' target='' title='\/fr\/notre-formulaire-de-demande-rapid'>CONSULTER LE GUIDE D'ACHAT<\/a><\/div><div class='col-md-3 '><\/div><\/div> <div class='row vc_row '><div class='col-md-2 '><\/div><div class='col-md-8 '><div style='height: 32px;'><\/div><div class='vc-image '><figure><a href='\/fr\/notre-formulaire-de-demande-rapide\/' class='d-block'><img src='https:\/\/ajediam.com\/wp-content\/uploads\/2019\/03\/Ajediam_footer_Buy_now_13_03_2015.jpg' alt=''><\/a><\/figure><\/div><\/div><div class='col-md-2 '><\/div><\/div> <\/p>\n","protected":false},"excerpt":{"rendered":"","protected":false},"author":5,"featured_media":0,"parent":0,"menu_order":0,"comment_status":"closed","ping_status":"closed","template":"","meta":{"ub_ctt_via":"","footnotes":""},"acf":[],"featured_image_src":null,"_links":{"self":[{"href":"https:\/\/ajediam.com\/fr\/wp-json\/wp\/v2\/pages\/10366"}],"collection":[{"href":"https:\/\/ajediam.com\/fr\/wp-json\/wp\/v2\/pages"}],"about":[{"href":"https:\/\/ajediam.com\/fr\/wp-json\/wp\/v2\/types\/page"}],"author":[{"embeddable":true,"href":"https:\/\/ajediam.com\/fr\/wp-json\/wp\/v2\/users\/5"}],"replies":[{"embeddable":true,"href":"https:\/\/ajediam.com\/fr\/wp-json\/wp\/v2\/comments?post=10366"}],"version-history":[{"count":2,"href":"https:\/\/ajediam.com\/fr\/wp-json\/wp\/v2\/pages\/10366\/revisions"}],"predecessor-version":[{"id":10369,"href":"https:\/\/ajediam.com\/fr\/wp-json\/wp\/v2\/pages\/10366\/revisions\/10369"}],"wp:attachment":[{"href":"https:\/\/ajediam.com\/fr\/wp-json\/wp\/v2\/media?parent=10366"}],"curies":[{"name":"wp","href":"https:\/\/api.w.org\/{rel}","templated":true}]}}