{"id":10370,"date":"2019-04-08T08:04:04","date_gmt":"2019-04-08T08:04:04","guid":{"rendered":"https:\/\/ajediam.com\/?page_id=10370"},"modified":"2023-07-09T18:37:21","modified_gmt":"2023-07-09T18:37:21","slug":"cercle-diamant-anneaux","status":"publish","type":"page","link":"https:\/\/ajediam.com\/fr\/cercle-diamant-anneaux\/","title":{"rendered":"Cercle Diamant Anneaux"},"content":{"rendered":"<p><div class='row vc_row '><div class='col-md-12 '><h2 class='section-title'>Comment acheter des bagues de fian\u00e7ailles Halo - Bagues cercle ?<\/h2><p>Parce que personnalis\u00e9es par notre ma\u00eetre joaillier gratuitement<\/p><div class='mb-4'><p>Bague de fian\u00e7ailles en diamant noir avec diamants trilliant lat\u00e9raux<br \/>\nAchetez \u00e0 des prix de gros au Centre mondial du commerce de diamants d&rsquo;Anvers, \u00e0 la boutique d&rsquo;exportation en franchise de taxes d&rsquo;Ajediam<\/p><\/div><\/div><\/div> <div class='row vc_row vc_custom_1552886396531'><div class='col-md-12 '><div class='row '><div class='col-md-4 col-inner'><div class='col-inwrap'><div class='vc-image text-center'><figure><div><img src='https:\/\/ajediam.com\/wp-content\/uploads\/2019\/03\/Pear_diamond_ring_2_band_side___circle_R366_Ajediam-300x274.jpg' alt=''><\/div><\/figure><\/div><\/div><\/div><div class='col-md-8 col-inner'><div class='col-inwrap'><div class='mb-4'><p><\/p>\n<p><strong>Bague de fian\u00e7ailles Halo en diamant cercle<\/strong><br \/>\n2 diamants lat\u00e9raux sur la bande R\u00e9f R366<\/p>\n<p>Pour un devis, envoyez-moi un <a href=\"mailto:care@ajediam.com?&amp;subject=Pear%20diamond%20ring%202%20band%20side%20Circle%20R366\">e-mail<\/a> :<br \/>\nIndiquez la qualit\u00e9 + la taille du diamant central<\/p>\n<p><\/p><\/div><\/div><\/div><\/div><\/div><\/div> <style>.vc_custom_1552886396531 { border-top-width: 3px !important;border-right-width: 3px !important;border-bottom-width: 3px !important;border-left-width: 3px !important;border-left-color: #e2ebf0 !important;border-left-style: solid !important;border-right-color: #e2ebf0 !important;border-right-style: solid !important;border-top-color: #e2ebf0 !important;border-top-style: solid !important;border-bottom-color: #e2ebf0 !important;border-bottom-style: solid !important;} }<\/style><div class='row vc_row vc_custom_1552886396531'><div class='col-md-12 '><div class='row '><div class='col-md-8 col-inner'><div class='col-inwrap'><div class='mb-4'><p><\/p>\n<p><strong>Bague de fian\u00e7ailles en diamant cercle,<\/strong><br \/>\nstyle classique, serti griffe R\u00e9f R360<\/p>\n<p>Envoyez-moi un <a href=\"mailto:care@ajediam.com?&amp;subject=design%20Circle%20Ring%20R360\">e-mail<\/a> pour un devis<\/p>\n<p><\/p><\/div><\/div><\/div><div class='col-md-4 col-inner'><div class='col-inwrap'><div class='vc-image text-center'><figure><div><img src='https:\/\/ajediam.com\/wp-content\/uploads\/2019\/04\/design_diamond_rings_happiness_bridge__element82.jpg' alt=''><\/div><\/figure><\/div><\/div><\/div><\/div><\/div><\/div> <style>.vc_custom_1552886396531 { border-top-width: 3px !important;border-right-width: 3px !important;border-bottom-width: 3px !important;border-left-width: 3px !important;border-left-color: #e2ebf0 !important;border-left-style: solid !important;border-right-color: #e2ebf0 !important;border-right-style: solid !important;border-top-color: #e2ebf0 !important;border-top-style: solid !important;border-bottom-color: #e2ebf0 !important;border-bottom-style: solid !important;} }<\/style><div class='row vc_row vc_custom_1552886396531'><div class='col-md-12 '><div class='row '><div class='col-md-4 col-inner'><div class='col-inwrap'><ul id='vc_gallery_7805' class='vc_gallery list-unstyled d-flex flex-wrap flex-row'><li><a href='https:\/\/ajediam.com\/wp-content\/uploads\/2019\/03\/Circle_Black_White_diamond_ring_10_cm-1.jpg' data-lightbox='vc_gallery_7805' class='d-block'><img src='https:\/\/ajediam.com\/wp-content\/uploads\/2019\/03\/Circle_Black_White_diamond_ring_10_cm-1-150x150.jpg' alt=''><\/a><\/li><li><a href='https:\/\/ajediam.com\/wp-content\/uploads\/2019\/03\/Circle_Black_White_diamond_ring_Crown_view_5_cm.jpg' data-lightbox='vc_gallery_7805' class='d-block'><img src='https:\/\/ajediam.com\/wp-content\/uploads\/2019\/03\/Circle_Black_White_diamond_ring_Crown_view_5_cm-150x150.jpg' alt=''><\/a><\/li><\/ul><\/div><\/div><div class='col-md-8 col-inner'><div class='col-inwrap'><div class='mb-4'><p><\/p>\n<p><strong>Cette superbe bague de fian\u00e7ailles en diamant cercle<\/strong><\/p>\n<p>Pi\u00e8ce unique !<br \/>\n6 carats de diamants ronds naturels noirs et blancs, sertis griffes<br \/>\nBague en or blanc 18 carats de 10 grammes<br \/>\nLivr\u00e9 avec un certificat de diamant<br \/>\nR\u00e9f A378 Envoyez-moi un <a href=\"mailto:care@ajediam.com?&amp;subject=%20black%20white%20diamond%20circle%20ring%20A378\">e-mail<\/a> pour un devis<\/p><\/div><\/div><\/div><\/div><\/div><\/div> <style>.vc_custom_1552886396531 { border-top-width: 3px !important;border-right-width: 3px !important;border-bottom-width: 3px !important;border-left-width: 3px !important;border-left-color: #e2ebf0 !important;border-left-style: solid !important;border-right-color: #e2ebf0 !important;border-right-style: solid !important;border-top-color: #e2ebf0 !important;border-top-style: solid !important;border-bottom-color: #e2ebf0 !important;border-bottom-style: solid !important;} }<\/style><div class='row vc_row vc_custom_1552886396531'><div class='col-md-12 '><div class='row '><div class='col-md-8 col-inner'><div class='col-inwrap'><div class='mb-4'><p><\/p>\n<p><strong>Bague de fian\u00e7ailles en diamant cercle et en forme de poire<\/strong><\/p>\n<p>Mod\u00e8le sur mesure<br \/>\nDiamant central en forme de poire de 3 carats<br \/>\nDiamants cercle de 2 carats, loupe propre<br \/>\nDiamants princesse de<\/p>\n<p>1 carat sur les c\u00f4t\u00e9s de la bande, diamants de haute qualit\u00e9 de couleur blanc neige F &#8211; VVS, sertissage pav\u00e9. Bague en or jaune 18 carats de 9,30 grammes<br \/>\nLivr\u00e9 avec un certificat de diamant international<br \/>\nEnvoyez-moi un <a href=\"mailto:care@ajediam.com?&amp;subject=%20black%20white%20diamond%20circle%20ring%20A378\">e-mail<\/a> pour un devis<\/p><\/div><\/div><\/div><div class='col-md-4 col-inner'><div class='col-inwrap'><div class='vc-image text-center'><figure><div><img src='https:\/\/ajediam.com\/wp-content\/uploads\/2019\/03\/expensive_circle_diamond_ring_15cm_Ajediam-1.jpg' alt=''><\/div><\/figure><\/div><\/div><\/div><\/div><\/div><\/div> <style>.vc_custom_1552886396531 { border-top-width: 3px !important;border-right-width: 3px !important;border-bottom-width: 3px !important;border-left-width: 3px !important;border-left-color: #e2ebf0 !important;border-left-style: solid !important;border-right-color: #e2ebf0 !important;border-right-style: solid !important;border-top-color: #e2ebf0 !important;border-top-style: solid !important;border-bottom-color: #e2ebf0 !important;border-bottom-style: solid !important;} }<\/style><div class='row vc_row '><div class='col-md-12 '><div style='height: 32px;'><\/div><div class='mb-4'><p>Votre propre bague de fian\u00e7ailles en diamant cercle parfaite, personnalis\u00e9e<\/p>\n<p>Les bagues pr\u00e9sent\u00e9es sont fabriqu\u00e9es sur mesure<br \/>\nen or blanc, jaune ou rose 18 carats ou en platine pur<br \/>\nChoisissez d&rsquo;abord votre diamant et nous cr\u00e9erons votre propre bague de fian\u00e7ailles en diamant cercle.<\/p>\n<p>Achetez dans notre usine de joaillerie au Centre mondial du commerce de diamants d&rsquo;Anvers.<br \/>\nVeuillez noter ! Entr\u00e9e sur invitation uniquement.<br \/>\nPour votre invitation, envoyez un<a href=\"\/fr\/notre-formulaire-de-demande-rapide\/\"> e-mail<\/a> ou appelez le +32 3 808 72 02<\/p><\/div><div style='height: 32px;'><\/div><\/div><\/div> <div class='row vc_row '><div class='col-md-20p '><\/div><div class='col-md-20p '><div class='vc-image '><figure><a href='\/sapphires-diamond_rings' class='d-block'><img src='https:\/\/ajediam.com\/wp-content\/uploads\/2019\/03\/Burmese_sapphire_circle_diamonds_ring_Lady_Di_style_Ajediam_5cm.jpg' alt=''><\/a><\/figure><\/div><\/div><div class='col-md-20p '><div class='vc-image '><figure><a href='\/eternity-diamonds' class='d-block'><img src='https:\/\/ajediam.com\/wp-content\/uploads\/2019\/03\/Colombian_emerald_ring_side_diamonds_Ajediam_5cm-300x188.jpg' alt=''><\/a><\/figure><\/div><\/div><div class='col-md-20p '><div class='vc-image '><figure><a href='\/rubies-diamond-rings' class='d-block'><img src='https:\/\/ajediam.com\/wp-content\/uploads\/2019\/03\/Pigeon_blood_red_Ruby_circle_diamond_ring_Ajediam_10cm-300x300.jpg' alt=''><\/a><\/figure><\/div><\/div><div class='col-md-20p '><\/div><\/div> <div class='row vc_row '><div class='col-md-3 '><\/div><div class='col-md-3 '><div style='height: 32px;'><\/div><a class='lab-button' href='\/fr\/bagues-de-fiancailles\/' target='' title='\/fr\/bagues-de-fiancaille'>ACHETER MAINTENANT<\/a><\/div><div class='col-md-3 '><div style='height: 32px;'><\/div><a class='lab-button' href='\/fr\/notre-formulaire-de-demande-rapide\/' target='' title='\/fr\/notre-formulaire-de-demande-rapid'>CONSULTER LE GUIDE D'ACHAT<\/a><\/div><div class='col-md-3 '><\/div><\/div> <div class='row vc_row '><div class='col-md-2 '><\/div><div class='col-md-8 '><div style='height: 32px;'><\/div><div class='vc-image '><figure><a href='\/fr\/notre-formulaire-de-demande-rapide\/' class='d-block'><img src='https:\/\/ajediam.com\/wp-content\/uploads\/2019\/03\/Ajediam_footer_Buy_now_13_03_2015.jpg' alt=''><\/a><\/figure><\/div><\/div><div class='col-md-2 '><\/div><\/div> <\/p>\n","protected":false},"excerpt":{"rendered":"","protected":false},"author":5,"featured_media":0,"parent":0,"menu_order":0,"comment_status":"closed","ping_status":"closed","template":"","meta":{"ub_ctt_via":"","footnotes":""},"acf":[],"featured_image_src":null,"_links":{"self":[{"href":"https:\/\/ajediam.com\/fr\/wp-json\/wp\/v2\/pages\/10370"}],"collection":[{"href":"https:\/\/ajediam.com\/fr\/wp-json\/wp\/v2\/pages"}],"about":[{"href":"https:\/\/ajediam.com\/fr\/wp-json\/wp\/v2\/types\/page"}],"author":[{"embeddable":true,"href":"https:\/\/ajediam.com\/fr\/wp-json\/wp\/v2\/users\/5"}],"replies":[{"embeddable":true,"href":"https:\/\/ajediam.com\/fr\/wp-json\/wp\/v2\/comments?post=10370"}],"version-history":[{"count":1,"href":"https:\/\/ajediam.com\/fr\/wp-json\/wp\/v2\/pages\/10370\/revisions"}],"predecessor-version":[{"id":10372,"href":"https:\/\/ajediam.com\/fr\/wp-json\/wp\/v2\/pages\/10370\/revisions\/10372"}],"wp:attachment":[{"href":"https:\/\/ajediam.com\/fr\/wp-json\/wp\/v2\/media?parent=10370"}],"curies":[{"name":"wp","href":"https:\/\/api.w.org\/{rel}","templated":true}]}}