{"id":10383,"date":"2019-05-04T13:59:55","date_gmt":"2019-05-04T13:59:55","guid":{"rendered":"https:\/\/ajediam.com\/?page_id=10383"},"modified":"2023-07-10T15:57:27","modified_gmt":"2023-07-10T15:57:27","slug":"bagues-rubis-diamant","status":"publish","type":"page","link":"https:\/\/ajediam.com\/fr\/bagues-rubis-diamant\/","title":{"rendered":"Bagues rubis diamant"},"content":{"rendered":"<div align=\"left\">\n<div align=\"left\">\n<div align=\"left\">\n<p><div class='row vc_row '><div class='col-md-12 '><h2 class='section-title'>Comment acheter une v\u00e9ritable bague en rubis ? Cr\u00e9ez votre propre bague et bijoux en rubis parfaits<\/h2><p>*Une pierre pr\u00e9cieuse typiquement rouge, qui est une vari\u00e9t\u00e9 de corindon (oxyde d&rsquo;aluminium).<br \/>\n<strong>Achetez des bagues en rubis v\u00e9ritables, certifi\u00e9es, de couleur rouge sang de pigeon, provenant de Birmanie, du Sri Lanka et de Madagascar.<\/strong><br \/>\n<strong>Un excellent choix chez Ajediam \u00e0 la Bourse du diamant d&rsquo;Anvers, la premi\u00e8re au monde.<\/strong><\/p><\/div><\/div> <div class='row vc_row vc_custom_1552886396531'><div class='col-md-12 '><div class='row '><div class='col-md-4 col-inner'><div class='col-inwrap'><div class='vc-image text-center'><figure><div><img src='https:\/\/ajediam.com\/wp-content\/uploads\/2019\/03\/Pigeon_blood_red_Ruby_circle_diamond_ring_Ajediam_10cm-300x300.jpg' alt=''><\/div><\/figure><\/div><\/div><\/div><div class='col-md-8 col-inner'><div class='col-inwrap'><div class='mb-4'><p><\/p>\n<h4>Bague en rubis rouge sang de pigeon rare avec diamants en cercle<\/h4>\n<p>2,02 carats de rubis naturels ovales de Birmanie, de la meilleure qualit\u00e9 rouge sang de pigeon<br \/>\n1,04 carat de diamants ronds brillants en cercle<br \/>\nBague unique faite \u00e0 la main en or blanc et jaune 18 carats<br \/>\nR\u00e9f : Bague en rubis en cercle &#8211; <a href=\"mailto:care@ajediam.com?&amp;subject=Circle%20Ruby%20Ring\">Email\u00a0<\/a><\/p>\n<p><\/p><\/div><\/div><\/div><\/div><div class='mb-4'><p>Votre bague en rubis rouge sang de pigeon, personnalis\u00e9e en or blanc, jaune ou rose 18 carats exclusif ou fabriqu\u00e9e en platine pur, au prix de gros.<\/p>\n<p>Les bagues en rubis pr\u00e9sent\u00e9es sont toujours faites sur mesure.<br \/>\nChoisissez <a href=\"\/fr\/prix-des-diamants\/diamant-naturel-blanc\/\">d&rsquo;abord vos diamants<\/a>, la qualit\u00e9 du rubis, puis choisissez votre monture en or blanc, jaune, rose 18 carats ou en platine pur.<\/p>\n<p>Faites vos achats chez Ajediam au Centre mondial du diamant \u00e0 Anvers.<br \/>\nVeuillez noter ! L&rsquo;entr\u00e9e est r\u00e9serv\u00e9e aux personnes invit\u00e9es.<br \/>\nEnvoyez un <a href=\"\/fr\/notre-formulaire-de-demande-rapide\/\">e-mail<\/a> ou appelez le +32 3 808 72 02<\/p>\n<p>Avez-vous une bague en rubis tr\u00e8s sp\u00e9ciale en t\u00eate ?<br \/>\n<a href=\"mailto:care@ajediam.com?&amp;subject=personal%20ruby%20ring%20quotation\">Email\u00a0<\/a><\/p>\n<p>Collection de couleurs surprenantes<br \/>\nBagues de fian\u00e7ailles <a href=\"\/fr\/bagues-saphirs-diamant\/\">en saphir<\/a>, rubis, <a href=\"\/emerald-rings\">\u00e9meraude<\/a><\/p><\/div><\/div><\/div> <style>.vc_custom_1552886396531 { border-top-width: 3px !important;border-right-width: 3px !important;border-bottom-width: 3px !important;border-left-width: 3px !important;border-left-color: #e2ebf0 !important;border-left-style: solid !important;border-right-color: #e2ebf0 !important;border-right-style: solid !important;border-top-color: #e2ebf0 !important;border-top-style: solid !important;border-bottom-color: #e2ebf0 !important;border-bottom-style: solid !important;} }<\/style><div class='row vc_row vc_custom_1552886396531'><div class='col-md-12 '><div class='row '><div class='col-md-8 col-inner'><div class='col-inwrap'><div class='mb-4'><p><\/p>\n<\/div>\n<\/div>\n<\/div>\n<h4>Bague solitaire en rubis cabochon exquis<\/h4>\n<p>Rubis de forme cabochon de 0,13 carat, serti \u00e0 tension<br \/>\nMonture artisanale en or jaune 18 carats de 5,00 grammes<br \/>\nR\u00e9f. A352 &#8211; <a href=\"mailto:care@ajediam.com?&amp;subject=Ruby%20cabochon%20solitaire%20engagement%20ring%20yellow%20gold%20A352\">Email<\/a><\/p>\n<p><\/p><\/div><\/div><\/div><div class='col-md-4 col-inner'><div class='col-inwrap'><div class='vc-image text-center'><figure><a href='\/rubies-solitaire-engagement-ring-yellow-gold' class='d-block'><img src='https:\/\/ajediam.com\/wp-content\/uploads\/2019\/03\/Ruby_pigeon_blood_cabochon_solitaire_ring_Ajediam10cm-300x180.jpg' alt=''><\/a><\/figure><\/div><\/div><\/div><\/div><\/div><\/div> <style>.vc_custom_1552886396531 { border-top-width: 3px !important;border-right-width: 3px !important;border-bottom-width: 3px !important;border-left-width: 3px !important;border-left-color: #e2ebf0 !important;border-left-style: solid !important;border-right-color: #e2ebf0 !important;border-right-style: solid !important;border-top-color: #e2ebf0 !important;border-top-style: solid !important;border-bottom-color: #e2ebf0 !important;border-bottom-style: solid !important;} }<\/style><div class='row vc_row vc_custom_1552886396531'><div class='col-md-12 '><div class='row '><div class='col-md-4 col-inner'><div class='col-inwrap'><div class='vc-image text-center'><figure><a href='\/rubies-ring-solitaire' class='d-block'><img src='https:\/\/ajediam.com\/wp-content\/uploads\/2019\/03\/5cm_Cabochon_Ruby_solitaire_white_gold_ring_top_view_Ajediam.jpg' alt=''><\/a><\/figure><\/div><\/div><\/div><div class='col-md-4 col-inner'><div class='col-inwrap'><div class='mb-4'><p><\/p>\n<h4>Bague solitaire en rubis de design cabochon<\/h4>\n<p>Rubis de forme cabochon de 0,14 carat, serti \u00e0 tension<br \/>\nMonture artisanale en or blanc 18 carats de 5,00 grammes<br \/>\nR\u00e9f. A348 &#8211; <a href=\"mailto:care@ajediam.com?&amp;subject=Ruby%20cabochon%20solitaire%20engagement%20ring%20white%20gold%20A348\">Email<\/a><\/p>\n<p><\/p><\/div><\/div><\/div><div class='col-md-4 col-inner'><div class='col-inwrap'><div class='vc-image text-center'><figure><a href='\/rubies-ring-solitaire' class='d-block'><img src='https:\/\/ajediam.com\/wp-content\/uploads\/2019\/03\/Ruby_solitaire_cabochon_white_gold_ring_side_view_Ajediam_10cm-300x300.jpg' alt=''><\/a><\/figure><\/div><\/div><\/div><\/div><\/div><\/div> <style>.vc_custom_1552886396531 { border-top-width: 3px !important;border-right-width: 3px !important;border-bottom-width: 3px !important;border-left-width: 3px !important;border-left-color: #e2ebf0 !important;border-left-style: solid !important;border-right-color: #e2ebf0 !important;border-right-style: solid !important;border-top-color: #e2ebf0 !important;border-top-style: solid !important;border-bottom-color: #e2ebf0 !important;border-bottom-style: solid !important;} }<\/style><div class='row vc_row vc_custom_1552886396531'><div class='col-md-12 '><div class='row '><div class='col-md-3 col-inner'><div class='col-inwrap'><div class='vc-image text-center'><figure><div><img src='https:\/\/ajediam.com\/wp-content\/uploads\/2019\/03\/Four_color_precious_stones_wedding_ring_Ajediam_10cm-300x210.jpg' alt=''><\/div><\/figure><\/div><\/div><\/div><div class='col-md-9 col-inner'><div class='col-inwrap'><div class='mb-4'><p><\/p>\n<h4>Bague de mode en rubis, quatre gemmes de couleurs<\/h4>\n<p>Ensemble de 2 bagues de mariage originales en rubis, diamants, saphir, \u00e9meraude<br \/>\nMontures artisanales en or jaune 18 carats de 13,86 grammes<br \/>\nR\u00e9f. 215-216 &#8211; <a href=\"mailto:care@ajediam.com?&amp;subject=Ruby%204%20color%20stones%20ring%20Ref%20215-216\">Email<\/a><\/p>\n<p><\/p><\/div><\/div><\/div><\/div><\/div><\/div> <style>.vc_custom_1552886396531 { border-top-width: 3px !important;border-right-width: 3px !important;border-bottom-width: 3px !important;border-left-width: 3px !important;border-left-color: #e2ebf0 !important;border-left-style: solid !important;border-right-color: #e2ebf0 !important;border-right-style: solid !important;border-top-color: #e2ebf0 !important;border-top-style: solid !important;border-bottom-color: #e2ebf0 !important;border-bottom-style: solid !important;} }<\/style><div class='row vc_row vc_custom_1552886396531'><div class='col-md-12 '><div class='row '><div class='col-md-8 col-inner'><div class='col-inwrap'><div class='mb-4'><p><\/p>\n<h4>Bague \u00e9ternit\u00e9 princesse en rubis de Madagascar authentique<\/h4>\n<p>Sertie de diamants pav\u00e9s<br \/>\nMonture artisanale en or blanc 18 carats<br \/>\nR\u00e9f. Bague \u00e9ternit\u00e9 princesse en rubis &#8211; <a href=\"mailto:care@ajediam.com?&amp;subject=Princess%20ruby%20eternity%20ring\">Email<\/a><\/p>\n<p><\/p><\/div><\/div><\/div><div class='col-md-4 col-inner'><div class='col-inwrap'><div class='vc-image text-center'><figure><a href='\/rubies-diamond-ring-bocca-rossa' class='d-block'><img src='https:\/\/ajediam.com\/wp-content\/uploads\/2019\/03\/Princess_Ruby_Eternity_Diamond_Ring_Ajediam.jpg' alt=''><\/a><\/figure><\/div><\/div><\/div><\/div><\/div><\/div> <style>.vc_custom_1552886396531 { border-top-width: 3px !important;border-right-width: 3px !important;border-bottom-width: 3px !important;border-left-width: 3px !important;border-left-color: #e2ebf0 !important;border-left-style: solid !important;border-right-color: #e2ebf0 !important;border-right-style: solid !important;border-top-color: #e2ebf0 !important;border-top-style: solid !important;border-bottom-color: #e2ebf0 !important;border-bottom-style: solid !important;} }<\/style><div class='row vc_row vc_custom_1552886396531'><div class='col-md-12 '><div class='row '><div class='col-md-4 col-inner'><div class='col-inwrap'><div class='vc-image text-center'><figure><a href='\/diamond-earrings-il-mondo' class='d-block'><img src='https:\/\/ajediam.com\/wp-content\/uploads\/2019\/03\/baguette_diamond_ruby_earrings_4cm-1.jpg' alt=''><\/a><\/figure><\/div><\/div><\/div><div class='col-md-8 col-inner'><div class='col-inwrap'><div class='mb-4'><p>Boucles d&rsquo;oreilles en rubis rouge sang de pigeon et diamants<\/p><\/div><\/div><\/div><\/div><\/div><\/div> <style>.vc_custom_1552886396531 { border-top-width: 3px !important;border-right-width: 3px !important;border-bottom-width: 3px !important;border-left-width: 3px !important;border-left-color: #e2ebf0 !important;border-left-style: solid !important;border-right-color: #e2ebf0 !important;border-right-style: solid !important;border-top-color: #e2ebf0 !important;border-top-style: solid !important;border-bottom-color: #e2ebf0 !important;border-bottom-style: solid !important;} }<\/style><div class='row vc_row vc_custom_1552886396531'><div class='col-md-12 '><div class='row '><div class='col-md-8 col-inner'><div class='col-inwrap'><div class='mb-4'><p><\/p>\n<h4>Bague en tourmaline verte et jaune avec diamants de conception merveilleuse<\/h4>\n<p>Montures artisanales en or jaune 18 carats de 13,86 grammes<br \/>\nR\u00e9f. A339 &#8211; <a href=\"mailto:care@ajediam.com?&amp;subject=Tourmaline%20diamond%20engagement%20ring%20Ref%20A%20339\">Email<\/a><\/p>\n<p><\/p><\/div><\/div><\/div><div class='col-md-4 col-inner'><div class='col-inwrap'><div class='vc-image text-center'><figure><div><img src='https:\/\/ajediam.com\/wp-content\/uploads\/2019\/03\/Design_Tourmaline_diamond_ring_Ajediam-250x300.jpg' alt=''><\/div><\/figure><\/div><\/div><\/div><\/div><\/div><\/div> <style>.vc_custom_1552886396531 { border-top-width: 3px !important;border-right-width: 3px !important;border-bottom-width: 3px !important;border-left-width: 3px !important;border-left-color: #e2ebf0 !important;border-left-style: solid !important;border-right-color: #e2ebf0 !important;border-right-style: solid !important;border-top-color: #e2ebf0 !important;border-top-style: solid !important;border-bottom-color: #e2ebf0 !important;border-bottom-style: solid !important;} }<\/style><div class='row vc_row '><div class='col-md-3 '><\/div><div class='col-md-3 '><div style='height: 32px;'><\/div><a class='lab-button' href='\/fr\/bagues-de-fiancailles\/' target='' title='\/fr\/bagues-de-fiancaille'>ACHETER MAINTENANT<\/a><\/div><div class='col-md-3 '><div style='height: 32px;'><\/div><a class='lab-button' href='\/fr\/notre-formulaire-de-demande-rapide\/' target='' title='\/fr\/notre-formulaire-de-demande-rapid'>CONSULTER LE GUIDE D'ACHAT<\/a><\/div><div class='col-md-3 '><\/div><\/div> <div class='row vc_row '><div class='col-md-2 '><\/div><div class='col-md-8 '><div style='height: 32px;'><\/div><div class='vc-image '><figure><div><img src='https:\/\/ajediam.com\/wp-content\/uploads\/2019\/03\/Ajediam_footer_Buy_now_13_03_2015.jpg' alt=''><\/div><\/figure><\/div><\/div><div class='col-md-2 '><\/div><\/div> <\/p>\n","protected":false},"excerpt":{"rendered":"","protected":false},"author":5,"featured_media":0,"parent":0,"menu_order":0,"comment_status":"closed","ping_status":"closed","template":"","meta":{"ub_ctt_via":"","footnotes":""},"acf":[],"featured_image_src":null,"_links":{"self":[{"href":"https:\/\/ajediam.com\/fr\/wp-json\/wp\/v2\/pages\/10383"}],"collection":[{"href":"https:\/\/ajediam.com\/fr\/wp-json\/wp\/v2\/pages"}],"about":[{"href":"https:\/\/ajediam.com\/fr\/wp-json\/wp\/v2\/types\/page"}],"author":[{"embeddable":true,"href":"https:\/\/ajediam.com\/fr\/wp-json\/wp\/v2\/users\/5"}],"replies":[{"embeddable":true,"href":"https:\/\/ajediam.com\/fr\/wp-json\/wp\/v2\/comments?post=10383"}],"version-history":[{"count":1,"href":"https:\/\/ajediam.com\/fr\/wp-json\/wp\/v2\/pages\/10383\/revisions"}],"predecessor-version":[{"id":10386,"href":"https:\/\/ajediam.com\/fr\/wp-json\/wp\/v2\/pages\/10383\/revisions\/10386"}],"wp:attachment":[{"href":"https:\/\/ajediam.com\/fr\/wp-json\/wp\/v2\/media?parent=10383"}],"curies":[{"name":"wp","href":"https:\/\/api.w.org\/{rel}","templated":true}]}}