{"id":10387,"date":"2019-05-01T12:47:37","date_gmt":"2019-05-01T12:47:37","guid":{"rendered":"https:\/\/ajediam.com\/?page_id=10387"},"modified":"2023-07-10T16:16:34","modified_gmt":"2023-07-10T16:16:34","slug":"bagues-emeraude","status":"publish","type":"page","link":"https:\/\/ajediam.com\/fr\/bagues-emeraude\/","title":{"rendered":"Bagues \u00c9meraude"},"content":{"rendered":"<p><div class='row vc_row '><div class='col-md-12 '><h2 class='section-title'>Pourquoi devriez-vous acheter une bague en \u00e9meraude verte ?<\/h2><div class='mb-4'><p>Parce que vous pouvez cr\u00e9er votre propre bague de fian\u00e7ailles en <strong>\u00e9meraude verte parfaite* gratuitement<\/strong><br \/>\n*Gemme vert vif compos\u00e9e d&rsquo;une vari\u00e9t\u00e9 riche en chrome de b\u00e9ryl<br \/>\nFaites vos achats dans nos bureaux au World Diamond Trade Centre Exchange Bourse \u00e0 Anvers.<br \/>\n<strong>Veuillez noter<\/strong> ! L&rsquo;entr\u00e9e est r\u00e9serv\u00e9e aux invit\u00e9s.<br \/>\nPour recevoir votre invitation, envoyez un <a href=\"\/fr\/notre-formulaire-de-demande-rapide\/\">e-mail<\/a> ou appelez le +32 3 808 72 02<\/p><\/div><\/div><\/div> <div class='row vc_row vc_custom_1552886396531'><div class='col-md-12 '><div class='row '><div class='col-md-4 col-inner'><div class='col-inwrap'><div class='vc-image text-center'><figure><div><img src='https:\/\/ajediam.com\/wp-content\/uploads\/2019\/03\/Colombian_rectangular_Emerald_ring_diamond_side_stones_Ajediam_10cm_1-300x200.jpg' alt=''><\/div><\/figure><\/div><div class='vc-image text-center'><figure><div><img src='https:\/\/ajediam.com\/wp-content\/uploads\/2019\/03\/5cm_Colombian_rectangular_Emerald_diamond_ring_diamond_side_stones_-_side_view_Ajediam-150x150.jpg' alt=''><\/div><\/figure><\/div><div class='vc-image text-center'><figure><div><img src='https:\/\/ajediam.com\/wp-content\/uploads\/2019\/03\/5cm_Colombian_rectangular_Emerald_diamond_ring_diamond_side_stones_-_side_view_2_Ajediam-150x150.jpg' alt=''><\/div><\/figure><\/div><\/div><\/div><div class='col-md-8 col-inner'><div class='col-inwrap'><div class='mb-4'><p>Les bagues pr\u00e9sent\u00e9es sont r\u00e9alis\u00e9es sur commande sp\u00e9ciale<br \/>\nChoisissez d&rsquo;abord vos gemmes colombiennes d&rsquo;une beaut\u00e9 exceptionnelle et vos diamants.<br \/>\nEnsuite, vous choisissez votre monture<br \/>\nen or blanc, jaune ou rose 18 carats ou en platine pure<\/p>\n<p>Bague exceptionnelle en \u00e9meraude colombienne rectangulaire,<br \/>\n5,02 carats d&rsquo;\u00e9meraude colombienne de la meilleure qualit\u00e9<br \/>\n1,04 carat de diamants taille brillant rond sur le jonc<br \/>\nBague unique faite \u00e0 la main en or blanc et jaune 18 carats<br \/>\nR\u00e9f. Gabby &#8211; <a href=\"mailto:care@ajediam.com?&amp;subject=Emerald%20ring%20Gaby\">Email<\/a><\/p><\/div><\/div><\/div><\/div><\/div><\/div> <style>.vc_custom_1552886396531 { border-top-width: 3px !important;border-right-width: 3px !important;border-bottom-width: 3px !important;border-left-width: 3px !important;border-left-color: #e2ebf0 !important;border-left-style: solid !important;border-right-color: #e2ebf0 !important;border-right-style: solid !important;border-top-color: #e2ebf0 !important;border-top-style: solid !important;border-bottom-color: #e2ebf0 !important;border-bottom-style: solid !important;} }<\/style><div class='row vc_row vc_custom_1552886396531'><div class='col-md-12 '><div class='row '><div class='col-md-8 col-inner'><div class='col-inwrap'><div class='mb-4'><p><\/p>\n<p>Toutes les pi\u00e8ces de bijoux sont cr\u00e9\u00e9es sur mesure par notre ma\u00eetre orf\u00e8vre Italdesign en tant que service gratuit<br \/>\npour nos clients privil\u00e9gi\u00e9s !<\/p>\n<p>Choisissez d&rsquo;abord votre(s) diamant(s), la valeur la plus importante !<\/p>\n<p>Cette bague halo est un exemple parmi des milliers de mod\u00e8les existants parmi lesquels vous pouvez choisir.<\/p>\n<p><\/p><\/div><\/div><\/div><div class='col-md-4 col-inner'><div class='col-inwrap'><div class='vc-image text-center'><figure><div><img src='https:\/\/ajediam.com\/wp-content\/uploads\/2019\/03\/Ajediam_Halo_Diamond_Ring_Side_stones-288x300.jpg' alt=''><\/div><\/figure><\/div><\/div><\/div><\/div><\/div><\/div> <style>.vc_custom_1552886396531 { border-top-width: 3px !important;border-right-width: 3px !important;border-bottom-width: 3px !important;border-left-width: 3px !important;border-left-color: #e2ebf0 !important;border-left-style: solid !important;border-right-color: #e2ebf0 !important;border-right-style: solid !important;border-top-color: #e2ebf0 !important;border-top-style: solid !important;border-bottom-color: #e2ebf0 !important;border-bottom-style: solid !important;} }<\/style><div class='row vc_row vc_custom_1552886396531'><div class='col-md-12 '><div class='row '><div class='col-md-4 col-inner'><div class='col-inwrap'><div class='mb-4'><p><strong>Bague en \u00e9meraude verte rectangulaire du Br\u00e9sil<\/strong><br \/>\nSerti \u00e0 tension, diamants pav\u00e9s sur la bande<br \/>\ngracieuse et \u00e9l\u00e9gante, cette bague au design unique et fait main<br \/>\njeunesse \u00e9ternelle !<\/p>\n<p><strong>Bague en or blanc et or jaune 18 carats<\/strong><br \/>\n<strong>R\u00e9f. A272 &#8211; <a href=\"mailto:care@ajediam.com?&amp;subject=Emerald%20ring%20Gaby\">Email<\/a><\/strong> <\/p><\/div><\/div><\/div><div class='col-md-4 col-inner'><div class='col-inwrap'><div class='vc-image text-center'><figure><a href='\/emerald-ring-youth-forever' class='d-block'><img src='https:\/\/ajediam.com\/wp-content\/uploads\/2019\/03\/Colombian_Rectangular_green_emerald_tension_set_ring_side_diamonds_on_band_pave_set_Ajediam_10cm-300x180.jpg' alt=''><\/a><\/figure><\/div><\/div><\/div><div class='col-md-4 col-inner'><div class='col-inwrap'><div class='vc-image text-center'><figure><div><img src='https:\/\/ajediam.com\/wp-content\/uploads\/2019\/03\/ring_emerald_Youth_145_zijaanzicht.jpg' alt=''><\/div><\/figure><\/div><\/div><\/div><\/div><\/div><\/div> <style>.vc_custom_1552886396531 { border-top-width: 3px !important;border-right-width: 3px !important;border-bottom-width: 3px !important;border-left-width: 3px !important;border-left-color: #e2ebf0 !important;border-left-style: solid !important;border-right-color: #e2ebf0 !important;border-right-style: solid !important;border-top-color: #e2ebf0 !important;border-top-style: solid !important;border-bottom-color: #e2ebf0 !important;border-bottom-style: solid !important;} }<\/style><div class='row vc_row vc_custom_1552886396531'><div class='col-md-12 '><div class='row '><div class='col-md-8 col-inner'><div class='col-inwrap'><div class='mb-4'><p><strong>Bague en \u00e9meraude carr\u00e9e de Zambie avec des diamants ronds sertis en canal sur la bande. Bague en or jaune 18 carats, 7,90 grammes.<\/strong><br \/>\n0,64 carat d&rsquo;\u00e9meraude, 0,61 carat de diamants ronds brillants. Couleur rare blanc + (F) &#8211; Puret\u00e9 propre \u00e0 la loupe (VS1). R\u00e9f. A301 &#8211; <a href=\"mailto:care@ajediam.com?&amp;subject=Emerald%20ring%20A301\">Email<\/a> <\/p><\/div><div class='vc-image text-center'><figure><div><img src='https:\/\/ajediam.com\/wp-content\/uploads\/2019\/03\/Happy_Easter_gifts.jpg' alt=''><\/div><\/figure><\/div><\/div><\/div><div class='col-md-4 col-inner'><div class='col-inwrap'><div class='vc-image text-center'><figure><div><img src='https:\/\/ajediam.com\/wp-content\/uploads\/2019\/03\/Square_Brazil_Emerald_chanel_set_diamonds_on_band_Ajediam_10cm-300x148.jpg' alt=''><\/div><\/figure><\/div><\/div><\/div><\/div><\/div><\/div> <style>.vc_custom_1552886396531 { border-top-width: 3px !important;border-right-width: 3px !important;border-bottom-width: 3px !important;border-left-width: 3px !important;border-left-color: #e2ebf0 !important;border-left-style: solid !important;border-right-color: #e2ebf0 !important;border-right-style: solid !important;border-top-color: #e2ebf0 !important;border-top-style: solid !important;border-bottom-color: #e2ebf0 !important;border-bottom-style: solid !important;} }<\/style><div class='row vc_row vc_custom_1552886396531'><div class='col-md-12 '><div class='row '><div class='col-md-4 col-inner'><div class='col-inwrap'><div class='vc-image text-center'><figure><div><img src='https:\/\/ajediam.com\/wp-content\/uploads\/2019\/03\/Green_oval_emerald_cabochon_ring_bezel_set_circle_diamonds_Ajediam_10cm-300x234.jpg' alt=''><\/div><\/figure><\/div><\/div><\/div><div class='col-md-8 col-inner'><div class='col-inwrap'><div class='mb-4'><p><strong>Bague ovale en \u00e9meraude verte avec diamants en cercle sertis en b\u00e9li\u00e8re. Conception artisanale, bague en or jaune 18 carats, 4,00 grammes.<\/strong><br \/>\n0,80 carat d&rsquo;\u00e9meraude de forme ovale tr\u00e8s rare, 0,36 carat de diamants ronds brillants. Couleur rare blanc + (F) &#8211; Puret\u00e9 propre \u00e0 la loupe (VS1). R\u00e9f. A246 &#8211; <a href=\"mailto:care@ajediam.com?&amp;subject=Oval%20cabochon%20Emerald%20ring%20A246\">Email<\/a> <\/p><\/div><\/div><\/div><\/div><\/div><\/div> <style>.vc_custom_1552886396531 { border-top-width: 3px !important;border-right-width: 3px !important;border-bottom-width: 3px !important;border-left-width: 3px !important;border-left-color: #e2ebf0 !important;border-left-style: solid !important;border-right-color: #e2ebf0 !important;border-right-style: solid !important;border-top-color: #e2ebf0 !important;border-top-style: solid !important;border-bottom-color: #e2ebf0 !important;border-bottom-style: solid !important;} }<\/style><div class='row vc_row vc_custom_1552886396531'><div class='col-md-12 '><div class='row '><div class='col-md-8 col-inner'><div class='col-inwrap'><div class='mb-4'><p><strong>Promettez un amour \u00e9ternel avec cette&#8230;<\/strong><br \/>\n<strong>Bague moderne en \u00e9meraude de Tanzanie, avec 4 diamants princesse de la meilleure qualit\u00e9<\/strong>, sertis dans une bague en or jaune 18 carats, d&rsquo;un poids de 7,00 grammes.<br \/>\n1,31 carat d&rsquo;\u00e9meraude de forme rectangulaire, 0,66 carat de diamants princesse. Couleur rare blanc + (F) &#8211; Puret\u00e9 propre \u00e0 la loupe (VS1). R\u00e9f. A273 &#8211; <a href=\"mailto:care@ajediam.com?&amp;subject=Modern%20Emerald%20ring,%204%20Princess%20side%20diamonds%20A273\">Email<\/a> <\/p><\/div><\/div><\/div><div class='col-md-4 col-inner'><div class='col-inwrap'><div class='vc-image text-center'><figure><a href='\/emerald-ring-youth-forever' class='d-block'><img src='https:\/\/ajediam.com\/wp-content\/uploads\/2019\/03\/Green_square_emerald_ring_princess_diamonds_side_stones_Ajediam_10cm-300x180.jpg' alt=''><\/a><\/figure><\/div><\/div><\/div><\/div><\/div><\/div> <style>.vc_custom_1552886396531 { border-top-width: 3px !important;border-right-width: 3px !important;border-bottom-width: 3px !important;border-left-width: 3px !important;border-left-color: #e2ebf0 !important;border-left-style: solid !important;border-right-color: #e2ebf0 !important;border-right-style: solid !important;border-top-color: #e2ebf0 !important;border-top-style: solid !important;border-bottom-color: #e2ebf0 !important;border-bottom-style: solid !important;} }<\/style><div class='row vc_row vc_custom_1552886396531'><div class='col-md-12 '><div class='row '><div class='col-md-4 col-inner'><div class='col-inwrap'><div class='vc-image text-center'><figure><div><img src='https:\/\/ajediam.com\/wp-content\/uploads\/2019\/03\/Three_color_flower_diamonds_sapphire_emerald_ring_Ajediam_10cm-300x240.jpg' alt=''><\/div><\/figure><\/div><\/div><\/div><div class='col-md-8 col-inner'><div class='col-inwrap'><div class='mb-4'><p>B<strong>ague Colibri en \u00e9meraude tricolore.<\/strong><br \/>\n<strong>\u00c9meraude taille \u00e9meraude, diamants, saphirs.<\/strong><br \/>\n<strong>Design unique, aussi beau qu&rsquo;un colibri.<\/strong><br \/>\nSertie dans une bague en or jaune 18 carats, d&rsquo;un poids de 4,50 grammes.<br \/>\n0,57 carat d&rsquo;\u00e9meraude de forme rectangulaire, clart\u00e9 cristalline.<br \/>\n0,68 carat de diamants ronds brillants. Couleur rare blanc + (F) &#8211; Puret\u00e9 propre \u00e0 la loupe (VS1).<\/p>\n<p>R\u00e9f. A233 &#8211; <a href=\"mailto:care@ajediam.com?&amp;subject=Colibri%20Emerald%20Tri%20Color%20Ring%20A233\">Email<\/a> <\/p><\/div><\/div><\/div><\/div><\/div><\/div> <style>.vc_custom_1552886396531 { border-top-width: 3px !important;border-right-width: 3px !important;border-bottom-width: 3px !important;border-left-width: 3px !important;border-left-color: #e2ebf0 !important;border-left-style: solid !important;border-right-color: #e2ebf0 !important;border-right-style: solid !important;border-top-color: #e2ebf0 !important;border-top-style: solid !important;border-bottom-color: #e2ebf0 !important;border-bottom-style: solid !important;} }<\/style><div class='row vc_row vc_custom_1552886396531'><div class='col-md-12 '><div class='row '><div class='col-md-8 col-inner'><div class='col-inwrap'><div class='mb-4'><p><strong>Bague ovale en \u00e9meraude du Br\u00e9sil avec diamants lat\u00e9raux<\/strong><br \/>\nSertie dans une bague en or jaune 18 carats, d&rsquo;un poids de 7,62 grammes.<br \/>\n0,75 carat d&rsquo;\u00e9meraude de forme ovale du Br\u00e9sil, 0,31 carat de diamants ronds brillants.<br \/>\nCouleur rare blanc + (F) &#8211; Puret\u00e9 propre \u00e0 la loupe (VS1).<br \/>\nR\u00e9f. A258 &#8211; <a href=\"mailto:care@ajediam.com?&amp;subject=Oval%20green%20emerald%20side%20diamonds%20ring%20A258\">Email<\/a> <\/p><\/div><\/div><\/div><div class='col-md-4 col-inner'><div class='col-inwrap'><div class='vc-image text-center'><figure><div><img src='https:\/\/ajediam.com\/wp-content\/uploads\/2019\/03\/Oval_green_emerald_side_diamonds_ring_Ajediam_10cm.jpg' alt=''><\/div><\/figure><\/div><\/div><\/div><\/div><\/div><\/div> <style>.vc_custom_1552886396531 { border-top-width: 3px !important;border-right-width: 3px !important;border-bottom-width: 3px !important;border-left-width: 3px !important;border-left-color: #e2ebf0 !important;border-left-style: solid !important;border-right-color: #e2ebf0 !important;border-right-style: solid !important;border-top-color: #e2ebf0 !important;border-top-style: solid !important;border-bottom-color: #e2ebf0 !important;border-bottom-style: solid !important;} }<\/style><div class='row vc_row vc_custom_1552886396531'><div class='col-md-12 '><div class='row '><div class='col-md-4 col-inner'><div class='col-inwrap'><div class='vc-image text-center'><figure><div><img src='https:\/\/ajediam.com\/wp-content\/uploads\/2019\/03\/Rectangular_green_emerald_pave_set_diamonds_on_band_Ajediam_10cm-300x150.jpg' alt=''><\/div><\/figure><\/div><\/div><\/div><div class='col-md-8 col-inner'><div class='col-inwrap'><div class='mb-4'><p><strong>Bague rectangulaire en \u00e9meraude verte de Madagascar avec des diamants, magnifiques diamants sertis en pav\u00e9 sur la bande.<\/strong><br \/>\nSertie dans une bague en or jaune et blanc 18 carats, d&rsquo;un poids de 6,60 grammes.<br \/>\n0,67 carat d&rsquo;\u00e9meraude de forme rectangulaire, 0,65 carat de diamants ronds brillants.<br \/>\nCouleur rare blanc + (F) &#8211; Puret\u00e9 propre \u00e0 la loupe (VS1).<br \/>\nR\u00e9f. A284 &#8211; <a href=\"mailto:care@ajediam.com?&amp;subject=Rectangular%20green%20emerald%20pave%20set%20diamonds%20A284\">Email<\/a> <\/p><\/div><\/div><\/div><\/div><\/div><\/div> <style>.vc_custom_1552886396531 { border-top-width: 3px !important;border-right-width: 3px !important;border-bottom-width: 3px !important;border-left-width: 3px !important;border-left-color: #e2ebf0 !important;border-left-style: solid !important;border-right-color: #e2ebf0 !important;border-right-style: solid !important;border-top-color: #e2ebf0 !important;border-top-style: solid !important;border-bottom-color: #e2ebf0 !important;border-bottom-style: solid !important;} }<\/style><div class='row vc_row vc_custom_1552886396531'><div class='col-md-12 '><div class='row '><div class='col-md-8 col-inner'><div class='col-inwrap'><div class='mb-4'><p><strong>Bague en \u00e9meraude verte, taille \u00e9meraude, avec diamant &#8211; Sertissage \u00e0 tension<\/strong><br \/>\nSertie dans une bague en or jaune et blanc 18 carats, d&rsquo;un poids de 5,90 grammes.<br \/>\n1,00 carat d&rsquo;\u00e9meraude de forme rectangulaire, 0,29 carat de diamants ronds brillants.<br \/>\nCouleur rare blanc + (F) &#8211; Puret\u00e9 propre \u00e0 la loupe (VS1).<br \/>\nR\u00e9f. A213 &#8211; <a href=\"mailto:care@ajediam.com?&amp;subject=Green%20emerald,%20Emerald%20shape,%20diamond%20ring%20A213\">Email<\/a> <\/p><\/div><\/div><\/div><div class='col-md-4 col-inner'><div class='col-inwrap'><div class='vc-image text-center'><figure><a href='\/bague-emeraude-beaut\u00e9-simplicit\u00e9' class='d-block'><img src='https:\/\/ajediam.com\/wp-content\/uploads\/2019\/03\/tension_set_green_square_emerald_ring_pricess_side_diamonds_Ajediam_10cm-300x150.jpg' alt=''><\/a><\/figure><\/div><\/div><\/div><\/div><\/div><\/div> <style>.vc_custom_1552886396531 { border-top-width: 3px !important;border-right-width: 3px !important;border-bottom-width: 3px !important;border-left-width: 3px !important;border-left-color: #e2ebf0 !important;border-left-style: solid !important;border-right-color: #e2ebf0 !important;border-right-style: solid !important;border-top-color: #e2ebf0 !important;border-top-style: solid !important;border-bottom-color: #e2ebf0 !important;border-bottom-style: solid !important;} }<\/style><div class='row vc_row vc_custom_1552886396531'><div class='col-md-12 '><div class='row '><div class='col-md-4 col-inner'><div class='col-inwrap'><div class='vc-image text-center'><figure><div><img src='https:\/\/ajediam.com\/wp-content\/uploads\/2019\/03\/Green_emerald_-_emerald_shape_-_Princess_side_diamonds_ring_Ajediam_10cm-300x180.jpg' alt=''><\/div><\/figure><\/div><\/div><\/div><div class='col-md-8 col-inner'><div class='col-inwrap'><div class='mb-4'><p><strong>Bague rectangulaire en \u00e9meraude verte<\/strong><br \/>\n<strong>Diamants princesse sertis en pav\u00e9 sur la bande<\/strong><br \/>\nSertie dans une bague en or jaune 18 carats, d&rsquo;un poids de 5,70 grammes.<br \/>\n1,00 carat d&rsquo;\u00e9meraude de forme rectangulaire, 0,91 carat de diamants princesse.<br \/>\nCouleur rare blanc + (F) &#8211; Puret\u00e9 propre \u00e0 la loupe (VS1).<\/p>\n<p>R\u00e9f. A288 &#8211; <a href=\"mailto:care@ajediam.com?&amp;subject=Rectangular%20green%20emerald%20ring,%20princess%20side%20stones%20A288\">Email<\/a> <\/p><\/div><\/div><\/div><\/div><\/div><\/div> <style>.vc_custom_1552886396531 { border-top-width: 3px !important;border-right-width: 3px !important;border-bottom-width: 3px !important;border-left-width: 3px !important;border-left-color: #e2ebf0 !important;border-left-style: solid !important;border-right-color: #e2ebf0 !important;border-right-style: solid !important;border-top-color: #e2ebf0 !important;border-top-style: solid !important;border-bottom-color: #e2ebf0 !important;border-bottom-style: solid !important;} }<\/style><div class='row vc_row vc_custom_1552886396531'><div class='col-md-12 '><div class='row '><div class='col-md-8 col-inner'><div class='col-inwrap'><div class='mb-4'><p><strong>Bague en \u00e9meraude ovale verte avec diamants en forme de trillion sertis en biseau<\/strong><br \/>\nSertie dans une bague en or jaune 18 carats, d&rsquo;un poids de 7,20 grammes.<br \/>\n0,85 carat d&rsquo;\u00e9meraude de forme rectangulaire, 0,35 carat de diamants en forme de trillion.<br \/>\nCouleur rare blanc + (F) &#8211; Puret\u00e9 propre \u00e0 la loupe (VS1).<br \/>\nR\u00e9f. A217 &#8211; <a href=\"mailto:care@ajediam.com?&amp;subject=Oval%20green%20emerald%20trillion%20side%20diamonds%20A217\">Email<\/a> <\/p><\/div><\/div><\/div><div class='col-md-4 col-inner'><div class='col-inwrap'><div class='vc-image text-center'><figure><div><img src='https:\/\/ajediam.com\/wp-content\/uploads\/2019\/03\/Oval_green_emerald_trillion_side_diamonds_bezel_set_ring_Ajediam_10cm-300x180.jpg' alt=''><\/div><\/figure><\/div><\/div><\/div><\/div><\/div><\/div> <style>.vc_custom_1552886396531 { border-top-width: 3px !important;border-right-width: 3px !important;border-bottom-width: 3px !important;border-left-width: 3px !important;border-left-color: #e2ebf0 !important;border-left-style: solid !important;border-right-color: #e2ebf0 !important;border-right-style: solid !important;border-top-color: #e2ebf0 !important;border-top-style: solid !important;border-bottom-color: #e2ebf0 !important;border-bottom-style: solid !important;} }<\/style><div class='row vc_row vc_custom_1552886396531'><div class='col-md-12 '><div class='row '><div class='col-md-4 col-inner'><div class='col-inwrap'><div class='vc-image text-center'><figure><div><img src='https:\/\/ajediam.com\/wp-content\/uploads\/2019\/03\/Square_green_emerald_side_diamonds_ring_Ajediam_10cm-300x150.jpg' alt=''><\/div><\/figure><\/div><\/div><\/div><div class='col-md-8 col-inner'><div class='col-inwrap'><div class='mb-4'><p><strong>Bague carr\u00e9e en \u00e9meraude verte, diamants sertis en triangle sur la bande<\/strong><br \/>\nSertie dans une bague en or jaune 18 carats, d&rsquo;un poids de 4,10 grammes.<br \/>\n1,73 carat d&rsquo;\u00e9meraude taill\u00e9e en carr\u00e9, 0,32 carat de diamants ronds brillants.<br \/>\nCouleur rare blanc + (F) &#8211; Puret\u00e9 propre \u00e0 la loupe (VS1).<br \/>\nR\u00e9f. A227 &#8211; <a href=\"mailto:care@ajediam.com?&amp;subject=Square%20green%20emerald%20side%20diamonds%20ring%20A227\">Email<\/a> <\/p><\/div><\/div><\/div><\/div><\/div><\/div> <style>.vc_custom_1552886396531 { border-top-width: 3px !important;border-right-width: 3px !important;border-bottom-width: 3px !important;border-left-width: 3px !important;border-left-color: #e2ebf0 !important;border-left-style: solid !important;border-right-color: #e2ebf0 !important;border-right-style: solid !important;border-top-color: #e2ebf0 !important;border-top-style: solid !important;border-bottom-color: #e2ebf0 !important;border-bottom-style: solid !important;} }<\/style><div class='row vc_row vc_custom_1552886396531'><div class='col-md-12 '><div class='row '><div class='col-md-8 col-inner'><div class='col-inwrap'><div class='mb-4'><p><strong>Bague en \u00e9meraude verte herbe, diamants princesse sur la bande<\/strong><br \/>\nSertie dans une bague en or jaune 18 carats, d&rsquo;un poids de 11,50 grammes.<br \/>\n1,45 carat d&rsquo;\u00e9meraude de forme rectangulaire verte herbe,<br \/>\n6 diamants princesse sur le c\u00f4t\u00e9 avec un poids total de 1,07 carat.<br \/>\nCouleur rare blanc + (F) &#8211; Puret\u00e9 propre \u00e0 la loupe (VS).<br \/>\nR\u00e9f. A271 &#8211; <a href=\"mailto:care@ajediam.com?&amp;subject=Grass%20green%20emerald%20princess%20diamond%20ring%20A271\">Email<\/a> <\/p><\/div><\/div><\/div><div class='col-md-4 col-inner'><div class='col-inwrap'><div class='vc-image text-center'><figure><div><img src='https:\/\/ajediam.com\/wp-content\/uploads\/2019\/03\/Grass_green_Emerald_shaped_Princess_diamond_ring_Ajediam-300x180.jpg' alt=''><\/div><\/figure><\/div><\/div><\/div><\/div><\/div><\/div> <style>.vc_custom_1552886396531 { border-top-width: 3px !important;border-right-width: 3px !important;border-bottom-width: 3px !important;border-left-width: 3px !important;border-left-color: #e2ebf0 !important;border-left-style: solid !important;border-right-color: #e2ebf0 !important;border-right-style: solid !important;border-top-color: #e2ebf0 !important;border-top-style: solid !important;border-bottom-color: #e2ebf0 !important;border-bottom-style: solid !important;} }<\/style><div class='row vc_row '><div class='col-md-12 '><div style='height: 32px;'><\/div><div class='row '><div class='col-md-20p col-inner'><div class='col-inwrap'><\/div><\/div><div class='col-md-20p col-inner'><div class='col-inwrap'><div class='vc-image text-center'><figure><a href='\/fr\/bagues-saphirs-diamant\/' class='d-block'><img src='https:\/\/ajediam.com\/wp-content\/uploads\/2019\/03\/Burmese_sapphire_circle_diamonds_ring_Lady_Di_style_Ajediam_5cm.jpg' alt=''><\/a><\/figure><\/div><\/div><\/div><div class='col-md-20p col-inner'><div class='col-inwrap'><div class='vc-image text-center'><figure><a href='\/emerald-rings' class='d-block'><img src='https:\/\/ajediam.com\/wp-content\/uploads\/2019\/03\/Colombian_emerald_ring_side_diamonds_Ajediam_5cm-300x188.jpg' alt=''><\/a><\/figure><\/div><\/div><\/div><div class='col-md-20p col-inner'><div class='col-inwrap'><div class='vc-image text-center'><figure><a href='\/fr\/bagues-rubis-diamant\/' class='d-block'><img src='https:\/\/ajediam.com\/wp-content\/uploads\/2019\/03\/Pigeon_blood_red_Ruby_circle_diamond_ring_Ajediam_10cm-300x300.jpg' alt=''><\/a><\/figure><\/div><\/div><\/div><div class='col-md-20p col-inner'><div class='col-inwrap'><\/div><\/div><\/div><\/div><\/div> <div class='row vc_row '><div class='col-md-3 '><\/div><div class='col-md-3 '><div style='height: 32px;'><\/div><a class='lab-button' href='\/fr\/bagues-de-fiancailles\/' target='' title='\/fr\/bagues-de-fiancaille'>ACHETER MAINTENANT<\/a><\/div><div class='col-md-3 '><div style='height: 32px;'><\/div><a class='lab-button' href='\/fr\/notre-formulaire-de-demande-rapide\/' target='' title='\/fr\/notre-formulaire-de-demande-rapid'>CONSULTER LE GUIDE D'ACHAT<\/a><\/div><div class='col-md-3 '><\/div><\/div> <div class='row vc_row '><div class='col-md-2 '><\/div><div class='col-md-8 '><div style='height: 32px;'><\/div><div class='vc-image '><figure><a href='\/fr\/notre-formulaire-de-demande-rapide\/' class='d-block'><img src='https:\/\/ajediam.com\/wp-content\/uploads\/2019\/03\/Ajediam_footer_Buy_now_13_03_2015.jpg' alt=''><\/a><\/figure><\/div><\/div><div class='col-md-2 '><\/div><\/div> <\/p>\n","protected":false},"excerpt":{"rendered":"","protected":false},"author":5,"featured_media":8938,"parent":0,"menu_order":0,"comment_status":"closed","ping_status":"closed","template":"","meta":{"ub_ctt_via":"","footnotes":""},"acf":[],"featured_image_src":"https:\/\/ajediam.com\/wp-content\/uploads\/2019\/03\/ring_emerald_Youth_145_zijaanzicht.jpg","_links":{"self":[{"href":"https:\/\/ajediam.com\/fr\/wp-json\/wp\/v2\/pages\/10387"}],"collection":[{"href":"https:\/\/ajediam.com\/fr\/wp-json\/wp\/v2\/pages"}],"about":[{"href":"https:\/\/ajediam.com\/fr\/wp-json\/wp\/v2\/types\/page"}],"author":[{"embeddable":true,"href":"https:\/\/ajediam.com\/fr\/wp-json\/wp\/v2\/users\/5"}],"replies":[{"embeddable":true,"href":"https:\/\/ajediam.com\/fr\/wp-json\/wp\/v2\/comments?post=10387"}],"version-history":[{"count":1,"href":"https:\/\/ajediam.com\/fr\/wp-json\/wp\/v2\/pages\/10387\/revisions"}],"predecessor-version":[{"id":10389,"href":"https:\/\/ajediam.com\/fr\/wp-json\/wp\/v2\/pages\/10387\/revisions\/10389"}],"wp:featuredmedia":[{"embeddable":true,"href":"https:\/\/ajediam.com\/fr\/wp-json\/wp\/v2\/media\/8938"}],"wp:attachment":[{"href":"https:\/\/ajediam.com\/fr\/wp-json\/wp\/v2\/media?parent=10387"}],"curies":[{"name":"wp","href":"https:\/\/api.w.org\/{rel}","templated":true}]}}