{"id":10393,"date":"2019-04-05T07:04:43","date_gmt":"2019-04-05T07:04:43","guid":{"rendered":"https:\/\/ajediam.com\/?page_id=10393"},"modified":"2023-07-10T16:55:40","modified_gmt":"2023-07-10T16:55:40","slug":"bagues-danniversaire-bagues-de-fiancailles","status":"publish","type":"page","link":"https:\/\/ajediam.com\/fr\/bagues-danniversaire-bagues-de-fiancailles\/","title":{"rendered":"Bagues d&rsquo;anniversaire Bagues de fian\u00e7ailles"},"content":{"rendered":"<p><div class='row vc_row '><div class='col-md-12 '><h2 class='section-title'>Bagues d'anniversaire, bagues d'amiti\u00e9 C\u00e9l\u00e9brez chaque anniversaire avec votre magnifique bague !<\/h2><p>Achetez \u00e0 des prix de gros au Centre mondial du diamant d&rsquo;Anvers, la boutique hors taxes d&rsquo;Ajediam<\/p><\/div><\/div> <div class='row vc_row vc_custom_1552886396531'><div class='col-md-12 '><div class='row '><div class='col-md-8 col-inner'><div class='col-inwrap'><h2 class='section-title'>Bague d'anniversaire en diamant \u00e0 3 pierres<\/h2><div class='mb-4'><p>Tous vos sentiments dans cette fascinante bague en diamant \u00e0 trois pierres : pass\u00e9, pr\u00e9sent et futur. Bague en or blanc et jaune 18K entour\u00e9e de petits diamants dans un style d&rsquo;\u00e9ternit\u00e9 partielle. <a href=\"mailto:care@ajediam.com?&amp;subject=3-Stone%20surrounded%20Anniversary%20Diamond%20ring%20Kose\">Email<\/a> <\/p><\/div><\/div><\/div><div class='col-md-4 col-inner'><div class='col-inwrap'><div class='vc-image text-center'><figure><div><img src='https:\/\/ajediam.com\/wp-content\/uploads\/2019\/03\/Three_stone_surrounded_diamond_ring_Kose_Ajediam_branded.jpg' alt=''><\/div><\/figure><\/div><\/div><\/div><\/div><div style='height: 32px;'><\/div><\/div><\/div> <style>.vc_custom_1552886396531 { border-top-width: 3px !important;border-right-width: 3px !important;border-bottom-width: 3px !important;border-left-width: 3px !important;border-left-color: #e2ebf0 !important;border-left-style: solid !important;border-right-color: #e2ebf0 !important;border-right-style: solid !important;border-top-color: #e2ebf0 !important;border-top-style: solid !important;border-bottom-color: #e2ebf0 !important;border-bottom-style: solid !important;} }<\/style><div class='row vc_row vc_custom_1552886396531'><div class='col-md-12 '><div class='row '><div class='col-md-4 col-inner'><div class='col-inwrap'><div class='vc-image text-center'><figure><div><img src='https:\/\/ajediam.com\/wp-content\/uploads\/2019\/03\/Anniversary_Diamond_ring_Three_sides_pave_set_diamonds_Ajediam__A329.jpg' alt=''><\/div><\/figure><\/div><\/div><\/div><div class='col-md-8 col-inner'><div class='col-inwrap'><h2 class='section-title'>Bague d'anniversaire moderne \u00e0 trois c\u00f4t\u00e9s<\/h2><div class='mb-4'><p>Serti en pav\u00e9 de diamants ronds de 0,40 carat<br \/>\nCouleur : Blanc rare + (F) Clart\u00e9 : Loupe propre (VVS)<br \/>\nSerti en or jaune, blanc ou rose 18K &#8211; 9,80 grammes<br \/>\nR\u00e9f. A329 &#8211; <a href=\"mailto:care@ajediam.com?&amp;subject=Modern%20Anniversary%20Diamond%20ring%20Three%20side%20pave%20set%20diamonds%20A329\">Courriel<\/a> <\/p><\/div><\/div><\/div><\/div><div style='height: 32px;'><\/div><\/div><\/div> <style>.vc_custom_1552886396531 { border-top-width: 3px !important;border-right-width: 3px !important;border-bottom-width: 3px !important;border-left-width: 3px !important;border-left-color: #e2ebf0 !important;border-left-style: solid !important;border-right-color: #e2ebf0 !important;border-right-style: solid !important;border-top-color: #e2ebf0 !important;border-top-style: solid !important;border-bottom-color: #e2ebf0 !important;border-bottom-style: solid !important;} }<\/style><div class='row vc_row vc_custom_1552886396531'><div class='col-md-12 '><div class='row '><div class='col-md-8 col-inner'><div class='col-inwrap'><h2 class='section-title'>Bague de designer \u00e0 4 rang\u00e9es<\/h2><div class='mb-4'><p>En or jaune, blanc, rose 18K ou platine<br \/>\nR\u00e9alisation sur commande sp\u00e9ciale,<br \/>\n5 carats de diamants de qualit\u00e9 coupe id\u00e9ale.<br \/>\n<a href=\"mailto:care@ajediam.com?&amp;subject=%20Anniversary%20ring%20band%20together\">Email<\/a><\/p>\n<p><a href=\"\/fr\/diamants-101\/tailles-des-diamants\/\">Tailles des diamants<\/a><\/p><\/div><\/div><\/div><div class='col-md-4 col-inner'><div class='col-inwrap'><div class='vc-image text-center'><figure><a href='\/design-diamond-rings' class='d-block'><img src='https:\/\/ajediam.com\/wp-content\/uploads\/2019\/03\/Anniversary_ring_band_together_cm_5-1.jpg' alt=''><\/a><\/figure><\/div><\/div><\/div><\/div><\/div><\/div> <style>.vc_custom_1552886396531 { border-top-width: 3px !important;border-right-width: 3px !important;border-bottom-width: 3px !important;border-left-width: 3px !important;border-left-color: #e2ebf0 !important;border-left-style: solid !important;border-right-color: #e2ebf0 !important;border-right-style: solid !important;border-top-color: #e2ebf0 !important;border-top-style: solid !important;border-bottom-color: #e2ebf0 !important;border-bottom-style: solid !important;} }<\/style><div class='row vc_row vc_custom_1552886396531'><div class='col-md-12 '><div style='height: 32px;'><\/div><div class='row '><div class='col-md-4 col-inner'><div class='col-inwrap'><div class='vc-image text-center'><figure><div><img src='https:\/\/ajediam.com\/wp-content\/uploads\/2019\/03\/3_bow_diamond_anniversary_ring_Ajediam_A349-150x150.jpg' alt=''><\/div><\/figure><\/div><\/div><\/div><div class='col-md-8 col-inner'><div class='col-inwrap'><h2 class='section-title'>Bague \u00e0 trois noeuds en diamant, serti pav\u00e9<\/h2><div class='mb-4'><p>Serti en pav\u00e9 de diamants ronds de 0,40 carat<br \/>\nCouleur : Blanc rare + (F) Clart\u00e9 : Loupe propre (VVS)<br \/>\nSerti en or jaune et blanc 18K &#8211; 9,80 grammes<br \/>\nR\u00e9f. A349 &#8211; <a href=\"mailto:care@ajediam.com?&amp;subject=3%20bow%20diamond%20annyversary%20ring%20Ajediam%20A349\">Email<\/a><\/p><\/div><\/div><\/div><\/div><div style='height: 32px;'><\/div><\/div><\/div> <style>.vc_custom_1552886396531 { border-top-width: 3px !important;border-right-width: 3px !important;border-bottom-width: 3px !important;border-left-width: 3px !important;border-left-color: #e2ebf0 !important;border-left-style: solid !important;border-right-color: #e2ebf0 !important;border-right-style: solid !important;border-top-color: #e2ebf0 !important;border-top-style: solid !important;border-bottom-color: #e2ebf0 !important;border-bottom-style: solid !important;} }<\/style><div class='row vc_row vc_custom_1552886396531'><div class='col-md-12 '><div class='row '><div class='col-md-8 col-inner'><div class='col-inwrap'><h2 class='section-title'>Bague classique en diamant sertie pav\u00e9<\/h2><div class='mb-4'><p>1,92 carats de diamants ronds de qualit\u00e9 coupe id\u00e9ale<br \/>\nCouleur : Blanc rare + (F) Clart\u00e9 : Loupe propre (VVS)<br \/>\nSerti en or blanc 18K &#8211; 11,20 grammes<\/p>\n<p>Ref A020 &#8211; <a href=\"mailto:care@ajediam.com?&amp;subject=Modern%20Anniversary%20Diamond%20ring%20Three%20sides%20pave%20set%20diamonds%20A020\">Email<\/a> <\/p><\/div><\/div><\/div><div class='col-md-4 col-inner'><div class='col-inwrap'><ul id='vc_gallery_6900' class='vc_gallery list-unstyled d-flex flex-wrap flex-row'><li><a href='https:\/\/ajediam.com\/wp-content\/uploads\/2019\/03\/Pave_set_diamond_anniversary_ring_Ajediam_A020.jpg' data-lightbox='vc_gallery_6900' class='d-block'><img src='https:\/\/ajediam.com\/wp-content\/uploads\/2019\/03\/Pave_set_diamond_anniversary_ring_Ajediam_A020-150x150.jpg' alt=''><\/a><\/li><li><a href='https:\/\/ajediam.com\/wp-content\/uploads\/2019\/03\/Pave_set_diamond_anniversary_ring_Ajediam_side_view.jpg' data-lightbox='vc_gallery_6900' class='d-block'><img src='https:\/\/ajediam.com\/wp-content\/uploads\/2019\/03\/Pave_set_diamond_anniversary_ring_Ajediam_side_view-150x150.jpg' alt=''><\/a><\/li><\/ul><\/div><\/div><\/div><div style='height: 32px;'><\/div><\/div><\/div> <style>.vc_custom_1552886396531 { border-top-width: 3px !important;border-right-width: 3px !important;border-bottom-width: 3px !important;border-left-width: 3px !important;border-left-color: #e2ebf0 !important;border-left-style: solid !important;border-right-color: #e2ebf0 !important;border-right-style: solid !important;border-top-color: #e2ebf0 !important;border-top-style: solid !important;border-bottom-color: #e2ebf0 !important;border-bottom-style: solid !important;} }<\/style><div class='row vc_row vc_custom_1552886396531'><div class='col-md-12 '><div class='row '><div class='col-md-4 col-inner'><div class='col-inwrap'><div class='vc-image text-center'><figure><div><img src='https:\/\/ajediam.com\/wp-content\/uploads\/2019\/03\/Knots_Anniversary_diamond_pave_ring_Ajediam_A346-150x150.jpg' alt=''><\/div><\/figure><\/div><\/div><\/div><div class='col-md-8 col-inner'><div class='col-inwrap'><h2 class='section-title'>Bague diamant Knots, sertie de diamants pav\u00e9s<\/h2><div class='mb-4'><p>Diamants de 5 carats : diamant ovale de 3 carats + diamants lat\u00e9raux en forme de poire de 2 carats et 26 diamants lat\u00e9raux, sertis en platine ou en or blanc, jaune ou rose 18 carats<\/p>\n<p><a href=\"mailto:care@ajediam.com?&amp;subject=Knots%20Anniversary%20diamond%20pave%20ring%20A346\">Email<\/a> <\/p><\/div><\/div><\/div><\/div><div style='height: 32px;'><\/div><\/div><\/div> <style>.vc_custom_1552886396531 { border-top-width: 3px !important;border-right-width: 3px !important;border-bottom-width: 3px !important;border-left-width: 3px !important;border-left-color: #e2ebf0 !important;border-left-style: solid !important;border-right-color: #e2ebf0 !important;border-right-style: solid !important;border-top-color: #e2ebf0 !important;border-top-style: solid !important;border-bottom-color: #e2ebf0 !important;border-bottom-style: solid !important;} }<\/style><div class='row vc_row vc_custom_1552886396531'><div class='col-md-12 '><div class='row '><div class='col-md-8 col-inner'><div class='col-inwrap'><h2 class='section-title'>Bague diamant impressionnante<\/h2><div class='mb-4'><p>Diamants de 5 carats : diamant ovale de 3 carats + diamants lat\u00e9raux en forme de poire de 2 carats et 26 diamants lat\u00e9raux, sertis en platine ou en or blanc, jaune ou rose 18 carats <a href=\"mailto:care@ajediam.com?&amp;subject=Anniversary%20Pears%20Oval%20Diamond%20Ring\">Email<\/a><\/p>\n<p><\/p><\/div><\/div><\/div><div class='col-md-4 col-inner'><div class='col-inwrap'><div class='vc-image text-center'><figure><div><img src='https:\/\/ajediam.com\/wp-content\/uploads\/2019\/03\/Tantalizing_diamond_ring_10cm_Ajediam-150x150.jpg' alt=''><\/div><\/figure><\/div><\/div><\/div><\/div><div style='height: 32px;'><\/div><\/div><\/div> <style>.vc_custom_1552886396531 { border-top-width: 3px !important;border-right-width: 3px !important;border-bottom-width: 3px !important;border-left-width: 3px !important;border-left-color: #e2ebf0 !important;border-left-style: solid !important;border-right-color: #e2ebf0 !important;border-right-style: solid !important;border-top-color: #e2ebf0 !important;border-top-style: solid !important;border-bottom-color: #e2ebf0 !important;border-bottom-style: solid !important;} }<\/style><div class='row vc_row '><div class='col-md-12 '><div style='height: 32px;'><\/div><div class='row '><div class='col-md-20p col-inner'><div class='col-inwrap'><div class='vc-image text-center'><figure><a href='\/fr\/bagues-saphirs-diamant\/' class='d-block'><img src='https:\/\/ajediam.com\/wp-content\/uploads\/2019\/03\/Burmese_sapphire_circle_diamonds_ring_Lady_Di_style_Ajediam_5cm.jpg' alt=''><\/a><\/figure><\/div><\/div><\/div><div class='col-md-20p col-inner'><div class='col-inwrap'><div class='vc-image text-center'><figure><a href='\/fr\/bagues-emeraude\/' class='d-block'><img src='https:\/\/ajediam.com\/wp-content\/uploads\/2019\/03\/Colombian_emerald_ring_side_diamonds_Ajediam_5cm-300x188.jpg' alt=''><\/a><\/figure><\/div><\/div><\/div><div class='col-md-20p col-inner'><div class='col-inwrap'><div class='vc-image text-center'><figure><a href='\/fr\/bagues-rubis-diamant\/' class='d-block'><img src='https:\/\/ajediam.com\/wp-content\/uploads\/2019\/03\/Pigeon_blood_red_Ruby_circle_diamond_ring_Ajediam_10cm-300x300.jpg' alt=''><\/a><\/figure><\/div><\/div><\/div><div class='col-md-20p col-inner'><div class='col-inwrap'><\/div><\/div><\/div><\/div><\/div> <div class='row vc_row '><div class='col-md-3 '><\/div><div class='col-md-3 '><div style='height: 32px;'><\/div><a class='lab-button' href='\/fr\/bagues-de-fiancailles\/' target='' title='\/fr\/bagues-de-fiancaille'>ACHETER MAINTENANT<\/a><\/div><div class='col-md-3 '><div style='height: 32px;'><\/div><a class='lab-button' href='\/fr\/notre-formulaire-de-demande-rapide\/' target='' title='\/fr\/notre-formulaire-de-demande-rapid'>CONSULTER LE GUIDE D'ACHAT<\/a><\/div><div class='col-md-3 '><\/div><\/div> <div class='row vc_row '><div class='col-md-2 '><\/div><div class='col-md-8 '><div style='height: 32px;'><\/div><div class='vc-image '><figure><a href='\/fr\/notre-formulaire-de-demande-rapide\/' class='d-block'><img src='https:\/\/ajediam.com\/wp-content\/uploads\/2019\/03\/Ajediam_footer_Buy_now_13_03_2015.jpg' alt=''><\/a><\/figure><\/div><\/div><div class='col-md-2 '><\/div><\/div> <\/p>\n","protected":false},"excerpt":{"rendered":"","protected":false},"author":5,"featured_media":0,"parent":0,"menu_order":0,"comment_status":"closed","ping_status":"closed","template":"","meta":{"ub_ctt_via":"","footnotes":""},"acf":[],"featured_image_src":null,"_links":{"self":[{"href":"https:\/\/ajediam.com\/fr\/wp-json\/wp\/v2\/pages\/10393"}],"collection":[{"href":"https:\/\/ajediam.com\/fr\/wp-json\/wp\/v2\/pages"}],"about":[{"href":"https:\/\/ajediam.com\/fr\/wp-json\/wp\/v2\/types\/page"}],"author":[{"embeddable":true,"href":"https:\/\/ajediam.com\/fr\/wp-json\/wp\/v2\/users\/5"}],"replies":[{"embeddable":true,"href":"https:\/\/ajediam.com\/fr\/wp-json\/wp\/v2\/comments?post=10393"}],"version-history":[{"count":5,"href":"https:\/\/ajediam.com\/fr\/wp-json\/wp\/v2\/pages\/10393\/revisions"}],"predecessor-version":[{"id":10399,"href":"https:\/\/ajediam.com\/fr\/wp-json\/wp\/v2\/pages\/10393\/revisions\/10399"}],"wp:attachment":[{"href":"https:\/\/ajediam.com\/fr\/wp-json\/wp\/v2\/media?parent=10393"}],"curies":[{"name":"wp","href":"https:\/\/api.w.org\/{rel}","templated":true}]}}