{"id":10405,"date":"2019-04-02T07:28:20","date_gmt":"2019-04-02T07:28:20","guid":{"rendered":"https:\/\/ajediam.com\/?page_id=10405"},"modified":"2023-07-10T17:16:07","modified_gmt":"2023-07-10T17:16:07","slug":"bagues-en-diamant","status":"publish","type":"page","link":"https:\/\/ajediam.com\/fr\/bagues-en-diamant\/","title":{"rendered":"Bagues en diamant"},"content":{"rendered":"<p><div class='row vc_row '><div class='col-md-12 '><h2 class='section-title'>Cr\u00e9ez votre propre bague en diamant parfaite,<\/h2><p>En gros &#8211; Bagues en diamant de style personnalis\u00e9 et classique<br \/>\nAchetez au prix de gros dans l&rsquo;Atelier de mode d&rsquo;Ajediam au Diamond Centre d&rsquo;Anvers.<\/p>\n<p>Toutes les pi\u00e8ces de bijoux sont cr\u00e9\u00e9es sur mesure par notre ma\u00eetre orf\u00e8vre Italdesign en tant que service GRATUIT pour nos clients privil\u00e9gi\u00e9s ! <\/p><\/div><\/div> <div class='row vc_row vc_custom_1552886396531'><div class='col-md-12 '><div class='row '><div class='col-md-20p col-inner'><div class='col-inwrap'><div class='vc-image text-center'><figure><a href='\/diamond-ring-heart-and-arrows' class='d-block'><img src='https:\/\/ajediam.com\/wp-content\/uploads\/2019\/03\/ring_Heart-and-arows85.jpg' alt=''><\/a><\/figure><\/div><\/div><\/div><div class='col-md-20p col-inner'><div class='col-inwrap'><div class='vc-image text-center'><figure><a href='\/diamond-solitaire-white-gold-ring' class='d-block'><img src='https:\/\/ajediam.com\/wp-content\/uploads\/2019\/04\/diamond_solitaire_platinum_ring_ladies_verzamel-new.jpg' alt=''><\/a><\/figure><\/div><\/div><\/div><div class='col-md-20p col-inner'><div class='col-inwrap'><div class='vc-image text-center'><figure><a href='\/diamond-solitaire-ring-cristal-clear' class='d-block'><img src='https:\/\/ajediam.com\/wp-content\/uploads\/2019\/04\/Diamond_Rings__element100.jpg' alt=''><\/a><\/figure><\/div><\/div><\/div><div class='col-md-20p col-inner'><div class='col-inwrap'><div class='vc-image text-center'><figure><a href='\/design-diamond-rings-emerald-diamonds' class='d-block'><img src='https:\/\/ajediam.com\/wp-content\/uploads\/2019\/03\/Design_ring_Desire_85JPG.jpg' alt=''><\/a><\/figure><\/div><\/div><\/div><div class='col-md-20p col-inner'><div class='col-inwrap'><div class='vc-image text-center'><figure><a href='\/diamond-ring-las-vegas' class='d-block'><img src='https:\/\/ajediam.com\/wp-content\/uploads\/2019\/03\/ring_black_diamond_Las_Vegas_85.jpg' alt=''><\/a><\/figure><\/div><\/div><\/div><\/div><div class='row '><div class='col-md-20p col-inner'><div class='col-inwrap'><div class='vc-image text-center'><figure><a href='\/diamond-ring-classic' class='d-block'><img src='https:\/\/ajediam.com\/wp-content\/uploads\/2019\/03\/diamond_ring_Classic_85.jpg' alt=''><\/a><\/figure><\/div><\/div><\/div><div class='col-md-20p col-inner'><div class='col-inwrap'><div class='vc-image text-center'><figure><a href='\/diamond-ring-new-age' class='d-block'><img src='https:\/\/ajediam.com\/wp-content\/uploads\/2019\/03\/ring_New-age85.jpg' alt=''><\/a><\/figure><\/div><\/div><\/div><div class='col-md-20p col-inner'><div class='col-inwrap'><div class='vc-image text-center'><figure><a href='\/diamond-ring-cosquillas' class='d-block'><img src='https:\/\/ajediam.com\/wp-content\/uploads\/2019\/03\/ring_Cosquillas85.jpg' alt=''><\/a><\/figure><\/div><\/div><\/div><div class='col-md-20p col-inner'><div class='col-inwrap'><div class='vc-image text-center'><figure><a href='\/eternity-diamond-rings-2' class='d-block'><img src='https:\/\/ajediam.com\/wp-content\/uploads\/2019\/03\/5_stone_5_carats_diamond_ring_1.5_cm.jpg' alt=''><\/a><\/figure><\/div><\/div><\/div><div class='col-md-20p col-inner'><div class='col-inwrap'><div class='vc-image text-center'><figure><a href='\/diamond-ring-la-prima' class='d-block'><img src='https:\/\/ajediam.com\/wp-content\/uploads\/2019\/03\/ring_La-prima85.jpg' alt=''><\/a><\/figure><\/div><\/div><\/div><\/div><div class='row '><div class='col-md-20p col-inner'><div class='col-inwrap'><div class='vc-image text-center'><figure><a href='\/diamond-ring-cross-my-heart' class='d-block'><img src='https:\/\/ajediam.com\/wp-content\/uploads\/2019\/03\/ring_Cross-my-heart85.jpg' alt=''><\/a><\/figure><\/div><\/div><\/div><div class='col-md-20p col-inner'><div class='col-inwrap'><div class='vc-image text-center'><figure><a href='\/design-diamond-rings-happiness-bridge' class='d-block'><img src='https:\/\/ajediam.com\/wp-content\/uploads\/2019\/03\/Design_ring_happiness_bridge_85JPG.jpg' alt=''><\/a><\/figure><\/div><\/div><\/div><div class='col-md-20p col-inner'><div class='col-inwrap'><div class='vc-image text-center'><figure><a href='\/art-design-diamonds-flower-bouquets' class='d-block'><img src='https:\/\/ajediam.com\/wp-content\/uploads\/2019\/03\/Design_ring_flower_bouquet_85JPG.jpg' alt=''><\/a><\/figure><\/div><\/div><\/div><div class='col-md-20p col-inner'><div class='col-inwrap'><div class='vc-image text-center'><figure><a href='\/diamond-ring-hyde-park' class='d-block'><img src='https:\/\/ajediam.com\/wp-content\/uploads\/2019\/03\/ring_Hyde-Park85.jpg' alt=''><\/a><\/figure><\/div><\/div><\/div><div class='col-md-20p col-inner'><div class='col-inwrap'><div class='vc-image text-center'><figure><a href='\/emerald-rings' class='d-block'><img src='https:\/\/ajediam.com\/wp-content\/uploads\/2019\/03\/Colibri_Three_color_diamonds_sapphire_emerald_ring_Ajediam-150x150.jpg' alt=''><\/a><\/figure><\/div><\/div><\/div><\/div><\/div><\/div> <style>.vc_custom_1552886396531 { border-top-width: 3px !important;border-right-width: 3px !important;border-bottom-width: 3px !important;border-left-width: 3px !important;border-left-color: #e2ebf0 !important;border-left-style: solid !important;border-right-color: #e2ebf0 !important;border-right-style: solid !important;border-top-color: #e2ebf0 !important;border-top-style: solid !important;border-bottom-color: #e2ebf0 !important;border-bottom-style: solid !important;} }<\/style><div class='row vc_row '><div class='col-md-12 '><div style='height: 32px;'><\/div><div class='mb-4'><p><\/p>\n<p style=\"text-align: center;\">Bagues en diamant de style classique &#8211; Mosa\u00efque<\/p>\n<p style=\"text-align: center;\">Avez-vous en t\u00eate une bague en diamant de style classique faite sur mesure ?<\/p>\n<p style=\"text-align: center;\"><a href=\"\/fr\/anneaux-de-mariage\/\">Galerie Design Alliances de mariage&#8230; Suivant<\/a><\/p>\n<p><\/p><\/div><div class='row '><div class='col-md-20p col-inner'><div class='col-inwrap'><\/div><\/div><div class='col-md-20p col-inner'><div class='col-inwrap'><div class='vc-image text-center'><figure><a href='\/fr\/bagues-saphirs-diamant\/' class='d-block'><img src='https:\/\/ajediam.com\/wp-content\/uploads\/2019\/03\/Burmese_sapphire_circle_diamonds_ring_Lady_Di_style_Ajediam_5cm.jpg' alt=''><\/a><\/figure><\/div><\/div><\/div><div class='col-md-20p col-inner'><div class='col-inwrap'><div class='vc-image text-center'><figure><a href='\/fr\/bagues-emeraude\/' class='d-block'><img src='https:\/\/ajediam.com\/wp-content\/uploads\/2019\/03\/Colombian_emerald_ring_side_diamonds_Ajediam_5cm-300x188.jpg' alt=''><\/a><\/figure><\/div><\/div><\/div><div class='col-md-20p col-inner'><div class='col-inwrap'><div class='vc-image text-center'><figure><a href='\/fr\/bagues-rubis-diamant\/' class='d-block'><img src='https:\/\/ajediam.com\/wp-content\/uploads\/2019\/03\/Pigeon_blood_red_Ruby_circle_diamond_ring_Ajediam_10cm-300x300.jpg' alt=''><\/a><\/figure><\/div><\/div><\/div><div class='col-md-20p col-inner'><div class='col-inwrap'><\/div><\/div><\/div><\/div><\/div> <div class='row vc_row '><div class='col-md-3 '><\/div><div class='col-md-3 '><div style='height: 32px;'><\/div><a class='lab-button' href='\/fr\/bagues-de-fiancailles\/' target='' title='\/fr\/bagues-de-fiancaille'>ACHETER MAINTENANT<\/a><\/div><div class='col-md-3 '><div style='height: 32px;'><\/div><a class='lab-button' href='\/fr\/notre-formulaire-de-demande-rapide\/' target='' title='\/fr\/notre-formulaire-de-demande-rapid'>CONSULTER LE GUIDE D'ACHAT<\/a><\/div><div class='col-md-3 '><\/div><\/div> <div class='row vc_row '><div class='col-md-2 '><\/div><div class='col-md-8 '><div style='height: 32px;'><\/div><div class='vc-image '><figure><a href='\/fr\/notre-formulaire-de-demande-rapide\/' class='d-block'><img src='https:\/\/ajediam.com\/wp-content\/uploads\/2019\/03\/Ajediam_footer_Buy_now_13_03_2015.jpg' alt=''><\/a><\/figure><\/div><\/div><div class='col-md-2 '><\/div><\/div> <\/p>\n","protected":false},"excerpt":{"rendered":"","protected":false},"author":5,"featured_media":0,"parent":0,"menu_order":0,"comment_status":"closed","ping_status":"closed","template":"","meta":{"ub_ctt_via":"","footnotes":""},"acf":[],"featured_image_src":null,"_links":{"self":[{"href":"https:\/\/ajediam.com\/fr\/wp-json\/wp\/v2\/pages\/10405"}],"collection":[{"href":"https:\/\/ajediam.com\/fr\/wp-json\/wp\/v2\/pages"}],"about":[{"href":"https:\/\/ajediam.com\/fr\/wp-json\/wp\/v2\/types\/page"}],"author":[{"embeddable":true,"href":"https:\/\/ajediam.com\/fr\/wp-json\/wp\/v2\/users\/5"}],"replies":[{"embeddable":true,"href":"https:\/\/ajediam.com\/fr\/wp-json\/wp\/v2\/comments?post=10405"}],"version-history":[{"count":1,"href":"https:\/\/ajediam.com\/fr\/wp-json\/wp\/v2\/pages\/10405\/revisions"}],"predecessor-version":[{"id":10406,"href":"https:\/\/ajediam.com\/fr\/wp-json\/wp\/v2\/pages\/10405\/revisions\/10406"}],"wp:attachment":[{"href":"https:\/\/ajediam.com\/fr\/wp-json\/wp\/v2\/media?parent=10405"}],"curies":[{"name":"wp","href":"https:\/\/api.w.org\/{rel}","templated":true}]}}