{"id":11782,"date":"2023-12-12T14:05:02","date_gmt":"2023-12-12T14:05:02","guid":{"rendered":"https:\/\/ajediam.com\/visiter-anvers\/antwerp-classical-concerts-ballets\/"},"modified":"2023-12-18T13:42:34","modified_gmt":"2023-12-18T13:42:34","slug":"concerts-classiques-a-anvers","status":"publish","type":"page","link":"https:\/\/ajediam.com\/fr\/visiter-anvers\/concerts-classiques-a-anvers\/","title":{"rendered":"Ballets, Op\u00e9ras et Concerts classiques \u00e0 Anvers : 5 lieux musicaux magiques"},"content":{"rendered":"\n<p>Lorsque le cr\u00e9puscule tombe sur Anvers, la ville passe de son charme diurne anim\u00e9 \u00e0 un \u00e9picentre vibrant de merveilles culturelles et musicales. Connue non seulement pour ses diamants et son architecture historique, Anvers est \u00e9galement un sanctuaire pour les m\u00e9lomanes et les amateurs d&rsquo;art. De la grandeur des concerts classiques \u00e0 Anvers, aux vibrations intimes des caf\u00e9s jazz, la ville offre un \u00e9ventail d&rsquo;exp\u00e9riences nocturnes inoubliables.<\/p>\n\n\n\n<p>Que vous soyez attir\u00e9 par l&rsquo;attrait de l&rsquo;op\u00e9ra, le rythme d&rsquo;un ballet ou les accents m\u00e9lodieux d&rsquo;une symphonie, la sc\u00e8ne musicale anversoise est aussi diverse que riche. Dans ce guide, nous vous pr\u00e9senterons quelques-uns des lieux les plus embl\u00e9matiques o\u00f9 la musique et la culture prennent vie. De la prestigieuse salle Reine Elisabeth aux rythmes avant-gardistes de DeSingel, chaque lieu promet une soir\u00e9e pleine de splendeur artistique.<\/p>\n\n\n\n<p>Rejoignez-nous pour explorer les <a href=\"https:\/\/ajediam.com\/fr\/visiter-anvers\/\">meilleures offres culturelles d&rsquo;Anvers<\/a>, o\u00f9 chaque repr\u00e9sentation n&rsquo;est pas seulement un \u00e9v\u00e9nement mais un voyage au c\u0153ur de l&rsquo;\u00e2me artistique de la ville.<\/p>\n\n\n<div class=\"ub_table-of-contents\" data-showtext=\"show\" data-hidetext=\"hide\" data-scrolltype=\"auto\" id=\"ub_table-of-contents-a419dd3f-ed71-48be-a808-6427253559f0\" data-initiallyhideonmobile=\"false\"\n                    data-initiallyshow=\"true\"><div class=\"ub_table-of-contents-extra-container\"><div class=\"ub_table-of-contents-container ub_table-of-contents-1-column \"><ul><li><a href=https:\/\/ajediam.com\/fr\/visiter-anvers\/concerts-classiques-a-anvers\/#0-orchestre-symphonique-danvers-au-koningin-elisabethzaal>Orchestre symphonique d&rsquo;Anvers au Koningin Elisabethzaal<\/a><\/li><li><a href=https:\/\/ajediam.com\/fr\/visiter-anvers\/concerts-classiques-a-anvers\/#1-lop%C3%A9ra-danvers>L&rsquo;Op\u00e9ra d&rsquo;Anvers<\/a><\/li><li><a href=https:\/\/ajediam.com\/fr\/visiter-anvers\/concerts-classiques-a-anvers\/#2-desingel>DeSingel<\/a><\/li><li><a href=https:\/\/ajediam.com\/fr\/visiter-anvers\/concerts-classiques-a-anvers\/#3-jazz-caf%C3%A9-hopper>Jazz Caf\u00e9 Hopper<\/a><\/li><li><a href=https:\/\/ajediam.com\/fr\/visiter-anvers\/concerts-classiques-a-anvers\/#4-concerts-du-vendredi-midi-%C3%A0-lamuz>Concerts du vendredi midi \u00e0 l&rsquo;AMUZ<\/a><\/li><\/ul><\/div><\/div><\/div>\n\n\n<p><\/p>\n\n\n\n<h2 class=\"wp-block-heading\" id=\"0-orchestre-symphonique-danvers-au-koningin-elisabethzaal\">Orchestre symphonique d&rsquo;Anvers au Koningin Elisabethzaal<\/h2>\n\n\n\n<p>Nich\u00e9e au c\u0153ur d&rsquo;Anvers, la salle Reine Elisabeth est un t\u00e9moignage majestueux du riche patrimoine musical de la ville. Nomm\u00e9e en l&rsquo;honneur de la reine \u00c9lisabeth de Belgique, m\u00e9c\u00e8ne passionn\u00e9e des arts, cette salle de concert r\u00e9sonne d&rsquo;une signification historique et d&rsquo;une acoustique moderne. R\u00e9am\u00e9nag\u00e9 et rouvert ces derni\u00e8res ann\u00e9es, il marie admirablement son pass\u00e9 historique \u00e0 un design de pointe, ce qui en fait une merveille architecturale et auditive.<\/p>\n\n\n\n<p>Ici, chaque repr\u00e9sentation est une exp\u00e9rience enchanteresse, qu&rsquo;il s&rsquo;agisse des accents harmonieux d&rsquo;un orchestre classique ou des notes vibrantes d&rsquo;un ensemble contemporain. La salle, qui fait \u00e9cho \u00e0 l&rsquo;h\u00e9ritage de son homonyme, qui \u00e9tait un musicien accompli, a accueilli une myriade d&rsquo;\u00e9v\u00e9nements culturels importants, avec des orchestres de renomm\u00e9e mondiale et des solistes c\u00e9l\u00e8bres. La visite de la salle Reine Elisabeth n&rsquo;est pas seulement une soir\u00e9e de divertissement.<\/p>\n\n\n\n<figure class=\"wp-block-gallery has-nested-images columns-default is-cropped wp-block-gallery-1 is-layout-flex wp-block-gallery-is-layout-flex\">\n<figure class=\"wp-block-image size-large\"><img decoding=\"async\" data-id=\"11636\" src=\"https:\/\/ajediam.com\/wp-content\/uploads\/2023\/12\/Press-Release-Images_Page_6-scaled.jpeg\" alt=\"Koningin Elisabethzaal, Soir\u00e9e \u00e0 Anvers, Concerts classiques \u00e0 Anvers\" class=\"wp-image-11636\" title=\"Koningin Elisabethzaal, Concerts classiques \u00e0 Anvers, Soir\u00e9e \u00e0 Anvers\"\/><\/figure>\n<\/figure>\n\n\n\n<ul><li><strong>Lieu :<\/strong> Koningin Astridplein 20\/26, 2018 Antwerpen<\/li><li><strong>R\u00e9servations de<\/strong> <strong>programmes et de<\/strong> <strong>billets :<\/strong> Vivez la magie d&rsquo;un spectacle au Queen Elisabeth Hall en r\u00e9servant vos billets sur le <a href=\"https:\/\/www.koninginelisabethzaal.be\/en\/program\/\" target=\"_blank\" rel=\"noreferrer noopener nofollow\">site officiel<\/a>.<\/li><li><strong>Accessibilit\u00e9 :<\/strong> La salle se veut accessible aux <a href=\"https:\/\/www.koninginelisabethzaal.be\/en\/your-visit\/practical-information\/accessibility\/\" target=\"_blank\" rel=\"noreferrer noopener nofollow\">personnes en fauteuil roulant et aux malentendants<\/a>.<\/li><li><strong>M\u00e9dias sociaux<\/strong>: <a href=\"https:\/\/www.facebook.com\/KoninginElisabethzaal\" target=\"_blank\" rel=\"noreferrer noopener nofollow\">Facebook<\/a><\/li><\/ul>\n\n\n\n<hr class=\"wp-block-separator has-alpha-channel-opacity\"\/>\n\n\n\n<h2 class=\"wp-block-heading\" id=\"1-lop%C3%A9ra-danvers\">L&rsquo;Op\u00e9ra d&rsquo;Anvers<\/h2>\n\n\n\n<p>Le Ballet de l&rsquo;Op\u00e9ra d&rsquo;Anvers, joyau de la couronne culturelle de la ville, incarne la gr\u00e2ce et la grandeur des arts de la sc\u00e8ne. Situ\u00e9 dans un b\u00e2timent historique qui en dit long sur le riche pass\u00e9 artistique d&rsquo;Anvers, le ballet offre un m\u00e9lange captivant de repr\u00e9sentations traditionnelles et contemporaines. Cette institution prestigieuse est un bastion du ballet classique et de l&rsquo;op\u00e9ra, qui captive le public avec ses productions exquises, mettant en sc\u00e8ne des danseurs et des chanteurs de classe mondiale.<\/p>\n\n\n\n<p>Historiquement, le Ballet de l&rsquo;Op\u00e9ra d&rsquo;Anvers est un symbole d&rsquo;excellence artistique. Le b\u00e2timent lui-m\u00eame, une merveille architecturale, r\u00e9sonne des histoires du pass\u00e9, faisant \u00e9cho aux pas des artistes l\u00e9gendaires qui ont foul\u00e9 sa sc\u00e8ne au fil des ans. Les int\u00e9rieurs opulents, combin\u00e9s \u00e0 des installations sc\u00e9niques de pointe, font de chaque repr\u00e9sentation une exp\u00e9rience visuellement \u00e9poustouflante et acoustiquement envo\u00fbtante.<\/p>\n\n\n\n<p>Assister \u00e0 une repr\u00e9sentation du Ballet de l&rsquo;Op\u00e9ra d&rsquo;Anvers, c&rsquo;est assister \u00e0 un spectacle d&rsquo;expression humaine et de ma\u00eetrise artistique. C&rsquo;est une invitation \u00e0 entrer dans un monde o\u00f9 chaque mouvement et chaque note transmettent une \u00e9motion et racontent une histoire. Qu&rsquo;il s&rsquo;agisse de l&rsquo;\u00e9l\u00e9gance classique du \u00ab\u00a0Lac des cygnes\u00a0\u00bb de Tcha\u00efkovski ou de l&rsquo;\u00e9nergie dynamique d&rsquo;une pi\u00e8ce contemporaine, le Ballet de l&rsquo;Op\u00e9ra a de quoi enchanter tous ceux qui le visitent.<\/p>\n\n\n\n<p>Les visiteurs sont encourag\u00e9s \u00e0 s&rsquo;immerger dans cette exp\u00e9rience culturelle, o\u00f9 la tradition rencontre l&rsquo;innovation, et o\u00f9 chaque repr\u00e9sentation est un t\u00e9moignage de la beaut\u00e9 durable du ballet et de l&rsquo;op\u00e9ra.<\/p>\n\n\n\n<figure class=\"wp-block-gallery has-nested-images columns-default is-cropped wp-block-gallery-2 is-layout-flex wp-block-gallery-is-layout-flex\">\n<figure class=\"wp-block-image size-large\"><img decoding=\"async\" width=\"640\" height=\"398\" data-id=\"11646\" src=\"https:\/\/ajediam.com\/wp-content\/uploads\/2023\/12\/antwerpen.jpeg\" alt=\"Op\u00e9ra d'Anvers, Soir\u00e9e \u00e0 Anvers, Concerts classiques \u00e0 Anvers\" class=\"wp-image-11646\" title=\"Op\u00e9ra d'Anvers, Concerts classiques \u00e0 Anvers, Soir\u00e9e \u00e0 Anvers\" srcset=\"https:\/\/ajediam.com\/wp-content\/uploads\/2023\/12\/antwerpen.jpeg 640w, https:\/\/ajediam.com\/wp-content\/uploads\/2023\/12\/antwerpen-300x187.jpeg 300w\" sizes=\"(max-width: 640px) 100vw, 640px\" \/><\/figure>\n<\/figure>\n\n\n\n<ul><li><strong>Emplacement :<\/strong> Van Ertbornstraat 8, 2018 Antwerpen<\/li><li><strong><strong>Programme &amp;<\/strong> <strong>R\u00e9servations de billets :<\/strong> <\/strong> Plongez dans le monde du ballet et de l&rsquo;op\u00e9ra en r\u00e9servant vos billets sur <a href=\"https:\/\/www.music-opera.com\/nl\/theaters\/antwerpen-opera-antwerpen.html\" target=\"_blank\" rel=\"noreferrer noopener nofollow\">Music &amp; Opera<\/a>.<\/li><li><strong>Accessibilit\u00e9 :<\/strong> En raison de la nature historique du b\u00e2timent, l&rsquo;accessibilit\u00e9 ne peut pas atteindre son potentiel maximal. Toutefois, les organisateurs font tout leur possible pour que les personnes en fauteuil roulant puissent profiter pleinement des spectacles.<\/li><li><strong>M\u00e9dias sociaux<\/strong>: <a href=\"https:\/\/www.instagram.com\/operaballetvlaanderen\" target=\"_blank\" rel=\"noopener\">Instagram<\/a><\/li><\/ul>\n\n\n\n<hr class=\"wp-block-separator has-alpha-channel-opacity\"\/>\n\n\n\n<h2 class=\"wp-block-heading\" id=\"2-desingel\">DeSingel<\/h2>\n\n\n\n<p>De Singel, un joyau architectural d&rsquo;Anvers, est un centre dynamique pour les arts contemporains et les spectacles. Ce lieu, au design \u00e9pur\u00e9 et moderne, est un point de convergence de la cr\u00e9ativit\u00e9 et de l&rsquo;innovation dans le paysage culturel dynamique de la ville. Connu pour accueillir un m\u00e9lange \u00e9clectique d&rsquo;\u00e9v\u00e9nements, des productions th\u00e9\u00e2trales d&rsquo;avant-garde aux performances musicales r\u00e9volutionnaires, De Singel est le lieu o\u00f9 les fronti\u00e8res artistiques sont \u00e0 la fois explor\u00e9es et transcend\u00e9es.<\/p>\n\n\n\n<p>L&rsquo;histoire de De Singel est profond\u00e9ment li\u00e9e \u00e0 la sc\u00e8ne artistique progressiste d&rsquo;Anvers. Depuis sa cr\u00e9ation, le lieu se fait le champion du contemporain et de l&rsquo;avant-garde, se forgeant une r\u00e9putation d&rsquo;espace o\u00f9 les nouvelles id\u00e9es et expressions artistiques sont non seulement accueillies, mais c\u00e9l\u00e9br\u00e9es. Ses sc\u00e8nes ont accueilli des artistes internationaux et des talents locaux, chacun apportant sa vision unique au public anversois.<\/p>\n\n\n\n<p>La visite de De Singel est une exp\u00e9rience en soi. Que vous soyez l\u00e0 pour assister \u00e0 un concert d&rsquo;orchestre \u00e9mouvant, \u00e0 un spectacle de danse novateur ou \u00e0 une pi\u00e8ce de th\u00e9\u00e2tre qui suscite la r\u00e9flexion, le lieu vous garantit une rencontre avec le pouls de l&rsquo;art moderne. Son engagement \u00e0 pr\u00e9senter un \u00e9ventail diversifi\u00e9 d&rsquo;arts en fait un lieu incontournable pour tous ceux qui souhaitent participer au dialogue culturel contemporain.<\/p>\n\n\n\n<p>Pour les amateurs d&rsquo;art comme pour les visiteurs occasionnels, De Singel offre une fen\u00eatre sur le monde changeant de la cr\u00e9ativit\u00e9 artistique, ce qui en fait un \u00e9l\u00e9ment essentiel de toute exploration culturelle \u00e0 Anvers.<\/p>\n\n\n\n<figure class=\"wp-block-gallery has-nested-images columns-default is-cropped wp-block-gallery-3 is-layout-flex wp-block-gallery-is-layout-flex\">\n<figure class=\"wp-block-image size-large\"><img decoding=\"async\" width=\"1024\" height=\"512\" data-id=\"11650\" src=\"https:\/\/ajediam.com\/wp-content\/uploads\/2023\/12\/muziek-2-1024x512-1.jpeg\" alt=\"DeSingel, Soir\u00e9e \u00e0 Anvers, Concerts classiques \u00e0 Anvers\" class=\"wp-image-11650\" title=\"DeSingel, Soir\u00e9e \u00e0 Anvers, Concerts classiques \u00e0 Anvers\" srcset=\"https:\/\/ajediam.com\/wp-content\/uploads\/2023\/12\/muziek-2-1024x512-1.jpeg 1024w, https:\/\/ajediam.com\/wp-content\/uploads\/2023\/12\/muziek-2-1024x512-1-300x150.jpeg 300w, https:\/\/ajediam.com\/wp-content\/uploads\/2023\/12\/muziek-2-1024x512-1-768x384.jpeg 768w\" sizes=\"(max-width: 1024px) 100vw, 1024px\" \/><\/figure>\n<\/figure>\n\n\n\n<ul><li><strong>Emplacement :<\/strong> Desguinlei 25, 2018 Antwerpen<\/li><li><strong><strong>Programme &amp;<\/strong> <strong>R\u00e9servations de billets :<\/strong> <\/strong> D\u00e9couvrez la diversit\u00e9 des spectacles propos\u00e9s par De Singel et r\u00e9servez vos billets sur leur <a href=\"https:\/\/desingel.be\/en\" target=\"_blank\" rel=\"noreferrer noopener nofollow\">site officiel<\/a>.<\/li><li><strong>Accessibilit\u00e9 :<\/strong> La salle se veut accessible aux <a href=\"https:\/\/desingel.be\/en\/info\/accessibility\" target=\"_blank\" rel=\"noreferrer noopener nofollow\">malvoyants, aux malentendants et aux personnes souffrant de handicaps neurodivers<\/a>.<\/li><li><strong>M\u00e9dias sociaux<\/strong>: <a href=\"https:\/\/www.instagram.com\/desingelartscentre\/\" target=\"_blank\" rel=\"noopener\">Instagram<\/a><\/li><\/ul>\n\n\n\n<hr class=\"wp-block-separator has-alpha-channel-opacity\"\/>\n\n\n\n<h2 class=\"wp-block-heading\" id=\"3-jazz-caf%C3%A9-hopper\">Jazz Caf\u00e9 Hopper<\/h2>\n\n\n\n<p>Le Caf\u00e9 Hopper, nich\u00e9 au c\u0153ur d&rsquo;Anvers, est bien plus qu&rsquo;un simple caf\u00e9. C&rsquo;est une institution o\u00f9 l&rsquo;amour du caf\u00e9 rencontre la passion du jazz. Cet endroit confortable, \u00e0 l&rsquo;ambiance chaleureuse et au charme d\u00e9contract\u00e9, est devenu un havre de paix pour les amateurs de caf\u00e9 et les passionn\u00e9s de jazz.<\/p>\n\n\n\n<p>C\u00e9l\u00e8bre pour ses sessions de jazz en direct, le Caf\u00e9 Hopper s&rsquo;est inscrit dans la tapisserie culturelle d&rsquo;Anvers. L&rsquo;histoire du caf\u00e9 est impr\u00e9gn\u00e9e de musique, puisqu&rsquo;il a accueilli d&rsquo;innombrables artistes de jazz locaux et internationaux au fil des ans. Son cadre intime constitue une toile de fond id\u00e9ale pour les rythmes m\u00e9lodieux et improvis\u00e9s du jazz, faisant de chaque visite une exp\u00e9rience unique.<\/p>\n\n\n\n<p>Au Caf\u00e9 Hopper, la soir\u00e9e s&rsquo;anime au son des saxophones, des pianos et des contrebasses, le tout agr\u00e9ment\u00e9 du riche ar\u00f4me du caf\u00e9 fra\u00eechement pr\u00e9par\u00e9. L&rsquo;engagement du caf\u00e9 \u00e0 pr\u00e9senter des spectacles de jazz en direct, associ\u00e9 \u00e0 sa s\u00e9lection de boissons raffin\u00e9es, cr\u00e9e une atmosph\u00e8re \u00e0 la fois revigorante et relaxante.<\/p>\n\n\n\n<p>Que vous soyez amateur de jazz ou simplement \u00e0 la recherche d&rsquo;un endroit confortable pour vous d\u00e9tendre, le Caf\u00e9 Hopper vous invite \u00e0 vous laisser bercer par les rythmes de la musique et \u00e0 savourer le go\u00fbt d&rsquo;un caf\u00e9 de qualit\u00e9. Plus qu&rsquo;un simple caf\u00e9, c&rsquo;est une exp\u00e9rience culturelle qui r\u00e9sume l&rsquo;esprit vibrant de la sc\u00e8ne musicale anversoise.<\/p>\n\n\n\n<figure class=\"wp-block-gallery has-nested-images columns-default is-cropped wp-block-gallery-4 is-layout-flex wp-block-gallery-is-layout-flex\">\n<figure class=\"wp-block-image size-full\"><img decoding=\"async\" width=\"1080\" height=\"809\" data-id=\"11683\" src=\"https:\/\/ajediam.com\/wp-content\/uploads\/2023\/12\/89933481_811451575927149_8837092407300188735_n.jpeg\" alt=\"Jazz Caf\u00e9 Hopper, soir\u00e9e \u00e0 Anvers\" class=\"wp-image-11683\" title=\"Jazz Caf\u00e9 Hopper, soir\u00e9e \u00e0 Anvers\" srcset=\"https:\/\/ajediam.com\/wp-content\/uploads\/2023\/12\/89933481_811451575927149_8837092407300188735_n.jpeg 1080w, https:\/\/ajediam.com\/wp-content\/uploads\/2023\/12\/89933481_811451575927149_8837092407300188735_n-300x225.jpeg 300w, https:\/\/ajediam.com\/wp-content\/uploads\/2023\/12\/89933481_811451575927149_8837092407300188735_n-768x575.jpeg 768w\" sizes=\"(max-width: 1080px) 100vw, 1080px\" \/><\/figure>\n<\/figure>\n\n\n\n<ul><li><strong>Lieu :<\/strong> Leopold de Waelstraat 2, 2000 Antwerpen<\/li><li><strong><strong>Programme :<\/strong> <\/strong> D\u00e9couvrez les spectacles du Jazz Caf\u00e9 Hopper sur leur <a href=\"https:\/\/www.cafehopper.be\/\" target=\"_blank\" rel=\"noopener\">page d&rsquo;accueil<\/a>, sans r\u00e9servation.<\/li><li>L&rsquo;<strong>accessibilit\u00e9 :<\/strong> &#8211;<\/li><li><strong>M\u00e9dias sociaux<\/strong>: <a href=\"https:\/\/www.instagram.com\/jazz_cafe_hopper\/\" target=\"_blank\" rel=\"noopener\">Instagram<\/a><\/li><\/ul>\n\n\n\n<hr class=\"wp-block-separator has-alpha-channel-opacity\"\/>\n\n\n\n<h2 class=\"wp-block-heading\" id=\"4-concerts-du-vendredi-midi-%C3%A0-lamuz\">Concerts du vendredi midi \u00e0 l&rsquo;AMUZ<\/h2>\n\n\n\n<p>Certains des meilleurs concerts classiques anversois ont lieu lors des Middagconcerten van Antwerpen, une s\u00e9rie de concerts \u00e0 l&rsquo;heure du d\u00e9jeuner tr\u00e8s appr\u00e9ci\u00e9e. Le d\u00e9jeuner-concert offre une d\u00e9licieuse \u00e9vasion dans le monde de la musique classique et de la musique de chambre au c\u0153ur de la ville. Ces concerts, qui ont lieu \u00e0 l&rsquo;AMUZ (Augustinus Muziekcentrum), riche en histoire et \u00e0 l&rsquo;acoustique superbe, offrent une occasion unique de se laisser aller \u00e0 une heure de musique exquise au milieu d&rsquo;une journ\u00e9e bien remplie.<\/p>\n\n\n\n<p>Situ\u00e9 dans l&rsquo;AMUZ magnifiquement restaur\u00e9, l&rsquo;ancienne \u00e9glise Saint-Augustin, Middagconcerten van Antwerpen est devenu un lieu incontournable pour ceux qui recherchent un interm\u00e8de musical. La s\u00e9rie, sous la direction artistique de Luk Callens et avec Anne Cambier comme conseill\u00e8re artistique, pr\u00e9sente un programme vari\u00e9 avec des artistes confirm\u00e9s et \u00e9mergents. Les concerts couvrent un large \u00e9ventail de styles, des chefs-d&rsquo;\u0153uvre classiques aux compositions contemporaines, offrant quelque chose pour tous les go\u00fbts musicaux.<\/p>\n\n\n\n<p>Les Middagconcerten van Antwerpen ne s&rsquo;adressent pas seulement aux amateurs de musique classique exigeants, mais offrent \u00e9galement une atmosph\u00e8re accueillante aux nouveaux venus. Le foyer de l&rsquo;AMUZ renforce encore l&rsquo;exp\u00e9rience : les participants peuvent y prendre un verre avant le concert et, souvent, d\u00e9guster une d\u00e9licieuse soupe et du pain apr\u00e8s le concert, ce qui ajoute \u00e0 l&rsquo;ambiance communautaire et chaleureuse.<\/p>\n\n\n\n<p>La visite de ces concerts \u00e0 l&rsquo;heure du d\u00e9jeuner est plus qu&rsquo;une simple exp\u00e9rience d&rsquo;\u00e9coute ; c&rsquo;est une immersion culturelle qui r\u00e9sonne avec l&rsquo;\u00e2me du riche patrimoine musical d&rsquo;Anvers. Que vous soyez un habitant ou un visiteur, ces concerts de midi offrent un m\u00e9lange parfait d&rsquo;excellence musicale et de d\u00e9tente.<\/p>\n\n\n\n<figure class=\"wp-block-gallery has-nested-images columns-default is-cropped wp-block-gallery-5 is-layout-flex wp-block-gallery-is-layout-flex\">\n<figure class=\"wp-block-image size-large\"><img decoding=\"async\" width=\"694\" height=\"463\" data-id=\"11713\" src=\"https:\/\/ajediam.com\/wp-content\/uploads\/2023\/12\/download.webp\" alt=\"Middag Concerten van Antwerpen, concerts classiques \u00e0 Anvers\" class=\"wp-image-11713\" title=\"Middag Concerten van Antwerpen, concerts classiques \u00e0 Anvers\" srcset=\"https:\/\/ajediam.com\/wp-content\/uploads\/2023\/12\/download.webp 694w, https:\/\/ajediam.com\/wp-content\/uploads\/2023\/12\/download-300x200.webp 300w\" sizes=\"(max-width: 694px) 100vw, 694px\" \/><figcaption><a href=\"https:\/\/www.hln.be\/leuven\/3-000-bezoekers-in-juli-voor-zomer-van-sint-pieter-nog-17-middagconcerten-in-augustus~a08dd777\/?referrer=https%3A%2F%2Fwww.google.com%2F\" target=\"_blank\" rel=\"noreferrer noopener nofollow\">hln<\/a><\/figcaption><\/figure>\n<\/figure>\n\n\n\n<p><strong>Lieu :<\/strong> Leopold de Waelstraat 2, 2000 Antwerpen<br><strong><strong>Programme &amp;<\/strong> <strong>R\u00e9servations de billets :<\/strong> <\/strong> D\u00e9couvrez le programme de cette ann\u00e9e et r\u00e9servez vos billets sur le <a href=\"https:\/\/www.middagconcerten.be\/\" target=\"_blank\" rel=\"noopener\">site officiel<\/a>.<br>L&rsquo;<strong>accessibilit\u00e9 :<\/strong> &#8211;<br><strong>M\u00e9dias sociaux<\/strong>: <a href=\"https:\/\/www.facebook.com\/MiddagconcertenVanAntwerpenVzw\/?locale=nl_NL\" target=\"_blank\" rel=\"noopener\">Facebook<\/a><\/p>\n","protected":false},"excerpt":{"rendered":"<p>Lorsque le cr\u00e9puscule tombe sur Anvers, la ville passe de son charme diurne anim\u00e9 \u00e0 un \u00e9picentre vibrant de merveilles culturelles et musicales. Connue non seulement pour ses diamants et son architecture historique, Anvers est \u00e9galement un sanctuaire pour les m\u00e9lomanes et les amateurs d&rsquo;art. De la grandeur des concerts classiques \u00e0 Anvers, aux vibrations [&hellip;]<\/p>\n","protected":false},"author":5,"featured_media":11691,"parent":9754,"menu_order":1,"comment_status":"closed","ping_status":"closed","template":"jewel-cleaner-page.php","meta":{"ub_ctt_via":"","footnotes":""},"acf":[],"featured_image_src":"https:\/\/ajediam.com\/wp-content\/uploads\/2023\/12\/Ajediam-Classical-musical-night-in-antwerp.png","_links":{"self":[{"href":"https:\/\/ajediam.com\/fr\/wp-json\/wp\/v2\/pages\/11782"}],"collection":[{"href":"https:\/\/ajediam.com\/fr\/wp-json\/wp\/v2\/pages"}],"about":[{"href":"https:\/\/ajediam.com\/fr\/wp-json\/wp\/v2\/types\/page"}],"author":[{"embeddable":true,"href":"https:\/\/ajediam.com\/fr\/wp-json\/wp\/v2\/users\/5"}],"replies":[{"embeddable":true,"href":"https:\/\/ajediam.com\/fr\/wp-json\/wp\/v2\/comments?post=11782"}],"version-history":[{"count":7,"href":"https:\/\/ajediam.com\/fr\/wp-json\/wp\/v2\/pages\/11782\/revisions"}],"predecessor-version":[{"id":11790,"href":"https:\/\/ajediam.com\/fr\/wp-json\/wp\/v2\/pages\/11782\/revisions\/11790"}],"up":[{"embeddable":true,"href":"https:\/\/ajediam.com\/fr\/wp-json\/wp\/v2\/pages\/9754"}],"wp:featuredmedia":[{"embeddable":true,"href":"https:\/\/ajediam.com\/fr\/wp-json\/wp\/v2\/media\/11691"}],"wp:attachment":[{"href":"https:\/\/ajediam.com\/fr\/wp-json\/wp\/v2\/media?parent=11782"}],"curies":[{"name":"wp","href":"https:\/\/api.w.org\/{rel}","templated":true}]}}