{"id":9689,"date":"2023-05-04T15:04:04","date_gmt":"2023-05-04T15:04:04","guid":{"rendered":"https:\/\/ajediam.com\/?page_id=9689"},"modified":"2023-06-28T18:51:54","modified_gmt":"2023-06-28T18:51:54","slug":"a-propos-dajediam","status":"publish","type":"page","link":"https:\/\/ajediam.com\/fr\/a-propos-dajediam\/","title":{"rendered":"\u00c0 propos d&rsquo;Ajediam"},"content":{"rendered":"\n<p class=\"tt1\">Entrez dans le monde d&rsquo;Ajediam &#8211; d\u00e9couvrez notre entreprise.<\/p>\n\n\n\n<p class=\"tt2\">Immergez-vous dans l&rsquo;univers d&rsquo;Ajediam, o\u00f9 nos experts de l&rsquo;industrie apportent une profonde connaissance et une transparence \u00e0 l&rsquo;exp\u00e9rience du diamant et de la haute joaillerie. Faites connaissance avec les personnages qui animent notre entreprise et notre d\u00e9termination sans faille \u00e0 offrir un service sup\u00e9rieur. Dans cette section, vous ferez la d\u00e9couverte de notre \u00e9quipe d\u00e9vou\u00e9e, de nos services et garanties exceptionnels. Vous comprendrez ainsi comment nous aspirons \u00e0 gagner votre confiance par notre comp\u00e9tences et notre engagement.<\/p>\n","protected":false},"excerpt":{"rendered":"<p>Entrez dans le monde d&rsquo;Ajediam &#8211; d\u00e9couvrez notre entreprise. Immergez-vous dans l&rsquo;univers d&rsquo;Ajediam, o\u00f9 nos experts de l&rsquo;industrie apportent une profonde connaissance et une transparence \u00e0 l&rsquo;exp\u00e9rience du diamant et de la haute joaillerie. Faites connaissance avec les personnages qui animent notre entreprise et notre d\u00e9termination sans faille \u00e0 offrir un service sup\u00e9rieur. Dans cette [&hellip;]<\/p>\n","protected":false},"author":5,"featured_media":0,"parent":0,"menu_order":0,"comment_status":"closed","ping_status":"closed","template":"childpage-new-page.php","meta":{"ub_ctt_via":"","footnotes":""},"acf":[],"featured_image_src":null,"_links":{"self":[{"href":"https:\/\/ajediam.com\/fr\/wp-json\/wp\/v2\/pages\/9689"}],"collection":[{"href":"https:\/\/ajediam.com\/fr\/wp-json\/wp\/v2\/pages"}],"about":[{"href":"https:\/\/ajediam.com\/fr\/wp-json\/wp\/v2\/types\/page"}],"author":[{"embeddable":true,"href":"https:\/\/ajediam.com\/fr\/wp-json\/wp\/v2\/users\/5"}],"replies":[{"embeddable":true,"href":"https:\/\/ajediam.com\/fr\/wp-json\/wp\/v2\/comments?post=9689"}],"version-history":[{"count":3,"href":"https:\/\/ajediam.com\/fr\/wp-json\/wp\/v2\/pages\/9689\/revisions"}],"predecessor-version":[{"id":9812,"href":"https:\/\/ajediam.com\/fr\/wp-json\/wp\/v2\/pages\/9689\/revisions\/9812"}],"wp:attachment":[{"href":"https:\/\/ajediam.com\/fr\/wp-json\/wp\/v2\/media?parent=9689"}],"curies":[{"name":"wp","href":"https:\/\/api.w.org\/{rel}","templated":true}]}}