{"id":9691,"date":"2022-06-22T07:54:42","date_gmt":"2022-06-22T07:54:42","guid":{"rendered":"https:\/\/ajediam.com\/?page_id=9691"},"modified":"2023-06-27T12:29:49","modified_gmt":"2023-06-27T12:29:49","slug":"garantie-diamant-naturel","status":"publish","type":"page","link":"https:\/\/ajediam.com\/fr\/a-propos-dajediam\/rachat-de-diamant\/garantie-diamant-naturel\/","title":{"rendered":"Garantie Diamant Naturel"},"content":{"rendered":"\n<p>Tous les diamants, pierres pr\u00e9cieuses et bijoux propos\u00e9s et vendus par Ajediam sont des diamants naturels 100% authentiques non trait\u00e9s avec des coupes de haute qualit\u00e9. Sauf demande expresse d&rsquo;un client, nous n&rsquo;offrirons ni ne vendrons de diamants trait\u00e9s ou synth\u00e9tiques.&nbsp;<\/p>\n\n\n\n<p>Tous nos diamants et pierres pr\u00e9cieuses de couleur sont vendus avec un certificat de laboratoires fiables et r\u00e9put\u00e9s, notamment <a href=\"https:\/\/www.gia.edu\/\" target=\"_blank\" rel=\"noopener nofollow\">GIA<\/a>, <a href=\"https:\/\/www.ssef.ch\/\" target=\"_blank\" rel=\"noopener nofollow\">SSEF<\/a>, <a href=\"https:\/\/www.gubelingemlab.com\/en\/\" target=\"_blank\" rel=\"noopener nofollow\">G\u00fcblin<\/a>, etc. Nous n&rsquo;offrons pas de diamants avec des rapports de classement d&rsquo;IGI, EGL et d&rsquo;autres laboratoires de gemmologie avec des normes de classement plus laxistes qui pourraient induire en erreur les non-professionnels sur la qualit\u00e9 d&rsquo;un diamant ou d&rsquo;une gemme. Nous n&rsquo;offrons plus non plus de certificats HRD. En savoir plus sur les rapports de notation ici.<\/p>\n\n\n\n<p>Cette garantie est valable uniquement chez Ajediam et couvre chaque diamant, pierre pr\u00e9cieuse et joaillerie vendu par Ajediam pour les d\u00e9fauts de fabrication uniquement. Toute r\u00e9paration ou service de garantie inappropri\u00e9 effectu\u00e9 par une autre entit\u00e9 qu&rsquo;Ajediam annulera la garantie.<\/p>\n\n\n\n<p>Ajediam d\u00e9cline toute responsabilit\u00e9 pour les dommages cons\u00e9cutifs ou accessoires en cas de violation de cette garantie pour un article, y compris sa qualit\u00e9 marchande ou son ad\u00e9quation \u00e0 un usage particulier.<\/p>\n\n\n\n<p>Pour plus d&rsquo;informations sur notre garantie et les droits sp\u00e9cifiques de nos clients, veuillez lire nos conditions g\u00e9n\u00e9rales ou contacter notre \u00e9quipe de service client \u00e0: <a href=\"mailto:care@ajediam.com\">care@ajediam.com<\/a><\/p>\n","protected":false},"excerpt":{"rendered":"<p>Tous les diamants, pierres pr\u00e9cieuses et bijoux propos\u00e9s et vendus par Ajediam sont des diamants naturels 100% authentiques non trait\u00e9s avec des coupes de haute qualit\u00e9. Sauf demande expresse d&rsquo;un client, nous n&rsquo;offrirons ni ne vendrons de diamants trait\u00e9s ou synth\u00e9tiques.&nbsp; Tous nos diamants et pierres pr\u00e9cieuses de couleur sont vendus avec un certificat de [&hellip;]<\/p>\n","protected":false},"author":5,"featured_media":0,"parent":9720,"menu_order":0,"comment_status":"closed","ping_status":"closed","template":"","meta":{"ub_ctt_via":"","footnotes":""},"acf":[],"featured_image_src":null,"_links":{"self":[{"href":"https:\/\/ajediam.com\/fr\/wp-json\/wp\/v2\/pages\/9691"}],"collection":[{"href":"https:\/\/ajediam.com\/fr\/wp-json\/wp\/v2\/pages"}],"about":[{"href":"https:\/\/ajediam.com\/fr\/wp-json\/wp\/v2\/types\/page"}],"author":[{"embeddable":true,"href":"https:\/\/ajediam.com\/fr\/wp-json\/wp\/v2\/users\/5"}],"replies":[{"embeddable":true,"href":"https:\/\/ajediam.com\/fr\/wp-json\/wp\/v2\/comments?post=9691"}],"version-history":[{"count":2,"href":"https:\/\/ajediam.com\/fr\/wp-json\/wp\/v2\/pages\/9691\/revisions"}],"predecessor-version":[{"id":9693,"href":"https:\/\/ajediam.com\/fr\/wp-json\/wp\/v2\/pages\/9691\/revisions\/9693"}],"up":[{"embeddable":true,"href":"https:\/\/ajediam.com\/fr\/wp-json\/wp\/v2\/pages\/9720"}],"wp:attachment":[{"href":"https:\/\/ajediam.com\/fr\/wp-json\/wp\/v2\/media?parent=9691"}],"curies":[{"name":"wp","href":"https:\/\/api.w.org\/{rel}","templated":true}]}}