{"id":9694,"date":"2022-07-06T09:51:51","date_gmt":"2022-07-06T09:51:51","guid":{"rendered":"https:\/\/ajediam.com\/?page_id=9694"},"modified":"2023-06-27T12:38:01","modified_gmt":"2023-06-27T12:38:01","slug":"la-durabilite-chez-ajediam","status":"publish","type":"page","link":"https:\/\/ajediam.com\/fr\/a-propos-dajediam\/a-propos-de-nous\/la-durabilite-chez-ajediam\/","title":{"rendered":"La durabilit\u00e9 chez Ajediam"},"content":{"rendered":"\n<p>Chez Ajediam, nous voulons que nos clients se sentent en confiance dans leurs achats. Nous nous effor\u00e7ons d&rsquo;am\u00e9liorer chaque \u00e9l\u00e9ment de nos op\u00e9rations pour cr\u00e9er un produit et un service dont notre \u00e9quipe et nos clients peuvent \u00eatre fiers et heureux. N&rsquo;h\u00e9sitez pas \u00e0 nous faire part de vos questions ou pr\u00e9occupations.<\/p>\n\n\n\n<p><\/p>\n\n\n\n<h2 class=\"wp-block-heading\">Politique de diamants sans conflit d&rsquo;Ajediam<\/h2>\n\n\n\n<p>Ajediam s&rsquo;engage \u00e0 respecter les meilleures pratiques internationales en mati\u00e8re d&rsquo;approvisionnement de nos diamants naturels. Nous ne vendons, n&rsquo;\u00e9changeons, n&rsquo;approuvons ni m\u00eame ne nous engageons avec des produits provenant de zones de conflit. Nous travaillons conform\u00e9ment au syst\u00e8me de certification du processus de Kimberley (KPCS) et aux r\u00e9solutions des Nations Unies. Nous nous engageons \u00e0 travailler uniquement avec des diamants, des pierres pr\u00e9cieuses et des m\u00e9taux l\u00e9gitimes.<\/p>\n\n\n\n<p>Les termes \u00ab\u00a0diamants de la guerre\u00a0\u00bb et \u00ab\u00a0diamants du sang\u00a0\u00bb sont apparus dans les ann\u00e9es 90 pendant la guerre civile en Sierra Leone qui s&rsquo;est termin\u00e9e en 2002. Il fait r\u00e9f\u00e9rence aux diamants extraits dans une zone de guerre et vendus pour financer une insurrection, les efforts de guerre d&rsquo;une arm\u00e9e d&rsquo;invasion, ou l&rsquo;activit\u00e9 d&rsquo;un chef de guerre.\u00a0<\/p>\n\n\n\n<p>Ces pratiques ne se limitaient pas \u00e0 la guerre civile en Sierra Leone, mais se produisaient souvent partout o\u00f9 l&rsquo;on trouvait des ressources min\u00e9rales. Les diamants, comme toutes les ressources extraites ou produites dans les zones de guerre, ont \u00e9t\u00e9 utilis\u00e9s pour financer soit l&rsquo;\u00c9tat minier, soit les milices rebelles cherchant \u00e0 saper les gouvernements l\u00e9gitimes en fonction de qui avait le contr\u00f4le militaire sur les mines.\u00a0<\/p>\n\n\n\n<p>L&rsquo;ONU voulait mettre fin \u00e0 ces pratiques. En collaboration avec l&rsquo;\u00c9tat d&rsquo;Afrique du Sud, ils ont mis en place un syst\u00e8me international de certification des diamants bruts. Le Processus de Kimberley (KP) a \u00e9t\u00e9 cr\u00e9\u00e9 en 2003.<\/p>\n\n\n\n<p>Le KP rassemble toutes les entit\u00e9s impliqu\u00e9es dans la production, l&rsquo;exportation et l&rsquo;importation de diamants\u00a0: les gouvernements, les soci\u00e9t\u00e9s civiles et l&rsquo;industrie du diamant. Ils sont tous li\u00e9s par un accord visant \u00e0 r\u00e9glementer le commerce des diamants bruts. La participation au KP est une exigence absolue pour op\u00e9rer dans le commerce du diamant, qui que vous soyez.\u00a0<\/p>\n\n\n\n<p>Le KP a r\u00e9ussi \u00e0 retirer plus de 99\u00a0% des diamants de la guerre du commerce des diamants bruts. Aujourd&rsquo;hui, les moyens de subsistance de 10 millions de personnes sont soutenus par l&rsquo;industrie du diamant. Les avantages socio-\u00e9conomiques de l&rsquo;industrie du diamant sont ind\u00e9niables. L&rsquo;ancien pr\u00e9sident du Botswana Mogae a dit un jour\u00a0: \u00ab\u00a0Pour notre peuple, chaque achat de diamants signifie de la nourriture, de meilleures conditions de vie, de meilleurs soins de sant\u00e9, de l&rsquo;eau potable, plus de routes pour relier nos communaut\u00e9s \u00e9loign\u00e9es, et bien plus encore.\u00a0\u00bb\u00a0<\/p>\n\n\n\n<p>En savoir plus sur les avantages cr\u00e9\u00e9s par l&rsquo;industrie du diamant sur <a href=\"https:\/\/www.diamondfacts.org\" target=\"_blank\" rel=\"noopener nofollow\" title=\"diamondfacts.org\">diamondfacts.org<\/a>, un site Web parrain\u00e9 par le Conseil mondial du diamant.<\/p>\n\n\n\n<p><\/p>\n\n\n\n<h2 class=\"wp-block-heading\"><strong>Au-del\u00e0 du processus de Kimberly, vers la durabilit\u00e9<\/strong><\/h2>\n\n\n\n<p>Naturellement, le PK et les s\u00e9quelles socio-\u00e9conomiques de l&rsquo;industrie du diamant ont leurs limites. Nous vivons aujourd&rsquo;hui dans un monde o\u00f9 l&rsquo;\u00e9thique du commerce international et les questions environnementales forcent une remise en question constante et n\u00e9cessitent des ajustements s\u00e9v\u00e8res. Chez Ajediam, nous nous effor\u00e7ons d&rsquo;adopter une approche verte et \u00e9thique dans l&rsquo;ensemble de notre processus de production.\u00a0<\/p>\n\n\n\n<p>Transformer chaque pas que nous faisons en actions durables n&rsquo;est pas une t\u00e2che facile, mais nous croyons que c&rsquo;est n\u00e9cessaire. Les premi\u00e8res mesures que nous prenons sont d&rsquo;op\u00e9rer d&rsquo;une mani\u00e8re respectueuse de l&rsquo;environnement. Notre bureau passe progressivement au vert en r\u00e9duisant les d\u00e9chets et en consommant consciemment dans nos op\u00e9rations quotidiennes. Nous allons encore plus loin pour r\u00e9duire les d\u00e9chets et profiter \u00e0 nos clients en cr\u00e9ant une bo\u00eete faite \u00e0 la main qui peut \u00eatre conserv\u00e9e et r\u00e9utilis\u00e9e chez eux.<\/p>\n\n\n\n<p>La durabilit\u00e9 va au-del\u00e0 de la protection de l&rsquo;environnement. Sous la direction d&rsquo;OnlyJewels, Ajediam trouve ses nouvelles marques. Nous nous inspirons de plusieurs philosophies de gestion d&rsquo;entreprise dont celles de Ricardo Semler. Nous adoptons et promouvons la diversit\u00e9 dans notre \u00e9quipe ainsi que dans nos campagnes. Les membres de notre \u00e9quipe et nos collaborateurs viennent de diff\u00e9rents pays, origines, religions et ethnies. Nous en profitons au quotidien. Nous avons le privil\u00e8ge de pouvoir choisir des collaborateurs talentueux qui, selon nous, repr\u00e9sentent la v\u00e9ritable sc\u00e8ne contemporaine du diamant et de la haute joaillerie. Enfin, Ajediam est une op\u00e9ration dirig\u00e9e par des femmes.<\/p>\n\n\n\n<p>Comment voyez-vous l&rsquo;avenir de l&rsquo;entreprise durable ? Nous serions ravis d&rsquo;entamer une conversation avec vous. Envoyez-nous vos r\u00e9flexions \u00e0 ce sujet \u00e0 <a href=\"mailto:admin@ajediam.com\">admin@ajediam.com<\/a>\u00a0<\/p>\n","protected":false},"excerpt":{"rendered":"<p>Chez Ajediam, nous voulons que nos clients se sentent en confiance dans leurs achats. Nous nous effor\u00e7ons d&rsquo;am\u00e9liorer chaque \u00e9l\u00e9ment de nos op\u00e9rations pour cr\u00e9er un produit et un service dont notre \u00e9quipe et nos clients peuvent \u00eatre fiers et heureux. N&rsquo;h\u00e9sitez pas \u00e0 nous faire part de vos questions ou pr\u00e9occupations. Politique de diamants [&hellip;]<\/p>\n","protected":false},"author":5,"featured_media":11225,"parent":9713,"menu_order":0,"comment_status":"closed","ping_status":"closed","template":"jewel-cleaner-page.php","meta":{"ub_ctt_via":"","footnotes":""},"acf":[],"featured_image_src":"https:\/\/ajediam.com\/wp-content\/uploads\/2023\/10\/charlottety_a_surrealist_painting_of_sustainability_in_the_diam_57c06a5b-275f-4c2d-a7fc-8e0343d2dce6.png","_links":{"self":[{"href":"https:\/\/ajediam.com\/fr\/wp-json\/wp\/v2\/pages\/9694"}],"collection":[{"href":"https:\/\/ajediam.com\/fr\/wp-json\/wp\/v2\/pages"}],"about":[{"href":"https:\/\/ajediam.com\/fr\/wp-json\/wp\/v2\/types\/page"}],"author":[{"embeddable":true,"href":"https:\/\/ajediam.com\/fr\/wp-json\/wp\/v2\/users\/5"}],"replies":[{"embeddable":true,"href":"https:\/\/ajediam.com\/fr\/wp-json\/wp\/v2\/comments?post=9694"}],"version-history":[{"count":1,"href":"https:\/\/ajediam.com\/fr\/wp-json\/wp\/v2\/pages\/9694\/revisions"}],"predecessor-version":[{"id":9695,"href":"https:\/\/ajediam.com\/fr\/wp-json\/wp\/v2\/pages\/9694\/revisions\/9695"}],"up":[{"embeddable":true,"href":"https:\/\/ajediam.com\/fr\/wp-json\/wp\/v2\/pages\/9713"}],"wp:featuredmedia":[{"embeddable":true,"href":"https:\/\/ajediam.com\/fr\/wp-json\/wp\/v2\/media\/11225"}],"wp:attachment":[{"href":"https:\/\/ajediam.com\/fr\/wp-json\/wp\/v2\/media?parent=9694"}],"curies":[{"name":"wp","href":"https:\/\/api.w.org\/{rel}","templated":true}]}}