{"id":9696,"date":"2022-07-06T12:18:43","date_gmt":"2022-07-06T12:18:43","guid":{"rendered":"https:\/\/ajediam.com\/?page_id=9696"},"modified":"2023-06-27T12:52:16","modified_gmt":"2023-06-27T12:52:16","slug":"atelier-de-joaillerie","status":"publish","type":"page","link":"https:\/\/ajediam.com\/fr\/a-propos-dajediam\/rachat-de-diamant\/atelier-de-joaillerie\/","title":{"rendered":"Atelier de Joaillerie"},"content":{"rendered":"\n<p>Nos nouveaux ateliers internes \u00e0 Anvers sont situ\u00e9s dans nos bureaux de la Hoveniersstraat 19, au c\u0153ur du quartier diamantaire d&rsquo;Anvers, juste en face des b\u00e2timents AWDC et des laboratoires HRD. Nous accueillons les demandes professionnelles et priv\u00e9es. Veuillez trouver ci-dessous notre liste de services et de capacit\u00e9s de bijoux. Envoyez-nous un e-mail avec toutes les questions que vous pourriez avoir sur ce que nous pouvons faire pour vous!<\/p>\n\n\n\n<h3 class=\"wp-block-heading\">La garantie d&rsquo;entretien des bijoux Ajediam \u00e0 vie<\/h3>\n\n\n\n<p>Tout bijou achet\u00e9 chez Ajediam peut recevoir un nettoyage et un polissage gratuits \u00e0 vie dans notre atelier d&rsquo;Anvers<\/p>\n\n\n\n<h3 class=\"wp-block-heading\">Finition miroir Clean &amp; Shine<\/h3>\n\n\n\n<ul><li>Pon\u00e7age \/ Brunissage<\/li><li>Polissage \/ Polissage du fil<\/li><li>Nettoyage manuel<\/li><li>Nettoyage chimique<\/li><li>Rhodi\u00e9<\/li><\/ul>\n\n\n\n<h3 class=\"wp-block-heading\">Services d&rsquo;ajustement de taille<\/h3>\n\n\n\n<ul><li>Redimensionnement<\/li><li>Redimensionnement temporaire: perles de dimensionnement, ressorts int\u00e9rieurs<\/li><li>Tiges extensibles pour les mains souffrant d&rsquo;arthrite<\/li><li>Ajouter ou supprimer des composants ou des liens<\/li><li>Ajustement de l&rsquo;orientation des boucles d&rsquo;oreilles et des pendentifs<\/li><\/ul>\n\n\n\n<h3 class=\"wp-block-heading\">Personnalisation<\/h3>\n\n\n\n<ul><li>Gravures personnalis\u00e9es<\/li><li>Remplacement des cordons<\/li><li>Changer les syst\u00e8mes de fermeture<\/li><li>Ajouter des loquets de s\u00e9curit\u00e9 et des cha\u00eenes<\/li><li>Transformer un bijou en un autre<\/li><li>Montage et soudure (ex\u00a0: ensembles de mari\u00e9e ensemble ou breloque sur maillon de cha\u00eene)<\/li><li>Or bicolore et tricolore<\/li><\/ul>\n\n\n\n<h3 class=\"wp-block-heading\">R\u00e9parations de bijoux<\/h3>\n\n\n\n<ul><li>Souder les pi\u00e8ces cass\u00e9es<\/li><li>Remodeler et ajuster<\/li><li>R\u00e9parer ou reconstruire les \u00e9l\u00e9ments cass\u00e9s (tiges, boucles, maillons, loquets, filigrane)<\/li><li>Rebasage ou r\u00e9paration de tous types de dents<\/li><li>Reconstruire ou remplacer tous les types de lunettes et de canaux<\/li><li>Restauration des finitions m\u00e9talliques (mat, sabl\u00e9, florentin \u00e0 la main, etc.)<\/li><li>R\u00e9parer des bijoux avec des pierres sensibles \u00e0 la chaleur et douces<\/li><\/ul>\n\n\n\n<h3 class=\"wp-block-heading\">Orf\u00e8vrerie de sp\u00e9cialit\u00e9 (et r\u00e9parations)<\/h3>\n\n\n\n<ul><li>Enfilage de perles et perles<\/li><li>Travail en filigrane<\/li><li>Soudure laser pour la restauration de bijoux anciens et vintage<\/li><li>Fabrication de cha\u00eenes<\/li><\/ul>\n\n\n\n<h3 class=\"wp-block-heading\">M\u00e9taux &amp; Finis<\/h3>\n\n\n\n<p><em>Pour les demandes priv\u00e9es, nos ateliers travaillent principalement avec du 18kt, du platine et du haut palladium.<\/em><\/p>\n\n\n\n<ul><li>Finitions m\u00e9talliques: miroir poli, mat, sabl\u00e9, florentin \u00e0 la main,<\/li><li>\u00c9maux: plique-\u00e0-jour<\/li><li>Placages<\/li><\/ul>\n\n\n\n<h3 class=\"wp-block-heading\">R\u00e9glage de la pierre<\/h3>\n\n\n\n<ul><li>Dents\/Griffes: Peghead, D\u00e9coratif, Double, Dents en V, Illusion, Panier, Treillis<\/li><li>Canaux: Channel, Bar, Fishtail,<\/li><li>Lunette: lunette et demi-lunette<\/li><li>Pav\u00e9s: U set V split prongs, Shared prongs, Invisible, Micro pav\u00e9, festonn\u00e9 pav\u00e9, Bright cut, petit pav\u00e9, french pav\u00e9<\/li><li>Autre: Flush, Tension, Accents de pont<\/li><\/ul>\n\n\n\n<h3 class=\"wp-block-heading\">Taille de pierre<\/h3>\n\n\n\n<ul><li>Fourniture et sertissage de diamants &amp; pierres de couleur<\/li><li>Polissage et r\u00e9paration de pierre<\/li><li>Refacer les pierres<\/li><li>Pierres taill\u00e9es sp\u00e9ciales<\/li><li>Pierres incrust\u00e9es<\/li><li>Percer des trous dans les pierres<\/li><\/ul>\n\n\n\n<h3 class=\"wp-block-heading\">Bijoux coul\u00e9s<\/h3>\n\n\n\n<ul><li>Moulage en <em>18kt, platine et palladium \u00e9lev\u00e9<\/em><\/li><li>Coul\u00e9e avec le m\u00e9tal du client<\/li><\/ul>\n\n\n\n<h3 class=\"wp-block-heading\">Bijoux faits \u00e0 la main<\/h3>\n\n\n\n<ul><li>Bijoux faits \u00e0 la main en <em>18kt, platine et palladium \u00e9lev\u00e9<\/em><\/li><li>Bijoux faits \u00e0 la main avec le m\u00e9tal du client<\/li><\/ul>\n\n\n\n<h3 class=\"wp-block-heading\">Conceptions personnalis\u00e9es et commandes sp\u00e9ciales<\/h3>\n\n\n\n<ul><li>Conceptions personnalis\u00e9es et conceptions sp\u00e9ciales ou sur mesure<\/li><li>Personnalisation de la conception<\/li><li>Sculpture \u00e0 la cire personnalis\u00e9e \u00e0 la main<\/li><li>Rendus d&rsquo;artistes (conception et impression 3D)<\/li><li>Refonte et remontage de bijoux existants<\/li><li>Am\u00e9liorer un bijou en ajoutant des pi\u00e8ces transformables assorties<\/li><li>Bandes de mariage et bandes d&rsquo;ombre ajust\u00e9es sur mesure<\/li><\/ul>\n\n\n\n<h3 class=\"wp-block-heading\">\u00c9valuations<\/h3>\n\n\n\n<ul><li>\u00c9valuations d&rsquo;assurance<\/li><li>\u00c9valuations de succession<\/li><li>Identification de diamants et de pierres pr\u00e9cieuses par un gemmologue dipl\u00f4m\u00e9<\/li><li>appel interne pour une \u00e9valuation d&rsquo;\u00e9chantillon.<\/li><\/ul>\n\n\n\n<h3 class=\"wp-block-heading\">Services aux professionnels de l&rsquo;industrie<\/h3>\n\n\n\n<p><em>Or, palladium, platine, argent, argenture, laiton, nickelage<\/em><\/p>\n\n\n\n<ul><li>Production rapide et importante en marque blanche ou gestion de la production<\/li><\/ul>\n","protected":false},"excerpt":{"rendered":"<p>Nos nouveaux ateliers internes \u00e0 Anvers sont situ\u00e9s dans nos bureaux de la Hoveniersstraat 19, au c\u0153ur du quartier diamantaire d&rsquo;Anvers, juste en face des b\u00e2timents AWDC et des laboratoires HRD. Nous accueillons les demandes professionnelles et priv\u00e9es. Veuillez trouver ci-dessous notre liste de services et de capacit\u00e9s de bijoux. Envoyez-nous un e-mail avec toutes [&hellip;]<\/p>\n","protected":false},"author":5,"featured_media":55552,"parent":9720,"menu_order":1,"comment_status":"closed","ping_status":"closed","template":"jewel-cleaner-page.php","meta":{"ub_ctt_via":"","footnotes":""},"acf":[],"featured_image_src":"https:\/\/ajediam.com\/wp-content\/uploads\/2024\/10\/Ajediam-Goldsmithing-Antwerp-Ateliers-scaled.jpg","_links":{"self":[{"href":"https:\/\/ajediam.com\/fr\/wp-json\/wp\/v2\/pages\/9696"}],"collection":[{"href":"https:\/\/ajediam.com\/fr\/wp-json\/wp\/v2\/pages"}],"about":[{"href":"https:\/\/ajediam.com\/fr\/wp-json\/wp\/v2\/types\/page"}],"author":[{"embeddable":true,"href":"https:\/\/ajediam.com\/fr\/wp-json\/wp\/v2\/users\/5"}],"replies":[{"embeddable":true,"href":"https:\/\/ajediam.com\/fr\/wp-json\/wp\/v2\/comments?post=9696"}],"version-history":[{"count":1,"href":"https:\/\/ajediam.com\/fr\/wp-json\/wp\/v2\/pages\/9696\/revisions"}],"predecessor-version":[{"id":9697,"href":"https:\/\/ajediam.com\/fr\/wp-json\/wp\/v2\/pages\/9696\/revisions\/9697"}],"up":[{"embeddable":true,"href":"https:\/\/ajediam.com\/fr\/wp-json\/wp\/v2\/pages\/9720"}],"wp:featuredmedia":[{"embeddable":true,"href":"https:\/\/ajediam.com\/fr\/wp-json\/wp\/v2\/media\/55552"}],"wp:attachment":[{"href":"https:\/\/ajediam.com\/fr\/wp-json\/wp\/v2\/media?parent=9696"}],"curies":[{"name":"wp","href":"https:\/\/api.w.org\/{rel}","templated":true}]}}