{"id":9698,"date":"2019-04-06T07:46:52","date_gmt":"2019-04-06T07:46:52","guid":{"rendered":"https:\/\/ajediam.com\/?page_id=9698"},"modified":"2023-10-18T06:37:10","modified_gmt":"2023-10-18T06:37:10","slug":"evaluation-diamants-bijoux","status":"publish","type":"page","link":"https:\/\/ajediam.com\/fr\/a-propos-dajediam\/contactez-nous\/evaluation-diamants-bijoux\/","title":{"rendered":"\u00c9valuation Diamants Bijoux"},"content":{"rendered":"\n<h2 class=\"wp-block-heading\">Options de vente<\/h2>\n\n\n\n<div class=\"wp-block-columns is-layout-flex wp-container-core-columns-layout-1 wp-block-columns-is-layout-flex\">\n<div class=\"wp-block-column is-layout-flow wp-block-column-is-layout-flow\">\n<h3 class=\"wp-block-heading\">\u2022 Option 1 : Revente au prix imm\u00e9diat du march\u00e9<\/h3>\n\n\n\n<p>Vendez rapidement et efficacement vos bijoux en diamant. Nous pouvons vous faire une offre concurrentielle pour vos articles, garantissant une transaction rapide et sans probl\u00e8me.<\/p>\n\n\n\n<h3 class=\"wp-block-heading\">\u2022 Option 2 : Recoupe et repolissage<\/h3>\n\n\n\n<p>Si le diamant le permet, nous pourrions vous conseiller de maximiser la valeur de vos diamants en investissant dans la recoupe et le repolissage. Ce processus peut am\u00e9liorer la couleur, la clart\u00e9 et la taille de la pierre, augmentant potentiellement sa valeur globale malgr\u00e9 la perte de poids.<\/p>\n<\/div>\n\n\n\n<div class=\"wp-block-column is-layout-flow wp-block-column-is-layout-flow\">\n<h3 class=\"wp-block-heading\">\u2022 Option 3 : Vente aux ench\u00e8res ou vente en ligne<\/h3>\n\n\n\n<p>Si vous n&rsquo;\u00eates pas press\u00e9 de vendre, nous vous recommandons des maisons de vente aux ench\u00e8res de renom ou des plateformes en ligne o\u00f9 vous pourriez obtenir un meilleur prix pour vos diamants et bijoux.<\/p>\n\n\n\n<h3 class=\"wp-block-heading\">\u2022 Option 4 : Mise en valeur en interne<\/h3>\n\n\n\n<p>Pour les pi\u00e8ces exceptionnelles, nous pourrions envisager de mettre en valeur vos articles dans notre salle d&rsquo;exposition et sur nos sites web. Nous prendrons une commission lors de la vente, mais ne pouvons pas garantir un d\u00e9lai sp\u00e9cifique pour la transaction. Cette option est id\u00e9ale pour ceux qui recherchent une valeur maximale et une visibilit\u00e9 accrue pour leurs articles.<\/p>\n<\/div>\n<\/div>\n\n\n\n<h2 class=\"wp-block-heading\">Frais<\/h2>\n\n\n\n<div class=\"wp-block-columns is-layout-flex wp-container-core-columns-layout-2 wp-block-columns-is-layout-flex\">\n<div class=\"wp-block-column is-layout-flow wp-block-column-is-layout-flow\">\n<h3 class=\"wp-block-heading\">\u2022 \u00c9valuations en ligne et en personne<\/h3>\n\n\n\n<p>Gratuit<\/p>\n\n\n\n<h3 class=\"wp-block-heading\">\u2022 Frais de transport<\/h3>\n\n\n\n<p>Les frais varient en fonction de l&#8217;emplacement du client et de la valeur des articles. Nous travaillons en partenariat avec Ferrari ou Malca Amit pour des services de transport s\u00e9curis\u00e9s et fiables. L&rsquo;assurance transport co\u00fbte g\u00e9n\u00e9ralement environ 3 % de la valeur de l&rsquo;article, en plus du co\u00fbt de transport.<\/p>\n\n\n\n<h3 class=\"wp-block-heading\">\u2022 Frais de rapport de laboratoire<\/h3>\n\n\n\n<p>(pour les diamants sans documentation ou avec une documentation insuffisante) : Les frais d\u00e9pendent de la taille du diamant et sont g\u00e9n\u00e9ralement trait\u00e9s par le GIA, un laboratoire gemmologique de renom. Veuillez noter que nous pourrions avoir besoin de d\u00e9solidariser le diamant du bijou pour une \u00e9valuation appropri\u00e9e, ce qui pourrait l\u00e9g\u00e8rement augmenter les co\u00fbts.<\/p>\n<\/div>\n\n\n\n<div class=\"wp-block-column is-layout-flow wp-block-column-is-layout-flow\">\n<h3 class=\"wp-block-heading\">\u2022 Recoupe et polissage<\/h3>\n\n\n\n<p>Les frais d\u00e9pendent de la taille du diamant. Nous conseillons \u00e9galement de souscrire une assurance, qui co\u00fbte g\u00e9n\u00e9ralement environ 3 % de la valeur de l&rsquo;article, en plus des co\u00fbts de recoupe et de polissage.<\/p>\n\n\n\n<h3 class=\"wp-block-heading\">\u2022 Notre commission sur la vente<\/h3>\n\n\n\n<p>(hors ventes aux ench\u00e8res) : Notre commission commence \u00e0 15 % (hors TVA) et diminue \u00e0 mesure que la valeur de l&rsquo;article augmente.<\/p>\n\n\n\n<h3 class=\"wp-block-heading\">\u2022 Vente aux ench\u00e8res<\/h3>\n\n\n\n<p>Dans ce cas, Ajediam ne facture pas de commission. Les frais de la maison de vente aux ench\u00e8res varieront, de 10 % \u00e0 30 % hors TVA, et nous fournirons des recommandations pour diff\u00e9rentes maisons de vente aux ench\u00e8res avec des frais vari\u00e9s afin que le client puisse choisir l&rsquo;option la plus adapt\u00e9e.<\/p>\n<\/div>\n<\/div>\n\n\n\n<h2 class=\"wp-block-heading\">Questions fr\u00e9quemment pos\u00e9es (FAQ)<\/h2>\n\n\n\n<div class=\"wp-block-columns is-layout-flex wp-container-core-columns-layout-3 wp-block-columns-is-layout-flex\">\n<div class=\"wp-block-column is-layout-flow wp-block-column-is-layout-flow\" style=\"flex-basis:70%\">\n<h3 class=\"wp-block-heading\">1. Quel est le processus d&rsquo;\u00e9valuation pour les diamants et les bijoux en diamant ?<\/h3>\n\n\n\n<p>Notre processus d&rsquo;\u00e9valuation consiste \u00e0 \u00e9valuer vos diamants et vos bijoux en diamant en fonction des images, des documents de certification et d&rsquo;autres informations pertinentes que vous nous fournissez. Ensuite, nous vous proposons une valeur marchande estim\u00e9e et diff\u00e9rentes options de vente pour vous aider \u00e0 d\u00e9cider de la meilleure d\u00e9marche pour vendre vos articles.<\/p>\n\n\n\n<h3 class=\"wp-block-heading\">2. Combien co\u00fbte le service d&rsquo;\u00e9valuation ?<\/h3>\n\n\n\n<p>Le service d&rsquo;\u00e9valuation en lui-m\u00eame est fourni gratuitement. Cependant, si vous souhaitez opter pour nos services de revente, des frais suppl\u00e9mentaires peuvent s&rsquo;appliquer pour le transport, la certification aupr\u00e8s d&rsquo;un laboratoire gemmologique, la recoupe et le polissage, l&rsquo;assurance et les commissions de vente, en fonction de l&rsquo;option de vente choisie.<\/p>\n\n\n\n<h3 class=\"wp-block-heading\">3. Comment puis-je envoyer mes images et documents pour l&rsquo;\u00e9valuation ?<\/h3>\n\n\n\n<p>Vous pouvez t\u00e9l\u00e9charger en toute s\u00e9curit\u00e9 vos images et documents en utilisant la fonction de t\u00e9l\u00e9chargement d\u00e9sign\u00e9e sur notre page d&rsquo;\u00e9valuation. Nous recommandons de fournir des images de haute qualit\u00e9 et des documents pertinents pour des r\u00e9sultats d&rsquo;\u00e9valuation pr\u00e9cis.<\/p>\n\n\n\n<h3 class=\"wp-block-heading\">4. Combien de temps faut-il pour recevoir les r\u00e9sultats de l&rsquo;\u00e9valuation ?<\/h3>\n\n\n\n<p>Nous nous effor\u00e7ons de fournir les r\u00e9sultats de l&rsquo;\u00e9valuation aussi rapidement que possible. En g\u00e9n\u00e9ral, vous pouvez vous attendre \u00e0 recevoir les r\u00e9sultats dans quelques jours ouvrables. Cependant, le d\u00e9lai peut varier en fonction de la complexit\u00e9 de l&rsquo;\u00e9valuation et du volume des demandes.<\/p>\n\n\n\n<h3 class=\"wp-block-heading\">5. Puis-je vendre mes diamants et mes bijoux en diamant sans certificat ?<\/h3>\n\n\n\n<p>Oui, vous pouvez toujours vendre vos articles sans certificat. Cependant, l&rsquo;obtention d&rsquo;un certificat d&rsquo;une organisation r\u00e9put\u00e9e comme le GIA contribuera \u00e0 am\u00e9liorer la valeur et la cr\u00e9dibilit\u00e9 de vos diamants et bijoux en diamant. En cas d&rsquo;absence de certificat, nous proposons des services d&rsquo;\u00e9valuation en personne pour les pi\u00e8ces vintage, sp\u00e9ciales ou les articles avec des informations manquantes.<\/p>\n\n\n\n<h3 class=\"wp-block-heading\">6. Quelles options de vente proposez-vous ?<\/h3>\n\n\n\n<p>Nous proposons quatre options de vente : revente imm\u00e9diate pour une valeur marchande comp\u00e9titive, recoupe et polissage, vente aux ench\u00e8res ou vente en ligne, et mise en valeur de l&rsquo;article dans notre salle d&rsquo;exposition et sur notre site web pour les clients priv\u00e9s. Le choix de l&rsquo;option de vente d\u00e9pend de vos pr\u00e9f\u00e9rences et de vos circonstances, telles que l&rsquo;urgence de la vente, la valeur de l&rsquo;article et son potentiel d&rsquo;am\u00e9lioration.<\/p>\n\n\n\n<h3 class=\"wp-block-heading\">7. Vos informations sont-elles s\u00e9curis\u00e9es lorsque vous utilisez nos services d&rsquo;\u00e9valuation ?<\/h3>\n\n\n\n<p>Nous attachons une grande importance \u00e0 la confidentialit\u00e9 et \u00e0 la s\u00e9curit\u00e9 des donn\u00e9es. Nous mettons en place des mesures de s\u00e9curit\u00e9 de l&rsquo;industrie pour prot\u00e9ger vos informations et assurer la transmission s\u00fbre et s\u00e9curis\u00e9e de vos donn\u00e9es pendant le processus d&rsquo;\u00e9valuation. Pour plus de d\u00e9tails, veuillez vous r\u00e9f\u00e9rer \u00e0 notre politique de confidentialit\u00e9.<\/p>\n\n\n\n<h3 class=\"wp-block-heading\">8. Comment puis-je vous contacter si j&rsquo;ai plus de questions ?<\/h3>\n\n\n\n<p>Vous pouvez nous contacter via le chat en direct sur Ajediam.com ou en utilisant les informations de contact fournies sur notre site web. Nous sommes toujours heureux de vous aider et de r\u00e9pondre \u00e0 toutes vos questions.<\/p>\n<\/div>\n\n\n\n<div class=\"wp-block-column is-layout-flow wp-block-column-is-layout-flow\" style=\"flex-basis:30%\"><\/div>\n<\/div>\n\n\n\n<h2 class=\"wp-block-heading\">Avis de non-responsabilit\u00e9 juridique<\/h2>\n\n\n\n<div class=\"wp-block-columns is-layout-flex wp-container-core-columns-layout-4 wp-block-columns-is-layout-flex\">\n<div class=\"wp-block-column is-layout-flow wp-block-column-is-layout-flow\" style=\"flex-basis:70%\">\n<div style=\"height:15px\" aria-hidden=\"true\" class=\"wp-block-spacer\"><\/div>\n\n\n\n<p>Veuillez noter que les informations fournies sur cette page d&rsquo;\u00e9valuation et les services offerts par Ajediam sont destin\u00e9s \u00e0 des fins d&rsquo;information g\u00e9n\u00e9rale uniquement. Bien que nous nous efforcions de garantir l&rsquo;exactitude de nos \u00e9valuations, nous ne pouvons pas garantir la valeur marchande exacte, le prix de vente ou le d\u00e9lai de vente de tout diamant ou bijou en diamant. Le processus d&rsquo;\u00e9valuation repose sur les informations, les images et les documents fournis par l&rsquo;utilisateur. Ajediam d\u00e9cline toute responsabilit\u00e9 pour toute inexactitude, erreur ou omission dans les informations fournies. En utilisant nos services d&rsquo;\u00e9valuation, l&rsquo;utilisateur accepte que Ajediam et ses employ\u00e9s, agents et repr\u00e9sentants ne pourront pas \u00eatre tenus responsables de toute perte, dommage ou r\u00e9clamation d\u00e9coulant de l&rsquo;utilisation des informations, des r\u00e9sultats de l&rsquo;\u00e9valuation ou des recommandations fournies sur ce site web ou par le biais de nos services. Ajediam se r\u00e9serve le droit de refuser ses services \u00e0 quiconque, \u00e0 tout moment, pour quelque raison que ce soit, et peut modifier les termes et conditions de nos services d&rsquo;\u00e9valuation \u00e0 sa seule discr\u00e9tion et sans pr\u00e9avis. En utilisant nos services d&rsquo;\u00e9valuation, l&rsquo;utilisateur accepte d&rsquo;indemniser et de d\u00e9gager de toute responsabilit\u00e9 Ajediam, ses employ\u00e9s, agents et repr\u00e9sentants de toute r\u00e9clamation, responsabilit\u00e9, dommage, perte ou d\u00e9pense, y compris les honoraires raisonnables d&rsquo;avocats et les co\u00fbts, d\u00e9coulant de l&rsquo;acc\u00e8s de l&rsquo;utilisateur \u00e0 nos services d&rsquo;\u00e9valuation ou de son utilisation. Cette clause de non-responsabilit\u00e9 est r\u00e9gie par les lois de la Belgique, et tout litige d\u00e9coulant de l&rsquo;utilisation de nos services d&rsquo;\u00e9valuation sera soumis \u00e0 la juridiction exclusive des tribunaux de la Belgique. Veuillez consulter un conseiller financier professionnel, un gemmologue ou un \u00e9valuateur avant de prendre des d\u00e9cisions fond\u00e9es sur les informations fournies par le biais de nos services. En utilisant nos services d&rsquo;\u00e9valuation, vous reconnaissez avoir lu, compris et accept\u00e9 d&rsquo;\u00eatre li\u00e9 par les termes et conditions \u00e9nonc\u00e9s dans cette clause de non-responsabilit\u00e9 l\u00e9gale.<\/p>\n<\/div>\n\n\n\n<div class=\"wp-block-column is-layout-flow wp-block-column-is-layout-flow\" style=\"flex-basis:30%\"><\/div>\n<\/div>\n","protected":false},"excerpt":{"rendered":"<p>Options de vente \u2022 Option 1 : Revente au prix imm\u00e9diat du march\u00e9 Vendez rapidement et efficacement vos bijoux en diamant. Nous pouvons vous faire une offre concurrentielle pour vos articles, garantissant une transaction rapide et sans probl\u00e8me. \u2022 Option 2 : Recoupe et repolissage Si le diamant le permet, nous pourrions vous conseiller de [&hellip;]<\/p>\n","protected":false},"author":5,"featured_media":11251,"parent":9703,"menu_order":0,"comment_status":"closed","ping_status":"closed","template":"appraisals-page.php","meta":{"ub_ctt_via":"","footnotes":""},"acf":[],"featured_image_src":"https:\/\/ajediam.com\/wp-content\/uploads\/2023\/10\/ajediam-appraisals.jpg","_links":{"self":[{"href":"https:\/\/ajediam.com\/fr\/wp-json\/wp\/v2\/pages\/9698"}],"collection":[{"href":"https:\/\/ajediam.com\/fr\/wp-json\/wp\/v2\/pages"}],"about":[{"href":"https:\/\/ajediam.com\/fr\/wp-json\/wp\/v2\/types\/page"}],"author":[{"embeddable":true,"href":"https:\/\/ajediam.com\/fr\/wp-json\/wp\/v2\/users\/5"}],"replies":[{"embeddable":true,"href":"https:\/\/ajediam.com\/fr\/wp-json\/wp\/v2\/comments?post=9698"}],"version-history":[{"count":3,"href":"https:\/\/ajediam.com\/fr\/wp-json\/wp\/v2\/pages\/9698\/revisions"}],"predecessor-version":[{"id":11266,"href":"https:\/\/ajediam.com\/fr\/wp-json\/wp\/v2\/pages\/9698\/revisions\/11266"}],"up":[{"embeddable":true,"href":"https:\/\/ajediam.com\/fr\/wp-json\/wp\/v2\/pages\/9703"}],"wp:featuredmedia":[{"embeddable":true,"href":"https:\/\/ajediam.com\/fr\/wp-json\/wp\/v2\/media\/11251"}],"wp:attachment":[{"href":"https:\/\/ajediam.com\/fr\/wp-json\/wp\/v2\/media?parent=9698"}],"curies":[{"name":"wp","href":"https:\/\/api.w.org\/{rel}","templated":true}]}}