{"id":9703,"date":"2022-06-15T16:52:55","date_gmt":"2022-06-15T16:52:55","guid":{"rendered":"https:\/\/ajediam.com\/?page_id=9703"},"modified":"2024-03-14T11:26:01","modified_gmt":"2024-03-14T11:26:01","slug":"contactez-nous","status":"publish","type":"page","link":"https:\/\/ajediam.com\/fr\/a-propos-dajediam\/contactez-nous\/","title":{"rendered":"Contacter Ajediam"},"content":{"rendered":"\n<div style=\"height:50px\" aria-hidden=\"true\" class=\"wp-block-spacer\"><\/div>\n\n\n\n<p>Ajediam est situ\u00e9 au c\u0153ur du quartier des diamantaires. Nos bureaux et notre atelier se trouvent au premier et deuxi\u00e8me \u00e9tage du b\u00e2timent Belamco \u00e0 Hoveniersstraat 19, juste en face des laboratoires <a href=\"https:\/\/www.awdc.be\" target=\"_blank\" rel=\"noreferrer noopener nofollow\">AWDC<\/a> et <a href=\"https:\/\/hrdantwerp.com\" target=\"_blank\" rel=\"noreferrer noopener nofollow\">HRD<\/a>.<\/p>\n\n\n\n<p>Vous pouvez nous rejoindre facilement. En effet, nous ne sommes qu&rsquo;\u00e0 2 minutes \u00e0 pied de la gare centrale. Les conducteurs peuvent garer leur voiture en toute s\u00e9curit\u00e9 dans les nombreuses maisons du parc entourant le quartier des diamantaires. Les voyageurs arrivant \u00e0 l&rsquo;a\u00e9roport de Bruxelles peuvent simplement sauter dans un train dans le m\u00e9tro sous l&rsquo;a\u00e9roport et se rendre \u00e0 la gare centrale d&rsquo;Anvers en 20 minutes environ.<\/p>\n\n\n\n<p>Nous conseillons toujours \u00e0 nos visiteurs de rester quelques jours et de prendre le temps de profiter de notre belle ville. Non seulement c&rsquo;est toujours une aventure de d\u00e9couvrir le quartier du diamant, mais Anvers a beaucoup \u00e0 offrir. Cliquez sur ce lien pour lire nos recommandations de voyage.<\/p>\n\n\n\n<p>AVIS IMPORTANT POUR LES CONDUCTEURS : La ville d&rsquo;Anvers vise \u00e0 r\u00e9duire ses \u00e9missions de gaz et a mis en place de nouvelles r\u00e9glementations concernant l&rsquo;entr\u00e9e dans la ville en voiture. Attention, toutes les voitures avec des plaques d&rsquo;immatriculation \u00e9trang\u00e8res (non belges et non n\u00e9erlandaises) doivent <a href=\"https:\/\/www.slimnaarantwerpen.be\/fr\/LEZ\/enregistrez-votre-v\u00e9hicule\" target=\"_blank\" rel=\"noreferrer noopener nofollow\">immatriculer<\/a> leur voiture avant d&rsquo;entrer dans la ville. En savoir plus via ce <a href=\"https:\/\/www.slimnaarantwerpen.be\/fr\/LEZ\/testez-votre-vehicule\/conditions-d&#039;acc\u00e8s-\u00e0-partir-du-1\/1\/2020#regles-actuelles\" target=\"_blank\" rel=\"noreferrer noopener nofollow\">lien<\/a>.<\/p>\n\n\n\n<div style=\"height:100px\" aria-hidden=\"true\" class=\"wp-block-spacer\"><\/div>\n\n\n\n<div class=\"wp-block-columns is-layout-flex wp-container-core-columns-layout-1 wp-block-columns-is-layout-flex\">\n<div class=\"wp-block-column is-layout-flow wp-block-column-is-layout-flow\">\n<h2 class=\"has-text-align-center wp-block-heading\">Discute avec nous<\/h2>\n\n\n\n<p class=\"has-text-align-center\">WhatsApp: <a href=\"tel:+32471711421\">+ 32 471 711 421<\/a><br>T\u00e9l\u00e9phone fixe: <a href=\"tel:+3238087202\">+ 32 3 808 72 02<\/a><br><a href=\"https:\/\/ajediam.com\/fr\/a-propos-dajediam\/contactez-nous\/rappeler\/\">Demander un Rappel<\/a><\/p>\n<\/div>\n\n\n\n<div class=\"wp-block-column is-layout-flow wp-block-column-is-layout-flow\">\n<h2 class=\"has-text-align-center wp-block-heading\">\u00c9crivez-nous<\/h2>\n\n\n\n<p class=\"has-text-align-center\"><a href=\"mailto:care@ajediam.com\">care@ajediam.com<\/a><\/p>\n\n\n\n<p class=\"has-text-align-center\"><em>nous r\u00e9pondons g\u00e9n\u00e9ralement sous 48h<\/em><\/p>\n<\/div>\n\n\n\n<div class=\"wp-block-column is-layout-flow wp-block-column-is-layout-flow\">\n<h2 class=\"has-text-align-center wp-block-heading\">Visitez nos Bureaux<\/h2>\n\n\n\n<p class=\"has-text-align-center\">Immeuble Belamco,<br>1er et 2e \u00e9tages<br>Rue Hoveniers 19,<br>2018 Anvers &#8211; Belgique<\/p>\n\n\n\n<p class=\"has-text-align-center\"><a href=\"https:\/\/ajediam.com\/fr\/a-propos-dajediam\/contactez-nous\/rendez-vous\/\" data-type=\"URL\" data-id=\"https:\/\/ajediam.com\/fr\/a-propos-dajediam\/contactez-nous\/rendez-vous\/\">Prenez rendez-vous<\/a><\/p>\n<\/div>\n<\/div>\n","protected":false},"excerpt":{"rendered":"<p>Ajediam est situ\u00e9 au c\u0153ur du quartier des diamantaires. Nos bureaux et notre atelier se trouvent au premier et deuxi\u00e8me \u00e9tage du b\u00e2timent Belamco \u00e0 Hoveniersstraat 19, juste en face des laboratoires AWDC et HRD. Vous pouvez nous rejoindre facilement. En effet, nous ne sommes qu&rsquo;\u00e0 2 minutes \u00e0 pied de la gare centrale. Les [&hellip;]<\/p>\n","protected":false},"author":5,"featured_media":11334,"parent":9689,"menu_order":0,"comment_status":"closed","ping_status":"closed","template":"","meta":{"ub_ctt_via":"","footnotes":""},"acf":[],"featured_image_src":"https:\/\/ajediam.com\/wp-content\/uploads\/2023\/11\/Screenshot-2023-11-06-at-21.18.55.png","_links":{"self":[{"href":"https:\/\/ajediam.com\/fr\/wp-json\/wp\/v2\/pages\/9703"}],"collection":[{"href":"https:\/\/ajediam.com\/fr\/wp-json\/wp\/v2\/pages"}],"about":[{"href":"https:\/\/ajediam.com\/fr\/wp-json\/wp\/v2\/types\/page"}],"author":[{"embeddable":true,"href":"https:\/\/ajediam.com\/fr\/wp-json\/wp\/v2\/users\/5"}],"replies":[{"embeddable":true,"href":"https:\/\/ajediam.com\/fr\/wp-json\/wp\/v2\/comments?post=9703"}],"version-history":[{"count":2,"href":"https:\/\/ajediam.com\/fr\/wp-json\/wp\/v2\/pages\/9703\/revisions"}],"predecessor-version":[{"id":9710,"href":"https:\/\/ajediam.com\/fr\/wp-json\/wp\/v2\/pages\/9703\/revisions\/9710"}],"up":[{"embeddable":true,"href":"https:\/\/ajediam.com\/fr\/wp-json\/wp\/v2\/pages\/9689"}],"wp:featuredmedia":[{"embeddable":true,"href":"https:\/\/ajediam.com\/fr\/wp-json\/wp\/v2\/media\/11334"}],"wp:attachment":[{"href":"https:\/\/ajediam.com\/fr\/wp-json\/wp\/v2\/media?parent=9703"}],"curies":[{"name":"wp","href":"https:\/\/api.w.org\/{rel}","templated":true}]}}