{"id":9711,"date":"2019-05-01T14:40:30","date_gmt":"2019-05-01T14:40:30","guid":{"rendered":"https:\/\/ajediam.com\/?page_id=9711"},"modified":"2023-06-27T13:53:59","modified_gmt":"2023-06-27T13:53:59","slug":"jan-huts","status":"publish","type":"page","link":"https:\/\/ajediam.com\/fr\/a-propos-dajediam\/a-propos-de-nous\/jan-huts\/","title":{"rendered":"Jan Huts"},"content":{"rendered":"<p><div class='row vc_row '><div class='col-md-12 '><h2 class='section-title'>Jan Huts, fondateur d'Ajediam<\/h2><p>\u00e0 Anvers, World Diamond Trade Center<\/p><div class='mb-4'><p><\/p>\n<h4>Qui \u00e9tait Jan Huts:<\/h4>\n<p>Jan a grandi dans une petite fabrique de bijoux familiale flamande \u00e0 Anvers.<\/p>\n<p>Anvers est situ\u00e9 dans la partie n\u00e9erlandaise de la Belgique &#8211; Europe<\/p>\n<p>La passion de Jan pour cr\u00e9er des bijoux personnalis\u00e9s uniques l&rsquo;a amen\u00e9 \u00e0 la beaut\u00e9 par la simplicit\u00e9<\/p>\n<p>C&rsquo;est ce qui le rendait si sp\u00e9cial. Avec quelques pierres, il cr\u00e9erait les plus beaux bijoux: la beaut\u00e9 par la simplicit\u00e9<\/p>\n<p>Il avait l&rsquo;habitude de dire que les pierres pr\u00e9cieuses combin\u00e9es n&rsquo;ont pas besoin d&rsquo;\u00eatre rehauss\u00e9es par des ornements en platine ou en or, il suffit qu&rsquo;elles soient maintenues ensemble et&#8230; L&rsquo;art dans la simplicit\u00e9 est n\u00e9 &#8211; tout simplement le meilleur!<\/p><\/div><div class='row '><div class='col-md-12 col-inner'><div class='col-inwrap'><div class='vc-image text-center'><figure><a href='\/rare-gems-fabulous-jewels-about' class='d-block'><img src='https:\/\/ajediam.com\/wp-content\/uploads\/2019\/03\/Jan_3cm.jpg' alt=''><\/a><\/figure><\/div><div class='mb-4'><p><\/p>\n<p style=\"text-align: center;\"><a href=\"\/awards\">Awards<\/a><\/p>\n<p><\/p><\/div><div class='mb-4'><p><\/p>\n<p style=\"text-align: center;\">Si vous avez des questions, envoyez-nous un e-mail ou appelez le t\u00e9l: <a href=\"tel:+3238087202\">+ 32 3 808 72 02<\/a><\/p>\n<p><\/p><\/div><\/div><\/div><\/div><\/div><\/div> <div class='row vc_row '><div class='col-md-3 '><\/div><div class='col-md-3 '><div style='height: 32px;'><\/div><a class='lab-button' href='http:\/\/ajediam.com\/engagement-rings' target='' title='url:http:\/\/ajediam.com\/engagement-rings|'>SHOP NOW<\/a><\/div><div class='col-md-3 '><div style='height: 32px;'><\/div><a class='lab-button' href='\/our-quick-inquiry-form\/' target='' title='make inquiry'>make inquiry<\/a><\/div><div class='col-md-3 '><\/div><\/div> <div class='row vc_row '><div class='col-md-2 '><\/div><div class='col-md-8 '><div style='height: 32px;'><\/div><div class='vc-image '><figure><a href='\/diamonds-from-one-to-20ct' class='d-block'><img src='https:\/\/ajediam.com\/wp-content\/uploads\/2019\/03\/Ajediam_footer_Buy_now_13_03_2015.jpg' alt=''><\/a><\/figure><\/div><\/div><div class='col-md-2 '><\/div><\/div> <\/p>\n","protected":false},"excerpt":{"rendered":"","protected":false},"author":5,"featured_media":9553,"parent":9713,"menu_order":0,"comment_status":"closed","ping_status":"closed","template":"","meta":{"ub_ctt_via":"","footnotes":""},"acf":[],"featured_image_src":"https:\/\/ajediam.com\/wp-content\/uploads\/2023\/06\/IMG_6508.png","_links":{"self":[{"href":"https:\/\/ajediam.com\/fr\/wp-json\/wp\/v2\/pages\/9711"}],"collection":[{"href":"https:\/\/ajediam.com\/fr\/wp-json\/wp\/v2\/pages"}],"about":[{"href":"https:\/\/ajediam.com\/fr\/wp-json\/wp\/v2\/types\/page"}],"author":[{"embeddable":true,"href":"https:\/\/ajediam.com\/fr\/wp-json\/wp\/v2\/users\/5"}],"replies":[{"embeddable":true,"href":"https:\/\/ajediam.com\/fr\/wp-json\/wp\/v2\/comments?post=9711"}],"version-history":[{"count":1,"href":"https:\/\/ajediam.com\/fr\/wp-json\/wp\/v2\/pages\/9711\/revisions"}],"predecessor-version":[{"id":9712,"href":"https:\/\/ajediam.com\/fr\/wp-json\/wp\/v2\/pages\/9711\/revisions\/9712"}],"up":[{"embeddable":true,"href":"https:\/\/ajediam.com\/fr\/wp-json\/wp\/v2\/pages\/9713"}],"wp:featuredmedia":[{"embeddable":true,"href":"https:\/\/ajediam.com\/fr\/wp-json\/wp\/v2\/media\/9553"}],"wp:attachment":[{"href":"https:\/\/ajediam.com\/fr\/wp-json\/wp\/v2\/media?parent=9711"}],"curies":[{"name":"wp","href":"https:\/\/api.w.org\/{rel}","templated":true}]}}