{"id":9713,"date":"2019-05-04T10:51:21","date_gmt":"2019-05-04T10:51:21","guid":{"rendered":"https:\/\/ajediam.com\/?page_id=9713"},"modified":"2023-06-27T14:11:39","modified_gmt":"2023-06-27T14:11:39","slug":"a-propos-de-nous","status":"publish","type":"page","link":"https:\/\/ajediam.com\/fr\/a-propos-dajediam\/a-propos-de-nous\/","title":{"rendered":"Le partenaire id\u00e9al pour les acheteurs de diamants plus s\u00e9rieux"},"content":{"rendered":"\n<p>Ajediam &#8211; les fabricants de bijoux et de diamants d&rsquo;Anvers, fournit des diamants incroyables pour les acheteurs intelligents du monde entier depuis 1986.<\/p>\n\n\n\n<p>Pionnier dans le service de bijoux en diamants en ligne (premier lancement en ligne en 2002), Ajediam propose les meilleures offres de diamants d&rsquo;Anvers, une large gamme de cr\u00e9ations de bijoux en diamants les plus belles et les plus recherch\u00e9es, un contenu passionnant r\u00e9v\u00e9lant des conseils et astuces d&rsquo;experts pour devenir un v\u00e9ritable initi\u00e9 de l&rsquo;industrie du diamant. , et une exp\u00e9rience d&rsquo;achat fantastique sur tous les appareils<\/p>\n\n\n\n<p>Nous sommes profond\u00e9ment engag\u00e9s envers nos clients. Nos services sont personnalis\u00e9s et pleins de tact. L&rsquo;exp\u00e9dition express dans le monde entier, les bo\u00eetes d&#8217;emballage r\u00e9utilisables de luxe, les retours simples et le service client en 5 langues (anglais, n\u00e9erlandais, fran\u00e7ais, allemand et russe) sont quelques-uns des avantages dont vous pourriez profiter en achetant avec nous. Enfin, une \u00e9quipe d&rsquo;experts-conseils sera toujours disponible pour r\u00e9pondre \u00e0 vos questions (du lundi au vendredi de 10h \u00e0 18h CET)<\/p>\n\n\n\n<p>Avec une expertise dans tous les domaines de l&rsquo;industrie du diamant, y compris les diamants de couleur fantaisie, les coupes sp\u00e9ciales et personnalis\u00e9es, les diamants de grande taille et m\u00eame les couples identiques parfaits&nbsp;! Ajediam est la premi\u00e8re destination diamantaire d&rsquo;Anvers pour les clients du monde entier.<\/p>\n\n\n\n<div style=\"height:60px\" aria-hidden=\"true\" class=\"wp-block-spacer\"><\/div>\n\n\n\n<h2 class=\"wp-block-heading\">Chronologie<\/h2>\n\n\n\n<p>1987 &#8211; <a href=\"https:\/\/ajediam.com\/fr\/a-propos-dajediam\/jan-huts\/\" data-type=\"URL\" data-id=\"https:\/\/ajediam.com\/fr\/a-propos-dajediam\/jan-huts\/\">Jan Huts<\/a> fonde Antwerp Jewels and Diamond Manufacturers et ouvre ses portes au <a href=\"http:\/\/diamantkring.be\" target=\"_blank\" rel=\"noreferrer noopener nofollow\">DiamantKring<\/a> (bourse d&rsquo;Anvers pour les diamants bruts) \u00e0 Hoveniersstraat 2.<\/p>\n\n\n\n<p>2002 &#8211; Lancement d&rsquo;Ajediam.com, l&rsquo;un des premiers sites web de n\u00e9goce de diamants \u00e0 Anvers<\/p>\n\n\n\n<p>2021 &#8211; Ajediam d\u00e9m\u00e9nage ses bureaux dans le b\u00e2timent Belamco \u00e0 Hoveniersstraat 19 et s&rsquo;associe \u00e0 Only Jewels bv<\/p>\n\n\n\n<p>Novembre 2021 &#8211; \u00c0 l&rsquo;\u00e2ge de 79 ans, le fondateur d&rsquo;Ajediam, <a href=\"https:\/\/ajediam.com\/fr\/a-propos-dajediam\/jan-huts\/\" data-type=\"URL\" data-id=\"https:\/\/ajediam.com\/fr\/a-propos-dajediam\/jan-huts\/\">Jan Huts<\/a>, d\u00e9c\u00e8de.<\/p>\n\n\n\n<p>2022 &#8211; Mise \u00e0 jour de la marque Ajediam avec un nouveau logo et de nouvelles mises en page. D&rsquo;autres mises \u00e0 jour sont \u00e0 venir.<\/p>\n\n\n\n<p>2022 &#8211; Ajediam lance son atelier maison de haute joaillerie: Antwerp Ateliers.<\/p>\n\n\n\n<div style=\"height:60px\" aria-hidden=\"true\" class=\"wp-block-spacer\"><\/div>\n\n\n\n<h2 class=\"wp-block-heading\">La confiance est primordiale!<\/h2>\n\n\n\n<p>Ajediam est situ\u00e9 au c\u0153ur d&rsquo;Anvers, la capitale du diamant depuis 1447. Le nom Ajediam r\u00e9sonne avec l&rsquo;histoire d&rsquo;excellence et d&rsquo;innovation de notre brillante ville ainsi que son h\u00e9ritage de 570 ans dans le commerce et la taille des diamants.<\/p>\n\n\n\n<p>Diamantaires passionn\u00e9s, nous collectionnons les pierres rares et concevons de fabuleux bijoux. En tant que fabricants fiables, nous coupons les meilleures marques et aspirons \u00e0 toujours \u00eatre en avance sur la courbe. Enfin, en tant que partenaires commerciaux attentionn\u00e9s, nous \u00e9coutons attentivement nos clients et cr\u00e9ons une offre sur mesure accompagn\u00e9e d&rsquo;un service sup\u00e9rieur.<\/p>\n\n\n\n<p>Notre organisation consid\u00e8re vraiment la transparence et la connaissance comme des piliers qui nous distinguent des autres. Nous sommes l\u00e0 pour vous aider \u00e0 faire un choix judicieux de diamants et toujours vous dire ce qu&rsquo;il en est vraiment, m\u00eame s&rsquo;il ne d\u00e9bouche pas sur une vente.<\/p>\n\n\n\n<div style=\"height:60px\" aria-hidden=\"true\" class=\"wp-block-spacer\"><\/div>\n\n\n\n<h2 class=\"wp-block-heading\">\u00c0 la source m\u00eame des diamants<\/h2>\n\n\n\n<p>Notre \u00e9quipe est sp\u00e9cialis\u00e9e \u00e0 tous les niveaux de la cha\u00eene de production. Nous n\u00e9gocions, ce qui signifie que nous achetons et vendons dans le monde entier \u00e0 partir de mines, de diff\u00e9rentes bourses de diamants et m\u00eame de clients priv\u00e9s. Nous taillons et polissons les diamants bruts et les diamants polis n\u00e9cessitant des am\u00e9liorations. Nous fabriquons de beaux bijoux pour y sertir les diamants.<\/p>\n\n\n\n<div style=\"height:60px\" aria-hidden=\"true\" class=\"wp-block-spacer\"><\/div>\n\n\n\n<h3 class=\"wp-block-heading\">Conseil d&rsquo;administration<\/h3>\n\n\n\n<ul><li>Dipl\u00f4m\u00e9s Gemmologues et Gradeurs de Diamants <a href=\"http:\/\/www.feeg-education.com\" target=\"_blank\" rel=\"noreferrer noopener nofollow\">FEEG<\/a> \u2013 Federation for European Education In Gemology <\/li><li>Membres de la <a href=\"https:\/\/wfdb.com\" target=\"_blank\" rel=\"noreferrer noopener nofollow\">WFDB<\/a> \u2013 F\u00e9d\u00e9ration mondiale des bourses du diamant <\/li><li>Membres de l&rsquo;<a href=\"http:\/\/diamantkring.be\" target=\"_blank\" rel=\"noreferrer noopener nofollow\">Antwerpsche Diamantkring<\/a> &#8211; Bourse d&rsquo;Anvers pour les diamants bruts<\/li><\/ul>\n\n\n\n<div style=\"height:60px\" aria-hidden=\"true\" class=\"wp-block-spacer\"><\/div>\n\n\n\n<h3 class=\"wp-block-heading\">Au coeur du quartier diamantaire d&rsquo;Anvers<\/h3>\n\n\n\n<p>Immeuble Belamco<br>Rue Hovenier 19<br>2018 Anvers<br>Belgique, Europe<\/p>\n\n\n\n<p>Whatsapp: <a href=\"tel:+32471711421\">+ 32 471 711 421<\/a><br>Bureaux: <a href=\"tel:+3238087202\">+ 32 3 808 72 02<\/a><\/p>\n\n\n\n<p><\/p>\n","protected":false},"excerpt":{"rendered":"<p>Ajediam &#8211; les fabricants de bijoux et de diamants d&rsquo;Anvers, fournit des diamants incroyables pour les acheteurs intelligents du monde entier depuis 1986. Pionnier dans le service de bijoux en diamants en ligne (premier lancement en ligne en 2002), Ajediam propose les meilleures offres de diamants d&rsquo;Anvers, une large gamme de cr\u00e9ations de bijoux en [&hellip;]<\/p>\n","protected":false},"author":5,"featured_media":57282,"parent":9689,"menu_order":0,"comment_status":"closed","ping_status":"closed","template":"","meta":{"ub_ctt_via":"","footnotes":""},"acf":[],"featured_image_src":"https:\/\/ajediam.com\/wp-content\/uploads\/2024\/12\/Screenshot-2024-12-08-at-17.30.33.png","_links":{"self":[{"href":"https:\/\/ajediam.com\/fr\/wp-json\/wp\/v2\/pages\/9713"}],"collection":[{"href":"https:\/\/ajediam.com\/fr\/wp-json\/wp\/v2\/pages"}],"about":[{"href":"https:\/\/ajediam.com\/fr\/wp-json\/wp\/v2\/types\/page"}],"author":[{"embeddable":true,"href":"https:\/\/ajediam.com\/fr\/wp-json\/wp\/v2\/users\/5"}],"replies":[{"embeddable":true,"href":"https:\/\/ajediam.com\/fr\/wp-json\/wp\/v2\/comments?post=9713"}],"version-history":[{"count":2,"href":"https:\/\/ajediam.com\/fr\/wp-json\/wp\/v2\/pages\/9713\/revisions"}],"predecessor-version":[{"id":9715,"href":"https:\/\/ajediam.com\/fr\/wp-json\/wp\/v2\/pages\/9713\/revisions\/9715"}],"up":[{"embeddable":true,"href":"https:\/\/ajediam.com\/fr\/wp-json\/wp\/v2\/pages\/9689"}],"wp:featuredmedia":[{"embeddable":true,"href":"https:\/\/ajediam.com\/fr\/wp-json\/wp\/v2\/media\/57282"}],"wp:attachment":[{"href":"https:\/\/ajediam.com\/fr\/wp-json\/wp\/v2\/media?parent=9713"}],"curies":[{"name":"wp","href":"https:\/\/api.w.org\/{rel}","templated":true}]}}