{"id":9716,"date":"2022-06-21T12:17:22","date_gmt":"2022-06-21T12:17:22","guid":{"rendered":"https:\/\/ajediam.com\/?page_id=9716"},"modified":"2024-07-22T14:43:34","modified_gmt":"2024-07-22T14:43:34","slug":"partenaires","status":"publish","type":"page","link":"https:\/\/ajediam.com\/fr\/a-propos-dajediam\/a-propos-de-nous\/partenaires\/","title":{"rendered":"Nos Partenaires"},"content":{"rendered":"\n<h2 class=\"wp-block-heading has-text-align-center\">Nous avons uni nos efforts pour fournir les plus beaux bijoux<\/h2>\n\n\n\n<p class=\"has-text-align-center\">En 2021, Ajediam a rejoint l&rsquo;\u00e9cosyst\u00e8me OnlyJewels. Compos\u00e9 de cinq entreprises de joaillerie de haute qualit\u00e9, Ajediam, <a href=\"https:\/\/www.onlyjewels.com\" target=\"_blank\" data-type=\"URL\" data-id=\"https:\/\/www.onlyjewels.com\" rel=\"noreferrer noopener nofollow\">OnlyJewels<\/a>, <a href=\"https:\/\/artjewelsconsulting.com\" target=\"_blank\" rel=\"noreferrer noopener nofollow\">Art &amp; Jewels<\/a>, OJ Studio et Antwerp Ateliers, il met en relation les clients avec les bijoux les plus extraordinaires, leur offrant une qualit\u00e9 exceptionnelle et des services impeccables.<\/p>\n\n\n\n<p class=\"has-text-align-center\">Nos clients sont les bienvenus dans les bureaux confortables et les salles d&rsquo;exposition du Diamond District ainsi qu&rsquo;\u00e0 Paris via sa soci\u00e9t\u00e9 s\u0153ur, les <a href=\"https:\/\/gdparis.com\" target=\"_blank\" rel=\"noreferrer noopener nofollow\">Galeries du Diamant<\/a>.<\/p>\n\n\n\n<p class=\"has-text-align-center\"><\/p>\n\n\n\n<div class=\"wp-block-media-text alignwide is-stacked-on-mobile\"><figure class=\"wp-block-media-text__media\"><img decoding=\"async\" width=\"1282\" height=\"1600\" src=\"https:\/\/ajediam.com\/wp-content\/uploads\/2023\/11\/ajediam-gd-partner.png\" alt=\"Galeries du Diamant\" class=\"wp-image-11436 size-full\" srcset=\"https:\/\/ajediam.com\/wp-content\/uploads\/2023\/11\/ajediam-gd-partner.png 1282w, https:\/\/ajediam.com\/wp-content\/uploads\/2023\/11\/ajediam-gd-partner-240x300.png 240w, https:\/\/ajediam.com\/wp-content\/uploads\/2023\/11\/ajediam-gd-partner-768x959.png 768w, https:\/\/ajediam.com\/wp-content\/uploads\/2023\/11\/ajediam-gd-partner-1231x1536.png 1231w\" sizes=\"(max-width: 1282px) 100vw, 1282px\" \/><\/figure><div class=\"wp-block-media-text__content\">\n<h3 class=\"wp-block-heading rb-300\">Galeries du Diamant<\/h3>\n\n\n\n<p>Ayant obtenu le titre de <a href=\"https:\/\/hrdantwerp.com\" target=\"_blank\" rel=\"noreferrer noopener nofollow\">Centre d&rsquo;Excellence HRD<\/a> en 2018, les <a href=\"https:\/\/gdparis.com\" target=\"_blank\" data-type=\"URL\" data-id=\"https:\/\/gdparis.com\" rel=\"noreferrer noopener nofollow\">Galeries du Diamant<\/a> est une boutique sophistiqu\u00e9e situ\u00e9e derri\u00e8re les Galeries Lafayette. Elle propose des diamants d&rsquo;Anvers \u00e0 des prix de gros, des services de joaillerie de haute qualit\u00e9, ainsi qu&rsquo;une expertise en diamant \u00e0 Paris.<\/p>\n<\/div><\/div>\n\n\n\n<div class=\"wp-block-media-text alignwide has-media-on-the-right is-stacked-on-mobile\"><div class=\"wp-block-media-text__content\">\n<h3 class=\"wp-block-heading rb-300\">OnlyJewels.com<\/h3>\n\n\n\n<p>La plateforme con\u00e7ue enti\u00e8rement par des experts de l&rsquo;industrie offre un parcours num\u00e9rique exclusif sur mesure pour les acqu\u00e9reurs de bijoux de haute qualit\u00e9. <a href=\"https:\/\/www.onlyjewels.com\" target=\"_blank\" rel=\"noreferrer noopener nofollow\">OnlyJewels <\/a>propose une s\u00e9lection soigneusement \u00e9labor\u00e9e de bijoux de designers prim\u00e9s, de pierres pr\u00e9cieuses extraordinaires et d&rsquo;objets raffin\u00e9s. Ses pr\u00e9sentations tr\u00e8s d\u00e9taill\u00e9es, ainsi que son contenu \u00e9ditorial, d\u00e9voilent le v\u00e9ritable monde des bijoux de qualit\u00e9 et ses nombreuses facettes brillantes.<\/p>\n<\/div><figure class=\"wp-block-media-text__media\"><img decoding=\"async\" width=\"1259\" height=\"1251\" src=\"https:\/\/ajediam.com\/wp-content\/uploads\/2023\/11\/ajediam-oj-partner.png\" alt=\"\" class=\"wp-image-11442 size-full\" srcset=\"https:\/\/ajediam.com\/wp-content\/uploads\/2023\/11\/ajediam-oj-partner.png 1259w, https:\/\/ajediam.com\/wp-content\/uploads\/2023\/11\/ajediam-oj-partner-300x298.png 300w, https:\/\/ajediam.com\/wp-content\/uploads\/2023\/11\/ajediam-oj-partner-150x150.png 150w, https:\/\/ajediam.com\/wp-content\/uploads\/2023\/11\/ajediam-oj-partner-768x763.png 768w\" sizes=\"(max-width: 1259px) 100vw, 1259px\" \/><\/figure><\/div>\n\n\n\n<div class=\"wp-block-media-text alignwide is-stacked-on-mobile\"><figure class=\"wp-block-media-text__media\"><img decoding=\"async\" width=\"1199\" height=\"1600\" src=\"https:\/\/ajediam.com\/wp-content\/uploads\/2023\/11\/ajediam-ojstudio-partner.jpeg\" alt=\"\" class=\"wp-image-11444 size-full\" srcset=\"https:\/\/ajediam.com\/wp-content\/uploads\/2023\/11\/ajediam-ojstudio-partner.jpeg 1199w, https:\/\/ajediam.com\/wp-content\/uploads\/2023\/11\/ajediam-ojstudio-partner-225x300.jpeg 225w, https:\/\/ajediam.com\/wp-content\/uploads\/2023\/11\/ajediam-ojstudio-partner-768x1025.jpeg 768w, https:\/\/ajediam.com\/wp-content\/uploads\/2023\/11\/ajediam-ojstudio-partner-1151x1536.jpeg 1151w\" sizes=\"(max-width: 1199px) 100vw, 1199px\" \/><\/figure><div class=\"wp-block-media-text__content\">\n<h3 class=\"wp-block-heading rb-300\">OJ Studio!<\/h3>\n\n\n\n<p>La seule \u00e9quipe de production m\u00e9diatique dans le quartier des diamantaires d&rsquo;Anvers. OJ Studio cr\u00e9e des solutions multim\u00e9dias pour la joaillerie de haute qualit\u00e9.<\/p>\n<\/div><\/div>\n\n\n\n<div class=\"wp-block-media-text alignwide has-media-on-the-right is-stacked-on-mobile\"><div class=\"wp-block-media-text__content\">\n<h3 class=\"wp-block-heading rb-300\">Art &amp; Jewels<\/h3>\n\n\n\n<p><a href=\"https:\/\/www.bundesverband-gutachter.de\/user-vcard?task=search&amp;user_id=3235\" target=\"_blank\" rel=\"noreferrer noopener nofollow\">Beate Kalisch<\/a> est une gemmologue allemande de renom et une experte en joaillerie fine. Chez Art &amp; Jewels, elle partage sa passion en r\u00e9v\u00e9lant tout sur les gemmes et les bijoux. Beate offre son expertise et partage les astuces qu&rsquo;elle a acquises au cours des 30 derni\u00e8res ann\u00e9es pass\u00e9es dans l&rsquo;industrie de la joaillerie.<\/p>\n<\/div><figure class=\"wp-block-media-text__media\"><img decoding=\"async\" width=\"1303\" height=\"1066\" src=\"https:\/\/ajediam.com\/wp-content\/uploads\/2023\/12\/ajediam-art-and-jewels-1.jpeg\" alt=\"\" class=\"wp-image-11699 size-full\" srcset=\"https:\/\/ajediam.com\/wp-content\/uploads\/2023\/12\/ajediam-art-and-jewels-1.jpeg 1303w, https:\/\/ajediam.com\/wp-content\/uploads\/2023\/12\/ajediam-art-and-jewels-1-300x245.jpeg 300w, https:\/\/ajediam.com\/wp-content\/uploads\/2023\/12\/ajediam-art-and-jewels-1-768x628.jpeg 768w\" sizes=\"(max-width: 1303px) 100vw, 1303px\" \/><\/figure><\/div>\n\n\n\n<div class=\"wp-block-media-text alignwide is-stacked-on-mobile\"><figure class=\"wp-block-media-text__media\"><img decoding=\"async\" width=\"768\" height=\"768\" src=\"https:\/\/ajediam.com\/wp-content\/uploads\/2024\/07\/xgoud-logo.webp\" alt=\"xgoud\" class=\"wp-image-55210 size-full\" srcset=\"https:\/\/ajediam.com\/wp-content\/uploads\/2024\/07\/xgoud-logo.webp 768w, https:\/\/ajediam.com\/wp-content\/uploads\/2024\/07\/xgoud-logo-300x300.webp 300w, https:\/\/ajediam.com\/wp-content\/uploads\/2024\/07\/xgoud-logo-150x150.webp 150w\" sizes=\"(max-width: 768px) 100vw, 768px\" \/><\/figure><div class=\"wp-block-media-text__content\">\n<h3 class=\"wp-block-heading rb-300\">XGOUD<\/h3>\n\n\n\n<p><a href=\"https:\/\/www.xgoud.nl\/\" target=\"_blank\" rel=\"noreferrer noopener nofollow\">XGoud\u00a0<\/a>est une entreprise de troisi\u00e8me g\u00e9n\u00e9ration, d\u00e9sormais les meilleurs \u00e9valuateurs et acheteurs des Pays-Bas de m\u00e9taux pr\u00e9cieux et de bijoux, et vous propose des offres fiables, \u00e9quitables et transparentes o\u00f9 que vous soyez.<\/p>\n<\/div><\/div>\n","protected":false},"excerpt":{"rendered":"<p>Nous avons uni nos efforts pour fournir les plus beaux bijoux En 2021, Ajediam a rejoint l&rsquo;\u00e9cosyst\u00e8me OnlyJewels. Compos\u00e9 de cinq entreprises de joaillerie de haute qualit\u00e9, Ajediam, OnlyJewels, Art &amp; Jewels, OJ Studio et Antwerp Ateliers, il met en relation les clients avec les bijoux les plus extraordinaires, leur offrant une qualit\u00e9 exceptionnelle et [&hellip;]<\/p>\n","protected":false},"author":5,"featured_media":55584,"parent":9713,"menu_order":2,"comment_status":"closed","ping_status":"closed","template":"partners-page.php","meta":{"ub_ctt_via":"","footnotes":""},"acf":[],"featured_image_src":"https:\/\/ajediam.com\/wp-content\/uploads\/2024\/10\/Screenshot-2024-10-03-at-10.39.10.png","_links":{"self":[{"href":"https:\/\/ajediam.com\/fr\/wp-json\/wp\/v2\/pages\/9716"}],"collection":[{"href":"https:\/\/ajediam.com\/fr\/wp-json\/wp\/v2\/pages"}],"about":[{"href":"https:\/\/ajediam.com\/fr\/wp-json\/wp\/v2\/types\/page"}],"author":[{"embeddable":true,"href":"https:\/\/ajediam.com\/fr\/wp-json\/wp\/v2\/users\/5"}],"replies":[{"embeddable":true,"href":"https:\/\/ajediam.com\/fr\/wp-json\/wp\/v2\/comments?post=9716"}],"version-history":[{"count":6,"href":"https:\/\/ajediam.com\/fr\/wp-json\/wp\/v2\/pages\/9716\/revisions"}],"predecessor-version":[{"id":55223,"href":"https:\/\/ajediam.com\/fr\/wp-json\/wp\/v2\/pages\/9716\/revisions\/55223"}],"up":[{"embeddable":true,"href":"https:\/\/ajediam.com\/fr\/wp-json\/wp\/v2\/pages\/9713"}],"wp:featuredmedia":[{"embeddable":true,"href":"https:\/\/ajediam.com\/fr\/wp-json\/wp\/v2\/media\/55584"}],"wp:attachment":[{"href":"https:\/\/ajediam.com\/fr\/wp-json\/wp\/v2\/media?parent=9716"}],"curies":[{"name":"wp","href":"https:\/\/api.w.org\/{rel}","templated":true}]}}