{"id":9718,"date":"2022-06-17T09:45:34","date_gmt":"2022-06-17T09:45:34","guid":{"rendered":"https:\/\/ajediam.com\/?page_id=9718"},"modified":"2023-06-27T15:00:09","modified_gmt":"2023-06-27T15:00:09","slug":"carriere","status":"publish","type":"page","link":"https:\/\/ajediam.com\/fr\/a-propos-dajediam\/a-propos-de-nous\/carriere\/","title":{"rendered":"Les meilleurs emplois dans l&rsquo;industrie du diamant et de la joaillerie"},"content":{"rendered":"\n<h2 class=\"wp-block-heading\">Rejoignez-nous<\/h2>\n\n\n\n<p>\u00ab\u00a0Peu importe combien de temps on travaille dans l&rsquo;industrie du diamant, la chance d&rsquo;\u00eatre \u00e9merveill\u00e9 par un beau diamant qui s&rsquo;estompe est proche de z\u00e9ro.<\/p>\n\n\n\n<p>L&rsquo;industrie du diamant peut sembler myst\u00e9rieuse, voire insondable pour un \u00e9tranger. Et contrairement \u00e0 ce qu&rsquo;on dit souvent, il n&rsquo;est pas n\u00e9cessaire d&rsquo;\u00eatre n\u00e9 dans une famille diamantaire pour pouvoir y travailler.<\/p>\n\n\n\n<p>Ici \u00e0 Anvers, le march\u00e9 du diamant fonctionne comme un microcosme. Quelle que soit votre profession, si vous \u00eates talentueux et passionn\u00e9, l&rsquo;industrie du diamant pr\u00e9sente des opportunit\u00e9s de carri\u00e8re vraiment passionnantes.<\/p>\n\n\n\n<p>Chez Ajediam, nous sommes fiers de diriger avec innovation, compassion et transparence. Rejoignez-nous dans notre brillante aventure et aidez-nous \u00e0 construire l&rsquo;industrie du diamant du futur.<\/p>\n\n\n\n<p>\u2014 Charlotte Auerbach-Tyser, directrice d&rsquo;Ajediam<\/p>\n\n\n\n<h2 class=\"wp-block-heading\">Nos valeurs<\/h2>\n\n\n\n<p>Notre passion et notre ambition vont de pair &#8211; Il s&rsquo;agit d&rsquo;obtenir le meilleur diamant et bijou possible pour nos clients. Nous travaillons dur chaque jour pour am\u00e9liorer notre service et \u00eatre dignes de la confiance et de la reconnaissance de nos clients.<\/p>\n\n\n\n<p>Transparence &#8211; Ajediam fonctionne sur la base de l&rsquo;id\u00e9al d&rsquo;une industrie moderne et transparente. En alliant le savoir-faire d&rsquo;experts et le talent de designers, nous offrons l&rsquo;acc\u00e8s \u00e0 une information intelligible et intelligente \u00e0 nos visiteurs !<\/p>\n\n\n\n<p>Innovation et cr\u00e9ativit\u00e9 &#8211; Nous nous rappelons que le travail quotidien devient une aventure lorsque vous regardez le monde avec un esprit cr\u00e9atif.<\/p>\n\n\n\n<p>Durabilit\u00e9 &#8211; Nous visons tous un monde meilleur. Chez Ajediam, nous repensons nos pas, des plus petits aux plus significatifs, et les transformons en actions durables.<\/p>\n\n\n\n<p>Joie &#8211;\u00a0\u00ab\u00a0Une joie partag\u00e9e est une joie doubl\u00e9e.\u00a0\u00bb<\/p>\n\n\n\n<h2 class=\"wp-block-heading\">Direction<\/h2>\n\n\n\n<p><em>Charlotte Auerbach-Tyser, directrice g\u00e9n\u00e9rale<\/em><\/p>\n\n\n\n<p>Charlotte a grandi en France et a fait ses \u00e9tudes \u00e0 l&rsquo;Universit\u00e9 am\u00e9ricaine de Paris. Elle poursuit sa passion grandissante pour les bijoux et devient gemmologue. Apr\u00e8s une d\u00e9cennie \u00e0 Anvers, elle a acquis une vaste exp\u00e9rience dans l&rsquo;industrie du diamant. Ses disciplines sont le d\u00e9veloppement de produits num\u00e9riques ainsi que le marketing num\u00e9rique dans l&rsquo;industrie du luxe. Ses forces sont sa vision, sa pers\u00e9v\u00e9rance et sa qu\u00eate d&rsquo;am\u00e9lioration continue.<\/p>\n\n\n\n<p><em>Ben Auerbach, directeur du d\u00e9partement de n\u00e9goce de diamants<\/em><\/p>\n\n\n\n<p>Ben a grandi en Allemagne o\u00f9 il a commenc\u00e9 \u00e0 travailler tr\u00e8s jeune et est rapidement devenu entrepreneur. Autodidacte, ing\u00e9nieux et polyvalent, Ben est un business developer sp\u00e9cialis\u00e9 dans l&rsquo;industrie de la joaillerie. Ses points forts sont son sens des affaires, son courage ainsi que sa capacit\u00e9 \u00e0 cr\u00e9er des opportunit\u00e9s. Il est \u00e9galement l&rsquo;un des meilleurs acheteurs de l&rsquo;industrie du diamant.<\/p>\n\n\n\n<h2 class=\"wp-block-heading\">Ouvertures actuelles<\/h2>\n\n\n\n<p>Pour poursuivre notre croissance et notre d\u00e9veloppement, Ajediam et ses <a href=\"https:\/\/ajediam.com\/fr\/a-propos-dajediam\/partenaires\/\" data-type=\"page\" data-id=\"9716\">partenaires<\/a> recherchent des personnes talentueuses et polyvalentes:<\/p>\n\n\n\n<p><strong>Management team<\/strong><\/p>\n\n\n\n<p><em>Aucune ouverture actuelle<\/em><\/p>\n\n\n\n<p><strong>Digital team<\/strong><\/p>\n\n\n\n<p>Social Sales Manager<\/p>\n\n\n\n<p>Ads manager<\/p>\n\n\n\n<p><strong>Studio team<\/strong><\/p>\n\n\n\n<p>Product &amp; still life photographer<\/p>\n\n\n\n<p>Video content creator<\/p>\n\n\n\n<p><strong>Atelier team<\/strong><\/p>\n\n\n\n<p>3D jewelry designer<\/p>\n\n\n\n<p><strong>Internship programs<\/strong><\/p>\n\n\n\n<p>Gemology &amp; diamond grading internship<\/p>\n\n\n\n<h2 class=\"wp-block-heading\">Soumissions g\u00e9n\u00e9rales<\/h2>\n\n\n\n<p>Quelle que soit votre passion, nous sommes impatients de vous entendre.<\/p>\n\n\n\n<p>Partagez votre profil avec nous par email \u00e0 <a href=\"mailto:career@ajediam.com\">career@ajediam.com<\/a><\/p>\n","protected":false},"excerpt":{"rendered":"<p>Rejoignez-nous \u00ab\u00a0Peu importe combien de temps on travaille dans l&rsquo;industrie du diamant, la chance d&rsquo;\u00eatre \u00e9merveill\u00e9 par un beau diamant qui s&rsquo;estompe est proche de z\u00e9ro. L&rsquo;industrie du diamant peut sembler myst\u00e9rieuse, voire insondable pour un \u00e9tranger. Et contrairement \u00e0 ce qu&rsquo;on dit souvent, il n&rsquo;est pas n\u00e9cessaire d&rsquo;\u00eatre n\u00e9 dans une famille diamantaire pour [&hellip;]<\/p>\n","protected":false},"author":5,"featured_media":55599,"parent":9713,"menu_order":0,"comment_status":"closed","ping_status":"closed","template":"jewel-cleaner-page.php","meta":{"ub_ctt_via":"","footnotes":""},"acf":[],"featured_image_src":"https:\/\/ajediam.com\/wp-content\/uploads\/2024\/10\/shutterstock_126923948-1-scaled.jpg","_links":{"self":[{"href":"https:\/\/ajediam.com\/fr\/wp-json\/wp\/v2\/pages\/9718"}],"collection":[{"href":"https:\/\/ajediam.com\/fr\/wp-json\/wp\/v2\/pages"}],"about":[{"href":"https:\/\/ajediam.com\/fr\/wp-json\/wp\/v2\/types\/page"}],"author":[{"embeddable":true,"href":"https:\/\/ajediam.com\/fr\/wp-json\/wp\/v2\/users\/5"}],"replies":[{"embeddable":true,"href":"https:\/\/ajediam.com\/fr\/wp-json\/wp\/v2\/comments?post=9718"}],"version-history":[{"count":1,"href":"https:\/\/ajediam.com\/fr\/wp-json\/wp\/v2\/pages\/9718\/revisions"}],"predecessor-version":[{"id":9719,"href":"https:\/\/ajediam.com\/fr\/wp-json\/wp\/v2\/pages\/9718\/revisions\/9719"}],"up":[{"embeddable":true,"href":"https:\/\/ajediam.com\/fr\/wp-json\/wp\/v2\/pages\/9713"}],"wp:featuredmedia":[{"embeddable":true,"href":"https:\/\/ajediam.com\/fr\/wp-json\/wp\/v2\/media\/55599"}],"wp:attachment":[{"href":"https:\/\/ajediam.com\/fr\/wp-json\/wp\/v2\/media?parent=9718"}],"curies":[{"name":"wp","href":"https:\/\/api.w.org\/{rel}","templated":true}]}}