{"id":9720,"date":"2019-03-31T08:57:51","date_gmt":"2019-03-31T08:57:51","guid":{"rendered":"https:\/\/ajediam.com\/?page_id=9720"},"modified":"2023-06-27T15:15:11","modified_gmt":"2023-06-27T15:15:11","slug":"rachat-de-diamant","status":"publish","type":"page","link":"https:\/\/ajediam.com\/fr\/a-propos-dajediam\/rachat-de-diamant\/","title":{"rendered":"Rachat de Diamant"},"content":{"rendered":"<p><div class='row vc_row '><div class='col-md-12 '><h2 class='section-title'>Comment et o\u00f9 puis-je vendre mes diamants ? Nous vendons vos Diamants au meilleur prix sur la Bourse Diamond Exchange.<\/h2><div class='mb-4'><p><span class=\"jCAhz ChMk0b\"><span class=\"ryNqvb\">Vendre, acheter, \u00e9changer : Investir dans les diamants n\u00e9cessite une expertise en vente de diamants.<\/span><\/span> <span class=\"jCAhz ChMk0b\"><span class=\"ryNqvb\">En savoir plus sur les <a href=\"https:\/\/ajediam.com\/diamond-prices\/historical-diamond-prices\/\">prix historiques des diamants<\/a>.<\/span><\/span><\/p>\n<p>Ajediam propose un service unique de vente de diamants \u00e0 vie sur les diamants d&rsquo;investissement. Quelle est la diff\u00e9rence entre Revendre et Racheter ?<\/p><\/div><\/div><\/div> <div class='row vc_row '><div class='col-md-12 '><h2 class='section-title'>Notre politique de revente expliqu\u00e9e<\/h2><p>La revente s&rsquo;applique \u00e0 tous les diamants, mais pas \u00e0 toutes les ventes (ou \u00e0 tous les acheteurs) tout le temps.<\/p><div class='mb-4'><p>A.Le programme de remboursement insatisfait d&rsquo;Ajediam est diff\u00e9rent du programme de revente avec partage des b\u00e9n\u00e9fices.<br \/>\nL&rsquo;avantage \u00e9vident est de partager le b\u00e9n\u00e9fice possible apr\u00e8s moyen long terme de 8 \u00e0 15 ans.<\/p>\n<p>B. Les deux programmes s&rsquo;appliqueraient \u00e0 tous les diamants, mais voir ci-dessus.<\/p>\n<p>C. Aucune autre explication sur la fa\u00e7on dont nous r\u00e9alisons nos b\u00e9n\u00e9fices.<br \/>\n(Moyennant des frais de conseil, nous sommes dispos\u00e9s \u00e0 expliquer comment d&rsquo;autres soci\u00e9t\u00e9s diamantaires peuvent \u00e9galement \u00eatre rentables).<\/p>\n<p>D. La coupe, la couleur, la clart\u00e9 des diamants sont des opinions, pas des faits math\u00e9matiques.<br \/>\nIl n&rsquo;y a pas vraiment d&rsquo;ordre d&rsquo;importance, cela d\u00e9pend de la taille et du march\u00e9.<br \/>\nLa coupe correspond aux proportions, \u00e0 la sym\u00e9trie, etc., donc la coupe n&rsquo;est pas \u00e9gale \u00e0 la forme.<\/p>\n<p>Les go\u00fbts et les opinions peuvent diff\u00e9rer et peuvent changer, et sont diff\u00e9rents pour diff\u00e9rents march\u00e9s\/pays.<\/p>\n<p>Les diamants de couleur sont \u00ab \u00e0 la mode \u00bb et chers, il n&rsquo;y a pas si longtemps, les diamants de couleur \u00e9taient consid\u00e9r\u00e9s comme inf\u00e9rieurs aux blancs.<\/p>\n<p>E. La liste de prix Ajediam est le prix moyen bas\u00e9 sur le commerce de gros de la Bourse du diamant, elle ne repr\u00e9sente pas le prix d&rsquo;un diamant individuel ni une certaine qualit\u00e9 de coupe.<\/p>\n<p>F. Il n&rsquo;y a pas de v\u00e9ritables r\u00e8gles pour les niveaux de prix \u00e0 certains carats.<br \/>\nIl y a le contr\u00f4le de l&rsquo;offre de la De Beers qui a ses effets sur les prix, il y a l&rsquo;\u00e9conomie mondiale et bien d&rsquo;autres facteurs commerciaux du march\u00e9.<br \/>\nComme le prix du p\u00e9trole, les effets sp\u00e9culatifs aussi.<\/p>\n<p>G. <a href=\"https:\/\/ajediam.com\/fr\/a-propos-dajediam\/evaluation-diamants-bijoux\/\">Estimation et Valorisation<\/a> sur la base d&rsquo;un GIA, HRD, IGI ou autre document ? Non, nous n&rsquo;\u00e9valuons pas les diamants en fonction des opinions des autres.<br \/>\nVous pouvez b\u00e9n\u00e9ficier d&rsquo;un service Express pour une estimation instantan\u00e9e uniquement lors de votre visite \u00e0 notre si\u00e8ge social \u00e0 Anvers<\/p><\/div><div style='height: 32px;'><\/div><\/div><\/div> <div class='row vc_row vc_custom_1552886396531'><div class='col-md-8 '><div class='row '><div class='col-md-12 col-inner'><div class='col-inwrap'><div class='mb-4'><p><strong>Avis important:<\/strong><br \/>\nM\u00eame si vous n&rsquo;\u00eates pas encore client, nous pouvons vous offrir un service de vente pour vos diamants!<br \/>\nThis is part of Ajediam&rsquo;s \u00ab\u00a0<a href=\"\/rare-gems-fabulous-jewels-about\">Customer Total Satisfaction Program<\/a>\u00a0\u00bb <a href=\"\/customers-feedback-forum\">Customers Feedback<\/a><\/p><\/div><\/div><\/div><\/div><\/div><div class='col-md-4 '><div style='height: 32px;'><\/div><a class='lab-button' href='\/our-quick-inquiry-form\/' target='' title='make inquiry'>make inquiry<\/a><\/div><\/div> <style>.vc_custom_1552886396531 { border-top-width: 3px !important;border-right-width: 3px !important;border-bottom-width: 3px !important;border-left-width: 3px !important;border-left-color: #e2ebf0 !important;border-left-style: solid !important;border-right-color: #e2ebf0 !important;border-right-style: solid !important;border-top-color: #e2ebf0 !important;border-top-style: solid !important;border-bottom-color: #e2ebf0 !important;border-bottom-style: solid !important;} }<\/style><div class='row vc_row '><div class='col-md-12 '><div style='height: 32px;'><\/div><div class='mb-4'><p>Le secret est simple :<br \/>\nNous achetons des diamants bruts aux meilleures cotes de diamants, nous coupons et nous vous vendons avec une tr\u00e8s petite marge brute !<br \/>\nUne fois que vous achetez, vous investissez pour nous dans les meilleurs diamants aux prix les plus bas !<\/p>\n<p>Depuis 1949, les prix des diamants augmentent d&rsquo;environ 15 % chaque ann\u00e9e !<\/p>\n<p>Les derni\u00e8res ann\u00e9es il y a une faible diminution ! Voir le <a href=\"https:\/\/ajediam.com\/diamond-prices\/historical-diamond-prices\/\">graphique historique des prix des diamants.<\/a><\/p>\n<p>Ainsi, si un jour vous nous demandez de Vendre vos diamants, nous serons heureux de refaire affaire avec nous. Nous Vendons vos Diamants avec plaisir ! Ce sera une entreprise \u00ab\u00a0gagnant-gagnant\u00a0\u00bb pour nous deux\u00a0! Cela s&rsquo;applique uniquement aux diamants que nous avons vendus. Pour les diamants achet\u00e9s ailleurs, la plupart des probl\u00e8mes viennent des pierres surpay\u00e9es.<\/p>\n<p>Dans la mesure o\u00f9 vous n&rsquo;avez pas surpay\u00e9 votre diamant lors de son achat, il n&rsquo;y aura pas de probl\u00e8me pour vendre vos diamants avec certaines r\u00e8gles qui doivent \u00eatre respect\u00e9es.<\/p>\n<p>Nous vendrons votre diamant moyennant des frais\/commission. Avec notre \u00ab\u00a0Programme de satisfaction totale de la client\u00e8le\u00a0\u00bb unique et une garantie de vente \u00e0 vie sur les diamants d&rsquo;investissement, vous \u00eates en s\u00e9curit\u00e9\u00a0!<\/p>\n<p>Vous pouvez vous sentir en confiance !<\/p>\n<p><a href=\"\/bank-references\">Bank References<\/a><\/p><\/div><\/div><\/div> <div class='row vc_row '><div class='col-md-12 '><div class='mb-4'><p><strong>Fran\u00e7ais:<\/strong><br \/>\nVous b\u00e9n\u00e9ficiez de notre contrat confiance avec garantie de revente \u00e0 vie.<br \/>\nLe secret est simple: nous vendons aux prix grossiste discount \u00e0 faible marge. Lorsque vous avez achet\u00e9 nous devenons partenaires car c&rsquo;est vous qui investissez dans le meilleur diamant au prix le plus bas! Si un jour vous avez d\u00e9cid\u00e9 de revendre nous vous offrons le service de vente avec plaisir!<br \/>\nNous accepterons de vendre vos diamants avec certaines r\u00e8gles qui doivent \u00eatre respect\u00e9s.<\/p>\n<p>Nous vendrons vos diamants moyennant une commission. C&rsquo;est l\u00e0 que nous sommes partenaires dans le b\u00e9n\u00e9fice r\u00e9alis\u00e9 \u00e0 la revente!<\/p>\n<p><strong>Deutsch:<\/strong><br \/>\nSie bekommen eine ewige Wiederverkaufm\u00f6glichkeit. Das Geheimnis ist einfach:<br \/>\nwir verkaufen an Sie gegen die beste Grossh\u00e4ndler World Diamond Centre Preise mit eine geringe Spanne. Einmal Sie gekauft haben investieren Sie f\u00fcr uns in den besten Diamanten gegen den niedrigsten Preis! Falls Sie sich aber eines Tages entschliessen Ihre Investierung zu verkaufen, dann werden wir Ihre Investierung gegen den besten Quotierungen, mit Vergn\u00fcgen wiederkaufen.<\/p>\n<p>Wir werden Ihre Diamanten zu Verkauf anbieten mit bestimmten Regeln, die respektiert werden m\u00fcssen. Wir werden Ihre Diamanten gegen bestimmte Provision verkaufen.<\/p>\n<p>Es wird beiderseits ein Win-Win Gesch\u00e4ft!<\/p>\n<p>Damit sind wir zusammen mit Ihnen verbunten als partner im wiederkauf!<\/p><\/div><\/div><\/div> <div class='row vc_row '><div class='col-md-2 '><\/div><div class='col-md-8 '><div style='height: 32px;'><\/div><div class='vc-image '><figure><a href='\/diamonds-from-one-to-20ct' class='d-block'><img src='https:\/\/ajediam.com\/wp-content\/uploads\/2019\/03\/Ajediam_footer_Buy_now_13_03_2015.jpg' alt=''><\/a><\/figure><\/div><\/div><div class='col-md-2 '><\/div><\/div> <\/p>\n","protected":false},"excerpt":{"rendered":"","protected":false},"author":5,"featured_media":57132,"parent":9689,"menu_order":1,"comment_status":"closed","ping_status":"closed","template":"jewel-cleaner-page.php","meta":{"ub_ctt_via":"","footnotes":""},"acf":[],"featured_image_src":"https:\/\/ajediam.com\/wp-content\/uploads\/2024\/12\/Screenshot-2024-12-03-at-12.52.45.png","_links":{"self":[{"href":"https:\/\/ajediam.com\/fr\/wp-json\/wp\/v2\/pages\/9720"}],"collection":[{"href":"https:\/\/ajediam.com\/fr\/wp-json\/wp\/v2\/pages"}],"about":[{"href":"https:\/\/ajediam.com\/fr\/wp-json\/wp\/v2\/types\/page"}],"author":[{"embeddable":true,"href":"https:\/\/ajediam.com\/fr\/wp-json\/wp\/v2\/users\/5"}],"replies":[{"embeddable":true,"href":"https:\/\/ajediam.com\/fr\/wp-json\/wp\/v2\/comments?post=9720"}],"version-history":[{"count":1,"href":"https:\/\/ajediam.com\/fr\/wp-json\/wp\/v2\/pages\/9720\/revisions"}],"predecessor-version":[{"id":9721,"href":"https:\/\/ajediam.com\/fr\/wp-json\/wp\/v2\/pages\/9720\/revisions\/9721"}],"up":[{"embeddable":true,"href":"https:\/\/ajediam.com\/fr\/wp-json\/wp\/v2\/pages\/9689"}],"wp:featuredmedia":[{"embeddable":true,"href":"https:\/\/ajediam.com\/fr\/wp-json\/wp\/v2\/media\/57132"}],"wp:attachment":[{"href":"https:\/\/ajediam.com\/fr\/wp-json\/wp\/v2\/media?parent=9720"}],"curies":[{"name":"wp","href":"https:\/\/api.w.org\/{rel}","templated":true}]}}