{"id":9726,"date":"2022-03-28T15:01:52","date_gmt":"2022-03-28T15:01:52","guid":{"rendered":"https:\/\/ajediam.com\/?page_id=9726"},"modified":"2023-12-28T13:40:53","modified_gmt":"2023-12-28T13:40:53","slug":"programme-daffiliation","status":"publish","type":"page","link":"https:\/\/ajediam.com\/fr\/a-propos-dajediam\/a-propos-de-nous\/programme-daffiliation\/","title":{"rendered":"Programme d&rsquo;affiliation"},"content":{"rendered":"\n<div class=\"wp-block-columns is-layout-flex wp-container-core-columns-layout-1 wp-block-columns-is-layout-flex\">\n<div class=\"wp-block-column is-layout-flow wp-block-column-is-layout-flow\">\n<h2 class=\"wp-block-heading\">Rejoignez notre programme d&rsquo;affiliation exclusif<\/h2>\n\n\n\n<p>Chez Ajediam, nous recherchons des influenceurs dans les domaines de la joaillerie, du mariage, de la collection d&rsquo;art, de la mode de luxe, du style de vie, des voyages, de la finance et des affaires pour rejoindre notre programme d&rsquo;affiliation exclusif. Cette opportunit\u00e9 sur invitation uniquement attend les influenceurs qui partagent notre passion pour le luxe.<\/p>\n<\/div>\n\n\n\n<div class=\"wp-block-column is-layout-flow wp-block-column-is-layout-flow\">\n<h2 class=\"wp-block-heading\">Pourquoi s&rsquo;associer \u00e0 AJEDIAM ?<\/h2>\n\n\n\n<p>En devenant partenaire affili\u00e9, vous entrez dans un monde de possibilit\u00e9s. Gagnez des commissions lorsque vos abonn\u00e9s et visiteurs effectuent des achats sur AJEDIAM.com, la maison des diamants exquis et du luxe.<\/p>\n<\/div>\n<\/div>\n\n\n\n<div class=\"wp-block-columns is-layout-flex wp-container-core-columns-layout-2 wp-block-columns-is-layout-flex\">\n<div class=\"wp-block-column is-layout-flow wp-block-column-is-layout-flow\">\n<h2 class=\"wp-block-heading\">Comment promouvoir Ajediam<\/h2>\n\n\n\n<p>Promouvoir AJEDIAM.com est un parcours cr\u00e9atif adapt\u00e9 \u00e0 votre plateforme unique. Que vous soyez blogueur, gestionnaire de r\u00e9seaux sociaux, h\u00e9bergeur de podcasts ou propri\u00e9taire d&rsquo;un site Web, il existe une approche sur mesure pour vous.<\/p>\n<\/div>\n\n\n\n<div class=\"wp-block-column is-layout-flow wp-block-column-is-layout-flow\">\n<h2 class=\"wp-block-heading\">Avantages d\u2019\u00eatre affili\u00e9 \u00e0 AJEDIAM<\/h2>\n\n\n\n<p>En tant qu&rsquo;affili\u00e9 appr\u00e9ci\u00e9, profitez de\u00a0:<\/p>\n\n\n\n<ul><li>Jusqu&rsquo;\u00e0 5\u00a0% de commission\u00a0: gagnez sur les ventes nettes, hors frais d&rsquo;exp\u00e9dition, taxes et retours. Plus vous faites de promotion, plus vous gagnez.<\/li><li>Rapports en temps r\u00e9el\u00a0: surveillez votre succ\u00e8s gr\u00e2ce au suivi en temps r\u00e9el via nos partenaires du r\u00e9seau d&rsquo;affiliation.<\/li><\/ul>\n<\/div>\n<\/div>\n\n\n\n<div class=\"wp-block-columns is-layout-flex wp-container-core-columns-layout-3 wp-block-columns-is-layout-flex\">\n<div class=\"wp-block-column is-layout-flow wp-block-column-is-layout-flow\">\n<h2 class=\"wp-block-heading\">Votre r\u00f4le en tant qu&rsquo;affili\u00e9<\/h2>\n\n\n\n<p>En tant qu&rsquo;affili\u00e9, votre r\u00f4le est vital. Partagez les magnifiques diamants et l&rsquo;excellente fabrication de bijoux fins d&rsquo;AJEDIAM avec votre public. Inspirez-les \u00e0 explorer nos offres et \u00e0 embarquer dans ce voyage avec nous.<\/p>\n\n\n\n<p>Pr\u00eat \u00e0 rejoindre notre programme d&rsquo;affiliation exclusif ? Contactez-nous d\u00e8s aujourd&rsquo;hui pour exprimer votre int\u00e9r\u00eat. Ensemble, nous brillerons davantage dans le monde des diamants, du luxe et de la cr\u00e9ativit\u00e9.<\/p>\n<\/div>\n<\/div>\n\n\n\n<div class=\"wp-block-contact-form-7-contact-form-selector affprog-form\">\n<div class=\"wpcf7 no-js\" id=\"wpcf7-f11846-o1\" lang=\"en-US\" dir=\"ltr\">\n<div class=\"screen-reader-response\"><p role=\"status\" aria-live=\"polite\" aria-atomic=\"true\"><\/p> <ul><\/ul><\/div>\n<form action=\"\/fr\/wp-json\/wp\/v2\/pages\/9726#wpcf7-f11846-o1\" method=\"post\" class=\"wpcf7-form init\" aria-label=\"Contact form\" novalidate=\"novalidate\" data-status=\"init\">\n<div style=\"display: none;\">\n<input type=\"hidden\" name=\"_wpcf7\" value=\"11846\" \/>\n<input type=\"hidden\" name=\"_wpcf7_version\" value=\"5.9.3\" \/>\n<input type=\"hidden\" name=\"_wpcf7_locale\" value=\"en_US\" \/>\n<input type=\"hidden\" name=\"_wpcf7_unit_tag\" value=\"wpcf7-f11846-o1\" \/>\n<input type=\"hidden\" name=\"_wpcf7_container_post\" value=\"0\" \/>\n<input type=\"hidden\" name=\"_wpcf7_posted_data_hash\" value=\"\" \/>\n<input type=\"hidden\" name=\"_wpcf7_recaptcha_response\" value=\"\" \/>\n<\/div>\n<div class=\"title\"><svg id=\"question-star\" xmlns=\"http:\/\/www.w3.org\/2000\/svg\" width=\"25.776\" height=\"25\" viewBox=\"0 0 25.776 25\"><path d=\"M16.269-90.4h1.671l2.267,8.95,9.368-1.671.418,1.671-8.115,5.489,4.952,9.129L25.576-65.4,17.82-72.2,10-65.4,8.751-66.828,13.822-75.3,4.216-79.358l.537-1.671h9.9Z\" transform=\"translate(-4.216 90.396)\" fill=\"#F5B710\"><\/path><\/svg>Appliquer Maintenant<\/div>\n<div class=\"block-appr\">\n   <div><span class=\"wpcf7-form-control-wrap\" data-name=\"your-name\"><input size=\"40\" class=\"wpcf7-form-control wpcf7-text wpcf7-validates-as-required\" aria-required=\"true\" aria-invalid=\"false\" placeholder=\"Nom\" value=\"\" type=\"text\" name=\"your-name\" \/><\/span><\/div>\n   <div><span class=\"wpcf7-form-control-wrap\" data-name=\"your-address\"><input size=\"40\" class=\"wpcf7-form-control wpcf7-text wpcf7-validates-as-required\" aria-required=\"true\" aria-invalid=\"false\" placeholder=\"Adresse\" value=\"\" type=\"text\" name=\"your-address\" \/><\/span><\/div>\n   <div><span class=\"wpcf7-form-control-wrap\" data-name=\"your-email\"><input size=\"40\" class=\"wpcf7-form-control wpcf7-email wpcf7-validates-as-required wpcf7-text wpcf7-validates-as-email\" aria-required=\"true\" aria-invalid=\"false\" placeholder=\"E-mail\" value=\"\" type=\"email\" name=\"your-email\" \/><\/span><\/div>\n   <div><span class=\"wpcf7-form-control-wrap\" data-name=\"country-list\"><input size=\"40\" class=\"wpcf7-form-control wpcf7-text wpcf7-validates-as-required\" id=\"country-input\" aria-required=\"true\" aria-invalid=\"false\" placeholder=\"Pays\" value=\"\" type=\"text\" name=\"country-list\" \/><\/span><\/div>\n   <div><span class=\"wpcf7-form-control-wrap\" data-name=\"url-356\"><input size=\"40\" class=\"wpcf7-form-control wpcf7-text\" aria-invalid=\"false\" placeholder=\"Nom du site Web ou URL\" value=\"\" type=\"text\" name=\"url-356\" \/><\/span><\/div>\n   <div><span class=\"wpcf7-form-control-wrap\" data-name=\"textarea-131\"><textarea cols=\"40\" rows=\"10\" class=\"wpcf7-form-control wpcf7-textarea\" aria-invalid=\"false\" placeholder=\"Parlez-nous de vous et pourquoi vous souhaitez collaborer avec nous\" name=\"textarea-131\"><\/textarea><\/span><\/div>\n   <p class=\"text-center\">Nous veillerons \u00e0 ce que votre site soit adapt\u00e9 \u00e0 notre programme d'affiliation et vous r\u00e9pondrons dans les cinq jours ouvrables pour vous informer du r\u00e9sultat de votre candidature.<\/p>\n   <div><div class=\"mb-2\"><button type=\"button\" class=\"wpcf7-submit\">Appliquer maintenant!<\/button><\/div>\n        <div><input class=\"wpcf7-form-control wpcf7-submit has-spinner d-none\" type=\"submit\" value=\"Send\" \/><\/div> \n   <\/div>\n<\/div>\n<div class=\"block-appr-final d-none\"><h3>Nous avons re\u00e7u votre demande<\/h3><\/div><div class=\"wpcf7-response-output\" aria-hidden=\"true\"><\/div>\n<\/form>\n<\/div>\n<\/div>\n","protected":false},"excerpt":{"rendered":"<p>Rejoignez notre programme d&rsquo;affiliation exclusif Chez Ajediam, nous recherchons des influenceurs dans les domaines de la joaillerie, du mariage, de la collection d&rsquo;art, de la mode de luxe, du style de vie, des voyages, de la finance et des affaires pour rejoindre notre programme d&rsquo;affiliation exclusif. Cette opportunit\u00e9 sur invitation uniquement attend les influenceurs qui [&hellip;]<\/p>\n","protected":false},"author":5,"featured_media":57297,"parent":9713,"menu_order":0,"comment_status":"closed","ping_status":"closed","template":"affiliate-page.php","meta":{"ub_ctt_via":"","footnotes":""},"acf":[],"featured_image_src":"https:\/\/ajediam.com\/wp-content\/uploads\/2024\/12\/DALL\u00b7E-2024-12-08-17.36.43-A-clean-and-professional-image-for-an-affiliate-program-webpage-featuring-the-text-Affiliate-Marketing-prominently.-The-design-includes-a-glowing-di.webp","_links":{"self":[{"href":"https:\/\/ajediam.com\/fr\/wp-json\/wp\/v2\/pages\/9726"}],"collection":[{"href":"https:\/\/ajediam.com\/fr\/wp-json\/wp\/v2\/pages"}],"about":[{"href":"https:\/\/ajediam.com\/fr\/wp-json\/wp\/v2\/types\/page"}],"author":[{"embeddable":true,"href":"https:\/\/ajediam.com\/fr\/wp-json\/wp\/v2\/users\/5"}],"replies":[{"embeddable":true,"href":"https:\/\/ajediam.com\/fr\/wp-json\/wp\/v2\/comments?post=9726"}],"version-history":[{"count":4,"href":"https:\/\/ajediam.com\/fr\/wp-json\/wp\/v2\/pages\/9726\/revisions"}],"predecessor-version":[{"id":11850,"href":"https:\/\/ajediam.com\/fr\/wp-json\/wp\/v2\/pages\/9726\/revisions\/11850"}],"up":[{"embeddable":true,"href":"https:\/\/ajediam.com\/fr\/wp-json\/wp\/v2\/pages\/9713"}],"wp:featuredmedia":[{"embeddable":true,"href":"https:\/\/ajediam.com\/fr\/wp-json\/wp\/v2\/media\/57297"}],"wp:attachment":[{"href":"https:\/\/ajediam.com\/fr\/wp-json\/wp\/v2\/media?parent=9726"}],"curies":[{"name":"wp","href":"https:\/\/api.w.org\/{rel}","templated":true}]}}