{"id":9730,"date":"2022-06-30T10:03:30","date_gmt":"2022-06-30T10:03:30","guid":{"rendered":"https:\/\/ajediam.com\/?page_id=9730"},"modified":"2023-06-27T15:41:42","modified_gmt":"2023-06-27T15:41:42","slug":"retours-remboursements","status":"publish","type":"page","link":"https:\/\/ajediam.com\/fr\/a-propos-dajediam\/rachat-de-diamant\/retours-remboursements\/","title":{"rendered":"Garantie de retour et remboursement de 15 jours"},"content":{"rendered":"\n<p>Conform\u00e9ment aux dispositions l\u00e9gales europ\u00e9ennes et nationales applicables \u00e0 nos conditions d&rsquo;utilisation, nos clients ont le droit de signifier \u00e0 Ajediam qu&rsquo;ils renoncent \u00e0 un achat sans paiement de p\u00e9nalit\u00e9 ou sans justification, dans un d\u00e9lai de quinze (15) jours calendaires \u00e0 compter de la jour suivant la livraison.<\/p>\n\n\n\n<p>Si vous souhaitez retourner votre commande dans les 15 jours de garantie de retour, vous recevrez le soutien de notre \u00e9quipe de service \u00e0 la client\u00e8le. Nous avons h\u00e2te de refaire affaire avec vous!<\/p>\n\n\n\n<h2 class=\"wp-block-heading\">Retourne, les \u00e9tapes \u00e0 suivre:<\/h2>\n\n\n\n<p><em>Ajediam n&rsquo;est pas responsable des commandes de retour qu&rsquo;elle ne re\u00e7oit pas effectivement. <\/em>Ajediam ne peut prendre en charge les articles retourn\u00e9s que dans les conditions exactes mentionn\u00e9es ci-dessous<em>:<\/em><\/p>\n\n\n\n<ol><li>Les produits doivent \u00eatre retourn\u00e9s \u00e0:<\/li><\/ol>\n\n\n\n<p class=\"has-text-align-left\"><strong>AJEDIAM<\/strong><br><strong>Rue Hoveniers 19<br>2018 Anvers<br>Belgique<\/strong><br><strong>+32 (0) 3 808 72 02\u00a0<\/strong><br><strong>care@ajediam.com\u00a0<\/strong><\/p>\n\n\n\n<ol start=\"2\"><li>Joignez une copie de la facture de votre commande \u00e0 votre envoi.<\/li><li>Assurer l&rsquo;exp\u00e9dition \u00e0 la valeur de la commande, s&rsquo;\u00e9levant au prix mentionn\u00e9 sur la facture de la commande, et pr\u00e9payer le fret ainsi que les frais de manutention.<\/li><li>Fournissez \u00e0 notre \u00e9quipe de service \u00e0 la client\u00e8le le num\u00e9ro de suivi et la date d&rsquo;exp\u00e9dition \u00e0: <a href=\"mailto:care@ajediam.com\">care@ajediam.com<\/a><\/li><\/ol>\n\n\n\n<p>Ajediam est heureux d&rsquo;organiser les retours pour les clients retournant des articles dans le d\u00e9lai de retour de 15 jours. Pour demander une \u00e9tiquette d&rsquo;exp\u00e9dition de retour, veuillez envoyer un e-mail \u00e0 : care@ajediam.com avec votre nom, votre adresse e-mail et votre num\u00e9ro de commande. Vous disposez alors de sept (7) jours ouvr\u00e9s pour retourner les produits \u00e0 notre service client en Europe et de quatorze (14) jours ouvr\u00e9s pour les retours depuis le reste du monde, \u00e0 partir du moment o\u00f9 vous exprimez votre volont\u00e9 de renoncer \u00e0 votre achat.<\/p>\n\n\n\n<p>Nous ne d\u00e9duirons pas les frais de livraison initiaux de votre remboursement, cependant, les frais de livraison de retour resteront dus et ne seront pas rembours\u00e9s.<\/p>\n\n\n\n<h2 class=\"wp-block-heading\">Comment obtenir un remboursement \u00e0 100% ?<\/h2>\n\n\n\n<p>Ajediam offre une garantie de retour de 15 jours avec un remboursement complet dans les conditions suivantes:<\/p>\n\n\n\n<ul><li>Les produits doivent \u00eatre retourn\u00e9s dans les 15 jours suivant la livraison<\/li><li>Le produit doit \u00eatre en parfait \u00e9tat, sans avoir \u00e9t\u00e9 port\u00e9, ab\u00eem\u00e9, utilis\u00e9 ou redimensionn\u00e9<\/li><li>Le produit doit correspondre parfaitement aux fiches produit<\/li><li>Le produit doit \u00eatre retourn\u00e9 avec tous les accessoires et dans leur emballage d&rsquo;origine et les certificats d&rsquo;origine<\/li><\/ul>\n\n\n\n<p>Les retours de produits pr\u00e9sentant des signes d&rsquo;utilisation ne seront accept\u00e9s qu&rsquo;\u00e0 la discr\u00e9tion d&rsquo;Ajediam et le co\u00fbt de reconstitution du produit dans son \u00e9tat d&rsquo;origine sera d\u00e9duit du montant du remboursement.<\/p>\n\n\n\n<p>Les produits retourn\u00e9s sont inspect\u00e9s \u00e0 r\u00e9ception et avant l&rsquo;\u00e9mission d&rsquo;un remboursement, d&rsquo;un \u00e9change ou d&rsquo;un avoir. Les produits qui ne correspondent pas aux donn\u00e9es produit enregistr\u00e9es seront consid\u00e9r\u00e9s comme des retours in\u00e9ligibles.<\/p>\n\n\n\n<p>Les retours non \u00e9ligibles resteront \u00e0 la disposition du client au bureau d&rsquo;Ajediam pour enl\u00e8vement ou pourront \u00eatre r\u00e9exp\u00e9di\u00e9s aux frais du client. Ajediam n&rsquo;assume aucune responsabilit\u00e9 pour les produits retourn\u00e9s non \u00e9ligibles tout en restant dans ses bureaux.<\/p>\n\n\n\n<h2 class=\"wp-block-heading\">Qu&rsquo;en est-il des retours de commandes personnalis\u00e9es\u00a0?<\/h2>\n\n\n\n<p>Les commandes personnalis\u00e9es ne sont pas remboursables. Si Ajediam ach\u00e8te un ou des produit(s) ou diamant(s) \u00e0 la demande du client afin de cr\u00e9er un bijou sur mesure et que le client d\u00e9cide finalement de ne pas acheter le bijou, le(s) produit(s) demand\u00e9(s) ou \/et pierre(s) ne seront pas rembours\u00e9s.<\/p>\n\n\n\n<p>Pour les commandes personnalis\u00e9es avec un ou des diamants qui n&rsquo;ont pas \u00e9t\u00e9 achet\u00e9s par Ajediam \u00e0 la demande du client, le ou les diamants sont remboursables. Cependant, aucun remboursement n&rsquo;est effectu\u00e9 pour la valeur des frais de main-d&rsquo;\u0153uvre et d&rsquo;administration pour les bijoux con\u00e7us sur mesure.<\/p>\n\n\n\n<p>Les retours de commandes personnalis\u00e9es ne seront accept\u00e9s qu&rsquo;\u00e0 la discr\u00e9tion d&rsquo;Ajediam et les frais d&rsquo;administration, de production et de logistique du produit seront d\u00e9duits du montant du remboursement.<\/p>\n\n\n\n<h2 class=\"wp-block-heading\">Le processus de remboursement<\/h2>\n\n\n\n<p>Le remboursement interviendra dans les trente (30) jours suivant la r\u00e9ception du colis retourn\u00e9 si toutes les conditions mentionn\u00e9es ci-dessus ont \u00e9t\u00e9 respect\u00e9es. Dans le cas o\u00f9 Ajediam exerce son pouvoir discr\u00e9tionnaire concernant les retours non \u00e9ligibles, le remboursement n&rsquo;aura lieu qu&rsquo;une fois le produit reconstitu\u00e9 dans son \u00e9tat d&rsquo;origine.<\/p>\n\n\n\n<p>Les remboursements seront \u00e9mis selon la m\u00eame m\u00e9thode par laquelle ils ont \u00e9t\u00e9 re\u00e7us, c&rsquo;est-\u00e0-dire le mode de paiement original par virement bancaire, paiement par carte ou autre. En cas de remboursement, les remboursements approuv\u00e9s refl\u00e9teront le montant de la transaction tel que mentionn\u00e9 sur la facture fournie par Ajediam.<\/p>\n\n\n\n<p>Ajediam n&rsquo;est pas responsable des frais ou charges suppl\u00e9mentaires appliqu\u00e9s par les banques, des droits, TVA, taxes ou surtaxes pouvant \u00eatre per\u00e7us par le pays d&rsquo;importation du client ou toute autre partie tout au long du processus.<\/p>\n","protected":false},"excerpt":{"rendered":"<p>Conform\u00e9ment aux dispositions l\u00e9gales europ\u00e9ennes et nationales applicables \u00e0 nos conditions d&rsquo;utilisation, nos clients ont le droit de signifier \u00e0 Ajediam qu&rsquo;ils renoncent \u00e0 un achat sans paiement de p\u00e9nalit\u00e9 ou sans justification, dans un d\u00e9lai de quinze (15) jours calendaires \u00e0 compter de la jour suivant la livraison. Si vous souhaitez retourner votre commande [&hellip;]<\/p>\n","protected":false},"author":5,"featured_media":0,"parent":9720,"menu_order":0,"comment_status":"closed","ping_status":"closed","template":"","meta":{"ub_ctt_via":"","footnotes":""},"acf":[],"featured_image_src":null,"_links":{"self":[{"href":"https:\/\/ajediam.com\/fr\/wp-json\/wp\/v2\/pages\/9730"}],"collection":[{"href":"https:\/\/ajediam.com\/fr\/wp-json\/wp\/v2\/pages"}],"about":[{"href":"https:\/\/ajediam.com\/fr\/wp-json\/wp\/v2\/types\/page"}],"author":[{"embeddable":true,"href":"https:\/\/ajediam.com\/fr\/wp-json\/wp\/v2\/users\/5"}],"replies":[{"embeddable":true,"href":"https:\/\/ajediam.com\/fr\/wp-json\/wp\/v2\/comments?post=9730"}],"version-history":[{"count":1,"href":"https:\/\/ajediam.com\/fr\/wp-json\/wp\/v2\/pages\/9730\/revisions"}],"predecessor-version":[{"id":9731,"href":"https:\/\/ajediam.com\/fr\/wp-json\/wp\/v2\/pages\/9730\/revisions\/9731"}],"up":[{"embeddable":true,"href":"https:\/\/ajediam.com\/fr\/wp-json\/wp\/v2\/pages\/9720"}],"wp:attachment":[{"href":"https:\/\/ajediam.com\/fr\/wp-json\/wp\/v2\/media?parent=9730"}],"curies":[{"name":"wp","href":"https:\/\/api.w.org\/{rel}","templated":true}]}}