{"id":9734,"date":"2022-07-07T09:22:03","date_gmt":"2022-07-07T09:22:03","guid":{"rendered":"https:\/\/ajediam.com\/?page_id=9734"},"modified":"2023-06-27T16:30:39","modified_gmt":"2023-06-27T16:30:39","slug":"confidentialite","status":"publish","type":"page","link":"https:\/\/ajediam.com\/fr\/confidentialite\/","title":{"rendered":"Confidentialit\u00e9 chez Ajediam"},"content":{"rendered":"\n<p>Chez Ajediam.com, nous nous engageons \u00e0 prot\u00e9ger vos informations personnelles conform\u00e9ment aux derni\u00e8res obligations l\u00e9gales telles que le r\u00e8glement g\u00e9n\u00e9ral sur la protection des donn\u00e9es.<\/p>\n\n\n\n<p>Si vous souhaitez uniquement naviguer sur notre site Web sans vous inscrire \u00e0 notre newsletter et sans nous envoyer de demandes de renseignements, vous pouvez choisir de ne partager aucune information via nos cookies en ajustant les param\u00e8tres de votre navigateur Web.<\/p>\n\n\n\n<p>Afin de vous fournir le meilleur service possible, nous collectons certains types de donn\u00e9es personnelles telles que, mais sans s&rsquo;y limiter, la localisation, les activit\u00e9s de navigation en ligne sur notre site Web, ainsi que votre nom et vos coordonn\u00e9es si vous les avez partag\u00e9es avec nous dans nos communications ou nos formulaires d&rsquo;abonnement et de demande.<\/p>\n\n\n\n<p>La loi nous oblige \u00e0 communiquer la base juridique du traitement de vos donn\u00e9es personnelles. Les deux principaux piliers sont le consentement et la n\u00e9cessit\u00e9 de satisfaire nos int\u00e9r\u00eats l\u00e9gitimes tels que, mais sans s&rsquo;y limiter, le traitement des commandes et la gestion des retours ou des remboursements.<\/p>\n\n\n\n<p>Nous ne conservons pas vos donn\u00e9es personnelles plus longtemps que n\u00e9cessaire, diff\u00e9rentes p\u00e9riodes de conservation s&rsquo;appliquent pour diff\u00e9rents types de donn\u00e9es. Nous comprenons l&rsquo;importance des limitations de stockage et nous nous engageons \u00e0 examiner r\u00e9guli\u00e8rement nos informations et \u00e0 effacer ou anonymiser les donn\u00e9es personnelles lorsque nous n&rsquo;en avons plus besoin.<\/p>\n\n\n\n<p>\u00c0 tout moment, vous avez le droit d&rsquo;acc\u00e9der \u00e0 vos informations personnelles, de les rectifier ou de nous adresser une demande de suppression des informations que nous d\u00e9tenons \u00e0 votre sujet si vous avez retir\u00e9 votre consentement. Suite \u00e0 votre demande, nous supprimerons toutes les donn\u00e9es personnelles que nous n&rsquo;avons pas besoin de conserver pour quelque raison que ce soit.<\/p>\n\n\n\n<p>Si vous souhaitez exercer l&rsquo;un de vos droits, veuillez nous contacter via <a href=\"mailto:care@ajediam.com\">care@ajediam.com<\/a> et nous vous r\u00e9pondrons dans les trente (30) jours suivant votre demande.<\/p>\n\n\n\n<p>Vous pouvez d\u00e9cider de vous d\u00e9sinscrire \u00e0 tout moment de tout service auquel vous vous \u00eates inscrit via nos boutons de d\u00e9sinscription conviviaux.<\/p>\n\n\n\n<p>Notre site Web utilise des cookies. Les cookies sont de petits \u00e9l\u00e9ments de donn\u00e9es qu&rsquo;un site Web peut envoyer \u00e0 votre ordinateur \u00e0 des fins d&rsquo;enregistrement. La plupart des internautes acceptent automatiquement les cookies. Pour plus d&rsquo;informations, veuillez nous contacter via <a href=\"mailto:care@ajediam.com\">care@ajediam.com<\/a>.<\/p>\n","protected":false},"excerpt":{"rendered":"<p>Chez Ajediam.com, nous nous engageons \u00e0 prot\u00e9ger vos informations personnelles conform\u00e9ment aux derni\u00e8res obligations l\u00e9gales telles que le r\u00e8glement g\u00e9n\u00e9ral sur la protection des donn\u00e9es. Si vous souhaitez uniquement naviguer sur notre site Web sans vous inscrire \u00e0 notre newsletter et sans nous envoyer de demandes de renseignements, vous pouvez choisir de ne partager aucune [&hellip;]<\/p>\n","protected":false},"author":5,"featured_media":0,"parent":0,"menu_order":0,"comment_status":"closed","ping_status":"closed","template":"legal-page.php","meta":{"ub_ctt_via":"","footnotes":""},"acf":[],"featured_image_src":null,"_links":{"self":[{"href":"https:\/\/ajediam.com\/fr\/wp-json\/wp\/v2\/pages\/9734"}],"collection":[{"href":"https:\/\/ajediam.com\/fr\/wp-json\/wp\/v2\/pages"}],"about":[{"href":"https:\/\/ajediam.com\/fr\/wp-json\/wp\/v2\/types\/page"}],"author":[{"embeddable":true,"href":"https:\/\/ajediam.com\/fr\/wp-json\/wp\/v2\/users\/5"}],"replies":[{"embeddable":true,"href":"https:\/\/ajediam.com\/fr\/wp-json\/wp\/v2\/comments?post=9734"}],"version-history":[{"count":1,"href":"https:\/\/ajediam.com\/fr\/wp-json\/wp\/v2\/pages\/9734\/revisions"}],"predecessor-version":[{"id":9735,"href":"https:\/\/ajediam.com\/fr\/wp-json\/wp\/v2\/pages\/9734\/revisions\/9735"}],"wp:attachment":[{"href":"https:\/\/ajediam.com\/fr\/wp-json\/wp\/v2\/media?parent=9734"}],"curies":[{"name":"wp","href":"https:\/\/api.w.org\/{rel}","templated":true}]}}