{"id":9736,"date":"2023-03-31T20:37:59","date_gmt":"2023-03-31T20:37:59","guid":{"rendered":"https:\/\/ajediam.com\/?page_id=9736"},"modified":"2023-06-27T16:44:48","modified_gmt":"2023-06-27T16:44:48","slug":"conditions-dutilisation","status":"publish","type":"page","link":"https:\/\/ajediam.com\/fr\/conditions-dutilisation\/","title":{"rendered":"Conditions d&rsquo;utilisation d&rsquo;Ajediam"},"content":{"rendered":"\n<p>Conditions d&rsquo;utilisation d&rsquo;Ajediam.com<\/p>\n\n\n\n<ol><li>Introduction<\/li><\/ol>\n\n\n\n<p>Ces conditions d&rsquo;utilisation (\u00ab\u00a0Conditions\u00a0\u00bb) r\u00e9gissent votre acc\u00e8s et votre utilisation du site Web Ajediam.com (\u00ab\u00a0Site Web\u00a0\u00bb), d\u00e9tenu et exploit\u00e9 par OnlyJewels BV (\u00ab\u00a0Ajediam\u00a0\u00bb, \u00ab\u00a0nous\u00a0\u00bb, \u00ab\u00a0notre\u00a0\u00bb ou \u00ab\u00a0notre\u00a0\u00bb ). En acc\u00e9dant ou en utilisant le site Web, vous acceptez d&rsquo;\u00eatre li\u00e9 par ces conditions. Si vous n&rsquo;acceptez pas ces conditions, veuillez ne pas acc\u00e9der ou utiliser le site Web.<\/p>\n\n\n\n<ol start=\"2\"><li>\u00c9ligibilit\u00e9<\/li><\/ol>\n\n\n\n<p>En utilisant le site Web, vous d\u00e9clarez et garantissez que vous avez au moins 18 ans, ou l&rsquo;\u00e2ge de la majorit\u00e9 l\u00e9gale dans votre juridiction, et que vous poss\u00e9dez la capacit\u00e9 juridique d&rsquo;accepter ces conditions.<\/p>\n\n\n\n<ol start=\"3\"><li>Droits de propri\u00e9t\u00e9 intellectuelle<\/li><\/ol>\n\n\n\n<p>Tout le contenu, y compris, mais sans s&rsquo;y limiter, les textes, images, graphiques, logos et conceptions du site Web sont la propri\u00e9t\u00e9 d&rsquo;Ajediam ou de ses conc\u00e9dants et sont prot\u00e9g\u00e9s par le droit d&rsquo;auteur, les marques de commerce et d&rsquo;autres lois sur la propri\u00e9t\u00e9 intellectuelle. Vous ne pouvez pas utiliser, reproduire, modifier, distribuer ou afficher toute partie du contenu du site Web sans notre consentement \u00e9crit pr\u00e9alable.<\/p>\n\n\n\n<ol start=\"4\"><li>Comptes utilisateur<\/li><\/ol>\n\n\n\n<p>Vous pouvez \u00eatre amen\u00e9 \u00e0 cr\u00e9er un compte pour acc\u00e9der \u00e0 certaines fonctionnalit\u00e9s du Site. Vous \u00eates responsable du maintien de la confidentialit\u00e9 des informations de votre compte et de votre mot de passe et de toutes les activit\u00e9s qui se produisent sous votre compte. Vous vous engagez \u00e0 nous informer imm\u00e9diatement de toute utilisation non autoris\u00e9e de votre compte.<\/p>\n\n\n\n<ol start=\"5\"><li>Conduite de l&rsquo;utilisateur<\/li><\/ol>\n\n\n\n<p>En utilisant le site Web, vous vous engagez \u00e0 ne pas:<\/p>\n\n\n\n<p>a. S&rsquo;engager dans des activit\u00e9s ill\u00e9gales ou non autoris\u00e9es, y compris, mais sans s&rsquo;y limiter, la fraude, le harc\u00e8lement ou le spam.<br><br>b. Violer ou enfreindre les droits d&rsquo;autrui, y compris les droits de propri\u00e9t\u00e9 intellectuelle, la vie priv\u00e9e ou les droits de publicit\u00e9.<\/p>\n\n\n\n<p>c. Transmettre ou t\u00e9l\u00e9charger tout contenu nuisible, offensant ou autrement r\u00e9pr\u00e9hensible.<\/p>\n\n\n\n<p>d. Interf\u00e9rer avec ou perturber le site Web, ses serveurs ou tout r\u00e9seau associ\u00e9.<\/p>\n\n\n\n<ol start=\"6\"><li>Descriptions des produits et services<\/li><\/ol>\n\n\n\n<p>Nous nous effor\u00e7ons de fournir des informations exactes et \u00e0 jour sur nos produits et services. Cependant, nous ne pouvons pas garantir que toutes les descriptions de produits, les images et les prix seront toujours sans erreur. En cas de divergences, nous nous r\u00e9servons le droit de corriger les informations et d&rsquo;ajuster votre commande en cons\u00e9quence.<\/p>\n\n\n\n<ol start=\"7\"><li>Paiements et Remboursement<\/li><\/ol>\n\n\n\n<p>Tous les paiements doivent \u00eatre effectu\u00e9s dans la devise indiqu\u00e9e sur le site Web. Nous acceptons diff\u00e9rents modes de paiement, comme indiqu\u00e9 lors du processus de paiement. Nous nous r\u00e9servons le droit de refuser ou d&rsquo;annuler toute commande pour quelque raison que ce soit, y compris, mais sans s&rsquo;y limiter, une fraude au paiement, des probl\u00e8mes d&rsquo;inventaire ou des erreurs de prix.<\/p>\n\n\n\n<p>Les remboursements et les \u00e9changes sont soumis \u00e0 notre politique de retour, qui vous sera fournie au moment de l&rsquo;achat.<\/p>\n\n\n\n<ol start=\"8\"><li>Limitation de responsabilit\u00e9<\/li><\/ol>\n\n\n\n<p>Dans toute la mesure permise par la loi, Ajediam, ses soci\u00e9t\u00e9s affili\u00e9es, administrateurs, employ\u00e9s ou agents ne pourront en aucun cas \u00eatre tenus responsables des dommages directs, indirects, accessoires, sp\u00e9ciaux, cons\u00e9cutifs ou punitifs r\u00e9sultant de votre acc\u00e8s ou de votre utilisation du Site Web, son contenu ou tout produit ou service achet\u00e9 via le Site Web, qu&rsquo;il soit fond\u00e9 sur une garantie, un contrat, un d\u00e9lit ou toute autre th\u00e9orie juridique, et qu&rsquo;Ajediam ait \u00e9t\u00e9 inform\u00e9 ou non de la possibilit\u00e9 de tels dommages.<\/p>\n\n\n\n<ol start=\"9\"><li>Indemnit\u00e9<\/li><\/ol>\n\n\n\n<p>Vous acceptez d&rsquo;indemniser, de d\u00e9fendre et d&rsquo;exon\u00e9rer Ajediam, ses soci\u00e9t\u00e9s affili\u00e9es, administrateurs, employ\u00e9s et agents de et contre toutes r\u00e9clamations, responsabilit\u00e9s, dommages, pertes ou d\u00e9penses, y compris les honoraires d&rsquo;avocat raisonnables, d\u00e9coulant de ou li\u00e9s \u00e0 votre acc\u00e8s ou votre utilisation du site Web, votre violation de ces conditions ou toute violation des droits d&rsquo;un tiers.<\/p>\n\n\n\n<ol start=\"10\"><li>Droit applicable et juridiction<\/li><\/ol>\n\n\n\n<p>Ces conditions sont r\u00e9gies et interpr\u00e9t\u00e9es conform\u00e9ment aux lois de la juridiction dans laquelle OnlyJewels BV est situ\u00e9e, \u00e0 savoir la Belgique, sans \u00e9gard \u00e0 ses dispositions en mati\u00e8re de conflit de lois. Tout litige d\u00e9coulant de ou li\u00e9 \u00e0.<\/p>\n","protected":false},"excerpt":{"rendered":"<p>Conditions d&rsquo;utilisation d&rsquo;Ajediam.com Introduction Ces conditions d&rsquo;utilisation (\u00ab\u00a0Conditions\u00a0\u00bb) r\u00e9gissent votre acc\u00e8s et votre utilisation du site Web Ajediam.com (\u00ab\u00a0Site Web\u00a0\u00bb), d\u00e9tenu et exploit\u00e9 par OnlyJewels BV (\u00ab\u00a0Ajediam\u00a0\u00bb, \u00ab\u00a0nous\u00a0\u00bb, \u00ab\u00a0notre\u00a0\u00bb ou \u00ab\u00a0notre\u00a0\u00bb ). En acc\u00e9dant ou en utilisant le site Web, vous acceptez d&rsquo;\u00eatre li\u00e9 par ces conditions. Si vous n&rsquo;acceptez pas ces conditions, veuillez ne [&hellip;]<\/p>\n","protected":false},"author":5,"featured_media":0,"parent":0,"menu_order":0,"comment_status":"closed","ping_status":"closed","template":"legal-page.php","meta":{"ub_ctt_via":"","footnotes":""},"acf":[],"featured_image_src":null,"_links":{"self":[{"href":"https:\/\/ajediam.com\/fr\/wp-json\/wp\/v2\/pages\/9736"}],"collection":[{"href":"https:\/\/ajediam.com\/fr\/wp-json\/wp\/v2\/pages"}],"about":[{"href":"https:\/\/ajediam.com\/fr\/wp-json\/wp\/v2\/types\/page"}],"author":[{"embeddable":true,"href":"https:\/\/ajediam.com\/fr\/wp-json\/wp\/v2\/users\/5"}],"replies":[{"embeddable":true,"href":"https:\/\/ajediam.com\/fr\/wp-json\/wp\/v2\/comments?post=9736"}],"version-history":[{"count":1,"href":"https:\/\/ajediam.com\/fr\/wp-json\/wp\/v2\/pages\/9736\/revisions"}],"predecessor-version":[{"id":9737,"href":"https:\/\/ajediam.com\/fr\/wp-json\/wp\/v2\/pages\/9736\/revisions\/9737"}],"wp:attachment":[{"href":"https:\/\/ajediam.com\/fr\/wp-json\/wp\/v2\/media?parent=9736"}],"curies":[{"name":"wp","href":"https:\/\/api.w.org\/{rel}","templated":true}]}}