{"id":9754,"date":"2023-05-08T15:37:05","date_gmt":"2023-05-08T15:37:05","guid":{"rendered":"https:\/\/ajediam.com\/?page_id=9754"},"modified":"2023-06-28T11:51:00","modified_gmt":"2023-06-28T11:51:00","slug":"visiter-anvers","status":"publish","type":"page","link":"https:\/\/ajediam.com\/fr\/visiter-anvers\/","title":{"rendered":"Visiter Anvers"},"content":{"rendered":"\n<p class=\"tt1\">Explorez le joyau cach\u00e9 de l&rsquo;Europe, une ville culturellement riche, diversifi\u00e9e et dynamique.<\/p>\n\n\n\n<p class=\"tt2\">Plongez dans la ville vibrante et captivante d&rsquo;Anvers, un tr\u00e9sor europ\u00e9en qui s&rsquo;adresse \u00e0 tous les types de visiteurs. Avec une sc\u00e8ne culturelle incroyablement riche et diversifi\u00e9e, Anvers offre un \u00e9ventail d&rsquo;exp\u00e9riences\u00a0: offrez-vous une cuisine raffin\u00e9e, \u00e9merveillez-vous devant des mus\u00e9es de classe mondiale et admirez l&rsquo;art, le design, la mode, la musique et l&rsquo;architecture saisissants. Il y en a pour tous les go\u00fbts dans cette ville dynamique et en constante \u00e9volution, ce qui en fait une destination incontournable pour ceux qui appr\u00e9cient les belles choses de la vie.<\/p>\n","protected":false},"excerpt":{"rendered":"<p>Explorez le joyau cach\u00e9 de l&rsquo;Europe, une ville culturellement riche, diversifi\u00e9e et dynamique. Plongez dans la ville vibrante et captivante d&rsquo;Anvers, un tr\u00e9sor europ\u00e9en qui s&rsquo;adresse \u00e0 tous les types de visiteurs. Avec une sc\u00e8ne culturelle incroyablement riche et diversifi\u00e9e, Anvers offre un \u00e9ventail d&rsquo;exp\u00e9riences\u00a0: offrez-vous une cuisine raffin\u00e9e, \u00e9merveillez-vous devant des mus\u00e9es de classe [&hellip;]<\/p>\n","protected":false},"author":5,"featured_media":95158,"parent":0,"menu_order":0,"comment_status":"closed","ping_status":"closed","template":"childpage-page.php","meta":{"ub_ctt_via":"","footnotes":""},"acf":[],"featured_image_src":"https:\/\/ajediam.com\/wp-content\/uploads\/2025\/07\/Screenshot-2025-07-21-at-18.42.12-1.png","_links":{"self":[{"href":"https:\/\/ajediam.com\/fr\/wp-json\/wp\/v2\/pages\/9754"}],"collection":[{"href":"https:\/\/ajediam.com\/fr\/wp-json\/wp\/v2\/pages"}],"about":[{"href":"https:\/\/ajediam.com\/fr\/wp-json\/wp\/v2\/types\/page"}],"author":[{"embeddable":true,"href":"https:\/\/ajediam.com\/fr\/wp-json\/wp\/v2\/users\/5"}],"replies":[{"embeddable":true,"href":"https:\/\/ajediam.com\/fr\/wp-json\/wp\/v2\/comments?post=9754"}],"version-history":[{"count":1,"href":"https:\/\/ajediam.com\/fr\/wp-json\/wp\/v2\/pages\/9754\/revisions"}],"predecessor-version":[{"id":9756,"href":"https:\/\/ajediam.com\/fr\/wp-json\/wp\/v2\/pages\/9754\/revisions\/9756"}],"wp:featuredmedia":[{"embeddable":true,"href":"https:\/\/ajediam.com\/fr\/wp-json\/wp\/v2\/media\/95158"}],"wp:attachment":[{"href":"https:\/\/ajediam.com\/fr\/wp-json\/wp\/v2\/media?parent=9754"}],"curies":[{"name":"wp","href":"https:\/\/api.w.org\/{rel}","templated":true}]}}