{"id":9761,"date":"2019-04-26T07:56:39","date_gmt":"2019-04-26T07:56:39","guid":{"rendered":"https:\/\/ajediam.com\/?page_id=9761"},"modified":"2023-06-28T12:25:29","modified_gmt":"2023-06-28T12:25:29","slug":"tourisme-a-anvers","status":"publish","type":"page","link":"https:\/\/ajediam.com\/fr\/visiter-anvers\/tourisme-a-anvers\/","title":{"rendered":"Tourisme \u00e0 Anvers"},"content":{"rendered":"<p><div class='row vc_row '><div class='col-md-12 '><div class='row '><div class='col-md-12 col-inner'><div class='col-inwrap'><div class='mb-4'><p><\/p>\n<h4>Citytrip touristique d&rsquo;Anvers<\/h4>\n<p>Cette ville magnifique est reconnue par la presse am\u00e9ricaine New York Times :<\/p>\n<ul>\n<li>Sa renomm\u00e9e, son luxe, sa beaut\u00e9 et sa s\u00e9curit\u00e9<\/li>\n<li>World Diamond Center avec le c\u00e9l\u00e8bre Diamond Museum Fashion<\/li>\n<li>Anvers \u00e9tant l&rsquo;une des plus anciennes villes de la r\u00e9gion flamande de Belgique<\/li>\n<li>Excellents guides de voyage et conseils touristiques &#8211; Excellents restaurants \u00e0 des prix abordables !<\/li>\n<\/ul>\n<p><\/p><\/div><\/div><\/div><\/div><div class='row '><div class='col-md-4 col-inner'><div class='col-inwrap'><div class='vc-image text-center'><figure><div><img src='https:\/\/ajediam.com\/wp-content\/uploads\/2019\/03\/Antwerp_Sightseeing_Diamond_bus_5_cm.jpg' alt=''><\/div><\/figure><\/div><\/div><\/div><div class='col-md-4 col-inner'><div class='col-inwrap'><div class='mb-4'><p><\/p>\n<h5>Visitez Anvers en bus touristique \u00e0 arr\u00eats multiples.<\/h5>\n<p>Informations compl\u00e8tes sur les arr\u00eats, les heures, les prix et le plan de la ville.<\/p>\n<p><a href=\"\/Visit-Antwerp-hop-on-hop-off-sightseeing-Antwerp-Diamond-Bus\">Sightseeing Bus<\/a><\/p>\n<p>Visitez le magnifique zoo et la cath\u00e9drale de la gare centrale<\/p><\/div><\/div><\/div><div class='col-md-4 col-inner'><div class='col-inwrap'><div class='vc-image text-center'><figure><div><img src='https:\/\/ajediam.com\/wp-content\/uploads\/2019\/03\/Central_Railway_Station_Antwerp_2013.jpg' alt=''><\/div><\/figure><\/div><\/div><\/div><\/div><hr class='mb-4' \/><\/div><\/div> <div class='row vc_row '><div class='col-md-6 '><div class='mb-4'><p><\/p>\n<h5>Visitez l&rsquo;impressionnant mus\u00e9e du diamant \u00e0 Anvers.<\/h5>\n<p>Des informations compl\u00e8tes sur les horaires, les prix et un plan de la ville pour le mus\u00e9e du diamant<\/p>\n<p>Nouvel emplacement: MAS | Museum aan de Stroom<br \/>\nHanzestedenplaats 1, 2000 Antwerpen<br \/>\nTel.: +32 338 44 00<\/p><\/div><\/div><div class='col-md-6 '><div class='vc-image text-center'><figure><div><img src='https:\/\/ajediam.com\/wp-content\/uploads\/2019\/03\/Mas_Diamond_pavilion_in_Museum_Picture_source_GAVA.jpg' alt=''><\/div><\/figure><\/div><\/div><\/div> <div class='row vc_row '><div class='col-md-12 '><hr class='mb-4' \/><\/div><\/div> <div class='row vc_row '><div class='col-md-6 '><div class='vc-image text-center'><figure><div><img src='https:\/\/ajediam.com\/wp-content\/uploads\/2019\/03\/Diamond_Exchange_Antwerpsche_Diamantkring_5cm.jpg' alt=''><\/div><\/figure><\/div><\/div><div class='col-md-6 '><div class='mb-4'><p><\/p>\n<h5>Achetez des diamants polis au c\u00e9l\u00e8bre Diamond Exchange, Bourse Trading Center.<\/h5>\n<p>D\u00e9couvrez les secrets d&rsquo;initi\u00e9s de l&rsquo;art du polissage des diamants.<br \/>\nAchetez les c\u00e9l\u00e8bres diamants d&rsquo;Anvers directement \u00e0 la source aupr\u00e8s du World Diamond Center.<\/p>\n<p>Prendre rendez-vous. Entr\u00e9e r\u00e9serv\u00e9e aux invit\u00e9s:<br \/>\nPour votre invitation, veuillez envoyer un e-mail ou appeler<br \/>\nTel: + 32 3 808 72 02<\/p>\n<p><a href=\"\/Diamonds-from-one-to-20ct\">Consult Buying Guide<\/a><\/p><\/div><\/div><\/div> <div class='row vc_row '><div class='col-md-12 '><hr class='mb-4' \/><\/div><\/div> <div class='row vc_row '><div class='col-md-6 '><div class='mb-4'><p><\/p>\n<h5>Visitez le Palais Royal d&rsquo;Anvers.<\/h5>\n<p>Le palais appartenait autrefois \u00e0 l&#8217;empereur Napol\u00e9on, au roi Guillaume Ier des Pays-Bas et au roi L\u00e9opold II de Belgique.<\/p>\n<p>Des informations compl\u00e8tes sur les horaires, les prix et un plan de la ville au\u00a0Royal Palace Antwerp<\/p><\/div><\/div><div class='col-md-6 '><div class='vc-image text-center'><figure><div><img src='https:\/\/ajediam.com\/wp-content\/uploads\/2019\/03\/Antwerp_Royal_Palace_5cm.jpg' alt=''><\/div><\/figure><\/div><\/div><\/div> <div class='row vc_row '><div class='col-md-12 '><hr class='mb-4' \/><\/div><\/div> <div class='row vc_row '><div class='col-md-6 '><div class='vc-image text-center'><figure><div><img src='https:\/\/ajediam.com\/wp-content\/uploads\/2019\/03\/Old_City_Ballroom__Meir_Antwerp_5cm.jpg' alt=''><\/div><\/figure><\/div><\/div><div class='col-md-6 '><div class='mb-4'><p><\/p>\n<h5>Shopping \u00e0 Anvers et dans la salle de bal de la vieille ville.<\/h5>\n<p>Se promener et faire du shopping sur le \u00ab\u00a0Meir\u00a0\u00bb\u00a0: visitez Stadsfeestzaal sur le Meir, la salle de bal de la ville r\u00e9cemment r\u00e9nov\u00e9e qui est maintenant un centre commercial de luxe.<\/p>\n<p>Vous trouverez de nombreux jeunes cr\u00e9ateurs de mode flamands comme Dries Van Noten, Walter Van Beirendonck, Ann De Meulemeester et Dirk Bikkembergs. Il y a aussi un fabuleux bar \u00e0 champagne.<\/p>\n<p>Schuttershofstraat et Groenplaats regorgent de boutiques de luxe proposant les marques les plus c\u00e9l\u00e8bres.<br \/>\nhttp:\/\/www.aviewoncities.com\/antwerp\/meir.htm<\/p><\/div><\/div><\/div> <div class='row vc_row '><div class='col-md-12 '><hr class='mb-4' \/><\/div><\/div> <div class='row vc_row '><div class='col-md-6 '><div class='mb-4'><p><\/p>\n<h5>Mus\u00e9e de la mode.<\/h5>\n<p>Nationalestraat 28, Anvers<\/p>\n<p>Le MoMu Fashion Museum propose une collection de plus de 25 000 articles allant des v\u00eatements aux chaussures et accessoires \u00e0 la dentelle.<\/p>\n<p>Leur objectif est de collectionner des costumes historiques (les pi\u00e8ces les plus anciennes datent du 16\u00e8me si\u00e8cle !) ainsi que des pi\u00e8ces de cr\u00e9ateurs contemporains tels que Dries Van Noten, Yohji Yamamoto, Bernhard Willhelm et Ann Demeulemeester, et de les conserver dans les meilleures conditions. \u00e9tat \u00e9ventuel.<\/p>\n<p>http:\/\/www.momu.be<\/p><\/div><\/div><div class='col-md-6 '><div class='vc-image text-center'><figure><div><img src='https:\/\/ajediam.com\/wp-content\/uploads\/2019\/03\/antwerp_fashion_museum.jpg' alt=''><\/div><\/figure><\/div><\/div><\/div> <div class='row vc_row '><div class='col-md-12 '><hr class='mb-4' \/><\/div><\/div> <div class='row vc_row '><div class='col-md-6 '><div class='vc-image text-center'><figure><div><img src='https:\/\/ajediam.com\/wp-content\/uploads\/2019\/03\/Antwerp_boat_cruises_port_harbour_5_cm.jpg' alt=''><\/div><\/figure><\/div><\/div><div class='col-md-6 '><div class='mb-4'><p><\/p>\n<h5>Croisi\u00e8res en Bateau dans le Port et au Port sur l&rsquo;Escaut.<\/h5>\n<p>Faites une croisi\u00e8re dans le port de l&rsquo;Escaut.<br \/>\nPour la croisi\u00e8re dans le port de l&rsquo;Escaut de 2 ou 5 heures, vous partirez de la Steenplein. Pour information: http:\/\/www.antwerp-tourist-guide.com\/tours-antwerp.html<\/p><\/div><\/div><\/div> <div class='row vc_row '><div class='col-md-12 '><hr class='mb-4' \/><div class='row '><div class='col-md-4 col-inner'><div class='col-inwrap'><div class='vc-image text-center'><figure><div><img src='https:\/\/ajediam.com\/wp-content\/uploads\/2019\/03\/Restaurant_Pizzeria_San_Remo_Antwerp_5cm.jpg' alt=''><\/div><\/figure><\/div><div class='mb-4'><p><\/p>\n<h5>Trouvez des restaurants italiens et siciliens confortables et abordables \u00e0 Anvers.<\/h5>\n<p><\/p><\/div><\/div><\/div><div class='col-md-4 col-inner'><div class='col-inwrap'><div class='mb-4'><p><\/p>\n<h5>Manger et boire \u00e0 Anvers<\/h5>\n<p>La m\u00e9tropole, comme Anvers est souvent appel\u00e9e, est l&rsquo;endroit id\u00e9al pour d\u00e9couvrir les joies de bien manger et de bien boire. Il y a litt\u00e9ralement des centaines de restaurants et de pubs.<\/p><\/div><\/div><\/div><div class='col-md-4 col-inner'><div class='col-inwrap'><div class='vc-image text-center'><figure><div><img src='https:\/\/ajediam.com\/wp-content\/uploads\/2019\/03\/Antwerp_famous_beer_Bolleke_5cm.jpg' alt=''><\/div><\/figure><\/div><div class='mb-4'><p><\/p>\n<h5>La c\u00e9l\u00e8bre bi\u00e8re d&rsquo;Anvers, Bolleke<\/h5>\n<p><\/p><\/div><\/div><\/div><\/div><div class='row '><div class='col-md-12 col-inner'><div class='col-inwrap'><hr class='mb-4' \/><\/div><\/div><\/div><div class='row '><div class='col-md-4 col-inner'><div class='col-inwrap'><div class='vc-image text-center'><figure><div><img src='https:\/\/ajediam.com\/wp-content\/uploads\/2019\/03\/Las_Manas.jpg' alt=''><\/div><\/figure><\/div><div class='mb-4'><p><\/p>\n<h5>Le restaurant espagnol traditionnel d&rsquo;Anvers propose une cuisine espagnole raffin\u00e9e !<\/h5>\n<p><\/p><\/div><\/div><\/div><div class='col-md-4 col-inner'><div class='col-inwrap'><div class='mb-4'><p><\/p>\n<h5>Anvers offre des gagnants culinaires et des restaurants originaux.<\/h5>\n<p>Consultez le guide des aliments et des boissons d&rsquo;Anvers de Yahoo Travel\u00a0:<br \/>\nhttp:\/\/travel.yahoo.com\/p-travelguide-2771840-antwerp_restaurantsi;_ylt=Ai9odzgizmnBwHsPN0L48YuWFWoL<\/p><\/div><\/div><\/div><div class='col-md-4 col-inner'><div class='col-inwrap'><div class='vc-image text-center'><figure><div><img src='https:\/\/ajediam.com\/wp-content\/uploads\/2019\/03\/Sight_Italian_restaurant_Antwerp_picture_7_5_cm.jpg' alt=''><\/div><\/figure><\/div><div class='mb-4'><p><\/p>\n<h5>Restaurant traditionnel sicilien \u00e0 Anvers<\/h5>\n<p><\/p><\/div><\/div><\/div><\/div><hr class='mb-4' \/><div class='mb-4'><p><\/p>\n<h4 style=\"text-align: center;\">Attractions populaires, mus\u00e9es, cath\u00e9drales et monuments \u00e0 Anvers<\/h4>\n<p><\/p><\/div><div class='row '><div class='col-md-6 col-inner'><div class='col-inwrap'><div class='mb-4'><p><\/p>\n<h5>Visitez les attractions populaires, les mus\u00e9es, les cath\u00e9drales et les monuments d&rsquo;Anvers, lors d&rsquo;une excursion d&rsquo;une heure ou d&rsquo;une journ\u00e9e et plus encore.<\/h5>\n<p>Profitez de notre planificateur de voyage en ville. Il y a des sites incroyables \u00e0 voir dans et autour d&rsquo;Anvers !<\/p>\n<p>Zoo d&rsquo;Anvers, Gare Centrale, Maison de Rubens, Mus\u00e9e Plantin-Moretus, Mus\u00e9e Royal des Beaux-Arts, Mus\u00e9e National de la Marine, Het Steen, Mas, \u00c9glise Cath\u00e9drale, \u00c9glise Carolus Borromeus, \u00c9glise Saint-Jacques, Place de la Ville, H\u00f4tel de Ville, H\u00f4tel de Ville, Festival et mus\u00e9e de Middelheim.<\/p><\/div><\/div><\/div><div class='col-md-6 col-inner'><div class='col-inwrap'><div class='mb-4'><p><\/p>\n<h5>Faites une visite virtuelle d&rsquo;Anvers.<\/h5>\n<p>De la vieille ville, du centre-ville et du port et des \u00e9v\u00e9nements. Commencez votre visite virtuelle ici\u00a0: http:\/\/www.aviewoncities.com\/antwerp\/cathedral.htm<\/p>\n<h5>Comment se rendre \u00e0 Anvers, en train, en voiture ou en avion.<\/h5>\n<p>Acc\u00e9der au guide de voyage : http:\/\/travel.yahoo.com\/p-travelguide-191501718-antwerp_vacations-il<\/p><\/div><\/div><\/div><\/div><div class='mb-4'><p><\/p>\n<h5>Locations de vacances \u00e0 Anvers.<\/h5>\n<p>Consultez <a href=\"https:\/\/www.tripadvisor.com\/Tourism-g188636-Antwerp_Antwerp_Province-Vacations.html\" target=\"_blank\" rel=\"nofollow noopener\">TripAdvisor<\/a> pour trouver la location de vacances id\u00e9ale \u00e0 Anvers.<\/p><\/div><div class=\"wpb_content_element gmap_div\"><iframe src=\"https:\/\/www.google.com\/maps\/embed?pb=!1m18!1m12!1m3!1d441.8003383487856!2d4.418317436855556!3d51.21538900550923!2m3!1f0!2f0!3f0!3m2!1i1024!2i768!4f13.1!3m3!1m2!1s0x0%3A0x2b9dc5eedb6264b2!2sAjediam.com!5e0!3m2!1sen!2s!4v1645547304444!5m2!1sen!2s\" width=\"100%\" height=\"450\" style=\"border:0;\" allowfullscreen=\"\" loading=\"lazy\"><\/iframe><\/div><div class='mb-4'><p><\/p>\n<h5 style=\"text-align: center;\"><a href=\"\/visit-antwerp\">Antwerp Sightseeing<\/a> | <a href=\"\/Visit-Antwerp-hop-on-hop-off-sightseeing-Antwerp-Diamond-Bus\">Sightseeing by bus<\/a> | <a href=\"\/Visit-Antwerp-Diamond-Museum\">Diamond Museum<\/a> | <a href=\"\/International-Diamond-Center\">Diamond Factory<\/a> | <a href=\"http:\/\/Visit-Antwerp-Royal-Palace\" target=\"_blank\">The Royal Palace<\/a> | <a href=\"http:\/\/Eating-drinking-in-Antwerp\" target=\"_blank\">Food and Drinks<\/a> | <a href=\"http:\/\/www.momu.be\/\" target=\"_blank\" rel=\"noopener noreferrer\">Fashion Museum<\/a> | <a href=\"http:\/\/www.aviewoncities.com\/antwerp\/centralstation.htm\" target=\"_blank\" rel=\"noopener noreferrer\">Central Station<\/a> | <a href=\"http:\/\/www.aviewoncities.com\/antwerp\/zoo.htm\" target=\"_blank\" rel=\"noopener noreferrer\">Zoo<\/a> | <a href=\"http:\/\/www.antwerp-tourist-guide.com\/tours-antwerp.html\" target=\"_blank\" rel=\"noopener noreferrer\">Boat Cruises<\/a> | <a href=\"\/Visit-Antwerp-Attractions-Museums-Cathedrals-Monuments\">Attractions, Museums, Cathedrals, Monuments<\/a> | <a href=\"http:\/\/www.aviewoncities.com\/antwerp\/cathedral.htm\" target=\"_blank\" rel=\"noopener noreferrer\">Virtual Tour<\/a> | <a href=\"http:\/\/maps.google.be\/maps?hl=nl&amp;rlz=1T4GGLL_nlBE383BE383&amp;q=google%20map%20Antwerp%20city%20center&amp;um=1&amp;ie=UTF-8&amp;sa=N&amp;tab=wl\" target=\"_blank\" rel=\"noopener noreferrer\">City map<\/a><\/h5>\n<p><\/p><\/div><\/div><\/div> <\/p>\n","protected":false},"excerpt":{"rendered":"","protected":false},"author":5,"featured_media":0,"parent":9754,"menu_order":0,"comment_status":"closed","ping_status":"closed","template":"","meta":{"ub_ctt_via":"","footnotes":""},"acf":[],"featured_image_src":null,"_links":{"self":[{"href":"https:\/\/ajediam.com\/fr\/wp-json\/wp\/v2\/pages\/9761"}],"collection":[{"href":"https:\/\/ajediam.com\/fr\/wp-json\/wp\/v2\/pages"}],"about":[{"href":"https:\/\/ajediam.com\/fr\/wp-json\/wp\/v2\/types\/page"}],"author":[{"embeddable":true,"href":"https:\/\/ajediam.com\/fr\/wp-json\/wp\/v2\/users\/5"}],"replies":[{"embeddable":true,"href":"https:\/\/ajediam.com\/fr\/wp-json\/wp\/v2\/comments?post=9761"}],"version-history":[{"count":1,"href":"https:\/\/ajediam.com\/fr\/wp-json\/wp\/v2\/pages\/9761\/revisions"}],"predecessor-version":[{"id":9762,"href":"https:\/\/ajediam.com\/fr\/wp-json\/wp\/v2\/pages\/9761\/revisions\/9762"}],"up":[{"embeddable":true,"href":"https:\/\/ajediam.com\/fr\/wp-json\/wp\/v2\/pages\/9754"}],"wp:attachment":[{"href":"https:\/\/ajediam.com\/fr\/wp-json\/wp\/v2\/media?parent=9761"}],"curies":[{"name":"wp","href":"https:\/\/api.w.org\/{rel}","templated":true}]}}