{"id":9763,"date":"2019-04-25T19:13:39","date_gmt":"2019-04-25T19:13:39","guid":{"rendered":"https:\/\/ajediam.com\/?page_id=9763"},"modified":"2023-06-28T12:35:24","modified_gmt":"2023-06-28T12:35:24","slug":"visitez-le-musee-du-diamant-danvers","status":"publish","type":"page","link":"https:\/\/ajediam.com\/fr\/visiter-anvers\/visitez-le-musee-du-diamant-danvers\/","title":{"rendered":"Visitez le mus\u00e9e du diamant d&rsquo;Anvers"},"content":{"rendered":"<p><div class='row vc_row '><div class='col-md-12 '><div class='row '><div class='col-md-12 col-inner'><div class='col-inwrap'><div class='mb-4'><p><\/p>\n<h4>Impressionnant Mus\u00e9e du Diamant \u00e0 Anvers, une exp\u00e9rience extraordinaire !<\/h4>\n<p>Visitez en m\u00eame temps la Bourse aux Diamants et la C\u00e9l\u00e8bre Fabrique de Diamants, Polishing Diamond Center<\/p>\n<p>Voir la meilleure s\u00e9lection d&rsquo;Attractions, Shopping et Divertissement, City Tour \u00e0 Anvers<\/p><\/div><\/div><\/div><\/div><div class='row '><div class='col-md-6 col-inner'><div class='col-inwrap'><div class='vc-image text-center'><figure><div><img src='https:\/\/ajediam.com\/wp-content\/uploads\/2019\/03\/Mas_Diamond_pavilion_in_Museum_Picture_source_GAVA.jpg' alt=''><\/div><\/figure><\/div><\/div><\/div><div class='col-md-6 col-inner'><div class='col-inwrap'><div class='mb-4'><p><\/p>\n<h5>Message important:<\/h5>\n<p>Le Mus\u00e9e du Diamant est d\u00e9sormais transf\u00e9r\u00e9 au MAS, Museum aan de Stroom<br \/>\nHanzestedenplaats 1, 2000 Anvers<br \/>\nTel. +32 3 338 44 00<\/p>\n<h5>Carte de la ville<\/h5>\n<p>Horaires d&rsquo;ouverture : de 10h00 \u00e0 17h30 (entr\u00e9e jusqu&rsquo;\u00e0 17h00) Ouvert \u00e9galement le samedi et le dimanche<\/p>\n<p>Ferm\u00e9 : tous les mercredis (sauf jours f\u00e9ri\u00e9s),<br \/>\n25 &amp; 26 d\u00e9cembre, 1er, 10, 21 janvier<\/p><\/div><\/div><\/div><\/div><\/div><\/div> <div class='row vc_row '><div class='col-md-6 '><div class='mb-4'><p><\/p>\n<h5>Affichage des diamants au c\u00e9l\u00e8bre Diamond Exchange, centre commercial<\/h5>\n<p>D\u00e9couvrez les secrets d&rsquo;initi\u00e9s du commerce du diamant et de l&rsquo;art du polissage \/ taille.<\/p>\n<p>Achetez les c\u00e9l\u00e8bres diamants d&rsquo;Anvers directement \u00e0 la source au World&rsquo;s Major Diamond Exchange d&rsquo;Anvers, le World Diamond Center.<\/p>\n<p>Entr\u00e9e r\u00e9serv\u00e9e aux invit\u00e9s Prendre rendez-vous<\/p>\n<p>Pour votre invitation, veuillez envoyer un <a href=\"https:\/\/ajediam.com\/fr\/notre-formulaire-de-demande-rapide\/\">e-mail<\/a> ou appeler le t\u00e9l\u00a0: + 32 3 808 72 02<\/p>\n<h5>Voir le plan de la ville<\/h5>\n<p><\/p><\/div><\/div><div class='col-md-6 '><div class='vc-image text-center'><figure><div><img src='https:\/\/ajediam.com\/wp-content\/uploads\/2019\/04\/Visit_Antwerp_Diamond_Museumelement107.jpg' alt=''><\/div><\/figure><\/div><\/div><\/div> <div class='row vc_row '><div class='col-md-12 '><div class='mb-4'><p><\/p>\n<p style=\"text-align: center;\">Le Mus\u00e9e du Diamant d\u00e9m\u00e9nage au MAS | Museum aan de Stroom Hanzestedenplaats 1, 2000 Anvers 03 338 44 00<\/p>\n<h5 style=\"text-align: center;\">Voir la carte google<\/h5>\n<p><\/p><\/div><div class='vc-image text-center'><figure><div><img src='https:\/\/ajediam.com\/wp-content\/uploads\/2019\/04\/Visit_Antwerp_Diamond_Museumelement91.jpg' alt=''><\/div><\/figure><\/div><div class='mb-4'><p><\/p>\n<h5 style=\"text-align: center;\"><a href=\"\/visit-antwerp\">Antwerp Sightseeing<\/a> | <a href=\"\/Visit-Antwerp-hop-on-hop-off-sightseeing-Antwerp-Diamond-Bus\">Sightseeing by bus<\/a> | <a href=\"\/Visit-Antwerp-Diamond-Museum\">Diamond Museum<\/a> | <a href=\"\/International-Diamond-Center\">Diamond Factory<\/a> | <a href=\"http:\/\/Visit-Antwerp-Royal-Palace\" target=\"_blank\">The Royal Palace<\/a> | <a href=\"http:\/\/Eating-drinking-in-Antwerp\" target=\"_blank\">Food and Drinks<\/a> | <a href=\"http:\/\/www.momu.be\/\" target=\"_blank\" rel=\"noopener noreferrer\">Fashion Museum<\/a> | <a href=\"http:\/\/www.aviewoncities.com\/antwerp\/centralstation.htm\" target=\"_blank\" rel=\"noopener noreferrer\">Central Station<\/a> | <a href=\"http:\/\/www.aviewoncities.com\/antwerp\/zoo.htm\" target=\"_blank\" rel=\"noopener noreferrer\">Zoo<\/a> | <a href=\"http:\/\/www.antwerp-tourist-guide.com\/tours-antwerp.html\" target=\"_blank\" rel=\"noopener noreferrer\">Boat Cruises<\/a> | <a href=\"\/Visit-Antwerp-Attractions-Museums-Cathedrals-Monuments\">Attractions, Museums, Cathedrals, Monuments<\/a> | <a href=\"http:\/\/www.aviewoncities.com\/antwerp\/cathedral.htm\" target=\"_blank\" rel=\"noopener noreferrer\">Virtual Tour<\/a> | <a href=\"http:\/\/maps.google.be\/maps?hl=nl&amp;rlz=1T4GGLL_nlBE383BE383&amp;q=google%20map%20Antwerp%20city%20center&amp;um=1&amp;ie=UTF-8&amp;sa=N&amp;tab=wl\" target=\"_blank\" rel=\"noopener noreferrer\">City map<\/a><\/h5>\n<p><\/p><\/div><\/div><\/div> <\/p>\n","protected":false},"excerpt":{"rendered":"","protected":false},"author":5,"featured_media":96213,"parent":9754,"menu_order":0,"comment_status":"closed","ping_status":"closed","template":"jewel-cleaner-page.php","meta":{"ub_ctt_via":"","footnotes":""},"acf":[],"featured_image_src":"https:\/\/ajediam.com\/wp-content\/uploads\/2025\/07\/139812c2365dcf82cd0f99eaad1676296bc8fdb724aee198a5fda14e5103d27f.png-copy.png","_links":{"self":[{"href":"https:\/\/ajediam.com\/fr\/wp-json\/wp\/v2\/pages\/9763"}],"collection":[{"href":"https:\/\/ajediam.com\/fr\/wp-json\/wp\/v2\/pages"}],"about":[{"href":"https:\/\/ajediam.com\/fr\/wp-json\/wp\/v2\/types\/page"}],"author":[{"embeddable":true,"href":"https:\/\/ajediam.com\/fr\/wp-json\/wp\/v2\/users\/5"}],"replies":[{"embeddable":true,"href":"https:\/\/ajediam.com\/fr\/wp-json\/wp\/v2\/comments?post=9763"}],"version-history":[{"count":1,"href":"https:\/\/ajediam.com\/fr\/wp-json\/wp\/v2\/pages\/9763\/revisions"}],"predecessor-version":[{"id":9764,"href":"https:\/\/ajediam.com\/fr\/wp-json\/wp\/v2\/pages\/9763\/revisions\/9764"}],"up":[{"embeddable":true,"href":"https:\/\/ajediam.com\/fr\/wp-json\/wp\/v2\/pages\/9754"}],"wp:featuredmedia":[{"embeddable":true,"href":"https:\/\/ajediam.com\/fr\/wp-json\/wp\/v2\/media\/96213"}],"wp:attachment":[{"href":"https:\/\/ajediam.com\/fr\/wp-json\/wp\/v2\/media?parent=9763"}],"curies":[{"name":"wp","href":"https:\/\/api.w.org\/{rel}","templated":true}]}}