{"id":9769,"date":"2023-05-03T12:04:14","date_gmt":"2023-05-03T12:04:14","guid":{"rendered":"https:\/\/ajediam.com\/?page_id=9769"},"modified":"2023-06-28T13:02:23","modified_gmt":"2023-06-28T13:02:23","slug":"prix-des-diamants","status":"publish","type":"page","link":"https:\/\/ajediam.com\/fr\/prix-des-diamants\/","title":{"rendered":"Prix des diamants"},"content":{"rendered":"\n<p class=\"tt1\">Listes de prix et outils de tarification pour comprendre les prix des diamants en un coup d&rsquo;\u0153il.<\/p>\n\n\n\n<p class=\"tt2\">Obtenez une compr\u00e9hension plus approfondie de la tarification des diamants gr\u00e2ce \u00e0 nos ressources \u00e9tendues, comprenant des listes de prix pour les diamants blancs, les diamants bruts, les diamants de couleur fantaisie et les synth\u00e9tiques, ainsi qu&rsquo;un calculateur de prix convivial. Plongez dans l&rsquo;historique des prix des diamants de taille blanche pour mieux comprendre les tendances et les fluctuations du march\u00e9. \u00c9quipez-vous des connaissances n\u00e9cessaires pour \u00e9valuer et comparer en toute confiance la valeur de diff\u00e9rents diamants, en vous assurant de prendre des d\u00e9cisions \u00e9clair\u00e9es en ce qui concerne vos pr\u00e9cieux investissements.<\/p>\n","protected":false},"excerpt":{"rendered":"<p>Listes de prix et outils de tarification pour comprendre les prix des diamants en un coup d&rsquo;\u0153il. Obtenez une compr\u00e9hension plus approfondie de la tarification des diamants gr\u00e2ce \u00e0 nos ressources \u00e9tendues, comprenant des listes de prix pour les diamants blancs, les diamants bruts, les diamants de couleur fantaisie et les synth\u00e9tiques, ainsi qu&rsquo;un calculateur [&hellip;]<\/p>\n","protected":false},"author":5,"featured_media":0,"parent":0,"menu_order":0,"comment_status":"closed","ping_status":"closed","template":"childpage-page.php","meta":{"ub_ctt_via":"","footnotes":""},"acf":[],"featured_image_src":null,"_links":{"self":[{"href":"https:\/\/ajediam.com\/fr\/wp-json\/wp\/v2\/pages\/9769"}],"collection":[{"href":"https:\/\/ajediam.com\/fr\/wp-json\/wp\/v2\/pages"}],"about":[{"href":"https:\/\/ajediam.com\/fr\/wp-json\/wp\/v2\/types\/page"}],"author":[{"embeddable":true,"href":"https:\/\/ajediam.com\/fr\/wp-json\/wp\/v2\/users\/5"}],"replies":[{"embeddable":true,"href":"https:\/\/ajediam.com\/fr\/wp-json\/wp\/v2\/comments?post=9769"}],"version-history":[{"count":1,"href":"https:\/\/ajediam.com\/fr\/wp-json\/wp\/v2\/pages\/9769\/revisions"}],"predecessor-version":[{"id":9770,"href":"https:\/\/ajediam.com\/fr\/wp-json\/wp\/v2\/pages\/9769\/revisions\/9770"}],"wp:attachment":[{"href":"https:\/\/ajediam.com\/fr\/wp-json\/wp\/v2\/media?parent=9769"}],"curies":[{"name":"wp","href":"https:\/\/api.w.org\/{rel}","templated":true}]}}