{"id":9772,"date":"2019-04-09T11:18:15","date_gmt":"2019-04-09T11:18:15","guid":{"rendered":"https:\/\/ajediam.com\/?page_id=9772"},"modified":"2024-04-12T10:01:28","modified_gmt":"2024-04-12T10:01:28","slug":"diamant-naturel-blanc","status":"publish","type":"page","link":"https:\/\/ajediam.com\/fr\/prix-des-diamants\/diamant-naturel-blanc\/","title":{"rendered":"Prix \u200b\u200bdes diamants blancs naturels"},"content":{"rendered":"\n<p>Les prix des diamants, comment comparer la valeur r\u00e9elle sont expliqu\u00e9s ici. Nous vous aidons \u00e0 d\u00e9couvrir quelle est l&rsquo;influence sur le prix de la coupe, de la couleur, de la clart\u00e9, de la taille, de la forme, du poids et plus encore. Comment estimer la valeur et le co\u00fbt des diamants bon march\u00e9, petits, gros jusqu&rsquo;aux diamants les plus rares et les plus chers ? <\/p>\n","protected":false},"excerpt":{"rendered":"<p>Les prix des diamants, comment comparer la valeur r\u00e9elle sont expliqu\u00e9s ici. Nous vous aidons \u00e0 d\u00e9couvrir quelle est l&rsquo;influence sur le prix de la coupe, de la couleur, de la clart\u00e9, de la taille, de la forme, du poids et plus encore. Comment estimer la valeur et le co\u00fbt des diamants bon march\u00e9, petits, [&hellip;]<\/p>\n","protected":false},"author":5,"featured_media":9533,"parent":9769,"menu_order":2,"comment_status":"closed","ping_status":"closed","template":"diamond-fancy-prices-page.php","meta":{"ub_ctt_via":"","footnotes":""},"acf":[],"featured_image_src":"https:\/\/ajediam.com\/wp-content\/uploads\/2023\/05\/Screenshot-2023-05-04-at-14.20.42.png","_links":{"self":[{"href":"https:\/\/ajediam.com\/fr\/wp-json\/wp\/v2\/pages\/9772"}],"collection":[{"href":"https:\/\/ajediam.com\/fr\/wp-json\/wp\/v2\/pages"}],"about":[{"href":"https:\/\/ajediam.com\/fr\/wp-json\/wp\/v2\/types\/page"}],"author":[{"embeddable":true,"href":"https:\/\/ajediam.com\/fr\/wp-json\/wp\/v2\/users\/5"}],"replies":[{"embeddable":true,"href":"https:\/\/ajediam.com\/fr\/wp-json\/wp\/v2\/comments?post=9772"}],"version-history":[{"count":3,"href":"https:\/\/ajediam.com\/fr\/wp-json\/wp\/v2\/pages\/9772\/revisions"}],"predecessor-version":[{"id":54641,"href":"https:\/\/ajediam.com\/fr\/wp-json\/wp\/v2\/pages\/9772\/revisions\/54641"}],"up":[{"embeddable":true,"href":"https:\/\/ajediam.com\/fr\/wp-json\/wp\/v2\/pages\/9769"}],"wp:featuredmedia":[{"embeddable":true,"href":"https:\/\/ajediam.com\/fr\/wp-json\/wp\/v2\/media\/9533"}],"wp:attachment":[{"href":"https:\/\/ajediam.com\/fr\/wp-json\/wp\/v2\/media?parent=9772"}],"curies":[{"name":"wp","href":"https:\/\/api.w.org\/{rel}","templated":true}]}}