{"id":9778,"date":"2019-05-03T06:08:18","date_gmt":"2019-05-03T06:08:18","guid":{"rendered":"https:\/\/ajediam.com\/?page_id=9778"},"modified":"2026-02-19T19:43:06","modified_gmt":"2026-02-19T19:43:06","slug":"prix-des-diamants-synthetiques","status":"publish","type":"page","link":"https:\/\/ajediam.com\/fr\/prix-des-diamants\/prix-des-diamants-synthetiques\/","title":{"rendered":"Liste de prix des diamants de laboratoire"},"content":{"rendered":"\n<p>O\u00f9 acheter des diamants synth\u00e9tiques de laboratoire au meilleur prix ? Trouvez les prix r\u00e9els des diamants de laboratoire de 0,01 \u00e0 20,00 carats. D\u00e9couvrez o\u00f9 acheter des diamants synth\u00e9tiques de laboratoire, \u00e9galement appel\u00e9s diamants de culture fabriqu\u00e9s par l&rsquo;homme. Conna\u00eetre le prix de revient r\u00e9el du producteur. &#8211; Source : Centre mondial du diamant d&rsquo;Anvers. Prix r\u00e9els des diamants synth\u00e9tiques cultiv\u00e9s en laboratoire.<\/p>\n","protected":false},"excerpt":{"rendered":"<p>O\u00f9 acheter des diamants synth\u00e9tiques de laboratoire au meilleur prix ? Trouvez les prix r\u00e9els des diamants de laboratoire de 0,01 \u00e0 20,00 carats. D\u00e9couvrez o\u00f9 acheter des diamants synth\u00e9tiques de laboratoire, \u00e9galement appel\u00e9s diamants de culture fabriqu\u00e9s par l&rsquo;homme. Conna\u00eetre le prix de revient r\u00e9el du producteur. &#8211; Source : Centre mondial du diamant [&hellip;]<\/p>\n","protected":false},"author":5,"featured_media":9544,"parent":9769,"menu_order":0,"comment_status":"closed","ping_status":"closed","template":"diamond-synthetic-price-page.php","meta":{"ub_ctt_via":"","footnotes":""},"acf":[],"featured_image_src":"https:\/\/ajediam.com\/wp-content\/uploads\/2023\/06\/the-ajediam-synthetic-diamond-price-list.jpg","_links":{"self":[{"href":"https:\/\/ajediam.com\/fr\/wp-json\/wp\/v2\/pages\/9778"}],"collection":[{"href":"https:\/\/ajediam.com\/fr\/wp-json\/wp\/v2\/pages"}],"about":[{"href":"https:\/\/ajediam.com\/fr\/wp-json\/wp\/v2\/types\/page"}],"author":[{"embeddable":true,"href":"https:\/\/ajediam.com\/fr\/wp-json\/wp\/v2\/users\/5"}],"replies":[{"embeddable":true,"href":"https:\/\/ajediam.com\/fr\/wp-json\/wp\/v2\/comments?post=9778"}],"version-history":[{"count":2,"href":"https:\/\/ajediam.com\/fr\/wp-json\/wp\/v2\/pages\/9778\/revisions"}],"predecessor-version":[{"id":9781,"href":"https:\/\/ajediam.com\/fr\/wp-json\/wp\/v2\/pages\/9778\/revisions\/9781"}],"up":[{"embeddable":true,"href":"https:\/\/ajediam.com\/fr\/wp-json\/wp\/v2\/pages\/9769"}],"wp:featuredmedia":[{"embeddable":true,"href":"https:\/\/ajediam.com\/fr\/wp-json\/wp\/v2\/media\/9544"}],"wp:attachment":[{"href":"https:\/\/ajediam.com\/fr\/wp-json\/wp\/v2\/media?parent=9778"}],"curies":[{"name":"wp","href":"https:\/\/api.w.org\/{rel}","templated":true}]}}