{"id":9782,"date":"2019-04-22T17:28:06","date_gmt":"2019-04-22T17:28:06","guid":{"rendered":"https:\/\/ajediam.com\/?page_id=9782"},"modified":"2023-11-02T09:50:32","modified_gmt":"2023-11-02T09:50:32","slug":"prix-diamants-de-couleur","status":"publish","type":"page","link":"https:\/\/ajediam.com\/fr\/prix-des-diamants\/prix-diamants-de-couleur\/","title":{"rendered":"Liste de prix des diamants de couleur fantaisie"},"content":{"rendered":"\n<p class=\"postTitle\">Notes cl\u00e9s<\/p>\n\n\n\n<hr class=\"wp-block-separator has-alpha-channel-opacity is-style-wide\"\/>\n\n\n\n<div class=\"wp-block-columns is-layout-flex wp-container-core-columns-layout-1 wp-block-columns-is-layout-flex\">\n<div class=\"wp-block-column is-layout-flow wp-block-column-is-layout-flow\">\n<p>Ajediam s&rsquo;engage \u00e0 autonomiser ses clients dans le monde complexe de l&rsquo;achat de diamants. Nos listes de prix compl\u00e8tes vous guident \u00e0 travers les offres actuelles du march\u00e9, en pr\u00e9sentant des prix de d\u00e9part pour les intensit\u00e9s de couleur allant de \u00ab Vivid \u00bb \u00e0 \u00ab Fancy Light \u00bb, ainsi que des niveaux de puret\u00e9 de SI+ \u00e0 VS+.<\/p>\n\n\n\n<p>Nous r\u00e9pondons \u00e0 une large gamme de go\u00fbts et de besoins avec des diamants jaunes, roses, bleus, rouges, verts, violets, bruns et oranges disponibles de 0,50 carat \u00e0 5 carats. Pour les acheteurs int\u00e9ress\u00e9s par les diamants d&rsquo;investissement, nous recommandons sp\u00e9cifiquement notre cat\u00e9gorie \u00ab VS+ Fancy Vivid \u00bb en raison de sa pr\u00e9cieuse combinaison de puret\u00e9 et de couleur intense.<\/p>\n<\/div>\n\n\n\n<div class=\"wp-block-column is-layout-flow wp-block-column-is-layout-flow\">\n<p>Il est important de garder \u00e0 l&rsquo;esprit que ces prix servent de lignes directrices et sont susceptibles de fluctuations. Les diamants de couleur fantaisie sont moins abondants que les diamants blancs, ce qui entra\u00eene moins d&rsquo;offres sur le march\u00e9 et une plus grande variabilit\u00e9 des prix. Alors que nos listes de prix pour les diamants blancs offrent un degr\u00e9 de pr\u00e9cision plus \u00e9lev\u00e9, les prix des diamants de couleur fantaisie refl\u00e8tent la demande actuelle pour des couleurs et des intensit\u00e9s sp\u00e9cifiques.<\/p>\n\n\n\n<p>It\u2019s important to bear in mind that these prices serve as guidelines and are susceptible to fluctuations. Fancy colored diamonds are less abundant than white ones, which leads to fewer market offers and more variability in prices. While our white diamond price lists offer a higher degree of accuracy, fancy colored diamond prices reflect the current demand for specific colors and intensities.<\/p>\n<\/div>\n<\/div>\n","protected":false},"excerpt":{"rendered":"<p>Notes cl\u00e9s Ajediam s&rsquo;engage \u00e0 autonomiser ses clients dans le monde complexe de l&rsquo;achat de diamants. Nos listes de prix compl\u00e8tes vous guident \u00e0 travers les offres actuelles du march\u00e9, en pr\u00e9sentant des prix de d\u00e9part pour les intensit\u00e9s de couleur allant de \u00ab Vivid \u00bb \u00e0 \u00ab Fancy Light \u00bb, ainsi que des niveaux [&hellip;]<\/p>\n","protected":false},"author":5,"featured_media":9540,"parent":9769,"menu_order":0,"comment_status":"closed","ping_status":"closed","template":"fancy-diamond-prices-page.php","meta":{"ub_ctt_via":"","footnotes":""},"acf":[],"featured_image_src":"https:\/\/ajediam.com\/wp-content\/uploads\/2023\/05\/Screenshot-2023-05-25-at-11.45.56.png","_links":{"self":[{"href":"https:\/\/ajediam.com\/fr\/wp-json\/wp\/v2\/pages\/9782"}],"collection":[{"href":"https:\/\/ajediam.com\/fr\/wp-json\/wp\/v2\/pages"}],"about":[{"href":"https:\/\/ajediam.com\/fr\/wp-json\/wp\/v2\/types\/page"}],"author":[{"embeddable":true,"href":"https:\/\/ajediam.com\/fr\/wp-json\/wp\/v2\/users\/5"}],"replies":[{"embeddable":true,"href":"https:\/\/ajediam.com\/fr\/wp-json\/wp\/v2\/comments?post=9782"}],"version-history":[{"count":6,"href":"https:\/\/ajediam.com\/fr\/wp-json\/wp\/v2\/pages\/9782\/revisions"}],"predecessor-version":[{"id":11165,"href":"https:\/\/ajediam.com\/fr\/wp-json\/wp\/v2\/pages\/9782\/revisions\/11165"}],"up":[{"embeddable":true,"href":"https:\/\/ajediam.com\/fr\/wp-json\/wp\/v2\/pages\/9769"}],"wp:featuredmedia":[{"embeddable":true,"href":"https:\/\/ajediam.com\/fr\/wp-json\/wp\/v2\/media\/9540"}],"wp:attachment":[{"href":"https:\/\/ajediam.com\/fr\/wp-json\/wp\/v2\/media?parent=9782"}],"curies":[{"name":"wp","href":"https:\/\/api.w.org\/{rel}","templated":true}]}}