{"id":9784,"date":"2019-05-04T13:31:03","date_gmt":"2019-05-04T13:31:03","guid":{"rendered":"https:\/\/ajediam.com\/?page_id=9784"},"modified":"2023-06-28T14:03:45","modified_gmt":"2023-06-28T14:03:45","slug":"diamant-brut-non-taille","status":"publish","type":"page","link":"https:\/\/ajediam.com\/fr\/prix-des-diamants\/diamant-brut-non-taille\/","title":{"rendered":"Prix des diamants bruts non taill\u00e9s"},"content":{"rendered":"<p><div class='row vc_row '><div class='col-md-12 '><h2 class='section-title'>Prix des diamants bruts, bruts, non taill\u00e9s et bruts au Centre mondial du diamant d'Anvers<\/h2><div class='mb-4'><p><\/p>\n<h4><strong>Les prix des diamants bruts augmenteront en raison de la raret\u00e9 croissante et des co\u00fbts d&rsquo;excavation \u00e9lev\u00e9s.<br \/>\nNouveau: Tra\u00e7age des diamants de la mine au march\u00e9 pour lutter contre la fraude. En savoir plus sur <a href=\"\/breaking-news\">breaking news<\/a>.<\/strong><\/h4>\n<p><\/p><\/div><div class='mb-4'><p><strong><a href=\"\/fluorescence-blue-white-diamonds\">La fluorescence des diamants naturels d\u00e9terr\u00e9s est une garantie qu&rsquo;il s&rsquo;agit de diamants naturels<\/a><\/strong><\/p>\n<p><strong>Voir<a href=\"\/historical-diamond-prices\"> historical pricing evolution graph<\/a> <\/strong>1960 &#8211; 2019<\/p>\n<p><strong>En savoir plus sur<a href=\"\/mining-rough-diamonds\/sorting-evaluating-rough-diamonds\/\"> rough diamond evaluation methods<\/a><\/strong><\/p>\n<p><\/p><\/div><\/div><\/div> <div class='row vc_row vc_custom_1552886396531'><div class='col-md-4 '><h2 class='section-title'>Les rugueux existent en plusieurs types :<\/h2><p><\/p>\n<p>octa\u00e8dres,<\/p>\n<p>scies,<\/p>\n<p>faisables,<\/p>\n<p>naad,<\/p>\n<p>enduiseurs<\/p>\n<p>et plus\u2026<\/p>\n<p>Pr\u00e9cisez ce que vous voulez s&rsquo;il vous plait !<\/p><\/div><div class='col-md-4 '><div class='vc-image text-center'><figure><a href='' class='d-block'><img src='https:\/\/ajediam.com\/wp-content\/uploads\/2019\/03\/ALROSA_diamond_weighing_145.44_carats.jpg' alt=''><\/a><\/figure><\/div><\/div><div class='col-md-4 '><div class='vc-image text-center'><figure><a href='\/diamonds-from-one-to-20ct' class='d-block'><img src='https:\/\/ajediam.com\/wp-content\/uploads\/2019\/03\/Rough_diamonds_picture_www.ajediam.com_.jpg' alt=''><\/a><\/figure><\/div><div class='mb-4'><p>Il n&rsquo;y a pas de prix standard pour les diamants bruts<br \/>\nChaque diamant est unique,<br \/>\naussi le rendement de chaque diamant brut est unique&#8230;<br \/>\nComment calculer le prix du diamant brut<\/p><\/div><\/div><\/div> <style>.vc_custom_1552886396531 { border-top-width: 3px !important;border-right-width: 3px !important;border-bottom-width: 3px !important;border-left-width: 3px !important;border-left-color: #e2ebf0 !important;border-left-style: solid !important;border-right-color: #e2ebf0 !important;border-right-style: solid !important;border-top-color: #e2ebf0 !important;border-top-style: solid !important;border-bottom-color: #e2ebf0 !important;border-bottom-style: solid !important;} }<\/style><div class='row vc_row vc_custom_1552886396531'><div class='col-md-12 '><div style='height: 32px;'><\/div><div class='mb-4'><p><\/p>\n<h4>Pour acheter chez Ajediam, veuillez :<\/h4>\n<p>&#8211; indiquez votre budget<br \/>\n&#8211; prendre rendez-vous pour visiter. Il y a une liste d&rsquo;attente.<br \/>\n&#8211; visualisation de colis de diamants bruts, certifi\u00e9s Kimberley uniquement,<br \/>\n&#8211; payez par virement bancaire et r\u00e9cup\u00e9rez votre brut<br \/>\n&#8211; Envoyer un <a href=\"https:\/\/ajediam.com\/fr\/notre-formulaire-de-demande-rapide\/\">e-mail<\/a><\/p>\n<p><strong>Comment calculer les prix des diamants bruts, bruts, non taill\u00e9s.<\/strong><br \/>\n<strong>Prix de vente estim\u00e9s :<\/strong><\/p>\n<p><strong>Fine Rough : \u00e0 partir de + 2 600 US$ le carat<\/strong><\/p>\n<p><strong>Brut commercial : \u00e0 partir de + 1 500 US$ le carat<\/strong><\/p>\n<p><strong>pour le poids brut de 2,50 \u00e0 4,00 carats,<\/strong><br \/>\n<strong>fine et commerciale.<\/strong><\/p>\n<p>Les produits fins sont de meilleurs produits et leur prix est environ 50\u00a0% plus \u00e9lev\u00e9 que les produits commerciaux.<\/p>\n<p>La d\u00e9termination des prix des diamants bruts commence par l&rsquo;\u00e9valuation des diamants bruts. Cela n\u00e9cessite une connaissance gemmologique sp\u00e9cifique ainsi qu&rsquo;une expertise g\u00e9n\u00e9rale, analyse de la structure des techniques de coupe lors du tri par :<br \/>\nClassification des diamants de joaillerie bruts et des diamants industriels :<br \/>\n&#8211; Tri par forme : cristaux octa\u00e9driques, cubiques, macles et dod\u00e9ca\u00e8dres,<br \/>\nd\u00e9terminer leur forme ultime \u00e0 l&rsquo;\u00e9tat brut<br \/>\n&#8211; Tri par poids et taille.<br \/>\n&#8211; Tri par couleur.<br \/>\n&#8211; Tri par distorsions.<br \/>\n&#8211; Tri par clart\u00e9, structure et d\u00e9fauts de structure : inclusions externes et internes,<br \/>\ncliveages, marques, naart, maccles&#8230;<br \/>\n&#8211; Analyser pour d\u00e9terminer si un diamant brut doit \u00eatre cliv\u00e9, sci\u00e9 ou conserv\u00e9.<br \/>\n&#8211; Analyser et d\u00e9tecter les d\u00e9formations et les contraintes au sein de la structure mol\u00e9culaire interne en<br \/>\npolariscope.<br \/>\n&#8211; Esquisse de diamants bruts identifiant les impuret\u00e9s dans le diamant.<br \/>\n<a href=\"https:\/\/ajediam.com\/fake-or-real-diamonds-test-detect-difference\">D\u00e9tectez les faux diamants<\/a> \u00e0 partir de diamants bruts naturels, synth\u00e9tiques, r\u00e9pliques, artificiels et faux tels que le diamant de verre brut rev\u00eatu.<\/p>\n<p>Apprenez \u00e0 calculer les prix des diamants bruts gr\u00e2ce au cours d&rsquo;\u00e9valuation de la qualit\u00e9 des diamants au HRD, le Diamond High Council &#8211; AWDC<\/p><\/div><\/div><\/div> <style>.vc_custom_1552886396531 { border-top-width: 3px !important;border-right-width: 3px !important;border-bottom-width: 3px !important;border-left-width: 3px !important;border-left-color: #e2ebf0 !important;border-left-style: solid !important;border-right-color: #e2ebf0 !important;border-right-style: solid !important;border-top-color: #e2ebf0 !important;border-top-style: solid !important;border-bottom-color: #e2ebf0 !important;border-bottom-style: solid !important;} }<\/style><div class='row vc_row '><div class='col-md-12 '><div style='height: 32px;'><\/div><div class='mb-4'><p><\/p>\n<p style=\"text-align: center;\"><strong>Detailed different actual polished diamond prices per carat price steps:<\/strong><\/p>\n<p><\/p><\/div><div class='row '><div class='col-md-12 col-inner'><div class='col-inwrap'><div class='mb-4'><p><\/p>\n<p style=\"text-align: center;\"><a href=\"https:\/\/ajediam.com\/fr\/prix-des-diamants\/fantaisie-couleur-diamants\/\">Diamants de couleurs fantaisie<\/a><\/p>\n<p style=\"text-align: center;\"><a href=\"https:\/\/ajediam.com\/fr\/prix-des-diamants\/diamant-naturel-blanc\/\">Diamants naturels blancs<\/a><\/p>\n<p style=\"text-align: center;\"><a href=\"#\">Diamants bruts<\/a><\/p>\n<p style=\"text-align: center;\"><a href=\"https:\/\/ajediam.com\/fr\/prix-des-diamants\/prix-des-diamants-synthetiques\/\">Diamants synth\u00e9tiques<\/a><\/p>\n<p><\/p><\/div><\/div><\/div><\/div><\/div><\/div> <div class='row vc_row '><div class='col-md-3 '><\/div><div class='col-md-3 '><div style='height: 32px;'><\/div><a class='lab-button' href='http:\/\/ajediam.com\/engagement-rings' target='' title='url:http:\/\/ajediam.com\/engagement-rings|'>SHOP NOW<\/a><\/div><div class='col-md-3 '><div style='height: 32px;'><\/div><a class='lab-button' href='\/our-quick-inquiry-form\/' target='' title='make inquiry'>make inquiry<\/a><\/div><div class='col-md-3 '><\/div><\/div> <div class='row vc_row '><div class='col-md-2 '><\/div><div class='col-md-8 '><div style='height: 32px;'><\/div><div class='vc-image '><figure><a href='\/diamonds-from-one-to-20ct' class='d-block'><img src='https:\/\/ajediam.com\/wp-content\/uploads\/2019\/03\/Ajediam_footer_Buy_now_13_03_2015.jpg' alt=''><\/a><\/figure><\/div><\/div><div class='col-md-2 '><\/div><\/div> <div class='row vc_row '><div class='col-md-12 '><div class='mb-4'><p><\/p>\n<p><\/p><\/div><\/div><\/div> <\/p>\n","protected":false},"excerpt":{"rendered":"","protected":false},"author":5,"featured_media":0,"parent":9769,"menu_order":0,"comment_status":"closed","ping_status":"closed","template":"","meta":{"ub_ctt_via":"","footnotes":""},"acf":[],"featured_image_src":null,"_links":{"self":[{"href":"https:\/\/ajediam.com\/fr\/wp-json\/wp\/v2\/pages\/9784"}],"collection":[{"href":"https:\/\/ajediam.com\/fr\/wp-json\/wp\/v2\/pages"}],"about":[{"href":"https:\/\/ajediam.com\/fr\/wp-json\/wp\/v2\/types\/page"}],"author":[{"embeddable":true,"href":"https:\/\/ajediam.com\/fr\/wp-json\/wp\/v2\/users\/5"}],"replies":[{"embeddable":true,"href":"https:\/\/ajediam.com\/fr\/wp-json\/wp\/v2\/comments?post=9784"}],"version-history":[{"count":1,"href":"https:\/\/ajediam.com\/fr\/wp-json\/wp\/v2\/pages\/9784\/revisions"}],"predecessor-version":[{"id":9785,"href":"https:\/\/ajediam.com\/fr\/wp-json\/wp\/v2\/pages\/9784\/revisions\/9785"}],"up":[{"embeddable":true,"href":"https:\/\/ajediam.com\/fr\/wp-json\/wp\/v2\/pages\/9769"}],"wp:attachment":[{"href":"https:\/\/ajediam.com\/fr\/wp-json\/wp\/v2\/media?parent=9784"}],"curies":[{"name":"wp","href":"https:\/\/api.w.org\/{rel}","templated":true}]}}