{"id":9798,"date":"2023-05-03T16:31:43","date_gmt":"2023-05-03T16:31:43","guid":{"rendered":"https:\/\/ajediam.com\/?page_id=9798"},"modified":"2023-06-28T17:21:05","modified_gmt":"2023-06-28T17:21:05","slug":"diamants-101","status":"publish","type":"page","link":"https:\/\/ajediam.com\/fr\/diamants-101\/","title":{"rendered":"Diamants 101"},"content":{"rendered":"\n<p class=\"tt1\">Tout ce que vous devez savoir avant d&rsquo;acheter votre premier diamant<\/p>\n\n\n\n<p class=\"tt2\">Pr\u00e9parez votre voyage d&rsquo;achat de diamants avec notre guide essentiel Diamond 101, couvrant toutes les informations cruciales dont vous avez besoin avant de faire votre premier achat. En savoir plus sur la taille, la forme, le poids des diamants et comment \u00e9viter de payer trop cher pour vos bijoux en diamants. Nous vous fournirons \u00e9galement des conseils sur l&rsquo;assurance de votre diamant, en veillant \u00e0 ce que vous soyez bien \u00e9quip\u00e9 pour prendre une d\u00e9cision \u00e9clair\u00e9e et investir dans une pi\u00e8ce qui vous apporte joie et valeur durable.<\/p>\n","protected":false},"excerpt":{"rendered":"<p>Tout ce que vous devez savoir avant d&rsquo;acheter votre premier diamant Pr\u00e9parez votre voyage d&rsquo;achat de diamants avec notre guide essentiel Diamond 101, couvrant toutes les informations cruciales dont vous avez besoin avant de faire votre premier achat. En savoir plus sur la taille, la forme, le poids des diamants et comment \u00e9viter de payer [&hellip;]<\/p>\n","protected":false},"author":5,"featured_media":0,"parent":0,"menu_order":0,"comment_status":"closed","ping_status":"closed","template":"childpage-page.php","meta":{"ub_ctt_via":"","footnotes":""},"acf":[],"featured_image_src":null,"_links":{"self":[{"href":"https:\/\/ajediam.com\/fr\/wp-json\/wp\/v2\/pages\/9798"}],"collection":[{"href":"https:\/\/ajediam.com\/fr\/wp-json\/wp\/v2\/pages"}],"about":[{"href":"https:\/\/ajediam.com\/fr\/wp-json\/wp\/v2\/types\/page"}],"author":[{"embeddable":true,"href":"https:\/\/ajediam.com\/fr\/wp-json\/wp\/v2\/users\/5"}],"replies":[{"embeddable":true,"href":"https:\/\/ajediam.com\/fr\/wp-json\/wp\/v2\/comments?post=9798"}],"version-history":[{"count":1,"href":"https:\/\/ajediam.com\/fr\/wp-json\/wp\/v2\/pages\/9798\/revisions"}],"predecessor-version":[{"id":9799,"href":"https:\/\/ajediam.com\/fr\/wp-json\/wp\/v2\/pages\/9798\/revisions\/9799"}],"wp:attachment":[{"href":"https:\/\/ajediam.com\/fr\/wp-json\/wp\/v2\/media?parent=9798"}],"curies":[{"name":"wp","href":"https:\/\/api.w.org\/{rel}","templated":true}]}}