{"id":9800,"date":"2019-04-27T19:31:52","date_gmt":"2019-04-27T19:31:52","guid":{"rendered":"https:\/\/ajediam.com\/?page_id=9800"},"modified":"2023-06-28T17:23:31","modified_gmt":"2023-06-28T17:23:31","slug":"tailles-des-diamants","status":"publish","type":"page","link":"https:\/\/ajediam.com\/fr\/diamants-101\/tailles-des-diamants\/","title":{"rendered":"Tailles des diamants"},"content":{"rendered":"\n<p>Tableau de comparaison de la taille des diamants en carats. Mesures typiques, dimensions en millim\u00e8tres, cm. et images \u00e0 l&rsquo;\u00e9chelle pour : Rondes | Brillant | Princesse | \u00c9meraude | Poire | Ovale | Coeur | Trillion &#8211; Trilliant | Marquise | Radieux | Asscher | Coussin Quelle est la taille des diamants carats &#8211; Guide visuel imprimable gratuit dans les tableaux [\u2026]<\/p>\n","protected":false},"excerpt":{"rendered":"<p>Tableau de comparaison de la taille des diamants en carats. Mesures typiques, dimensions en millim\u00e8tres, cm. et images \u00e0 l&rsquo;\u00e9chelle pour : Rondes | Brillant | Princesse | \u00c9meraude | Poire | Ovale | Coeur | Trillion &#8211; Trilliant | Marquise | Radieux | Asscher | Coussin Quelle est la taille des diamants carats &#8211; [&hellip;]<\/p>\n","protected":false},"author":5,"featured_media":9545,"parent":9798,"menu_order":0,"comment_status":"closed","ping_status":"closed","template":"diamond-sizes-page.php","meta":{"ub_ctt_via":"","footnotes":""},"acf":[],"featured_image_src":"https:\/\/ajediam.com\/wp-content\/uploads\/2023\/06\/measure-the-size-of-diamonds.png","_links":{"self":[{"href":"https:\/\/ajediam.com\/fr\/wp-json\/wp\/v2\/pages\/9800"}],"collection":[{"href":"https:\/\/ajediam.com\/fr\/wp-json\/wp\/v2\/pages"}],"about":[{"href":"https:\/\/ajediam.com\/fr\/wp-json\/wp\/v2\/types\/page"}],"author":[{"embeddable":true,"href":"https:\/\/ajediam.com\/fr\/wp-json\/wp\/v2\/users\/5"}],"replies":[{"embeddable":true,"href":"https:\/\/ajediam.com\/fr\/wp-json\/wp\/v2\/comments?post=9800"}],"version-history":[{"count":1,"href":"https:\/\/ajediam.com\/fr\/wp-json\/wp\/v2\/pages\/9800\/revisions"}],"predecessor-version":[{"id":9801,"href":"https:\/\/ajediam.com\/fr\/wp-json\/wp\/v2\/pages\/9800\/revisions\/9801"}],"up":[{"embeddable":true,"href":"https:\/\/ajediam.com\/fr\/wp-json\/wp\/v2\/pages\/9798"}],"wp:featuredmedia":[{"embeddable":true,"href":"https:\/\/ajediam.com\/fr\/wp-json\/wp\/v2\/media\/9545"}],"wp:attachment":[{"href":"https:\/\/ajediam.com\/fr\/wp-json\/wp\/v2\/media?parent=9800"}],"curies":[{"name":"wp","href":"https:\/\/api.w.org\/{rel}","templated":true}]}}