{"id":9804,"date":"2019-04-24T04:10:36","date_gmt":"2019-04-24T04:10:36","guid":{"rendered":"https:\/\/ajediam.com\/?page_id=9804"},"modified":"2023-06-28T17:37:29","modified_gmt":"2023-06-28T17:37:29","slug":"diamants-taille-fantaisie","status":"publish","type":"page","link":"https:\/\/ajediam.com\/fr\/diamants-101\/diamants-taille-fantaisie\/","title":{"rendered":"Diamants taille fantaisie"},"content":{"rendered":"<p><div class='row vc_row '><div class='col-md-12 '><div class='mb-4'><p>Nous pouvons d\u00e9couper pour vous toute forme fantaisie sur commande sp\u00e9ciale, comme ce magnifique diamant en forme de cheval.<br \/>\nIl s&rsquo;agit de l&rsquo;une des diff\u00e9rentes formes fantaisie r\u00e9alis\u00e9es par nos c\u00e9l\u00e8bres tailleurs, polisseurs anversois.<br \/>\nAchetez en gros \u00e0 Anvers, le plus grand centre du diamant au monde.<br \/>\nLaissez-nous vous aider: <a href=\"\/fr\/notre-formulaire-de-demande-rapide\/\">Email<\/a> ou appelez T\u00e9l: + 32 3 808 72 02 <\/p><\/div><\/div><\/div> <div class='row vc_row vc_custom_1552886396531'><div class='col-md-12 '><div class='row '><div class='col-md-4 col-inner'><div class='col-inwrap'><div class='vc-image text-center'><figure><div><img src='https:\/\/ajediam.com\/wp-content\/uploads\/2019\/03\/Horse_head_shaped_diamond_10_cm_3_Ct_GIA_F_VS1-300x240.jpg' alt=''><\/div><\/figure><\/div><\/div><\/div><div class='col-md-4 col-inner'><div class='col-inwrap'><div class='mb-4'><p><\/p>\n<div align=\"left\">\n<div align=\"left\">\n<p>Diamant fantaisie original en forme de cheval<\/p>\n<p>Sur commande sp\u00e9ciale, nous r\u00e9aliserons votre propre forme personnelle.<br \/>\nExemple<br \/>\nCe beau diamant naturel en forme de cheval est l&rsquo;une des diff\u00e9rentes formes de diamants fantaisie fabriqu\u00e9s par nos c\u00e9l\u00e8bres tailleurs, polisseurs anversois<\/p>\n<p>Livr\u00e9 avec certificat international de diamant<\/p>\n<ul>\n<li>Pour un devis <a href=\"\/fr\/notre-formulaire-de-demande-rapide\/\">\u00e9crivez-moi<\/a> :<\/li>\n<li>indiquez la qualit\u00e9 + la taille de votre diamant<\/li>\n<\/ul>\n<p><a href=\"https:\/\/ajediam.com\/fr\/notre-formulaire-de-demande-rapide\/\">Ecrivez-moi<\/a> pour un devis<\/p>\n<p>Avez-vous une bague solitaire personnelle en t\u00eate ?<\/p>\n<\/div>\n<\/div>\n<p><\/p><\/div><\/div><\/div><div class='col-md-4 col-inner'><div class='col-inwrap'><div class='vc-image text-center'><figure><div><img src='https:\/\/ajediam.com\/wp-content\/uploads\/2019\/03\/engagement_gift_4_x_5_cm..jpg' alt=''><\/div><\/figure><\/div><div class='mb-4'><p>Lisez \u00e0 propos de la luminosit\u00e9 sp\u00e9cifique, de l&rsquo;apparence.<br \/>\n<a href=\"\/loose-diamonds\">Description, characteristics<\/a> of various Fancy Diamonds<br \/>\nin comparison to different shapes.<\/p>\n<p>Avez-vous un diamant taille fantaisie en t\u00eate ? <a href=\"https:\/\/ajediam.com\/fr\/notre-formulaire-de-demande-rapide\/\">Envoyez-moi<\/a> un e-mail pour un devis de la forme que vous aimez.<br \/>\nNos ma\u00eetres tailleurs, polisseurs cr\u00e9eront votre diamant taille fantaisie personnel.<br \/>\nAjediam est leader dans la taille et le polissage des meilleurs diamants<\/p><\/div><div class='mb-4'><p><\/p>\n<p style=\"text-align: center;\">Exportation hors taxe<\/p>\n<p><\/p><\/div><\/div><\/div><\/div><\/div><\/div> <style>.vc_custom_1552886396531 { border-top-width: 3px !important;border-right-width: 3px !important;border-bottom-width: 3px !important;border-left-width: 3px !important;border-left-color: #e2ebf0 !important;border-left-style: solid !important;border-right-color: #e2ebf0 !important;border-right-style: solid !important;border-top-color: #e2ebf0 !important;border-top-style: solid !important;border-bottom-color: #e2ebf0 !important;border-bottom-style: solid !important;} }<\/style><div class='row vc_row '><div class='col-md-3 '><\/div><div class='col-md-3 '><div style='height: 32px;'><\/div><a class='lab-button' href='http:\/\/ajediam.com\/engagement-rings' target='' title='url:http:\/\/ajediam.com\/engagement-rings|'>SHOP NOW<\/a><\/div><div class='col-md-3 '><div style='height: 32px;'><\/div><a class='lab-button' href='\/our-quick-inquiry-form\/' target='' title='make inquiry'>make inquiry<\/a><\/div><div class='col-md-3 '><\/div><\/div> <div class='row vc_row '><div class='col-md-2 '><\/div><div class='col-md-8 '><div style='height: 32px;'><\/div><div class='vc-image '><figure><a href='\/fr\/notre-formulaire-de-demande-rapide\/' class='d-block'><img src='https:\/\/ajediam.com\/wp-content\/uploads\/2019\/03\/Ajediam_footer_Buy_now_13_03_2015.jpg' alt=''><\/a><\/figure><\/div><\/div><div class='col-md-2 '><\/div><\/div> <\/p>\n","protected":false},"excerpt":{"rendered":"","protected":false},"author":5,"featured_media":0,"parent":9798,"menu_order":0,"comment_status":"closed","ping_status":"closed","template":"","meta":{"ub_ctt_via":"","footnotes":""},"acf":[],"featured_image_src":null,"_links":{"self":[{"href":"https:\/\/ajediam.com\/fr\/wp-json\/wp\/v2\/pages\/9804"}],"collection":[{"href":"https:\/\/ajediam.com\/fr\/wp-json\/wp\/v2\/pages"}],"about":[{"href":"https:\/\/ajediam.com\/fr\/wp-json\/wp\/v2\/types\/page"}],"author":[{"embeddable":true,"href":"https:\/\/ajediam.com\/fr\/wp-json\/wp\/v2\/users\/5"}],"replies":[{"embeddable":true,"href":"https:\/\/ajediam.com\/fr\/wp-json\/wp\/v2\/comments?post=9804"}],"version-history":[{"count":1,"href":"https:\/\/ajediam.com\/fr\/wp-json\/wp\/v2\/pages\/9804\/revisions"}],"predecessor-version":[{"id":9805,"href":"https:\/\/ajediam.com\/fr\/wp-json\/wp\/v2\/pages\/9804\/revisions\/9805"}],"up":[{"embeddable":true,"href":"https:\/\/ajediam.com\/fr\/wp-json\/wp\/v2\/pages\/9798"}],"wp:attachment":[{"href":"https:\/\/ajediam.com\/fr\/wp-json\/wp\/v2\/media?parent=9804"}],"curies":[{"name":"wp","href":"https:\/\/api.w.org\/{rel}","templated":true}]}}