{"id":9806,"date":"2019-04-03T11:33:55","date_gmt":"2019-04-03T11:33:55","guid":{"rendered":"https:\/\/ajediam.com\/?page_id=9806"},"modified":"2023-06-28T17:42:00","modified_gmt":"2023-06-28T17:42:00","slug":"tailles-des-diamants-sur-la-bague-a-la-main","status":"publish","type":"page","link":"https:\/\/ajediam.com\/fr\/diamants-101\/tailles-des-diamants-sur-la-bague-a-la-main\/","title":{"rendered":"Tailles des diamants sur la bague \u00e0 la main"},"content":{"rendered":"<p><div class='row vc_row '><div class='col-md-12 '><h2 class='section-title'>Combien de carats fait mon diamant, quelle doit \u00eatre la taille de ma bague en diamant ?<\/h2><p>Voir les tailles de diamants sur la main, le doigt et la bague en taille r\u00e9elle.<br \/>\nTrouvez la bonne taille pour votre bague de fian\u00e7ailles.<br \/>\nAjustez, faites correspondre en taille r\u00e9elle le diamant sur votre main et l&rsquo;anneau sur le doigt. Images imprimables<\/p><div class='mb-4'><p><strong>Bon \u00e0 savoir&#8230; 99 % de tous les diamants polis, \u00e9chang\u00e9s et vendus chaque ann\u00e9e dans le monde, p\u00e8sent moins de 0,30 carat<\/strong><\/p>\n<p>Pour faire correspondre et ajuster, cliquez sur les images des ic\u00f4nes de la main.<\/p><\/div><\/div><\/div> <div class='row vc_row vc_custom_1552886396531'><div class='col-md-12 '><div class='row '><div class='col-md-2 col-inner'><div class='col-inwrap'><div class='mb-4'><p><\/p>\n<p style=\"text-align: center;\">0.25 carat\u00a0 \u00a0 \u00a0 \u00a0 \u00a0 <img decoding=\"async\" class=\"alignnone wp-image-66\" src=\"\/wp-content\/uploads\/2019\/03\/0.33_carat_tn_50x64.jpg\" alt=\"\" width=\"20\" height=\"26\" \/><\/p>\n<p style=\"text-align: center;\">0.33 carat\u00a0 \u00a0 \u00a0 \u00a0 \u00a0 <img decoding=\"async\" class=\"alignnone wp-image-66\" src=\"\/wp-content\/uploads\/2019\/03\/0.33_carat_tn_50x64.jpg\" alt=\"\" width=\"20\" height=\"26\" \/><\/p>\n<p style=\"text-align: center;\">0.50 carat\u00a0 \u00a0 \u00a0 \u00a0 \u00a0 <img decoding=\"async\" class=\"alignnone wp-image-66\" src=\"\/wp-content\/uploads\/2019\/03\/0.33_carat_tn_50x64.jpg\" alt=\"\" width=\"20\" height=\"26\" \/><\/p>\n<p style=\"text-align: center;\">0.65 carat\u00a0 \u00a0 \u00a0 \u00a0 \u00a0 <img decoding=\"async\" class=\"alignnone wp-image-66\" src=\"\/wp-content\/uploads\/2019\/03\/0.33_carat_tn_50x64.jpg\" alt=\"\" width=\"20\" height=\"26\" \/><\/p>\n<p style=\"text-align: center;\">0.75 carat\u00a0 \u00a0 \u00a0 \u00a0 \u00a0 <img decoding=\"async\" class=\"alignnone wp-image-66\" src=\"\/wp-content\/uploads\/2019\/03\/0.33_carat_tn_50x64.jpg\" alt=\"\" width=\"20\" height=\"26\" \/><\/p>\n<p style=\"text-align: center;\">0.85 carat\u00a0 \u00a0 \u00a0 \u00a0 \u00a0 <img decoding=\"async\" class=\"alignnone wp-image-66\" src=\"\/wp-content\/uploads\/2019\/03\/0.33_carat_tn_50x64.jpg\" alt=\"\" width=\"20\" height=\"26\" \/><\/p>\n<p style=\"text-align: center;\">1.00 carat\u00a0 \u00a0 \u00a0 \u00a0 \u00a0 <img decoding=\"async\" class=\"alignnone wp-image-66\" src=\"\/wp-content\/uploads\/2019\/03\/0.33_carat_tn_50x64.jpg\" alt=\"\" width=\"20\" height=\"26\" \/><\/p>\n<p style=\"text-align: center;\">1.25 carat\u00a0 \u00a0 \u00a0 \u00a0 \u00a0 <img decoding=\"async\" class=\"alignnone wp-image-66\" src=\"\/wp-content\/uploads\/2019\/03\/0.33_carat_tn_50x64.jpg\" alt=\"\" width=\"20\" height=\"26\" \/><\/p>\n<p style=\"text-align: center;\">1.50 carat\u00a0 \u00a0 \u00a0 \u00a0 \u00a0 <img decoding=\"async\" class=\"alignnone wp-image-66\" src=\"\/wp-content\/uploads\/2019\/03\/0.33_carat_tn_50x64.jpg\" alt=\"\" width=\"20\" height=\"26\" \/><\/p>\n<p style=\"text-align: center;\">1.75 carat\u00a0 \u00a0 \u00a0 \u00a0 \u00a0 <img decoding=\"async\" class=\"alignnone wp-image-66\" src=\"\/wp-content\/uploads\/2019\/03\/0.33_carat_tn_50x64.jpg\" alt=\"\" width=\"20\" height=\"26\" \/><\/p>\n<p style=\"text-align: center;\">2.00 carat\u00a0 \u00a0 \u00a0 \u00a0 \u00a0 <img decoding=\"async\" class=\"alignnone wp-image-66\" src=\"\/wp-content\/uploads\/2019\/03\/0.33_carat_tn_50x64.jpg\" alt=\"\" width=\"20\" height=\"26\" \/><\/p>\n<p style=\"text-align: center;\">2.25 carat\u00a0 \u00a0 \u00a0 \u00a0 \u00a0 <img decoding=\"async\" class=\"alignnone wp-image-66\" src=\"\/wp-content\/uploads\/2019\/03\/0.33_carat_tn_50x64.jpg\" alt=\"\" width=\"20\" height=\"26\" \/><\/p>\n<p style=\"text-align: center;\">2.50 carat\u00a0 \u00a0 \u00a0 \u00a0 \u00a0 <img decoding=\"async\" class=\"alignnone wp-image-66\" src=\"\/wp-content\/uploads\/2019\/03\/0.33_carat_tn_50x64.jpg\" alt=\"\" width=\"20\" height=\"26\" \/><\/p>\n<p style=\"text-align: center;\">3.00 carat\u00a0 \u00a0 \u00a0 \u00a0 \u00a0 <img decoding=\"async\" class=\"alignnone wp-image-66\" src=\"\/wp-content\/uploads\/2019\/03\/0.33_carat_tn_50x64.jpg\" alt=\"\" width=\"20\" height=\"26\" \/><\/p>\n<p style=\"text-align: center;\">4.00 carat\u00a0 \u00a0 \u00a0 \u00a0 \u00a0 <img decoding=\"async\" class=\"alignnone wp-image-66\" src=\"\/wp-content\/uploads\/2019\/03\/0.33_carat_tn_50x64.jpg\" alt=\"\" width=\"20\" height=\"26\" \/><\/p>\n<p style=\"text-align: center;\">5.00 carat\u00a0 \u00a0 \u00a0 \u00a0 \u00a0 <img decoding=\"async\" class=\"alignnone wp-image-66\" src=\"\/wp-content\/uploads\/2019\/03\/0.33_carat_tn_50x64.jpg\" alt=\"\" width=\"20\" height=\"26\" \/><\/p>\n<p style=\"text-align: center;\">6.00 carat\u00a0 \u00a0 \u00a0 \u00a0 \u00a0 <img decoding=\"async\" class=\"alignnone wp-image-66\" src=\"\/wp-content\/uploads\/2019\/03\/0.33_carat_tn_50x64.jpg\" alt=\"\" width=\"20\" height=\"26\" \/><\/p>\n<p style=\"text-align: center;\">7.00 carat\u00a0 \u00a0 \u00a0 \u00a0 \u00a0 <img decoding=\"async\" class=\"alignnone wp-image-66\" src=\"\/wp-content\/uploads\/2019\/03\/0.33_carat_tn_50x64.jpg\" alt=\"\" width=\"20\" height=\"26\" \/><\/p>\n<p style=\"text-align: center;\">8.00 carat\u00a0 \u00a0 \u00a0 \u00a0 \u00a0 <img decoding=\"async\" class=\"alignnone wp-image-66\" src=\"\/wp-content\/uploads\/2019\/03\/0.33_carat_tn_50x64.jpg\" alt=\"\" width=\"20\" height=\"26\" \/><\/p>\n<p style=\"text-align: center;\">10.00 carat\u00a0 \u00a0 \u00a0 \u00a0 \u00a0 <img decoding=\"async\" class=\"alignnone wp-image-66\" src=\"\/wp-content\/uploads\/2019\/03\/0.33_carat_tn_50x64.jpg\" alt=\"\" width=\"20\" height=\"26\" \/><\/p>\n<p style=\"text-align: center;\">15.00 carat\u00a0 \u00a0 \u00a0 \u00a0 \u00a0 <img decoding=\"async\" class=\"alignnone wp-image-66\" src=\"\/wp-content\/uploads\/2019\/03\/0.33_carat_tn_50x64.jpg\" alt=\"\" width=\"20\" height=\"26\" \/><\/p>\n<p><\/p><\/div><\/div><\/div><div class='col-md-8 col-inner'><div class='col-inwrap'><div class='mb-4'><p><\/p>\n<p style=\"text-align: center;\">Consultez \u00e9galement la <a href=\"\/fr\/diamants-101\/tailles-des-diamants\/\">comparaison de la taille des carats<\/a> &#8211; <a href=\"\/loose-diamonds\">Images of different shapes<\/a><\/p>\n<p><\/p><\/div><div class='vc-image text-center'><figure><div><img src='https:\/\/ajediam.com\/wp-content\/uploads\/2019\/03\/0.50_carat_full_size.jpg' alt=''><\/div><\/figure><\/div><\/div><\/div><\/div><\/div><\/div> <style>.vc_custom_1552886396531 { border-top-width: 3px !important;border-right-width: 3px !important;border-bottom-width: 3px !important;border-left-width: 3px !important;border-left-color: #e2ebf0 !important;border-left-style: solid !important;border-right-color: #e2ebf0 !important;border-right-style: solid !important;border-top-color: #e2ebf0 !important;border-top-style: solid !important;border-bottom-color: #e2ebf0 !important;border-bottom-style: solid !important;} }<\/style><div class='row vc_row '><div class='col-md-3 '><\/div><div class='col-md-3 '><div style='height: 32px;'><\/div><a class='lab-button' href='http:\/\/ajediam.com\/engagement-rings' target='' title='url:http:\/\/ajediam.com\/engagement-rings|'>SHOP NOW<\/a><\/div><div class='col-md-3 '><div style='height: 32px;'><\/div><a class='lab-button' href='\/our-quick-inquiry-form\/' target='' title='make inquiry'>make inquiry<\/a><\/div><div class='col-md-3 '><\/div><\/div> <div class='row vc_row '><div class='col-md-2 '><\/div><div class='col-md-8 '><div style='height: 32px;'><\/div><div class='vc-image '><figure><a href='\/diamonds-from-one-to-20ct' class='d-block'><img src='https:\/\/ajediam.com\/wp-content\/uploads\/2019\/03\/Ajediam_footer_Buy_now_13_03_2015.jpg' alt=''><\/a><\/figure><\/div><\/div><div class='col-md-2 '><\/div><\/div> <\/p>\n","protected":false},"excerpt":{"rendered":"","protected":false},"author":5,"featured_media":0,"parent":9798,"menu_order":0,"comment_status":"closed","ping_status":"closed","template":"","meta":{"ub_ctt_via":"","footnotes":""},"acf":[],"featured_image_src":null,"_links":{"self":[{"href":"https:\/\/ajediam.com\/fr\/wp-json\/wp\/v2\/pages\/9806"}],"collection":[{"href":"https:\/\/ajediam.com\/fr\/wp-json\/wp\/v2\/pages"}],"about":[{"href":"https:\/\/ajediam.com\/fr\/wp-json\/wp\/v2\/types\/page"}],"author":[{"embeddable":true,"href":"https:\/\/ajediam.com\/fr\/wp-json\/wp\/v2\/users\/5"}],"replies":[{"embeddable":true,"href":"https:\/\/ajediam.com\/fr\/wp-json\/wp\/v2\/comments?post=9806"}],"version-history":[{"count":1,"href":"https:\/\/ajediam.com\/fr\/wp-json\/wp\/v2\/pages\/9806\/revisions"}],"predecessor-version":[{"id":9807,"href":"https:\/\/ajediam.com\/fr\/wp-json\/wp\/v2\/pages\/9806\/revisions\/9807"}],"up":[{"embeddable":true,"href":"https:\/\/ajediam.com\/fr\/wp-json\/wp\/v2\/pages\/9798"}],"wp:attachment":[{"href":"https:\/\/ajediam.com\/fr\/wp-json\/wp\/v2\/media?parent=9806"}],"curies":[{"name":"wp","href":"https:\/\/api.w.org\/{rel}","templated":true}]}}