{"id":9808,"date":"2019-05-03T08:01:43","date_gmt":"2019-05-03T08:01:43","guid":{"rendered":"https:\/\/ajediam.com\/?page_id=9808"},"modified":"2023-06-28T17:50:43","modified_gmt":"2023-06-28T17:50:43","slug":"recuperer-les-diamants-perdus","status":"publish","type":"page","link":"https:\/\/ajediam.com\/fr\/diamants-101\/recuperer-les-diamants-perdus\/","title":{"rendered":"R\u00e9cup\u00e9rer les diamants perdus"},"content":{"rendered":"\n<p>Guide pour r\u00e9cup\u00e9rer les diamants perdus et bijoux Assurance pour prot\u00e9ger, pr\u00e9venir contre l&rsquo;\u00e9change, le vol, la disparition, la perte, le vol. Ajediam livre tous les diamants avec certificat international de diamant Inscription grav\u00e9e au laser sur ceinture, nominative &#8211; image Guide pour les diamants et bijoux Assurance Obtenez tout d&rsquo;abord une estimation officielle, une \u00e9valuation par des experts d&rsquo;Ajediam Sont des assurances couvrant tous les risques<\/p>\n","protected":false},"excerpt":{"rendered":"<p>Guide pour r\u00e9cup\u00e9rer les diamants perdus et bijoux Assurance pour prot\u00e9ger, pr\u00e9venir contre l&rsquo;\u00e9change, le vol, la disparition, la perte, le vol. Ajediam livre tous les diamants avec certificat international de diamant Inscription grav\u00e9e au laser sur ceinture, nominative &#8211; image Guide pour les diamants et bijoux Assurance Obtenez tout d&rsquo;abord une estimation officielle, une [&hellip;]<\/p>\n","protected":false},"author":5,"featured_media":9546,"parent":9798,"menu_order":0,"comment_status":"closed","ping_status":"closed","template":"recover-lost-diamond-page.php","meta":{"ub_ctt_via":"","footnotes":""},"acf":[],"featured_image_src":"https:\/\/ajediam.com\/wp-content\/uploads\/2023\/06\/charlotteTY_a_surrealistic_insurance_policy_for_diamonds_8c16100a-4321-4865-945a-3f1472dceb48.png","_links":{"self":[{"href":"https:\/\/ajediam.com\/fr\/wp-json\/wp\/v2\/pages\/9808"}],"collection":[{"href":"https:\/\/ajediam.com\/fr\/wp-json\/wp\/v2\/pages"}],"about":[{"href":"https:\/\/ajediam.com\/fr\/wp-json\/wp\/v2\/types\/page"}],"author":[{"embeddable":true,"href":"https:\/\/ajediam.com\/fr\/wp-json\/wp\/v2\/users\/5"}],"replies":[{"embeddable":true,"href":"https:\/\/ajediam.com\/fr\/wp-json\/wp\/v2\/comments?post=9808"}],"version-history":[{"count":1,"href":"https:\/\/ajediam.com\/fr\/wp-json\/wp\/v2\/pages\/9808\/revisions"}],"predecessor-version":[{"id":9809,"href":"https:\/\/ajediam.com\/fr\/wp-json\/wp\/v2\/pages\/9808\/revisions\/9809"}],"up":[{"embeddable":true,"href":"https:\/\/ajediam.com\/fr\/wp-json\/wp\/v2\/pages\/9798"}],"wp:featuredmedia":[{"embeddable":true,"href":"https:\/\/ajediam.com\/fr\/wp-json\/wp\/v2\/media\/9546"}],"wp:attachment":[{"href":"https:\/\/ajediam.com\/fr\/wp-json\/wp\/v2\/media?parent=9808"}],"curies":[{"name":"wp","href":"https:\/\/api.w.org\/{rel}","templated":true}]}}